{"id":11159,"date":"2024-04-11T15:45:47","date_gmt":"2024-04-11T13:45:47","guid":{"rendered":"https:\/\/interactiveworldbook.com\/our-partners\/"},"modified":"2024-12-26T11:17:31","modified_gmt":"2024-12-26T10:17:31","slug":"meet-us","status":"publish","type":"page","link":"https:\/\/interactiveworldbook.com\/cs\/meet-us\/","title":{"rendered":"Akce a pl\u00e1ny"},"content":{"rendered":"<div class=\"columns\">\n<div class=\"left-column\">\n<h2>Buch Wien 2024<\/h2>\n<p>(kni\u017en\u00ed veletrh ve V\u00eddni)<\/p>\n<p>S nad\u0161en\u00edm jsme se z\u00fa\u010dastnili kni\u017en\u00edho veletrhu <strong>Buch Wien 2024<\/strong>, kter\u00fd se konal ve dnech <strong>6.\u201310. listopadu<\/strong> ve V\u00eddni. Tento v\u00fdznamn\u00fd liter\u00e1rn\u00ed veletrh ka\u017edoro\u010dn\u011b p\u0159itahuje nad\u0161en\u00e9 \u010dten\u00e1\u0159e, autory i odborn\u00edky z kni\u017en\u00edho pr\u016fmyslu z cel\u00e9 Evropy i dal\u0161\u00edch kout\u016f sv\u011bta.<\/p>\n<p>M\u011bli jsme p\u0159\u00edle\u017eitost objevovat inspirativn\u00ed st\u00e1nky, setkat se s odborn\u00edky z kni\u017en\u00edho sv\u011bta a p\u0159edstavit na\u0161i knihu vybran\u00fdm \u00fa\u010dastn\u00edk\u016fm. <strong>Interaktivn\u00ed SV\u011aT<\/strong> zde zaznamenal velk\u00fd \u00fasp\u011bch. Setk\u00e1vali jsme se s \u00fa\u017easn\u00fdmi reakcemi \u2013 od slov chv\u00e1ly za origin\u00e1ln\u00ed koncept a\u017e po nad\u0161en\u00ed z jej\u00edho designu a obsahu. Oslovil sv\u00fdm obsahem, zpracov\u00e1n\u00edm i my\u0161lenkou, kterou p\u0159in\u00e1\u0161\u00ed.<\/p>\n<p>D\u011bkujeme za v\u0161echny kr\u00e1sn\u00e9 ohlasy a za mo\u017enost b\u00fdt sou\u010d\u00e1st\u00ed tohoto v\u00fdjime\u010dn\u00e9ho liter\u00e1rn\u00edho setk\u00e1n\u00ed<br \/>\nT\u011b\u0161\u00edme se na dal\u0161\u00ed p\u0159\u00edle\u017eitost sd\u00edlet s V\u00e1mi n\u00e1\u0161 <strong>Interaktivn\u00ed SV\u011aT<\/strong> a inspirovat tak mal\u00e9 i velk\u00e9 \u010dten\u00e1\u0159e z cel\u00e9ho sv\u011bta, k jeho objevov\u00e1n\u00ed!<\/p>\n<\/div>\n<div class=\"right-column\">\n<div class=\"video-frame\"><img decoding=\"async\" src=\"https:\/\/interactiveworldbook.com\/wp-content\/uploads\/2024\/12\/dcee6a081ac4bbce6c1ee35bd3d60739.png\" alt=\"Mobiln\u00ed r\u00e1me\u010dek\" \/><br \/>\n<video src=\"https:\/\/interactiveworldbook.com\/wp-content\/uploads\/2024\/12\/video-viden-2024.mp4\" autoplay=\"autoplay\" loop=\"loop\" muted=\"\" width=\"300\" height=\"150\"><\/video><\/div>\n<\/div>\n<\/div>\n<h2>The London Book Fair 2024<\/h2>\n<p>(Lond\u00fdnsk\u00fd kni\u017en\u00ed veletrh 2024)<\/p>\n<p>V dubnu 2024 jsme se s hrdost\u00ed z\u00fa\u010dastnili <strong>Lond\u00fdnsk\u00e9ho kni\u017en\u00edho veletrhu (London Book Fair, LBF)<\/strong>, jedn\u00e9 z nejpresti\u017en\u011bj\u0161\u00edch akc\u00ed kni\u017en\u00edho pr\u016fmyslu na sv\u011bt\u011b. Tento ka\u017edoro\u010dn\u011b po\u0159\u00e1dan\u00fd veletrh v srdci Lond\u00fdna spojuje p\u0159edn\u00ed autory, vydavatele, liter\u00e1rn\u00ed agenty a odborn\u00edky z cel\u00e9ho sv\u011bta. Je to \u017eivouc\u00ed platforma, kde se setk\u00e1vaj\u00ed knihy, n\u00e1pady a p\u0159\u00edle\u017eitosti, co\u017e z n\u011bj \u010din\u00ed nepostradatelnou ud\u00e1lost pro liter\u00e1rn\u00ed sv\u011bt.<\/p>\n<p>Letos jsme m\u011bli tu \u010dest p\u0159edstavit <strong>Interaktivn\u00ed SV\u011aT<\/strong> na na\u0161em vlastn\u00edm st\u00e1nku. Reakce na knihu byly opravdu v\u00fdjime\u010dn\u00e9. N\u00e1v\u0161t\u011bvn\u00edci byli okouzleni jej\u00edm jedine\u010dn\u00fdm konceptem, inovativn\u00edm designem a poutav\u00fdm obsahem. Vedli jsme obohacuj\u00edc\u00ed diskuse s liter\u00e1rn\u00edmi odborn\u00edky, vydavateli a \u010dten\u00e1\u0159i z r\u016fzn\u00fdch kout\u016f sv\u011bta, z\u00edskali cenn\u00e9 post\u0159ehy a nav\u00e1zali spojen\u00ed, kter\u00e1 n\u00e1s budou inspirovat v na\u0161\u00ed dal\u0161\u00ed pr\u00e1ci.<\/p>\n<p>S radost\u00ed oznamujeme, \u017ee se na <strong>Lond\u00fdnsk\u00fd kni\u017en\u00ed veletrh vr\u00e1t\u00edme i v roce 2025. Pokud se s n\u00e1mi chcete spojit a prodiskutovat na\u0161e nejnov\u011bj\u0161\u00ed projekty, nev\u00e1hejte n\u00e1s kontaktovat. T\u011b\u0161\u00edme se na dal\u0161\u00ed vzru\u0161uj\u00edc\u00ed rok na t\u00e9to mimo\u0159\u00e1dn\u00e9 ud\u00e1losti!<\/strong><\/p>\n<p>D\u011bkujeme v\u0161em, kte\u0159\u00ed nav\u0161t\u00edvili n\u00e1\u0161 st\u00e1nek, pod\u011blili se o sv\u00e9 n\u00e1zory na <strong>Interaktivn\u00ed SV\u011aT<\/strong> a podpo\u0159ili na\u0161i pr\u00e1ci. Jsme nesm\u00edrn\u011b vd\u011b\u010dn\u00ed za ka\u017ed\u00e9ho \u010dten\u00e1\u0159e, kter\u00e9ho na\u0161e kniha inspirovala a t\u011b\u0161\u00edme se na setk\u00e1n\u00ed s v\u00e1mi na Lond\u00fdnsk\u00e9m kni\u017en\u00edm veletrhu 2025!<\/p>\n<\/div>\n<\/div>\n<\/div>\n<\/div>\n<\/div>\n<\/div>\n","protected":false},"excerpt":{"rendered":"<p>Buch Wien 2024 (kni\u017en\u00ed veletrh ve V\u00eddni) S nad\u0161en\u00edm jsme se z\u00fa\u010dastnili kni\u017en\u00edho veletrhu Buch Wien 2024, kter\u00fd se konal ve dnech 6.\u201310. listopadu ve V\u00eddni. Tento v\u00fdznamn\u00fd liter\u00e1rn\u00ed veletrh ka\u017edoro\u010dn\u011b p\u0159itahuje nad\u0161en\u00e9 \u010dten\u00e1\u0159e, autory i odborn\u00edky z kni\u017en\u00edho pr\u016fmyslu z cel\u00e9 Evropy i dal\u0161\u00edch kout\u016f sv\u011bta. M\u011bli jsme p\u0159\u00edle\u017eitost objevovat inspirativn\u00ed st\u00e1nky, setkat se [&hellip;]<\/p>\n","protected":false},"author":1,"featured_media":0,"parent":0,"menu_order":0,"comment_status":"closed","ping_status":"closed","template":"","meta":{"_acf_changed":false,"inline_featured_image":false,"footnotes":""},"class_list":["post-11159","page","type-page","status-publish","hentry"],"acf":[],"yoast_head":"<!-- This site is optimized with the Yoast SEO plugin v27.5 - https:\/\/yoast.com\/product\/yoast-seo-wordpress\/ -->\n<title>Akce a pl\u00e1ny | Interactive World Book<\/title>\n<meta name=\"robots\" content=\"index, follow, max-snippet:-1, max-image-preview:large, max-video-preview:-1\" \/>\n<link rel=\"canonical\" href=\"https:\/\/interactiveworldbook.com\/cs\/meet-us\/\" \/>\n<meta property=\"og:locale\" content=\"cs_CZ\" \/>\n<meta property=\"og:type\" content=\"article\" \/>\n<meta property=\"og:title\" content=\"Akce a pl\u00e1ny | Interactive World Book\" \/>\n<meta property=\"og:description\" content=\"Buch Wien 2024 (kni\u017en\u00ed veletrh ve V\u00eddni) S nad\u0161en\u00edm jsme se z\u00fa\u010dastnili kni\u017en\u00edho veletrhu Buch Wien 2024, kter\u00fd se konal ve dnech 6.\u201310. listopadu ve V\u00eddni. Tento v\u00fdznamn\u00fd liter\u00e1rn\u00ed veletrh ka\u017edoro\u010dn\u011b p\u0159itahuje nad\u0161en\u00e9 \u010dten\u00e1\u0159e, autory i odborn\u00edky z kni\u017en\u00edho pr\u016fmyslu z cel\u00e9 Evropy i dal\u0161\u00edch kout\u016f sv\u011bta. M\u011bli jsme p\u0159\u00edle\u017eitost objevovat inspirativn\u00ed st\u00e1nky, setkat se [&hellip;]\" \/>\n<meta property=\"og:url\" content=\"https:\/\/interactiveworldbook.com\/cs\/meet-us\/\" \/>\n<meta property=\"og:site_name\" content=\"Interactive World Book\" \/>\n<meta property=\"article:publisher\" content=\"https:\/\/www.facebook.com\/interactiveworldbook\/\" \/>\n<meta property=\"article:modified_time\" content=\"2024-12-26T10:17:31+00:00\" \/>\n<meta property=\"og:image\" content=\"https:\/\/interactiveworldbook.com\/wp-content\/uploads\/2024\/12\/dcee6a081ac4bbce6c1ee35bd3d60739.png\" \/>\n<meta name=\"twitter:card\" content=\"summary_large_image\" \/>\n<meta name=\"twitter:label1\" content=\"Odhadovan\u00e1 doba \u010dten\u00ed\" \/>\n\t<meta name=\"twitter:data1\" content=\"3 minuty\" \/>\n<script type=\"application\/ld+json\" class=\"yoast-schema-graph\">{\"@context\":\"https:\\\/\\\/schema.org\",\"@graph\":[{\"@type\":\"WebPage\",\"@id\":\"https:\\\/\\\/interactiveworldbook.com\\\/cs\\\/meet-us\\\/\",\"url\":\"https:\\\/\\\/interactiveworldbook.com\\\/cs\\\/meet-us\\\/\",\"name\":\"Akce a pl\u00e1ny | Interactive World Book\",\"isPartOf\":{\"@id\":\"https:\\\/\\\/interactiveworldbook.com\\\/cs\\\/#website\"},\"primaryImageOfPage\":{\"@id\":\"https:\\\/\\\/interactiveworldbook.com\\\/cs\\\/meet-us\\\/#primaryimage\"},\"image\":{\"@id\":\"https:\\\/\\\/interactiveworldbook.com\\\/cs\\\/meet-us\\\/#primaryimage\"},\"thumbnailUrl\":\"https:\\\/\\\/interactiveworldbook.com\\\/wp-content\\\/uploads\\\/2024\\\/12\\\/dcee6a081ac4bbce6c1ee35bd3d60739.png\",\"datePublished\":\"2024-04-11T13:45:47+00:00\",\"dateModified\":\"2024-12-26T10:17:31+00:00\",\"breadcrumb\":{\"@id\":\"https:\\\/\\\/interactiveworldbook.com\\\/cs\\\/meet-us\\\/#breadcrumb\"},\"inLanguage\":\"cs\",\"potentialAction\":[{\"@type\":\"ReadAction\",\"target\":[\"https:\\\/\\\/interactiveworldbook.com\\\/cs\\\/meet-us\\\/\"]}]},{\"@type\":\"ImageObject\",\"inLanguage\":\"cs\",\"@id\":\"https:\\\/\\\/interactiveworldbook.com\\\/cs\\\/meet-us\\\/#primaryimage\",\"url\":\"https:\\\/\\\/interactiveworldbook.com\\\/wp-content\\\/uploads\\\/2024\\\/12\\\/dcee6a081ac4bbce6c1ee35bd3d60739.png\",\"contentUrl\":\"https:\\\/\\\/interactiveworldbook.com\\\/wp-content\\\/uploads\\\/2024\\\/12\\\/dcee6a081ac4bbce6c1ee35bd3d60739.png\"},{\"@type\":\"BreadcrumbList\",\"@id\":\"https:\\\/\\\/interactiveworldbook.com\\\/cs\\\/meet-us\\\/#breadcrumb\",\"itemListElement\":[{\"@type\":\"ListItem\",\"position\":1,\"name\":\"Dom\u016f\",\"item\":\"https:\\\/\\\/interactiveworldbook.com\\\/cs\\\/\"},{\"@type\":\"ListItem\",\"position\":2,\"name\":\"Akce a pl\u00e1ny\"}]},{\"@type\":\"WebSite\",\"@id\":\"https:\\\/\\\/interactiveworldbook.com\\\/cs\\\/#website\",\"url\":\"https:\\\/\\\/interactiveworldbook.com\\\/cs\\\/\",\"name\":\"Interactive World Book\",\"description\":\"Interactive World Book, kniha, m\u011bsta, zem\u011b, sv\u011btad\u00edly, informace\",\"publisher\":{\"@id\":\"https:\\\/\\\/interactiveworldbook.com\\\/cs\\\/#organization\"},\"potentialAction\":[{\"@type\":\"SearchAction\",\"target\":{\"@type\":\"EntryPoint\",\"urlTemplate\":\"https:\\\/\\\/interactiveworldbook.com\\\/cs\\\/?s={search_term_string}\"},\"query-input\":{\"@type\":\"PropertyValueSpecification\",\"valueRequired\":true,\"valueName\":\"search_term_string\"}}],\"inLanguage\":\"cs\"},{\"@type\":\"Organization\",\"@id\":\"https:\\\/\\\/interactiveworldbook.com\\\/cs\\\/#organization\",\"name\":\"Interactive World Book\",\"url\":\"https:\\\/\\\/interactiveworldbook.com\\\/cs\\\/\",\"logo\":{\"@type\":\"ImageObject\",\"inLanguage\":\"cs\",\"@id\":\"https:\\\/\\\/interactiveworldbook.com\\\/cs\\\/#\\\/schema\\\/logo\\\/image\\\/\",\"url\":\"https:\\\/\\\/interactiveworldbook.com\\\/wp-content\\\/uploads\\\/2024\\\/11\\\/IW_barevna-1.png\",\"contentUrl\":\"https:\\\/\\\/interactiveworldbook.com\\\/wp-content\\\/uploads\\\/2024\\\/11\\\/IW_barevna-1.png\",\"width\":1690,\"height\":583,\"caption\":\"Interactive World Book\"},\"image\":{\"@id\":\"https:\\\/\\\/interactiveworldbook.com\\\/cs\\\/#\\\/schema\\\/logo\\\/image\\\/\"},\"sameAs\":[\"https:\\\/\\\/www.facebook.com\\\/interactiveworldbook\\\/\",\"https:\\\/\\\/www.instagram.com\\\/interactive_world_book\\\/\",\"https:\\\/\\\/www.tiktok.com\\\/@iw_book\"]}]}<\/script>\n<!-- \/ Yoast SEO plugin. -->","yoast_head_json":{"title":"Akce a pl\u00e1ny | Interactive World Book","robots":{"index":"index","follow":"follow","max-snippet":"max-snippet:-1","max-image-preview":"max-image-preview:large","max-video-preview":"max-video-preview:-1"},"canonical":"https:\/\/interactiveworldbook.com\/cs\/meet-us\/","og_locale":"cs_CZ","og_type":"article","og_title":"Akce a pl\u00e1ny | Interactive World Book","og_description":"Buch Wien 2024 (kni\u017en\u00ed veletrh ve V\u00eddni) S nad\u0161en\u00edm jsme se z\u00fa\u010dastnili kni\u017en\u00edho veletrhu Buch Wien 2024, kter\u00fd se konal ve dnech 6.\u201310. listopadu ve V\u00eddni. Tento v\u00fdznamn\u00fd liter\u00e1rn\u00ed veletrh ka\u017edoro\u010dn\u011b p\u0159itahuje nad\u0161en\u00e9 \u010dten\u00e1\u0159e, autory i odborn\u00edky z kni\u017en\u00edho pr\u016fmyslu z cel\u00e9 Evropy i dal\u0161\u00edch kout\u016f sv\u011bta. M\u011bli jsme p\u0159\u00edle\u017eitost objevovat inspirativn\u00ed st\u00e1nky, setkat se [&hellip;]","og_url":"https:\/\/interactiveworldbook.com\/cs\/meet-us\/","og_site_name":"Interactive World Book","article_publisher":"https:\/\/www.facebook.com\/interactiveworldbook\/","article_modified_time":"2024-12-26T10:17:31+00:00","og_image":[{"url":"https:\/\/interactiveworldbook.com\/wp-content\/uploads\/2024\/12\/dcee6a081ac4bbce6c1ee35bd3d60739.png","type":"","width":"","height":""}],"twitter_card":"summary_large_image","twitter_misc":{"Odhadovan\u00e1 doba \u010dten\u00ed":"3 minuty"},"schema":{"@context":"https:\/\/schema.org","@graph":[{"@type":"WebPage","@id":"https:\/\/interactiveworldbook.com\/cs\/meet-us\/","url":"https:\/\/interactiveworldbook.com\/cs\/meet-us\/","name":"Akce a pl\u00e1ny | Interactive World Book","isPartOf":{"@id":"https:\/\/interactiveworldbook.com\/cs\/#website"},"primaryImageOfPage":{"@id":"https:\/\/interactiveworldbook.com\/cs\/meet-us\/#primaryimage"},"image":{"@id":"https:\/\/interactiveworldbook.com\/cs\/meet-us\/#primaryimage"},"thumbnailUrl":"https:\/\/interactiveworldbook.com\/wp-content\/uploads\/2024\/12\/dcee6a081ac4bbce6c1ee35bd3d60739.png","datePublished":"2024-04-11T13:45:47+00:00","dateModified":"2024-12-26T10:17:31+00:00","breadcrumb":{"@id":"https:\/\/interactiveworldbook.com\/cs\/meet-us\/#breadcrumb"},"inLanguage":"cs","potentialAction":[{"@type":"ReadAction","target":["https:\/\/interactiveworldbook.com\/cs\/meet-us\/"]}]},{"@type":"ImageObject","inLanguage":"cs","@id":"https:\/\/interactiveworldbook.com\/cs\/meet-us\/#primaryimage","url":"https:\/\/interactiveworldbook.com\/wp-content\/uploads\/2024\/12\/dcee6a081ac4bbce6c1ee35bd3d60739.png","contentUrl":"https:\/\/interactiveworldbook.com\/wp-content\/uploads\/2024\/12\/dcee6a081ac4bbce6c1ee35bd3d60739.png"},{"@type":"BreadcrumbList","@id":"https:\/\/interactiveworldbook.com\/cs\/meet-us\/#breadcrumb","itemListElement":[{"@type":"ListItem","position":1,"name":"Dom\u016f","item":"https:\/\/interactiveworldbook.com\/cs\/"},{"@type":"ListItem","position":2,"name":"Akce a pl\u00e1ny"}]},{"@type":"WebSite","@id":"https:\/\/interactiveworldbook.com\/cs\/#website","url":"https:\/\/interactiveworldbook.com\/cs\/","name":"Interactive World Book","description":"Interactive World Book, kniha, m\u011bsta, zem\u011b, sv\u011btad\u00edly, informace","publisher":{"@id":"https:\/\/interactiveworldbook.com\/cs\/#organization"},"potentialAction":[{"@type":"SearchAction","target":{"@type":"EntryPoint","urlTemplate":"https:\/\/interactiveworldbook.com\/cs\/?s={search_term_string}"},"query-input":{"@type":"PropertyValueSpecification","valueRequired":true,"valueName":"search_term_string"}}],"inLanguage":"cs"},{"@type":"Organization","@id":"https:\/\/interactiveworldbook.com\/cs\/#organization","name":"Interactive World Book","url":"https:\/\/interactiveworldbook.com\/cs\/","logo":{"@type":"ImageObject","inLanguage":"cs","@id":"https:\/\/interactiveworldbook.com\/cs\/#\/schema\/logo\/image\/","url":"https:\/\/interactiveworldbook.com\/wp-content\/uploads\/2024\/11\/IW_barevna-1.png","contentUrl":"https:\/\/interactiveworldbook.com\/wp-content\/uploads\/2024\/11\/IW_barevna-1.png","width":1690,"height":583,"caption":"Interactive World Book"},"image":{"@id":"https:\/\/interactiveworldbook.com\/cs\/#\/schema\/logo\/image\/"},"sameAs":["https:\/\/www.facebook.com\/interactiveworldbook\/","https:\/\/www.instagram.com\/interactive_world_book\/","https:\/\/www.tiktok.com\/@iw_book"]}]}},"_links":{"self":[{"href":"https:\/\/interactiveworldbook.com\/cs\/wp-json\/wp\/v2\/pages\/11159","targetHints":{"allow":["GET"]}}],"collection":[{"href":"https:\/\/interactiveworldbook.com\/cs\/wp-json\/wp\/v2\/pages"}],"about":[{"href":"https:\/\/interactiveworldbook.com\/cs\/wp-json\/wp\/v2\/types\/page"}],"author":[{"embeddable":true,"href":"https:\/\/interactiveworldbook.com\/cs\/wp-json\/wp\/v2\/users\/1"}],"replies":[{"embeddable":true,"href":"https:\/\/interactiveworldbook.com\/cs\/wp-json\/wp\/v2\/comments?post=11159"}],"version-history":[{"count":11,"href":"https:\/\/interactiveworldbook.com\/cs\/wp-json\/wp\/v2\/pages\/11159\/revisions"}],"predecessor-version":[{"id":26875,"href":"https:\/\/interactiveworldbook.com\/cs\/wp-json\/wp\/v2\/pages\/11159\/revisions\/26875"}],"wp:attachment":[{"href":"https:\/\/interactiveworldbook.com\/cs\/wp-json\/wp\/v2\/media?parent=11159"}],"curies":[{"name":"wp","href":"https:\/\/api.w.org\/{rel}","templated":true}]}}