{"id":24692,"date":"2024-12-19T15:05:36","date_gmt":"2024-12-19T14:05:36","guid":{"rendered":"https:\/\/interactiveworldbook.com\/?page_id=24692"},"modified":"2025-05-13T17:11:46","modified_gmt":"2025-05-13T15:11:46","slug":"o-autorovi","status":"publish","type":"page","link":"https:\/\/interactiveworldbook.com\/cs\/o-autorovi\/","title":{"rendered":"O autorovi"},"content":{"rendered":"<p><img decoding=\"async\" class=\"author-image alignright\" src=\"https:\/\/interactiveworldbook.com\/wp-content\/uploads\/2024\/12\/3-1.jpeg\" alt=\"autor s knihou v ruk\u00e1ch\" style=\"float:right;\" \/><\/p>\n<p>V\u00e1\u017een\u00ed \u010dten\u00e1\u0159i,<\/p>\n<p>dovolte mi, abych se V\u00e1m p\u0159edstavil. M\u00e9 jm\u00e9no je David Karakevas a jsem autorem knihy <strong>Interaktivn\u00ed SV\u011aT<\/strong>. R\u00e1d bych se s V\u00e1mi pod\u011blil o p\u0159\u00edb\u011bh, kter\u00fd st\u00e1l za jej\u00edm vznikem.Poch\u00e1z\u00edm z \u0158ecka, ale \u017eiji v \u010cesk\u00e9 republice. Ji\u017e od ml\u00e1d\u00ed jsem byl fascinov\u00e1n sv\u011btem, jeho r\u016fznorodost\u00ed a kulturami. M\u016fj z\u00e1jem o geografii, historii a vzd\u011bl\u00e1v\u00e1n\u00ed m\u011b p\u0159ivedl k my\u0161lence spojit tyto oblasti do jedine\u010dn\u00e9 knihy, kter\u00e1 by d\u011btem, ale i dosp\u011bl\u00fdm po cel\u00e9m sv\u011bt\u011b umo\u017enila prozkoumat na\u0161i planetu zcela nov\u00fdm zp\u016fsobem.<\/p>\n<p>B\u011bhem m\u00fdch cest, kdy jsem nav\u0161t\u011bvoval r\u016fzn\u00e9 zem\u011b a pozn\u00e1val jejich kultury, jsem si uv\u011bdomil, jak d\u016fle\u017eit\u00e9 je vzd\u011bl\u00e1v\u00e1n\u00ed \u2013 a hledal zp\u016fsoby, jak m\u016f\u017ee b\u00fdt z\u00e1rove\u0148 z\u00e1bavn\u00e9 a atraktivn\u00ed. S t\u00edmto pozn\u00e1n\u00edm jsem za\u010dal p\u0159em\u00fd\u0161let o knize, kter\u00e1 by nejen vzd\u011bl\u00e1vala, ale tak\u00e9 inspirovala mlad\u00e9 \u010dten\u00e1\u0159e k objevov\u00e1n\u00ed sv\u011bta a podn\u00edtila jejich zv\u011bdavost a touhu po v\u011bd\u011bn\u00ed. V\u00fdsledkem t\u00e9to my\u0161lenky je <strong>Interaktivn\u00ed SV\u011aT<\/strong> \u2013 kniha, kter\u00e1 nen\u00ed jen n\u00e1strojem k u\u010den\u00ed, ale i dobrodru\u017estv\u00edm.<\/p>\n<p>Kniha je v\u00fdjime\u010dn\u00e1 t\u00edm, \u017ee kombinuje ti\u0161t\u011bn\u00fd text a digit\u00e1ln\u00ed obsah, d\u00edky \u010demu\u017e se \u010dten\u00e1\u0159i st\u00e1vaj\u00ed aktivn\u00edmi \u00fa\u010dastn\u00edky sv\u00e9ho vzd\u011bl\u00e1vac\u00edho procesu. Ka\u017ed\u00e1 jednotliv\u00e1 str\u00e1nka knihy je protk\u00e1na interaktivn\u00edmi prvky, kter\u00e9 umo\u017e\u0148uj\u00ed \u010dten\u00e1\u0159\u016fm prozkoum\u00e1vat r\u016fzn\u00e9 zem\u011b a kultury prost\u0159ednictv\u00edm QR k\u00f3d\u016f. Od poslechu n\u00e1rodn\u00edch hymen, prohl\u00ed\u017een\u00ed st\u00e1tn\u00edch vlajek a znak\u016f v\u0161ech st\u00e1t\u016f sv\u011bta, po fascinuj\u00edc\u00ed fakta o geografii, historii a tradic\u00edch jednotliv\u00fdch st\u00e1t\u016f.<\/p>\n<p>V dne\u0161n\u00edm sv\u011bt\u011b, kdy m\u00e1me k dispozici mnoho r\u016fzn\u00fdch n\u00e1stroj\u016f a metod, je st\u011b\u017eejn\u00ed naj\u00edt rovnov\u00e1hu mezi efektivn\u00edm u\u010den\u00edm a z\u00e1bavou, kter\u00e1 podporuje kreativitu a p\u0159edstavivost \u2013 kl\u00ed\u010dov\u00e9 prvky pro formov\u00e1n\u00ed osobnosti a rozvoj my\u0161len\u00ed. Jsem si v\u0161ak tak\u00e9 v\u011bdom, jak je nejen pro rodi\u010de, ale i u\u010ditele, d\u016fle\u017eit\u00e9 naj\u00edt kvalitn\u00ed vzd\u011bl\u00e1vac\u00ed n\u00e1stroje, kter\u00e9 jsou z\u00e1rove\u0148 atraktivn\u00ed i pro d\u011bti. <strong>Interaktivn\u00ed SV\u011aT<\/strong> se stal neocenitelnou pom\u016fckou pro rodi\u010de a pedagogy, kte\u0159\u00ed hledaj\u00ed zaj\u00edmav\u00e9 zp\u016fsoby, jak obohatit jejich d\u011bti, \u017e\u00e1ky a studenty o nov\u00e9 znalosti. R\u00e1d bych, aby se kniha stala sou\u010d\u00e1st\u00ed vzd\u011bl\u00e1vac\u00edho procesu a pomohla d\u011btem l\u00e9pe porozum\u011bt sv\u011btu kolem sebe. V\u011b\u0159\u00edm, \u017ee vzd\u011bl\u00e1n\u00ed by m\u011blo b\u00fdt z\u00e1bavn\u00e9, inspiruj\u00edc\u00ed a snadno p\u0159\u00edstupn\u00e9.<\/p>\n<p>M\u00fdm c\u00edlem je, aby <strong>Interaktivn\u00ed SV\u011aT<\/strong> oslovil \u010dten\u00e1\u0159e na mezin\u00e1rodn\u00ed \u00farovni. Kniha je ji\u017e p\u0159elo\u017eena do n\u011bkolika jazyk\u016f a celkov\u00fd pl\u00e1n zahrnuje a\u017e 20 jazykov\u00fdch verz\u00ed. Spolupracuji s mnoha \u0161kolami a vzd\u011bl\u00e1vac\u00edmi institucemi, kde nav\u0161t\u011bvuji d\u011bti a p\u0159edstavuji jim tuto knihu. Je nesm\u00edrn\u011b inspiruj\u00edc\u00ed vid\u011bt jejich nad\u0161en\u00ed a radost z objevov\u00e1n\u00ed nov\u00fdch informac\u00ed o sv\u011bt\u011b a touze po v\u011bd\u011bn\u00ed \u2013 a to m\u011b napl\u0148uje a motivuje k dal\u0161\u00edmu pokra\u010dov\u00e1n\u00ed.<\/p>\n<p>Mou viz\u00ed je inspirovat \u010dten\u00e1\u0159e k objevov\u00e1n\u00ed sv\u011bta pln\u00e9ho fascinuj\u00edc\u00edch p\u0159\u00edb\u011bh\u016f, kter\u00e9 jen \u010dekaj\u00ed a\u017e budou odhaleny. Jsem p\u0159esv\u011bd\u010den, \u017ee <strong>Interaktivn\u00ed SV\u011aT<\/strong> m\u016f\u017ee sehr\u00e1t v\u00fdznamnou roli i jako u\u010debn\u00ed pom\u016fcka, a st\u00e1t se cenn\u00fdm spole\u010dn\u00edkem nejen pro d\u011bti, ale tak\u00e9 pro rodi\u010de a pedagogy. T\u011b\u0161\u00edm se na mo\u017enost, a\u017e se spole\u010dn\u011b s v\u00e1mi vyd\u00e1me na cestu objevov\u00e1n\u00ed a vzd\u011bl\u00e1v\u00e1n\u00ed, kter\u00e1 n\u00e1s v\u0161echny spoj\u00ed.<\/p>\n<p>D\u011bkuji, \u017ee jste si na\u0161li \u010das p\u0159e\u010d\u00edst m\u016fj p\u0159\u00edb\u011bh. V\u011b\u0159\u00edm, \u017ee <strong>Interaktivn\u00ed SV\u011aT<\/strong> p\u0159inese radost a inspiraci nejen v\u00e1m, ale i mnoha dal\u0161\u00edm \u010dten\u00e1\u0159\u016fm po cel\u00e9m sv\u011bt\u011b.<\/p>\n<p>S \u00factou a vd\u011b\u010dnost\u00ed,<\/p>\n<p>David Karakevas<br \/>\nAutor knihy\u00a0<strong>Interaktivn\u00ed SV\u011aT<\/strong><\/p>\n","protected":false},"excerpt":{"rendered":"<p>V\u00e1\u017een\u00ed \u010dten\u00e1\u0159i, dovolte mi, abych se V\u00e1m p\u0159edstavil. M\u00e9 jm\u00e9no je David Karakevas a jsem autorem knihy Interaktivn\u00ed SV\u011aT. R\u00e1d bych se s V\u00e1mi pod\u011blil o p\u0159\u00edb\u011bh, kter\u00fd st\u00e1l za jej\u00edm vznikem.Poch\u00e1z\u00edm z \u0158ecka, ale \u017eiji v \u010cesk\u00e9 republice. Ji\u017e od ml\u00e1d\u00ed jsem byl fascinov\u00e1n sv\u011btem, jeho r\u016fznorodost\u00ed a kulturami. M\u016fj z\u00e1jem o geografii, historii [&hellip;]<\/p>\n","protected":false},"author":4,"featured_media":0,"parent":0,"menu_order":0,"comment_status":"closed","ping_status":"closed","template":"","meta":{"_acf_changed":false,"inline_featured_image":false,"footnotes":""},"class_list":["post-24692","page","type-page","status-publish","hentry"],"acf":[],"yoast_head":"<!-- This site is optimized with the Yoast SEO plugin v27.5 - https:\/\/yoast.com\/product\/yoast-seo-wordpress\/ -->\n<title>O autorovi | Interactive World Book<\/title>\n<meta name=\"robots\" content=\"index, follow, max-snippet:-1, max-image-preview:large, max-video-preview:-1\" \/>\n<link rel=\"canonical\" href=\"https:\/\/interactiveworldbook.com\/cs\/o-autorovi\/\" \/>\n<meta property=\"og:locale\" content=\"cs_CZ\" \/>\n<meta property=\"og:type\" content=\"article\" \/>\n<meta property=\"og:title\" content=\"O autorovi | Interactive World Book\" \/>\n<meta property=\"og:description\" content=\"V\u00e1\u017een\u00ed \u010dten\u00e1\u0159i, dovolte mi, abych se V\u00e1m p\u0159edstavil. M\u00e9 jm\u00e9no je David Karakevas a jsem autorem knihy Interaktivn\u00ed SV\u011aT. R\u00e1d bych se s V\u00e1mi pod\u011blil o p\u0159\u00edb\u011bh, kter\u00fd st\u00e1l za jej\u00edm vznikem.Poch\u00e1z\u00edm z \u0158ecka, ale \u017eiji v \u010cesk\u00e9 republice. Ji\u017e od ml\u00e1d\u00ed jsem byl fascinov\u00e1n sv\u011btem, jeho r\u016fznorodost\u00ed a kulturami. M\u016fj z\u00e1jem o geografii, historii [&hellip;]\" \/>\n<meta property=\"og:url\" content=\"https:\/\/interactiveworldbook.com\/cs\/o-autorovi\/\" \/>\n<meta property=\"og:site_name\" content=\"Interactive World Book\" \/>\n<meta property=\"article:publisher\" content=\"https:\/\/www.facebook.com\/interactiveworldbook\/\" \/>\n<meta property=\"article:modified_time\" content=\"2025-05-13T15:11:46+00:00\" \/>\n<meta property=\"og:image\" content=\"https:\/\/interactiveworldbook.com\/wp-content\/uploads\/2024\/07\/OG-cs-1.jpg\" \/>\n\t<meta property=\"og:image:width\" content=\"1199\" \/>\n\t<meta property=\"og:image:height\" content=\"630\" \/>\n\t<meta property=\"og:image:type\" content=\"image\/jpeg\" \/>\n<meta name=\"twitter:card\" content=\"summary_large_image\" \/>\n<meta name=\"twitter:label1\" content=\"Odhadovan\u00e1 doba \u010dten\u00ed\" \/>\n\t<meta name=\"twitter:data1\" content=\"4 minuty\" \/>\n<script type=\"application\/ld+json\" class=\"yoast-schema-graph\">{\"@context\":\"https:\\\/\\\/schema.org\",\"@graph\":[{\"@type\":\"WebPage\",\"@id\":\"https:\\\/\\\/interactiveworldbook.com\\\/cs\\\/o-autorovi\\\/\",\"url\":\"https:\\\/\\\/interactiveworldbook.com\\\/cs\\\/o-autorovi\\\/\",\"name\":\"O autorovi | Interactive World Book\",\"isPartOf\":{\"@id\":\"https:\\\/\\\/interactiveworldbook.com\\\/cs\\\/#website\"},\"primaryImageOfPage\":{\"@id\":\"https:\\\/\\\/interactiveworldbook.com\\\/cs\\\/o-autorovi\\\/#primaryimage\"},\"image\":{\"@id\":\"https:\\\/\\\/interactiveworldbook.com\\\/cs\\\/o-autorovi\\\/#primaryimage\"},\"thumbnailUrl\":\"https:\\\/\\\/interactiveworldbook.com\\\/wp-content\\\/uploads\\\/2024\\\/12\\\/3-1.jpeg\",\"datePublished\":\"2024-12-19T14:05:36+00:00\",\"dateModified\":\"2025-05-13T15:11:46+00:00\",\"breadcrumb\":{\"@id\":\"https:\\\/\\\/interactiveworldbook.com\\\/cs\\\/o-autorovi\\\/#breadcrumb\"},\"inLanguage\":\"cs\",\"potentialAction\":[{\"@type\":\"ReadAction\",\"target\":[\"https:\\\/\\\/interactiveworldbook.com\\\/cs\\\/o-autorovi\\\/\"]}]},{\"@type\":\"ImageObject\",\"inLanguage\":\"cs\",\"@id\":\"https:\\\/\\\/interactiveworldbook.com\\\/cs\\\/o-autorovi\\\/#primaryimage\",\"url\":\"https:\\\/\\\/interactiveworldbook.com\\\/wp-content\\\/uploads\\\/2024\\\/12\\\/3-1.jpeg\",\"contentUrl\":\"https:\\\/\\\/interactiveworldbook.com\\\/wp-content\\\/uploads\\\/2024\\\/12\\\/3-1.jpeg\"},{\"@type\":\"BreadcrumbList\",\"@id\":\"https:\\\/\\\/interactiveworldbook.com\\\/cs\\\/o-autorovi\\\/#breadcrumb\",\"itemListElement\":[{\"@type\":\"ListItem\",\"position\":1,\"name\":\"Dom\u016f\",\"item\":\"https:\\\/\\\/interactiveworldbook.com\\\/cs\\\/\"},{\"@type\":\"ListItem\",\"position\":2,\"name\":\"O autorovi\"}]},{\"@type\":\"WebSite\",\"@id\":\"https:\\\/\\\/interactiveworldbook.com\\\/cs\\\/#website\",\"url\":\"https:\\\/\\\/interactiveworldbook.com\\\/cs\\\/\",\"name\":\"Interactive World Book\",\"description\":\"Interactive World Book, kniha, m\u011bsta, zem\u011b, sv\u011btad\u00edly, informace\",\"publisher\":{\"@id\":\"https:\\\/\\\/interactiveworldbook.com\\\/cs\\\/#organization\"},\"potentialAction\":[{\"@type\":\"SearchAction\",\"target\":{\"@type\":\"EntryPoint\",\"urlTemplate\":\"https:\\\/\\\/interactiveworldbook.com\\\/cs\\\/?s={search_term_string}\"},\"query-input\":{\"@type\":\"PropertyValueSpecification\",\"valueRequired\":true,\"valueName\":\"search_term_string\"}}],\"inLanguage\":\"cs\"},{\"@type\":\"Organization\",\"@id\":\"https:\\\/\\\/interactiveworldbook.com\\\/cs\\\/#organization\",\"name\":\"Interactive World Book\",\"url\":\"https:\\\/\\\/interactiveworldbook.com\\\/cs\\\/\",\"logo\":{\"@type\":\"ImageObject\",\"inLanguage\":\"cs\",\"@id\":\"https:\\\/\\\/interactiveworldbook.com\\\/cs\\\/#\\\/schema\\\/logo\\\/image\\\/\",\"url\":\"https:\\\/\\\/interactiveworldbook.com\\\/wp-content\\\/uploads\\\/2024\\\/11\\\/IW_barevna-1.png\",\"contentUrl\":\"https:\\\/\\\/interactiveworldbook.com\\\/wp-content\\\/uploads\\\/2024\\\/11\\\/IW_barevna-1.png\",\"width\":1690,\"height\":583,\"caption\":\"Interactive World Book\"},\"image\":{\"@id\":\"https:\\\/\\\/interactiveworldbook.com\\\/cs\\\/#\\\/schema\\\/logo\\\/image\\\/\"},\"sameAs\":[\"https:\\\/\\\/www.facebook.com\\\/interactiveworldbook\\\/\",\"https:\\\/\\\/www.instagram.com\\\/interactive_world_book\\\/\",\"https:\\\/\\\/www.tiktok.com\\\/@iw_book\"]}]}<\/script>\n<!-- \/ Yoast SEO plugin. -->","yoast_head_json":{"title":"O autorovi | Interactive World Book","robots":{"index":"index","follow":"follow","max-snippet":"max-snippet:-1","max-image-preview":"max-image-preview:large","max-video-preview":"max-video-preview:-1"},"canonical":"https:\/\/interactiveworldbook.com\/cs\/o-autorovi\/","og_locale":"cs_CZ","og_type":"article","og_title":"O autorovi | Interactive World Book","og_description":"V\u00e1\u017een\u00ed \u010dten\u00e1\u0159i, dovolte mi, abych se V\u00e1m p\u0159edstavil. M\u00e9 jm\u00e9no je David Karakevas a jsem autorem knihy Interaktivn\u00ed SV\u011aT. R\u00e1d bych se s V\u00e1mi pod\u011blil o p\u0159\u00edb\u011bh, kter\u00fd st\u00e1l za jej\u00edm vznikem.Poch\u00e1z\u00edm z \u0158ecka, ale \u017eiji v \u010cesk\u00e9 republice. Ji\u017e od ml\u00e1d\u00ed jsem byl fascinov\u00e1n sv\u011btem, jeho r\u016fznorodost\u00ed a kulturami. M\u016fj z\u00e1jem o geografii, historii [&hellip;]","og_url":"https:\/\/interactiveworldbook.com\/cs\/o-autorovi\/","og_site_name":"Interactive World Book","article_publisher":"https:\/\/www.facebook.com\/interactiveworldbook\/","article_modified_time":"2025-05-13T15:11:46+00:00","og_image":[{"width":1199,"height":630,"url":"https:\/\/interactiveworldbook.com\/wp-content\/uploads\/2024\/07\/OG-cs-1.jpg","type":"image\/jpeg"}],"twitter_card":"summary_large_image","twitter_misc":{"Odhadovan\u00e1 doba \u010dten\u00ed":"4 minuty"},"schema":{"@context":"https:\/\/schema.org","@graph":[{"@type":"WebPage","@id":"https:\/\/interactiveworldbook.com\/cs\/o-autorovi\/","url":"https:\/\/interactiveworldbook.com\/cs\/o-autorovi\/","name":"O autorovi | Interactive World Book","isPartOf":{"@id":"https:\/\/interactiveworldbook.com\/cs\/#website"},"primaryImageOfPage":{"@id":"https:\/\/interactiveworldbook.com\/cs\/o-autorovi\/#primaryimage"},"image":{"@id":"https:\/\/interactiveworldbook.com\/cs\/o-autorovi\/#primaryimage"},"thumbnailUrl":"https:\/\/interactiveworldbook.com\/wp-content\/uploads\/2024\/12\/3-1.jpeg","datePublished":"2024-12-19T14:05:36+00:00","dateModified":"2025-05-13T15:11:46+00:00","breadcrumb":{"@id":"https:\/\/interactiveworldbook.com\/cs\/o-autorovi\/#breadcrumb"},"inLanguage":"cs","potentialAction":[{"@type":"ReadAction","target":["https:\/\/interactiveworldbook.com\/cs\/o-autorovi\/"]}]},{"@type":"ImageObject","inLanguage":"cs","@id":"https:\/\/interactiveworldbook.com\/cs\/o-autorovi\/#primaryimage","url":"https:\/\/interactiveworldbook.com\/wp-content\/uploads\/2024\/12\/3-1.jpeg","contentUrl":"https:\/\/interactiveworldbook.com\/wp-content\/uploads\/2024\/12\/3-1.jpeg"},{"@type":"BreadcrumbList","@id":"https:\/\/interactiveworldbook.com\/cs\/o-autorovi\/#breadcrumb","itemListElement":[{"@type":"ListItem","position":1,"name":"Dom\u016f","item":"https:\/\/interactiveworldbook.com\/cs\/"},{"@type":"ListItem","position":2,"name":"O autorovi"}]},{"@type":"WebSite","@id":"https:\/\/interactiveworldbook.com\/cs\/#website","url":"https:\/\/interactiveworldbook.com\/cs\/","name":"Interactive World Book","description":"Interactive World Book, kniha, m\u011bsta, zem\u011b, sv\u011btad\u00edly, informace","publisher":{"@id":"https:\/\/interactiveworldbook.com\/cs\/#organization"},"potentialAction":[{"@type":"SearchAction","target":{"@type":"EntryPoint","urlTemplate":"https:\/\/interactiveworldbook.com\/cs\/?s={search_term_string}"},"query-input":{"@type":"PropertyValueSpecification","valueRequired":true,"valueName":"search_term_string"}}],"inLanguage":"cs"},{"@type":"Organization","@id":"https:\/\/interactiveworldbook.com\/cs\/#organization","name":"Interactive World Book","url":"https:\/\/interactiveworldbook.com\/cs\/","logo":{"@type":"ImageObject","inLanguage":"cs","@id":"https:\/\/interactiveworldbook.com\/cs\/#\/schema\/logo\/image\/","url":"https:\/\/interactiveworldbook.com\/wp-content\/uploads\/2024\/11\/IW_barevna-1.png","contentUrl":"https:\/\/interactiveworldbook.com\/wp-content\/uploads\/2024\/11\/IW_barevna-1.png","width":1690,"height":583,"caption":"Interactive World Book"},"image":{"@id":"https:\/\/interactiveworldbook.com\/cs\/#\/schema\/logo\/image\/"},"sameAs":["https:\/\/www.facebook.com\/interactiveworldbook\/","https:\/\/www.instagram.com\/interactive_world_book\/","https:\/\/www.tiktok.com\/@iw_book"]}]}},"_links":{"self":[{"href":"https:\/\/interactiveworldbook.com\/cs\/wp-json\/wp\/v2\/pages\/24692","targetHints":{"allow":["GET"]}}],"collection":[{"href":"https:\/\/interactiveworldbook.com\/cs\/wp-json\/wp\/v2\/pages"}],"about":[{"href":"https:\/\/interactiveworldbook.com\/cs\/wp-json\/wp\/v2\/types\/page"}],"author":[{"embeddable":true,"href":"https:\/\/interactiveworldbook.com\/cs\/wp-json\/wp\/v2\/users\/4"}],"replies":[{"embeddable":true,"href":"https:\/\/interactiveworldbook.com\/cs\/wp-json\/wp\/v2\/comments?post=24692"}],"version-history":[{"count":29,"href":"https:\/\/interactiveworldbook.com\/cs\/wp-json\/wp\/v2\/pages\/24692\/revisions"}],"predecessor-version":[{"id":27981,"href":"https:\/\/interactiveworldbook.com\/cs\/wp-json\/wp\/v2\/pages\/24692\/revisions\/27981"}],"wp:attachment":[{"href":"https:\/\/interactiveworldbook.com\/cs\/wp-json\/wp\/v2\/media?parent=24692"}],"curies":[{"name":"wp","href":"https:\/\/api.w.org\/{rel}","templated":true}]}}