{"id":2616,"date":"2023-02-16T19:38:33","date_gmt":"2023-02-16T18:38:33","guid":{"rendered":"https:\/\/svetnadlani.eu\/?page_id=2616"},"modified":"2023-02-16T19:39:07","modified_gmt":"2023-02-16T18:39:07","slug":"vlajka-b7ph276z","status":"publish","type":"page","link":"https:\/\/interactiveworldbook.com\/cs\/asie\/maledivy\/vlajka-b7ph276z\/","title":{"rendered":"Maledivy &#8211; vlajka"},"content":{"rendered":"<h2 style=\"text-align: center;\">Vlajka<\/h2>\n<p style=\"text-align: center;\"><a href=\"https:\/\/interactiveworldbook.com\/wp-content\/uploads\/2023\/02\/Maledivy.jpeg\" target=\"_blank\" rel=\"noopener\"><img loading=\"lazy\" decoding=\"async\" class=\"alignnone wp-image-2618 size-large\" src=\"https:\/\/interactiveworldbook.com\/wp-content\/uploads\/2023\/02\/Maledivy-1024x683.jpeg\" alt=\"\" width=\"1024\" height=\"683\" srcset=\"https:\/\/interactiveworldbook.com\/wp-content\/uploads\/2023\/02\/Maledivy-1024x683.jpeg 1024w, https:\/\/interactiveworldbook.com\/wp-content\/uploads\/2023\/02\/Maledivy-600x400.jpeg 600w, https:\/\/interactiveworldbook.com\/wp-content\/uploads\/2023\/02\/Maledivy-300x200.jpeg 300w, https:\/\/interactiveworldbook.com\/wp-content\/uploads\/2023\/02\/Maledivy-768x512.jpeg 768w, https:\/\/interactiveworldbook.com\/wp-content\/uploads\/2023\/02\/Maledivy-1536x1024.jpeg 1536w, https:\/\/interactiveworldbook.com\/wp-content\/uploads\/2023\/02\/Maledivy-2048x1366.jpeg 2048w\" sizes=\"auto, (max-width: 1024px) 100vw, 1024px\" \/><\/a><\/p>\n<h2 style=\"text-align: center;\"><a href=\"https:\/\/interactiveworldbook.com\/wp-content\/uploads\/2023\/02\/Maledivy.jpeg\" download=\"\"><img loading=\"lazy\" decoding=\"async\" class=\"aligncenter wp-image-1452 size-full\" src=\"https:\/\/interactiveworldbook.com\/wp-content\/uploads\/2023\/02\/stahnout-btn.png\" alt=\"\" width=\"223\" height=\"58\" \/><\/a><\/h2>\n<p>&nbsp;<\/p>\n<h2 style=\"text-align: center;\">Znak<\/h2>\n<h2 style=\"text-align: center;\"><a href=\"https:\/\/interactiveworldbook.com\/wp-content\/uploads\/2023\/02\/Maledivy-znak.svg\" target=\"_blank\" rel=\"noopener\"><img loading=\"lazy\" decoding=\"async\" class=\"alignnone wp-image-2617 size-large\" src=\"https:\/\/interactiveworldbook.com\/wp-content\/uploads\/2023\/02\/Maledivy-znak.svg\" alt=\"\" width=\"906\" height=\"1024\" \/><\/a><\/h2>\n<h2 style=\"text-align: center;\"><a href=\"https:\/\/interactiveworldbook.com\/wp-content\/uploads\/2023\/02\/Maledivy-znak.svg\" download=\"\"><img loading=\"lazy\" decoding=\"async\" class=\"aligncenter wp-image-1452 size-full\" src=\"https:\/\/interactiveworldbook.com\/wp-content\/uploads\/2023\/02\/stahnout-btn.png\" alt=\"\" width=\"223\" height=\"58\" \/><\/a><\/h2>\n<p>&nbsp;<\/p>\n","protected":false},"excerpt":{"rendered":"<p>Vlajka &nbsp; Znak &nbsp;<\/p>\n","protected":false},"author":1,"featured_media":0,"parent":175,"menu_order":0,"comment_status":"closed","ping_status":"closed","template":"","meta":{"_acf_changed":false,"inline_featured_image":false,"footnotes":""},"class_list":["post-2616","page","type-page","status-publish","hentry"],"acf":[],"yoast_head":"<!-- This site is optimized with the Yoast SEO plugin v27.4 - https:\/\/yoast.com\/product\/yoast-seo-wordpress\/ -->\n<title>Maledivy - vlajka | Interactive World Book<\/title>\n<meta name=\"robots\" content=\"index, follow, max-snippet:-1, max-image-preview:large, max-video-preview:-1\" \/>\n<link rel=\"canonical\" href=\"https:\/\/interactiveworldbook.com\/cs\/asie\/maledivy\/vlajka-b7ph276z\/\" \/>\n<meta property=\"og:locale\" content=\"cs_CZ\" \/>\n<meta property=\"og:type\" content=\"article\" \/>\n<meta property=\"og:title\" content=\"Maledivy - vlajka | Interactive World Book\" \/>\n<meta property=\"og:description\" content=\"Vlajka &nbsp; Znak &nbsp;\" \/>\n<meta property=\"og:url\" content=\"https:\/\/interactiveworldbook.com\/cs\/asie\/maledivy\/vlajka-b7ph276z\/\" \/>\n<meta property=\"og:site_name\" content=\"Interactive World Book\" \/>\n<meta property=\"article:publisher\" content=\"https:\/\/www.facebook.com\/interactiveworldbook\/\" \/>\n<meta property=\"article:modified_time\" content=\"2023-02-16T18:39:07+00:00\" \/>\n<meta property=\"og:image\" content=\"https:\/\/interactiveworldbook.com\/wp-content\/uploads\/2023\/02\/Maledivy-1024x683.jpeg\" \/>\n<meta name=\"twitter:card\" content=\"summary_large_image\" \/>\n<script type=\"application\/ld+json\" class=\"yoast-schema-graph\">{\"@context\":\"https:\\\/\\\/schema.org\",\"@graph\":[{\"@type\":\"WebPage\",\"@id\":\"https:\\\/\\\/interactiveworldbook.com\\\/cs\\\/asie\\\/maledivy\\\/vlajka-b7ph276z\\\/\",\"url\":\"https:\\\/\\\/interactiveworldbook.com\\\/cs\\\/asie\\\/maledivy\\\/vlajka-b7ph276z\\\/\",\"name\":\"Maledivy - vlajka | Interactive World Book\",\"isPartOf\":{\"@id\":\"https:\\\/\\\/interactiveworldbook.com\\\/cs\\\/#website\"},\"primaryImageOfPage\":{\"@id\":\"https:\\\/\\\/interactiveworldbook.com\\\/cs\\\/asie\\\/maledivy\\\/vlajka-b7ph276z\\\/#primaryimage\"},\"image\":{\"@id\":\"https:\\\/\\\/interactiveworldbook.com\\\/cs\\\/asie\\\/maledivy\\\/vlajka-b7ph276z\\\/#primaryimage\"},\"thumbnailUrl\":\"https:\\\/\\\/interactiveworldbook.com\\\/wp-content\\\/uploads\\\/2023\\\/02\\\/Maledivy-1024x683.jpeg\",\"datePublished\":\"2023-02-16T18:38:33+00:00\",\"dateModified\":\"2023-02-16T18:39:07+00:00\",\"breadcrumb\":{\"@id\":\"https:\\\/\\\/interactiveworldbook.com\\\/cs\\\/asie\\\/maledivy\\\/vlajka-b7ph276z\\\/#breadcrumb\"},\"inLanguage\":\"cs\",\"potentialAction\":[{\"@type\":\"ReadAction\",\"target\":[\"https:\\\/\\\/interactiveworldbook.com\\\/cs\\\/asie\\\/maledivy\\\/vlajka-b7ph276z\\\/\"]}]},{\"@type\":\"ImageObject\",\"inLanguage\":\"cs\",\"@id\":\"https:\\\/\\\/interactiveworldbook.com\\\/cs\\\/asie\\\/maledivy\\\/vlajka-b7ph276z\\\/#primaryimage\",\"url\":\"https:\\\/\\\/interactiveworldbook.com\\\/wp-content\\\/uploads\\\/2023\\\/02\\\/Maledivy-1024x683.jpeg\",\"contentUrl\":\"https:\\\/\\\/interactiveworldbook.com\\\/wp-content\\\/uploads\\\/2023\\\/02\\\/Maledivy-1024x683.jpeg\"},{\"@type\":\"BreadcrumbList\",\"@id\":\"https:\\\/\\\/interactiveworldbook.com\\\/cs\\\/asie\\\/maledivy\\\/vlajka-b7ph276z\\\/#breadcrumb\",\"itemListElement\":[{\"@type\":\"ListItem\",\"position\":1,\"name\":\"Dom\u016f\",\"item\":\"https:\\\/\\\/interactiveworldbook.com\\\/cs\\\/\"},{\"@type\":\"ListItem\",\"position\":2,\"name\":\"ASIE\",\"item\":\"https:\\\/\\\/interactiveworldbook.com\\\/cs\\\/asie\\\/\"},{\"@type\":\"ListItem\",\"position\":3,\"name\":\"Maledivy\",\"item\":\"https:\\\/\\\/interactiveworldbook.com\\\/cs\\\/asie\\\/maledivy\\\/\"},{\"@type\":\"ListItem\",\"position\":4,\"name\":\"Maledivy &#8211; vlajka\"}]},{\"@type\":\"WebSite\",\"@id\":\"https:\\\/\\\/interactiveworldbook.com\\\/cs\\\/#website\",\"url\":\"https:\\\/\\\/interactiveworldbook.com\\\/cs\\\/\",\"name\":\"Interactive World Book\",\"description\":\"Interactive World Book, kniha, m\u011bsta, zem\u011b, sv\u011btad\u00edly, informace\",\"publisher\":{\"@id\":\"https:\\\/\\\/interactiveworldbook.com\\\/cs\\\/#organization\"},\"potentialAction\":[{\"@type\":\"SearchAction\",\"target\":{\"@type\":\"EntryPoint\",\"urlTemplate\":\"https:\\\/\\\/interactiveworldbook.com\\\/cs\\\/?s={search_term_string}\"},\"query-input\":{\"@type\":\"PropertyValueSpecification\",\"valueRequired\":true,\"valueName\":\"search_term_string\"}}],\"inLanguage\":\"cs\"},{\"@type\":\"Organization\",\"@id\":\"https:\\\/\\\/interactiveworldbook.com\\\/cs\\\/#organization\",\"name\":\"Interactive World Book\",\"url\":\"https:\\\/\\\/interactiveworldbook.com\\\/cs\\\/\",\"logo\":{\"@type\":\"ImageObject\",\"inLanguage\":\"cs\",\"@id\":\"https:\\\/\\\/interactiveworldbook.com\\\/cs\\\/#\\\/schema\\\/logo\\\/image\\\/\",\"url\":\"https:\\\/\\\/interactiveworldbook.com\\\/wp-content\\\/uploads\\\/2024\\\/11\\\/IW_barevna-1.png\",\"contentUrl\":\"https:\\\/\\\/interactiveworldbook.com\\\/wp-content\\\/uploads\\\/2024\\\/11\\\/IW_barevna-1.png\",\"width\":1690,\"height\":583,\"caption\":\"Interactive World Book\"},\"image\":{\"@id\":\"https:\\\/\\\/interactiveworldbook.com\\\/cs\\\/#\\\/schema\\\/logo\\\/image\\\/\"},\"sameAs\":[\"https:\\\/\\\/www.facebook.com\\\/interactiveworldbook\\\/\",\"https:\\\/\\\/www.instagram.com\\\/interactive_world_book\\\/\",\"https:\\\/\\\/www.tiktok.com\\\/@iw_book\"]}]}<\/script>\n<!-- \/ Yoast SEO plugin. -->","yoast_head_json":{"title":"Maledivy - vlajka | Interactive World Book","robots":{"index":"index","follow":"follow","max-snippet":"max-snippet:-1","max-image-preview":"max-image-preview:large","max-video-preview":"max-video-preview:-1"},"canonical":"https:\/\/interactiveworldbook.com\/cs\/asie\/maledivy\/vlajka-b7ph276z\/","og_locale":"cs_CZ","og_type":"article","og_title":"Maledivy - vlajka | Interactive World Book","og_description":"Vlajka &nbsp; Znak &nbsp;","og_url":"https:\/\/interactiveworldbook.com\/cs\/asie\/maledivy\/vlajka-b7ph276z\/","og_site_name":"Interactive World Book","article_publisher":"https:\/\/www.facebook.com\/interactiveworldbook\/","article_modified_time":"2023-02-16T18:39:07+00:00","og_image":[{"url":"https:\/\/interactiveworldbook.com\/wp-content\/uploads\/2023\/02\/Maledivy-1024x683.jpeg","type":"","width":"","height":""}],"twitter_card":"summary_large_image","schema":{"@context":"https:\/\/schema.org","@graph":[{"@type":"WebPage","@id":"https:\/\/interactiveworldbook.com\/cs\/asie\/maledivy\/vlajka-b7ph276z\/","url":"https:\/\/interactiveworldbook.com\/cs\/asie\/maledivy\/vlajka-b7ph276z\/","name":"Maledivy - vlajka | Interactive World Book","isPartOf":{"@id":"https:\/\/interactiveworldbook.com\/cs\/#website"},"primaryImageOfPage":{"@id":"https:\/\/interactiveworldbook.com\/cs\/asie\/maledivy\/vlajka-b7ph276z\/#primaryimage"},"image":{"@id":"https:\/\/interactiveworldbook.com\/cs\/asie\/maledivy\/vlajka-b7ph276z\/#primaryimage"},"thumbnailUrl":"https:\/\/interactiveworldbook.com\/wp-content\/uploads\/2023\/02\/Maledivy-1024x683.jpeg","datePublished":"2023-02-16T18:38:33+00:00","dateModified":"2023-02-16T18:39:07+00:00","breadcrumb":{"@id":"https:\/\/interactiveworldbook.com\/cs\/asie\/maledivy\/vlajka-b7ph276z\/#breadcrumb"},"inLanguage":"cs","potentialAction":[{"@type":"ReadAction","target":["https:\/\/interactiveworldbook.com\/cs\/asie\/maledivy\/vlajka-b7ph276z\/"]}]},{"@type":"ImageObject","inLanguage":"cs","@id":"https:\/\/interactiveworldbook.com\/cs\/asie\/maledivy\/vlajka-b7ph276z\/#primaryimage","url":"https:\/\/interactiveworldbook.com\/wp-content\/uploads\/2023\/02\/Maledivy-1024x683.jpeg","contentUrl":"https:\/\/interactiveworldbook.com\/wp-content\/uploads\/2023\/02\/Maledivy-1024x683.jpeg"},{"@type":"BreadcrumbList","@id":"https:\/\/interactiveworldbook.com\/cs\/asie\/maledivy\/vlajka-b7ph276z\/#breadcrumb","itemListElement":[{"@type":"ListItem","position":1,"name":"Dom\u016f","item":"https:\/\/interactiveworldbook.com\/cs\/"},{"@type":"ListItem","position":2,"name":"ASIE","item":"https:\/\/interactiveworldbook.com\/cs\/asie\/"},{"@type":"ListItem","position":3,"name":"Maledivy","item":"https:\/\/interactiveworldbook.com\/cs\/asie\/maledivy\/"},{"@type":"ListItem","position":4,"name":"Maledivy &#8211; vlajka"}]},{"@type":"WebSite","@id":"https:\/\/interactiveworldbook.com\/cs\/#website","url":"https:\/\/interactiveworldbook.com\/cs\/","name":"Interactive World Book","description":"Interactive World Book, kniha, m\u011bsta, zem\u011b, sv\u011btad\u00edly, informace","publisher":{"@id":"https:\/\/interactiveworldbook.com\/cs\/#organization"},"potentialAction":[{"@type":"SearchAction","target":{"@type":"EntryPoint","urlTemplate":"https:\/\/interactiveworldbook.com\/cs\/?s={search_term_string}"},"query-input":{"@type":"PropertyValueSpecification","valueRequired":true,"valueName":"search_term_string"}}],"inLanguage":"cs"},{"@type":"Organization","@id":"https:\/\/interactiveworldbook.com\/cs\/#organization","name":"Interactive World Book","url":"https:\/\/interactiveworldbook.com\/cs\/","logo":{"@type":"ImageObject","inLanguage":"cs","@id":"https:\/\/interactiveworldbook.com\/cs\/#\/schema\/logo\/image\/","url":"https:\/\/interactiveworldbook.com\/wp-content\/uploads\/2024\/11\/IW_barevna-1.png","contentUrl":"https:\/\/interactiveworldbook.com\/wp-content\/uploads\/2024\/11\/IW_barevna-1.png","width":1690,"height":583,"caption":"Interactive World Book"},"image":{"@id":"https:\/\/interactiveworldbook.com\/cs\/#\/schema\/logo\/image\/"},"sameAs":["https:\/\/www.facebook.com\/interactiveworldbook\/","https:\/\/www.instagram.com\/interactive_world_book\/","https:\/\/www.tiktok.com\/@iw_book"]}]}},"_links":{"self":[{"href":"https:\/\/interactiveworldbook.com\/cs\/wp-json\/wp\/v2\/pages\/2616","targetHints":{"allow":["GET"]}}],"collection":[{"href":"https:\/\/interactiveworldbook.com\/cs\/wp-json\/wp\/v2\/pages"}],"about":[{"href":"https:\/\/interactiveworldbook.com\/cs\/wp-json\/wp\/v2\/types\/page"}],"author":[{"embeddable":true,"href":"https:\/\/interactiveworldbook.com\/cs\/wp-json\/wp\/v2\/users\/1"}],"replies":[{"embeddable":true,"href":"https:\/\/interactiveworldbook.com\/cs\/wp-json\/wp\/v2\/comments?post=2616"}],"version-history":[{"count":2,"href":"https:\/\/interactiveworldbook.com\/cs\/wp-json\/wp\/v2\/pages\/2616\/revisions"}],"predecessor-version":[{"id":2620,"href":"https:\/\/interactiveworldbook.com\/cs\/wp-json\/wp\/v2\/pages\/2616\/revisions\/2620"}],"up":[{"embeddable":true,"href":"https:\/\/interactiveworldbook.com\/cs\/wp-json\/wp\/v2\/pages\/175"}],"wp:attachment":[{"href":"https:\/\/interactiveworldbook.com\/cs\/wp-json\/wp\/v2\/media?parent=2616"}],"curies":[{"name":"wp","href":"https:\/\/api.w.org\/{rel}","templated":true}]}}