{"id":3441,"date":"2023-03-02T18:00:12","date_gmt":"2023-03-02T17:00:12","guid":{"rendered":"https:\/\/svetnadlani.eu\/?page_id=3441"},"modified":"2024-12-30T14:23:19","modified_gmt":"2024-12-30T13:23:19","slug":"premium-sekce","status":"publish","type":"page","link":"https:\/\/interactiveworldbook.com\/cs\/premium-sekce\/","title":{"rendered":"Premium sekce"},"content":{"rendered":"<p><a href=\"https:\/\/interactiveworldbook.com\/cs\/produkt\/interaktivni-svet\/\"><img loading=\"lazy\" decoding=\"async\" class=\"wp-image-3441 size-full aligncenter\" src=\"https:\/\/interactiveworldbook.com\/wp-content\/uploads\/2023\/03\/zobrazit.png\" alt=\"tla\u010d\u00edtko pro zobrazen\u00ed detailu knihy\" width=\"202\" height=\"55\" \/><\/a><\/p>\n<h2 style=\"text-align: center;\">Pro zobrazen\u00ed pr\u00e9miov\u00e9ho obsahu<br \/>\nje pot\u0159eba zakoupit knihu.<\/h2>\n<p style=\"text-align: center;\">V knize naleznete pro ka\u017edou zemi 3 QR k\u00f3dy.<\/p>\n<p style=\"text-align: center;\">P\u0159\u00edslu\u0161n\u00e9 QR k\u00f3dy zobraz\u00ed podrobn\u00fd popis \/ hymnu \/ vlajku a znak dan\u00e9 zem\u011b.<\/p>\n<p style=\"text-align: center;\">Po na\u010dten\u00ed QR k\u00f3du se otev\u0159e strana s pr\u00e9miov\u00fdm obsahem.<\/p>\n<div style=\"display: flex; justify-content: center; gap: 20px;\">\n    <a href=\"?add-to-cart=24189\"><br \/>\n        <img loading=\"lazy\" decoding=\"async\" class=\"wp-image-26685 size-full\" src=\"https:\/\/interactiveworldbook.com\/wp-content\/uploads\/2024\/12\/cs1-bttn-add-to-cart.png\" alt=\"tla\u010d\u00edtko pro p\u0159id\u00e1n\u00ed knihy v \u010de\u011btin\u011b do ko\u0161\u00edku\" width=\"262\" height=\"56\" \/><br \/>\n    <\/a><br \/>\n    <a href=\"?add-to-cart=24190\"><br \/>\n        <img loading=\"lazy\" decoding=\"async\" class=\"wp-image-26696 size-full\" src=\"https:\/\/interactiveworldbook.com\/wp-content\/uploads\/2024\/12\/cs-bttn-add-to-cart.png\" alt=\"tla\u010d\u00edtko pro p\u0159id\u00e1n\u00ed knihy v angli\u010dtin\u011b do ko\u0161\u00edku\" width=\"262\" height=\"56\" \/><br \/>\n    <\/a>\n<\/div>\n","protected":false},"excerpt":{"rendered":"<p>Pro zobrazen\u00ed pr\u00e9miov\u00e9ho obsahu je pot\u0159eba zakoupit knihu. V knize naleznete pro ka\u017edou zemi 3 QR k\u00f3dy. P\u0159\u00edslu\u0161n\u00e9 QR k\u00f3dy zobraz\u00ed podrobn\u00fd popis \/ hymnu \/ vlajku a znak dan\u00e9 zem\u011b. Po na\u010dten\u00ed QR k\u00f3du se otev\u0159e strana s pr\u00e9miov\u00fdm obsahem.<\/p>\n","protected":false},"author":1,"featured_media":0,"parent":0,"menu_order":0,"comment_status":"closed","ping_status":"closed","template":"","meta":{"_acf_changed":false,"inline_featured_image":false,"footnotes":""},"class_list":["post-3441","page","type-page","status-publish","hentry"],"acf":[],"yoast_head":"<!-- This site is optimized with the Yoast SEO plugin v27.4 - https:\/\/yoast.com\/product\/yoast-seo-wordpress\/ -->\n<title>Premium sekce | Interactive World Book<\/title>\n<meta name=\"robots\" content=\"index, follow, max-snippet:-1, max-image-preview:large, max-video-preview:-1\" \/>\n<link rel=\"canonical\" href=\"https:\/\/interactiveworldbook.com\/cs\/premium-sekce\/\" \/>\n<meta property=\"og:locale\" content=\"cs_CZ\" \/>\n<meta property=\"og:type\" content=\"article\" \/>\n<meta property=\"og:title\" content=\"Premium sekce | Interactive World Book\" \/>\n<meta property=\"og:description\" content=\"Pro zobrazen\u00ed pr\u00e9miov\u00e9ho obsahu je pot\u0159eba zakoupit knihu. V knize naleznete pro ka\u017edou zemi 3 QR k\u00f3dy. P\u0159\u00edslu\u0161n\u00e9 QR k\u00f3dy zobraz\u00ed podrobn\u00fd popis \/ hymnu \/ vlajku a znak dan\u00e9 zem\u011b. Po na\u010dten\u00ed QR k\u00f3du se otev\u0159e strana s pr\u00e9miov\u00fdm obsahem.\" \/>\n<meta property=\"og:url\" content=\"https:\/\/interactiveworldbook.com\/cs\/premium-sekce\/\" \/>\n<meta property=\"og:site_name\" content=\"Interactive World Book\" \/>\n<meta property=\"article:publisher\" content=\"https:\/\/www.facebook.com\/interactiveworldbook\/\" \/>\n<meta property=\"article:modified_time\" content=\"2024-12-30T13:23:19+00:00\" \/>\n<meta property=\"og:image\" content=\"https:\/\/interactiveworldbook.com\/wp-content\/uploads\/2024\/08\/CZ_mockup_resize-2.png\" \/>\n\t<meta property=\"og:image:width\" content=\"569\" \/>\n\t<meta property=\"og:image:height\" content=\"694\" \/>\n\t<meta property=\"og:image:type\" content=\"image\/png\" \/>\n<meta name=\"twitter:card\" content=\"summary_large_image\" \/>\n<script type=\"application\/ld+json\" class=\"yoast-schema-graph\">{\"@context\":\"https:\\\/\\\/schema.org\",\"@graph\":[{\"@type\":\"WebPage\",\"@id\":\"https:\\\/\\\/interactiveworldbook.com\\\/cs\\\/premium-sekce\\\/\",\"url\":\"https:\\\/\\\/interactiveworldbook.com\\\/cs\\\/premium-sekce\\\/\",\"name\":\"Premium sekce | Interactive World Book\",\"isPartOf\":{\"@id\":\"https:\\\/\\\/interactiveworldbook.com\\\/cs\\\/#website\"},\"primaryImageOfPage\":{\"@id\":\"https:\\\/\\\/interactiveworldbook.com\\\/cs\\\/premium-sekce\\\/#primaryimage\"},\"image\":{\"@id\":\"https:\\\/\\\/interactiveworldbook.com\\\/cs\\\/premium-sekce\\\/#primaryimage\"},\"thumbnailUrl\":\"https:\\\/\\\/interactiveworldbook.com\\\/wp-content\\\/uploads\\\/2023\\\/03\\\/zobrazit.png\",\"datePublished\":\"2023-03-02T17:00:12+00:00\",\"dateModified\":\"2024-12-30T13:23:19+00:00\",\"breadcrumb\":{\"@id\":\"https:\\\/\\\/interactiveworldbook.com\\\/cs\\\/premium-sekce\\\/#breadcrumb\"},\"inLanguage\":\"cs\",\"potentialAction\":[{\"@type\":\"ReadAction\",\"target\":[\"https:\\\/\\\/interactiveworldbook.com\\\/cs\\\/premium-sekce\\\/\"]}]},{\"@type\":\"ImageObject\",\"inLanguage\":\"cs\",\"@id\":\"https:\\\/\\\/interactiveworldbook.com\\\/cs\\\/premium-sekce\\\/#primaryimage\",\"url\":\"https:\\\/\\\/interactiveworldbook.com\\\/wp-content\\\/uploads\\\/2023\\\/03\\\/zobrazit.png\",\"contentUrl\":\"https:\\\/\\\/interactiveworldbook.com\\\/wp-content\\\/uploads\\\/2023\\\/03\\\/zobrazit.png\"},{\"@type\":\"BreadcrumbList\",\"@id\":\"https:\\\/\\\/interactiveworldbook.com\\\/cs\\\/premium-sekce\\\/#breadcrumb\",\"itemListElement\":[{\"@type\":\"ListItem\",\"position\":1,\"name\":\"Dom\u016f\",\"item\":\"https:\\\/\\\/interactiveworldbook.com\\\/cs\\\/\"},{\"@type\":\"ListItem\",\"position\":2,\"name\":\"Premium sekce\"}]},{\"@type\":\"WebSite\",\"@id\":\"https:\\\/\\\/interactiveworldbook.com\\\/cs\\\/#website\",\"url\":\"https:\\\/\\\/interactiveworldbook.com\\\/cs\\\/\",\"name\":\"Interactive World Book\",\"description\":\"Interactive World Book, kniha, m\u011bsta, zem\u011b, sv\u011btad\u00edly, informace\",\"publisher\":{\"@id\":\"https:\\\/\\\/interactiveworldbook.com\\\/cs\\\/#organization\"},\"potentialAction\":[{\"@type\":\"SearchAction\",\"target\":{\"@type\":\"EntryPoint\",\"urlTemplate\":\"https:\\\/\\\/interactiveworldbook.com\\\/cs\\\/?s={search_term_string}\"},\"query-input\":{\"@type\":\"PropertyValueSpecification\",\"valueRequired\":true,\"valueName\":\"search_term_string\"}}],\"inLanguage\":\"cs\"},{\"@type\":\"Organization\",\"@id\":\"https:\\\/\\\/interactiveworldbook.com\\\/cs\\\/#organization\",\"name\":\"Interactive World Book\",\"url\":\"https:\\\/\\\/interactiveworldbook.com\\\/cs\\\/\",\"logo\":{\"@type\":\"ImageObject\",\"inLanguage\":\"cs\",\"@id\":\"https:\\\/\\\/interactiveworldbook.com\\\/cs\\\/#\\\/schema\\\/logo\\\/image\\\/\",\"url\":\"https:\\\/\\\/interactiveworldbook.com\\\/wp-content\\\/uploads\\\/2024\\\/11\\\/IW_barevna-1.png\",\"contentUrl\":\"https:\\\/\\\/interactiveworldbook.com\\\/wp-content\\\/uploads\\\/2024\\\/11\\\/IW_barevna-1.png\",\"width\":1690,\"height\":583,\"caption\":\"Interactive World Book\"},\"image\":{\"@id\":\"https:\\\/\\\/interactiveworldbook.com\\\/cs\\\/#\\\/schema\\\/logo\\\/image\\\/\"},\"sameAs\":[\"https:\\\/\\\/www.facebook.com\\\/interactiveworldbook\\\/\",\"https:\\\/\\\/www.instagram.com\\\/interactive_world_book\\\/\",\"https:\\\/\\\/www.tiktok.com\\\/@iw_book\"]}]}<\/script>\n<!-- \/ Yoast SEO plugin. -->","yoast_head_json":{"title":"Premium sekce | Interactive World Book","robots":{"index":"index","follow":"follow","max-snippet":"max-snippet:-1","max-image-preview":"max-image-preview:large","max-video-preview":"max-video-preview:-1"},"canonical":"https:\/\/interactiveworldbook.com\/cs\/premium-sekce\/","og_locale":"cs_CZ","og_type":"article","og_title":"Premium sekce | Interactive World Book","og_description":"Pro zobrazen\u00ed pr\u00e9miov\u00e9ho obsahu je pot\u0159eba zakoupit knihu. V knize naleznete pro ka\u017edou zemi 3 QR k\u00f3dy. P\u0159\u00edslu\u0161n\u00e9 QR k\u00f3dy zobraz\u00ed podrobn\u00fd popis \/ hymnu \/ vlajku a znak dan\u00e9 zem\u011b. Po na\u010dten\u00ed QR k\u00f3du se otev\u0159e strana s pr\u00e9miov\u00fdm obsahem.","og_url":"https:\/\/interactiveworldbook.com\/cs\/premium-sekce\/","og_site_name":"Interactive World Book","article_publisher":"https:\/\/www.facebook.com\/interactiveworldbook\/","article_modified_time":"2024-12-30T13:23:19+00:00","og_image":[{"width":569,"height":694,"url":"https:\/\/interactiveworldbook.com\/wp-content\/uploads\/2024\/08\/CZ_mockup_resize-2.png","type":"image\/png"}],"twitter_card":"summary_large_image","schema":{"@context":"https:\/\/schema.org","@graph":[{"@type":"WebPage","@id":"https:\/\/interactiveworldbook.com\/cs\/premium-sekce\/","url":"https:\/\/interactiveworldbook.com\/cs\/premium-sekce\/","name":"Premium sekce | Interactive World Book","isPartOf":{"@id":"https:\/\/interactiveworldbook.com\/cs\/#website"},"primaryImageOfPage":{"@id":"https:\/\/interactiveworldbook.com\/cs\/premium-sekce\/#primaryimage"},"image":{"@id":"https:\/\/interactiveworldbook.com\/cs\/premium-sekce\/#primaryimage"},"thumbnailUrl":"https:\/\/interactiveworldbook.com\/wp-content\/uploads\/2023\/03\/zobrazit.png","datePublished":"2023-03-02T17:00:12+00:00","dateModified":"2024-12-30T13:23:19+00:00","breadcrumb":{"@id":"https:\/\/interactiveworldbook.com\/cs\/premium-sekce\/#breadcrumb"},"inLanguage":"cs","potentialAction":[{"@type":"ReadAction","target":["https:\/\/interactiveworldbook.com\/cs\/premium-sekce\/"]}]},{"@type":"ImageObject","inLanguage":"cs","@id":"https:\/\/interactiveworldbook.com\/cs\/premium-sekce\/#primaryimage","url":"https:\/\/interactiveworldbook.com\/wp-content\/uploads\/2023\/03\/zobrazit.png","contentUrl":"https:\/\/interactiveworldbook.com\/wp-content\/uploads\/2023\/03\/zobrazit.png"},{"@type":"BreadcrumbList","@id":"https:\/\/interactiveworldbook.com\/cs\/premium-sekce\/#breadcrumb","itemListElement":[{"@type":"ListItem","position":1,"name":"Dom\u016f","item":"https:\/\/interactiveworldbook.com\/cs\/"},{"@type":"ListItem","position":2,"name":"Premium sekce"}]},{"@type":"WebSite","@id":"https:\/\/interactiveworldbook.com\/cs\/#website","url":"https:\/\/interactiveworldbook.com\/cs\/","name":"Interactive World Book","description":"Interactive World Book, kniha, m\u011bsta, zem\u011b, sv\u011btad\u00edly, informace","publisher":{"@id":"https:\/\/interactiveworldbook.com\/cs\/#organization"},"potentialAction":[{"@type":"SearchAction","target":{"@type":"EntryPoint","urlTemplate":"https:\/\/interactiveworldbook.com\/cs\/?s={search_term_string}"},"query-input":{"@type":"PropertyValueSpecification","valueRequired":true,"valueName":"search_term_string"}}],"inLanguage":"cs"},{"@type":"Organization","@id":"https:\/\/interactiveworldbook.com\/cs\/#organization","name":"Interactive World Book","url":"https:\/\/interactiveworldbook.com\/cs\/","logo":{"@type":"ImageObject","inLanguage":"cs","@id":"https:\/\/interactiveworldbook.com\/cs\/#\/schema\/logo\/image\/","url":"https:\/\/interactiveworldbook.com\/wp-content\/uploads\/2024\/11\/IW_barevna-1.png","contentUrl":"https:\/\/interactiveworldbook.com\/wp-content\/uploads\/2024\/11\/IW_barevna-1.png","width":1690,"height":583,"caption":"Interactive World Book"},"image":{"@id":"https:\/\/interactiveworldbook.com\/cs\/#\/schema\/logo\/image\/"},"sameAs":["https:\/\/www.facebook.com\/interactiveworldbook\/","https:\/\/www.instagram.com\/interactive_world_book\/","https:\/\/www.tiktok.com\/@iw_book"]}]}},"_links":{"self":[{"href":"https:\/\/interactiveworldbook.com\/cs\/wp-json\/wp\/v2\/pages\/3441","targetHints":{"allow":["GET"]}}],"collection":[{"href":"https:\/\/interactiveworldbook.com\/cs\/wp-json\/wp\/v2\/pages"}],"about":[{"href":"https:\/\/interactiveworldbook.com\/cs\/wp-json\/wp\/v2\/types\/page"}],"author":[{"embeddable":true,"href":"https:\/\/interactiveworldbook.com\/cs\/wp-json\/wp\/v2\/users\/1"}],"replies":[{"embeddable":true,"href":"https:\/\/interactiveworldbook.com\/cs\/wp-json\/wp\/v2\/comments?post=3441"}],"version-history":[{"count":35,"href":"https:\/\/interactiveworldbook.com\/cs\/wp-json\/wp\/v2\/pages\/3441\/revisions"}],"predecessor-version":[{"id":23521,"href":"https:\/\/interactiveworldbook.com\/cs\/wp-json\/wp\/v2\/pages\/3441\/revisions\/23521"}],"wp:attachment":[{"href":"https:\/\/interactiveworldbook.com\/cs\/wp-json\/wp\/v2\/media?parent=3441"}],"curies":[{"name":"wp","href":"https:\/\/api.w.org\/{rel}","templated":true}]}}