{"id":3469,"date":"2023-03-07T11:08:49","date_gmt":"2023-03-07T10:08:49","guid":{"rendered":"https:\/\/svetnadlani.eu\/?page_id=3469"},"modified":"2026-01-19T17:14:02","modified_gmt":"2026-01-19T16:14:02","slug":"doprava-a-platba","status":"publish","type":"page","link":"https:\/\/interactiveworldbook.com\/cs\/doprava-a-platba\/","title":{"rendered":"Doprava a platba"},"content":{"rendered":"<p><strong>Jak prob\u00edh\u00e1 doru\u010den\u00ed objedn\u00e1vek?<\/strong><\/p>\n<ul>\n<li>v\u017edy se sna\u017e\u00edme d\u011blat maximum, aby va\u0161e objedn\u00e1vky byly vy\u0159\u00edzeny co nejd\u0159\u00edve<\/li>\n<li>rozvoz objedn\u00e1vek pro n\u00e1s zaji\u0161\u0165uje p\u0159epravce <strong>\u010cesk\u00e1 po\u0161ta<\/strong> a <strong>Z\u00e1silkovna<\/strong><\/li>\n<li>cena dopravy Z\u00e1silkovnou je <strong>66 K\u010d (pickup point)<\/strong>, <strong>96 K\u010d (kur\u00fdr dom\u016f)<\/strong><\/li>\n<li>cena dopravy \u010ceskou po\u0161tou je <strong>149 K\u010d (Na po\u0161tu)<\/strong>, <strong>169 K\u010d (Do ruky)<\/strong><\/li>\n<\/ul>\n<p><strong>Platebn\u00ed podm\u00ednky<\/strong><\/p>\n<ul>\n<li>platba p\u0159edem standardn\u00edm bankovn\u00edm p\u0159evodem na n\u00e1\u0161 \u00fa\u010det \u010d. 2946788002\/5500 \u2013 Raiffeisen Bank a.s., jako VS pou\u017eijte \u010d\u00edslo objedn\u00e1vky<\/li>\n<li>platba kartou p\u0159es platebn\u00ed br\u00e1nu GoPay <strong><img loading=\"lazy\" decoding=\"async\" class=\"alignnone size-full wp-image-3491\" src=\"https:\/\/interactiveworldbook.com\/wp-content\/uploads\/2023\/03\/gopay_bannery-barevne.png\" alt=\"\" width=\"100\" height=\"35\" \/><\/strong><\/li>\n<li>platba online bankovn\u00edm p\u0159evodem<\/li>\n<li>platba dob\u00edrkou<\/li>\n<\/ul>\n<p><strong>Mo\u017enosti placen\u00ed prost\u0159ednictv\u00edm platebn\u00ed br\u00e1ny GoPay<\/strong><\/p>\n<p>On-line platby pro n\u00e1s zaji\u0161\u0165uje <strong>Platebn\u00ed br\u00e1na GoPay<\/strong>. Poskytovatel slu\u017eby, spole\u010dnost GOPAY s.r.o. je licencovan\u00e1 Platebn\u00ed instituce p\u016fsob\u00edc\u00ed pod dohledem \u010cesk\u00e9 n\u00e1rodn\u00ed banky. Platby prob\u00edhaj\u00edc\u00ed skrze platebn\u00ed br\u00e1nu jsou pln\u011b zabezpe\u010deny a ve\u0161ker\u00e9 informace jsou \u0161ifrov\u00e1ny.<\/p>\n<p><strong>Platba kartou<\/strong><\/p>\n<p>Nejrychlej\u0161\u00ed zp\u016fsob zaplacen\u00ed on-line. Do rozhran\u00ed Platebn\u00ed br\u00e1ny GoPay zad\u00e1te \u010d\u00edslo karty, datum platnosti a CVC k\u00f3d \u2013 t\u0159i \u010d\u00edsla, kter\u00e1 najdete v podpisov\u00e9m prou\u017eku na zadn\u00ed stran\u011b karty. V\u0161e je zabezpe\u010deno standardem 3D Secure, a tak budete nejsp\u00ed\u0161 po\u017e\u00e1d\u00e1ni o zad\u00e1n\u00ed \u010d\u00edseln\u00e9ho k\u00f3du, kter\u00fd obdr\u017e\u00edte SMSkou od sv\u00e9 banky.<\/p>\n<p><img loading=\"lazy\" decoding=\"async\" class=\"alignnone size-full wp-image-3490\" src=\"https:\/\/interactiveworldbook.com\/wp-content\/uploads\/2023\/03\/comgate-karetni-loga.png\" alt=\"\" width=\"728\" height=\"90\" srcset=\"https:\/\/interactiveworldbook.com\/wp-content\/uploads\/2023\/03\/comgate-karetni-loga.png 728w, https:\/\/interactiveworldbook.com\/wp-content\/uploads\/2023\/03\/comgate-karetni-loga-300x37.png 300w, https:\/\/interactiveworldbook.com\/wp-content\/uploads\/2023\/03\/comgate-karetni-loga-600x74.png 600w\" sizes=\"auto, (max-width: 728px) 100vw, 728px\" \/><\/p>\n<p><strong>Platba online bankovn\u00edm p\u0159evodem<\/strong><\/p>\n<p>Okam\u017eit\u00e1 platba prost\u0159ednictv\u00edm internetov\u00e9ho bankovnictv\u00ed. Platebn\u00ed br\u00e1na GoPay v\u00e1s p\u0159esm\u011bruje do va\u0161eho internetov\u00e9ho bankovnictv\u00ed, kam se p\u0159ihl\u00e1s\u00edte Va\u0161imi p\u0159ihla\u0161ovac\u00edmi \u00fadaji a zde potvrd\u00edte u\u017e p\u0159ipraven\u00fd platebn\u00ed p\u0159\u00edkaz.<\/p>\n<p><img loading=\"lazy\" decoding=\"async\" class=\"alignnone size-full wp-image-3489\" src=\"https:\/\/interactiveworldbook.com\/wp-content\/uploads\/2023\/03\/platebni-brana-comgate-banky.png\" alt=\"\" width=\"728\" height=\"311\" srcset=\"https:\/\/interactiveworldbook.com\/wp-content\/uploads\/2023\/03\/platebni-brana-comgate-banky.png 728w, https:\/\/interactiveworldbook.com\/wp-content\/uploads\/2023\/03\/platebni-brana-comgate-banky-300x128.png 300w, https:\/\/interactiveworldbook.com\/wp-content\/uploads\/2023\/03\/platebni-brana-comgate-banky-600x256.png 600w\" sizes=\"auto, (max-width: 728px) 100vw, 728px\" \/><\/p>\n<p>Po dokon\u010den\u00ed platby budete p\u0159esm\u011brov\u00e1n\u00ed zp\u011bt do obchodu. Platba je potvrzena okam\u017eit\u011b, a tak budeme bez odkladu pokra\u010dovat v realizaci objedn\u00e1vky.<\/p>\n","protected":false},"excerpt":{"rendered":"<p>Jak prob\u00edh\u00e1 doru\u010den\u00ed objedn\u00e1vek? v\u017edy se sna\u017e\u00edme d\u011blat maximum, aby va\u0161e objedn\u00e1vky byly vy\u0159\u00edzeny co nejd\u0159\u00edve rozvoz objedn\u00e1vek pro n\u00e1s zaji\u0161\u0165uje p\u0159epravce \u010cesk\u00e1 po\u0161ta a Z\u00e1silkovna cena dopravy Z\u00e1silkovnou je 66 K\u010d (pickup point), 96 K\u010d (kur\u00fdr dom\u016f) cena dopravy \u010ceskou po\u0161tou je 149 K\u010d (Na po\u0161tu), 169 K\u010d (Do ruky) Platebn\u00ed podm\u00ednky platba p\u0159edem [&hellip;]<\/p>\n","protected":false},"author":1,"featured_media":0,"parent":0,"menu_order":0,"comment_status":"closed","ping_status":"closed","template":"","meta":{"_acf_changed":false,"inline_featured_image":false,"footnotes":""},"class_list":["post-3469","page","type-page","status-publish","hentry"],"acf":[],"yoast_head":"<!-- This site is optimized with the Yoast SEO plugin v27.5 - https:\/\/yoast.com\/product\/yoast-seo-wordpress\/ -->\n<title>Doprava a platba | Interactive World Book<\/title>\n<meta name=\"robots\" content=\"index, follow, max-snippet:-1, max-image-preview:large, max-video-preview:-1\" \/>\n<link rel=\"canonical\" href=\"https:\/\/interactiveworldbook.com\/cs\/doprava-a-platba\/\" \/>\n<meta property=\"og:locale\" content=\"cs_CZ\" \/>\n<meta property=\"og:type\" content=\"article\" \/>\n<meta property=\"og:title\" content=\"Doprava a platba | Interactive World Book\" \/>\n<meta property=\"og:description\" content=\"Jak prob\u00edh\u00e1 doru\u010den\u00ed objedn\u00e1vek? v\u017edy se sna\u017e\u00edme d\u011blat maximum, aby va\u0161e objedn\u00e1vky byly vy\u0159\u00edzeny co nejd\u0159\u00edve rozvoz objedn\u00e1vek pro n\u00e1s zaji\u0161\u0165uje p\u0159epravce \u010cesk\u00e1 po\u0161ta a Z\u00e1silkovna cena dopravy Z\u00e1silkovnou je 66 K\u010d (pickup point), 96 K\u010d (kur\u00fdr dom\u016f) cena dopravy \u010ceskou po\u0161tou je 149 K\u010d (Na po\u0161tu), 169 K\u010d (Do ruky) Platebn\u00ed podm\u00ednky platba p\u0159edem [&hellip;]\" \/>\n<meta property=\"og:url\" content=\"https:\/\/interactiveworldbook.com\/cs\/doprava-a-platba\/\" \/>\n<meta property=\"og:site_name\" content=\"Interactive World Book\" \/>\n<meta property=\"article:publisher\" content=\"https:\/\/www.facebook.com\/interactiveworldbook\/\" \/>\n<meta property=\"article:modified_time\" content=\"2026-01-19T16:14:02+00:00\" \/>\n<meta property=\"og:image\" content=\"https:\/\/interactiveworldbook.com\/wp-content\/uploads\/2023\/03\/gopay_bannery-barevne.png\" \/>\n\t<meta property=\"og:image:width\" content=\"100\" \/>\n\t<meta property=\"og:image:height\" content=\"35\" \/>\n\t<meta property=\"og:image:type\" content=\"image\/png\" \/>\n<meta name=\"twitter:card\" content=\"summary_large_image\" \/>\n<meta name=\"twitter:label1\" content=\"Odhadovan\u00e1 doba \u010dten\u00ed\" \/>\n\t<meta name=\"twitter:data1\" content=\"2 minuty\" \/>\n<script type=\"application\/ld+json\" class=\"yoast-schema-graph\">{\"@context\":\"https:\\\/\\\/schema.org\",\"@graph\":[{\"@type\":\"WebPage\",\"@id\":\"https:\\\/\\\/interactiveworldbook.com\\\/cs\\\/doprava-a-platba\\\/\",\"url\":\"https:\\\/\\\/interactiveworldbook.com\\\/cs\\\/doprava-a-platba\\\/\",\"name\":\"Doprava a platba | Interactive World Book\",\"isPartOf\":{\"@id\":\"https:\\\/\\\/interactiveworldbook.com\\\/cs\\\/#website\"},\"primaryImageOfPage\":{\"@id\":\"https:\\\/\\\/interactiveworldbook.com\\\/cs\\\/doprava-a-platba\\\/#primaryimage\"},\"image\":{\"@id\":\"https:\\\/\\\/interactiveworldbook.com\\\/cs\\\/doprava-a-platba\\\/#primaryimage\"},\"thumbnailUrl\":\"https:\\\/\\\/interactiveworldbook.com\\\/wp-content\\\/uploads\\\/2023\\\/03\\\/gopay_bannery-barevne.png\",\"datePublished\":\"2023-03-07T10:08:49+00:00\",\"dateModified\":\"2026-01-19T16:14:02+00:00\",\"breadcrumb\":{\"@id\":\"https:\\\/\\\/interactiveworldbook.com\\\/cs\\\/doprava-a-platba\\\/#breadcrumb\"},\"inLanguage\":\"cs\",\"potentialAction\":[{\"@type\":\"ReadAction\",\"target\":[\"https:\\\/\\\/interactiveworldbook.com\\\/cs\\\/doprava-a-platba\\\/\"]}]},{\"@type\":\"ImageObject\",\"inLanguage\":\"cs\",\"@id\":\"https:\\\/\\\/interactiveworldbook.com\\\/cs\\\/doprava-a-platba\\\/#primaryimage\",\"url\":\"https:\\\/\\\/interactiveworldbook.com\\\/wp-content\\\/uploads\\\/2023\\\/03\\\/gopay_bannery-barevne.png\",\"contentUrl\":\"https:\\\/\\\/interactiveworldbook.com\\\/wp-content\\\/uploads\\\/2023\\\/03\\\/gopay_bannery-barevne.png\"},{\"@type\":\"BreadcrumbList\",\"@id\":\"https:\\\/\\\/interactiveworldbook.com\\\/cs\\\/doprava-a-platba\\\/#breadcrumb\",\"itemListElement\":[{\"@type\":\"ListItem\",\"position\":1,\"name\":\"Dom\u016f\",\"item\":\"https:\\\/\\\/interactiveworldbook.com\\\/cs\\\/\"},{\"@type\":\"ListItem\",\"position\":2,\"name\":\"Doprava a platba\"}]},{\"@type\":\"WebSite\",\"@id\":\"https:\\\/\\\/interactiveworldbook.com\\\/cs\\\/#website\",\"url\":\"https:\\\/\\\/interactiveworldbook.com\\\/cs\\\/\",\"name\":\"Interactive World Book\",\"description\":\"Interactive World Book, kniha, m\u011bsta, zem\u011b, sv\u011btad\u00edly, informace\",\"publisher\":{\"@id\":\"https:\\\/\\\/interactiveworldbook.com\\\/cs\\\/#organization\"},\"potentialAction\":[{\"@type\":\"SearchAction\",\"target\":{\"@type\":\"EntryPoint\",\"urlTemplate\":\"https:\\\/\\\/interactiveworldbook.com\\\/cs\\\/?s={search_term_string}\"},\"query-input\":{\"@type\":\"PropertyValueSpecification\",\"valueRequired\":true,\"valueName\":\"search_term_string\"}}],\"inLanguage\":\"cs\"},{\"@type\":\"Organization\",\"@id\":\"https:\\\/\\\/interactiveworldbook.com\\\/cs\\\/#organization\",\"name\":\"Interactive World Book\",\"url\":\"https:\\\/\\\/interactiveworldbook.com\\\/cs\\\/\",\"logo\":{\"@type\":\"ImageObject\",\"inLanguage\":\"cs\",\"@id\":\"https:\\\/\\\/interactiveworldbook.com\\\/cs\\\/#\\\/schema\\\/logo\\\/image\\\/\",\"url\":\"https:\\\/\\\/interactiveworldbook.com\\\/wp-content\\\/uploads\\\/2024\\\/11\\\/IW_barevna-1.png\",\"contentUrl\":\"https:\\\/\\\/interactiveworldbook.com\\\/wp-content\\\/uploads\\\/2024\\\/11\\\/IW_barevna-1.png\",\"width\":1690,\"height\":583,\"caption\":\"Interactive World Book\"},\"image\":{\"@id\":\"https:\\\/\\\/interactiveworldbook.com\\\/cs\\\/#\\\/schema\\\/logo\\\/image\\\/\"},\"sameAs\":[\"https:\\\/\\\/www.facebook.com\\\/interactiveworldbook\\\/\",\"https:\\\/\\\/www.instagram.com\\\/interactive_world_book\\\/\",\"https:\\\/\\\/www.tiktok.com\\\/@iw_book\"]}]}<\/script>\n<!-- \/ Yoast SEO plugin. -->","yoast_head_json":{"title":"Doprava a platba | Interactive World Book","robots":{"index":"index","follow":"follow","max-snippet":"max-snippet:-1","max-image-preview":"max-image-preview:large","max-video-preview":"max-video-preview:-1"},"canonical":"https:\/\/interactiveworldbook.com\/cs\/doprava-a-platba\/","og_locale":"cs_CZ","og_type":"article","og_title":"Doprava a platba | Interactive World Book","og_description":"Jak prob\u00edh\u00e1 doru\u010den\u00ed objedn\u00e1vek? v\u017edy se sna\u017e\u00edme d\u011blat maximum, aby va\u0161e objedn\u00e1vky byly vy\u0159\u00edzeny co nejd\u0159\u00edve rozvoz objedn\u00e1vek pro n\u00e1s zaji\u0161\u0165uje p\u0159epravce \u010cesk\u00e1 po\u0161ta a Z\u00e1silkovna cena dopravy Z\u00e1silkovnou je 66 K\u010d (pickup point), 96 K\u010d (kur\u00fdr dom\u016f) cena dopravy \u010ceskou po\u0161tou je 149 K\u010d (Na po\u0161tu), 169 K\u010d (Do ruky) Platebn\u00ed podm\u00ednky platba p\u0159edem [&hellip;]","og_url":"https:\/\/interactiveworldbook.com\/cs\/doprava-a-platba\/","og_site_name":"Interactive World Book","article_publisher":"https:\/\/www.facebook.com\/interactiveworldbook\/","article_modified_time":"2026-01-19T16:14:02+00:00","og_image":[{"width":100,"height":35,"url":"https:\/\/interactiveworldbook.com\/wp-content\/uploads\/2023\/03\/gopay_bannery-barevne.png","type":"image\/png"}],"twitter_card":"summary_large_image","twitter_misc":{"Odhadovan\u00e1 doba \u010dten\u00ed":"2 minuty"},"schema":{"@context":"https:\/\/schema.org","@graph":[{"@type":"WebPage","@id":"https:\/\/interactiveworldbook.com\/cs\/doprava-a-platba\/","url":"https:\/\/interactiveworldbook.com\/cs\/doprava-a-platba\/","name":"Doprava a platba | Interactive World Book","isPartOf":{"@id":"https:\/\/interactiveworldbook.com\/cs\/#website"},"primaryImageOfPage":{"@id":"https:\/\/interactiveworldbook.com\/cs\/doprava-a-platba\/#primaryimage"},"image":{"@id":"https:\/\/interactiveworldbook.com\/cs\/doprava-a-platba\/#primaryimage"},"thumbnailUrl":"https:\/\/interactiveworldbook.com\/wp-content\/uploads\/2023\/03\/gopay_bannery-barevne.png","datePublished":"2023-03-07T10:08:49+00:00","dateModified":"2026-01-19T16:14:02+00:00","breadcrumb":{"@id":"https:\/\/interactiveworldbook.com\/cs\/doprava-a-platba\/#breadcrumb"},"inLanguage":"cs","potentialAction":[{"@type":"ReadAction","target":["https:\/\/interactiveworldbook.com\/cs\/doprava-a-platba\/"]}]},{"@type":"ImageObject","inLanguage":"cs","@id":"https:\/\/interactiveworldbook.com\/cs\/doprava-a-platba\/#primaryimage","url":"https:\/\/interactiveworldbook.com\/wp-content\/uploads\/2023\/03\/gopay_bannery-barevne.png","contentUrl":"https:\/\/interactiveworldbook.com\/wp-content\/uploads\/2023\/03\/gopay_bannery-barevne.png"},{"@type":"BreadcrumbList","@id":"https:\/\/interactiveworldbook.com\/cs\/doprava-a-platba\/#breadcrumb","itemListElement":[{"@type":"ListItem","position":1,"name":"Dom\u016f","item":"https:\/\/interactiveworldbook.com\/cs\/"},{"@type":"ListItem","position":2,"name":"Doprava a platba"}]},{"@type":"WebSite","@id":"https:\/\/interactiveworldbook.com\/cs\/#website","url":"https:\/\/interactiveworldbook.com\/cs\/","name":"Interactive World Book","description":"Interactive World Book, kniha, m\u011bsta, zem\u011b, sv\u011btad\u00edly, informace","publisher":{"@id":"https:\/\/interactiveworldbook.com\/cs\/#organization"},"potentialAction":[{"@type":"SearchAction","target":{"@type":"EntryPoint","urlTemplate":"https:\/\/interactiveworldbook.com\/cs\/?s={search_term_string}"},"query-input":{"@type":"PropertyValueSpecification","valueRequired":true,"valueName":"search_term_string"}}],"inLanguage":"cs"},{"@type":"Organization","@id":"https:\/\/interactiveworldbook.com\/cs\/#organization","name":"Interactive World Book","url":"https:\/\/interactiveworldbook.com\/cs\/","logo":{"@type":"ImageObject","inLanguage":"cs","@id":"https:\/\/interactiveworldbook.com\/cs\/#\/schema\/logo\/image\/","url":"https:\/\/interactiveworldbook.com\/wp-content\/uploads\/2024\/11\/IW_barevna-1.png","contentUrl":"https:\/\/interactiveworldbook.com\/wp-content\/uploads\/2024\/11\/IW_barevna-1.png","width":1690,"height":583,"caption":"Interactive World Book"},"image":{"@id":"https:\/\/interactiveworldbook.com\/cs\/#\/schema\/logo\/image\/"},"sameAs":["https:\/\/www.facebook.com\/interactiveworldbook\/","https:\/\/www.instagram.com\/interactive_world_book\/","https:\/\/www.tiktok.com\/@iw_book"]}]}},"_links":{"self":[{"href":"https:\/\/interactiveworldbook.com\/cs\/wp-json\/wp\/v2\/pages\/3469","targetHints":{"allow":["GET"]}}],"collection":[{"href":"https:\/\/interactiveworldbook.com\/cs\/wp-json\/wp\/v2\/pages"}],"about":[{"href":"https:\/\/interactiveworldbook.com\/cs\/wp-json\/wp\/v2\/types\/page"}],"author":[{"embeddable":true,"href":"https:\/\/interactiveworldbook.com\/cs\/wp-json\/wp\/v2\/users\/1"}],"replies":[{"embeddable":true,"href":"https:\/\/interactiveworldbook.com\/cs\/wp-json\/wp\/v2\/comments?post=3469"}],"version-history":[{"count":6,"href":"https:\/\/interactiveworldbook.com\/cs\/wp-json\/wp\/v2\/pages\/3469\/revisions"}],"predecessor-version":[{"id":28080,"href":"https:\/\/interactiveworldbook.com\/cs\/wp-json\/wp\/v2\/pages\/3469\/revisions\/28080"}],"wp:attachment":[{"href":"https:\/\/interactiveworldbook.com\/cs\/wp-json\/wp\/v2\/media?parent=3469"}],"curies":[{"name":"wp","href":"https:\/\/api.w.org\/{rel}","templated":true}]}}