{"id":12876,"date":"2023-03-07T11:08:49","date_gmt":"2023-03-07T10:08:49","guid":{"rendered":"https:\/\/interactiveworldbook.com\/shipping-and-payment\/"},"modified":"2026-01-21T10:58:32","modified_gmt":"2026-01-21T09:58:32","slug":"shipping-and-payment","status":"publish","type":"page","link":"https:\/\/interactiveworldbook.com\/de\/shipping-and-payment\/","title":{"rendered":"Versand und Zahlung"},"content":{"rendered":"<p><b>Wie werden Bestellungen geliefert?<\/b><\/p>\n<ul>\n<li><span style=\"font-weight: 400;\">Wir versuchen immer unser Bestes, Ihre Bestellungen so schnell wie m\u00f6glich zu bearbeiten<\/span><\/li>\n<li><span style=\"font-weight: 400;\">Die Zustellung der Bestellungen erfolgt f\u00fcr uns durch den Spediteur\u00a0<\/span><b>Packeta<\/b><\/li>\n<li><span style=\"font-weight: 400;\">Die weltweiten Versandkosten von Packeta betragen <\/span><b>20 EUR<\/b><\/li>\n<\/ul>\n<p><b>Zahlungsbedingungen<\/b><\/p>\n<ul>\n<li><span style=\"font-weight: 400;\">Zahlung im Voraus per Standard-Bank\u00fcberweisung auf unser Konto IBAN: CZ9455000000002946788002 SWIFT: RZBCCZPP \u2013 Raiffeisen Bank a.s. \u2013 verwenden Sie die Bestellnummer als variables Symbol<\/span><\/li>\n<li><strong><span style=\"font-weight: 400;\">Zahlung per Karte \u00fcber das Zahlungsportal GoPay<\/span><img loading=\"lazy\" decoding=\"async\" class=\"alignnone size-full wp-image-3491\" src=\"https:\/\/interactiveworldbook.com\/wp-content\/uploads\/2023\/03\/gopay_bannery-barevne.png\" alt=\"\" width=\"100\" height=\"35\" \/><\/strong><\/li>\n<li><span style=\"font-weight: 400;\">Zahlung per Online-\u00dcberweisung<\/span><\/li>\n<li><span style=\"font-weight: 400;\">Zahlung bei Lieferung<\/span><\/li>\n<\/ul>\n<p><strong>Zahlungsm\u00f6glichkeiten \u00fcber das GoPay-Gateway<\/strong><\/p>\n<p>Online-Zahlungen werden f\u00fcr uns vom GoPay Payment Gateway bereitgestellt. Der Dienstanbieter GOPAY s.r.o ist ein lizenziertes Zahlungsinstitut, das unter der Aufsicht der Tschechischen Nationalbank t\u00e4tig ist. \u00dcber das Zahlungsgateway get\u00e4tigte Zahlungen sind vollst\u00e4ndig gesichert und alle Informationen werden verschl\u00fcsselt.<\/p>\n<p><strong>Zahlung per Karte<\/strong><\/p>\n<p>Die schnellste Art, online zu bezahlen. In der GoPay-Zahlungsgateway-Schnittstelle geben Sie Ihre Kartennummer, das G\u00fcltigkeitsdatum und den CVC-Code ein (drei Zahlen, die Sie im Unterschriftsfeld auf der R\u00fcckseite der Karte finden). Alles ist durch den 3D Secure-Standard gesichert, daher werden Sie wahrscheinlich aufgefordert, einen numerischen Code einzugeben, den Sie per SMS von Ihrer Bank erhalten.<\/p>\n<p><img loading=\"lazy\" decoding=\"async\" class=\"alignnone size-full wp-image-3490\" src=\"https:\/\/interactiveworldbook.com\/wp-content\/uploads\/2023\/03\/comgate-karetni-loga.png\" alt=\"\" width=\"728\" height=\"90\" srcset=\"https:\/\/interactiveworldbook.com\/wp-content\/uploads\/2023\/03\/comgate-karetni-loga.png 728w, https:\/\/interactiveworldbook.com\/wp-content\/uploads\/2023\/03\/comgate-karetni-loga-300x37.png 300w, https:\/\/interactiveworldbook.com\/wp-content\/uploads\/2023\/03\/comgate-karetni-loga-600x74.png 600w\" sizes=\"auto, (max-width: 728px) 100vw, 728px\" \/><\/p>\n<p><strong>Zahlung per Online-\u00dcberweisung<\/strong><\/p>\n<p>Sofortige Zahlung per Online-Banking. Das Zahlungsgateway GoPay leitet Sie zu Ihrem Online-Banking-Anbieter weiter, wo Sie sich mit Ihren Zugangsdaten anmelden und den vorbereiteten Zahlungsauftrag best\u00e4tigen.<\/p>\n<p><img loading=\"lazy\" decoding=\"async\" class=\"alignnone size-full wp-image-3489\" src=\"https:\/\/interactiveworldbook.com\/wp-content\/uploads\/2023\/03\/platebni-brana-comgate-banky.png\" alt=\"\" width=\"728\" height=\"311\" srcset=\"https:\/\/interactiveworldbook.com\/wp-content\/uploads\/2023\/03\/platebni-brana-comgate-banky.png 728w, https:\/\/interactiveworldbook.com\/wp-content\/uploads\/2023\/03\/platebni-brana-comgate-banky-300x128.png 300w, https:\/\/interactiveworldbook.com\/wp-content\/uploads\/2023\/03\/platebni-brana-comgate-banky-600x256.png 600w\" sizes=\"auto, (max-width: 728px) 100vw, 728px\" \/><\/p>\n<p><span style=\"font-weight: 400;\">Nach Abschluss der Zahlung werden Sie zur\u00fcck zum Shop geleitet. Die Zahlung wird sofort best\u00e4tigt und wir werden unverz\u00fcglich mit der Ausf\u00fchrung der Bestellung fortfahren.<\/span><\/p>\n","protected":false},"excerpt":{"rendered":"<p>Wie werden Bestellungen geliefert? Wir versuchen immer unser Bestes, Ihre Bestellungen so schnell wie m\u00f6glich zu bearbeiten Die Zustellung der Bestellungen erfolgt f\u00fcr uns durch den Spediteur\u00a0Packeta Die weltweiten Versandkosten von Packeta betragen 20 EUR Zahlungsbedingungen Zahlung im Voraus per Standard-Bank\u00fcberweisung auf unser Konto IBAN: CZ9455000000002946788002 SWIFT: RZBCCZPP \u2013 Raiffeisen Bank a.s. \u2013 verwenden Sie [&hellip;]<\/p>\n","protected":false},"author":1,"featured_media":0,"parent":0,"menu_order":0,"comment_status":"closed","ping_status":"closed","template":"","meta":{"_acf_changed":false,"inline_featured_image":false,"footnotes":""},"class_list":["post-12876","page","type-page","status-publish","hentry"],"acf":[],"yoast_head":"<!-- This site is optimized with the Yoast SEO plugin v27.4 - https:\/\/yoast.com\/product\/yoast-seo-wordpress\/ -->\n<title>Versand und Zahlung | Interactive World Book<\/title>\n<meta name=\"robots\" content=\"index, follow, max-snippet:-1, max-image-preview:large, max-video-preview:-1\" \/>\n<link rel=\"canonical\" href=\"https:\/\/interactiveworldbook.com\/de\/shipping-and-payment\/\" \/>\n<meta property=\"og:locale\" content=\"de_DE\" \/>\n<meta property=\"og:type\" content=\"article\" \/>\n<meta property=\"og:title\" content=\"Versand und Zahlung | Interactive World Book\" \/>\n<meta property=\"og:description\" content=\"Wie werden Bestellungen geliefert? Wir versuchen immer unser Bestes, Ihre Bestellungen so schnell wie m\u00f6glich zu bearbeiten Die Zustellung der Bestellungen erfolgt f\u00fcr uns durch den Spediteur\u00a0Packeta Die weltweiten Versandkosten von Packeta betragen 20 EUR Zahlungsbedingungen Zahlung im Voraus per Standard-Bank\u00fcberweisung auf unser Konto IBAN: CZ9455000000002946788002 SWIFT: RZBCCZPP \u2013 Raiffeisen Bank a.s. \u2013 verwenden Sie [&hellip;]\" \/>\n<meta property=\"og:url\" content=\"https:\/\/interactiveworldbook.com\/de\/shipping-and-payment\/\" \/>\n<meta property=\"og:site_name\" content=\"Interactive World Book\" \/>\n<meta property=\"article:publisher\" content=\"https:\/\/www.facebook.com\/interactiveworldbook\/\" \/>\n<meta property=\"article:modified_time\" content=\"2026-01-21T09:58:32+00:00\" \/>\n<meta property=\"og:image\" content=\"https:\/\/interactiveworldbook.com\/wp-content\/uploads\/2023\/03\/gopay_bannery-barevne.png\" \/>\n<meta name=\"twitter:card\" content=\"summary_large_image\" \/>\n<meta name=\"twitter:label1\" content=\"Gesch\u00e4tzte Lesezeit\" \/>\n\t<meta name=\"twitter:data1\" content=\"1\u00a0Minute\" \/>\n<script type=\"application\/ld+json\" class=\"yoast-schema-graph\">{\"@context\":\"https:\\\/\\\/schema.org\",\"@graph\":[{\"@type\":\"WebPage\",\"@id\":\"https:\\\/\\\/interactiveworldbook.com\\\/de\\\/shipping-and-payment\\\/\",\"url\":\"https:\\\/\\\/interactiveworldbook.com\\\/de\\\/shipping-and-payment\\\/\",\"name\":\"Versand und Zahlung | Interactive World Book\",\"isPartOf\":{\"@id\":\"https:\\\/\\\/interactiveworldbook.com\\\/de\\\/#website\"},\"primaryImageOfPage\":{\"@id\":\"https:\\\/\\\/interactiveworldbook.com\\\/de\\\/shipping-and-payment\\\/#primaryimage\"},\"image\":{\"@id\":\"https:\\\/\\\/interactiveworldbook.com\\\/de\\\/shipping-and-payment\\\/#primaryimage\"},\"thumbnailUrl\":\"https:\\\/\\\/interactiveworldbook.com\\\/wp-content\\\/uploads\\\/2023\\\/03\\\/gopay_bannery-barevne.png\",\"datePublished\":\"2023-03-07T10:08:49+00:00\",\"dateModified\":\"2026-01-21T09:58:32+00:00\",\"breadcrumb\":{\"@id\":\"https:\\\/\\\/interactiveworldbook.com\\\/de\\\/shipping-and-payment\\\/#breadcrumb\"},\"inLanguage\":\"de\",\"potentialAction\":[{\"@type\":\"ReadAction\",\"target\":[\"https:\\\/\\\/interactiveworldbook.com\\\/de\\\/shipping-and-payment\\\/\"]}]},{\"@type\":\"ImageObject\",\"inLanguage\":\"de\",\"@id\":\"https:\\\/\\\/interactiveworldbook.com\\\/de\\\/shipping-and-payment\\\/#primaryimage\",\"url\":\"https:\\\/\\\/interactiveworldbook.com\\\/wp-content\\\/uploads\\\/2023\\\/03\\\/gopay_bannery-barevne.png\",\"contentUrl\":\"https:\\\/\\\/interactiveworldbook.com\\\/wp-content\\\/uploads\\\/2023\\\/03\\\/gopay_bannery-barevne.png\"},{\"@type\":\"BreadcrumbList\",\"@id\":\"https:\\\/\\\/interactiveworldbook.com\\\/de\\\/shipping-and-payment\\\/#breadcrumb\",\"itemListElement\":[{\"@type\":\"ListItem\",\"position\":1,\"name\":\"Dom\u016f\",\"item\":\"https:\\\/\\\/interactiveworldbook.com\\\/de\\\/\"},{\"@type\":\"ListItem\",\"position\":2,\"name\":\"Versand und Zahlung\"}]},{\"@type\":\"WebSite\",\"@id\":\"https:\\\/\\\/interactiveworldbook.com\\\/de\\\/#website\",\"url\":\"https:\\\/\\\/interactiveworldbook.com\\\/de\\\/\",\"name\":\"Interactive World Book\",\"description\":\"Interactive World Book, kniha, m\u011bsta, zem\u011b, sv\u011btad\u00edly, informace\",\"publisher\":{\"@id\":\"https:\\\/\\\/interactiveworldbook.com\\\/de\\\/#organization\"},\"potentialAction\":[{\"@type\":\"SearchAction\",\"target\":{\"@type\":\"EntryPoint\",\"urlTemplate\":\"https:\\\/\\\/interactiveworldbook.com\\\/de\\\/?s={search_term_string}\"},\"query-input\":{\"@type\":\"PropertyValueSpecification\",\"valueRequired\":true,\"valueName\":\"search_term_string\"}}],\"inLanguage\":\"de\"},{\"@type\":\"Organization\",\"@id\":\"https:\\\/\\\/interactiveworldbook.com\\\/de\\\/#organization\",\"name\":\"Interactive World Book\",\"url\":\"https:\\\/\\\/interactiveworldbook.com\\\/de\\\/\",\"logo\":{\"@type\":\"ImageObject\",\"inLanguage\":\"de\",\"@id\":\"https:\\\/\\\/interactiveworldbook.com\\\/de\\\/#\\\/schema\\\/logo\\\/image\\\/\",\"url\":\"https:\\\/\\\/interactiveworldbook.com\\\/wp-content\\\/uploads\\\/2024\\\/11\\\/IW_barevna-1.png\",\"contentUrl\":\"https:\\\/\\\/interactiveworldbook.com\\\/wp-content\\\/uploads\\\/2024\\\/11\\\/IW_barevna-1.png\",\"width\":1690,\"height\":583,\"caption\":\"Interactive World Book\"},\"image\":{\"@id\":\"https:\\\/\\\/interactiveworldbook.com\\\/de\\\/#\\\/schema\\\/logo\\\/image\\\/\"},\"sameAs\":[\"https:\\\/\\\/www.facebook.com\\\/interactiveworldbook\\\/\",\"https:\\\/\\\/www.instagram.com\\\/interactive_world_book\\\/\",\"https:\\\/\\\/www.tiktok.com\\\/@iw_book\"]}]}<\/script>\n<!-- \/ Yoast SEO plugin. -->","yoast_head_json":{"title":"Versand und Zahlung | Interactive World Book","robots":{"index":"index","follow":"follow","max-snippet":"max-snippet:-1","max-image-preview":"max-image-preview:large","max-video-preview":"max-video-preview:-1"},"canonical":"https:\/\/interactiveworldbook.com\/de\/shipping-and-payment\/","og_locale":"de_DE","og_type":"article","og_title":"Versand und Zahlung | Interactive World Book","og_description":"Wie werden Bestellungen geliefert? Wir versuchen immer unser Bestes, Ihre Bestellungen so schnell wie m\u00f6glich zu bearbeiten Die Zustellung der Bestellungen erfolgt f\u00fcr uns durch den Spediteur\u00a0Packeta Die weltweiten Versandkosten von Packeta betragen 20 EUR Zahlungsbedingungen Zahlung im Voraus per Standard-Bank\u00fcberweisung auf unser Konto IBAN: CZ9455000000002946788002 SWIFT: RZBCCZPP \u2013 Raiffeisen Bank a.s. \u2013 verwenden Sie [&hellip;]","og_url":"https:\/\/interactiveworldbook.com\/de\/shipping-and-payment\/","og_site_name":"Interactive World Book","article_publisher":"https:\/\/www.facebook.com\/interactiveworldbook\/","article_modified_time":"2026-01-21T09:58:32+00:00","og_image":[{"url":"https:\/\/interactiveworldbook.com\/wp-content\/uploads\/2023\/03\/gopay_bannery-barevne.png","type":"","width":"","height":""}],"twitter_card":"summary_large_image","twitter_misc":{"Gesch\u00e4tzte Lesezeit":"1\u00a0Minute"},"schema":{"@context":"https:\/\/schema.org","@graph":[{"@type":"WebPage","@id":"https:\/\/interactiveworldbook.com\/de\/shipping-and-payment\/","url":"https:\/\/interactiveworldbook.com\/de\/shipping-and-payment\/","name":"Versand und Zahlung | Interactive World Book","isPartOf":{"@id":"https:\/\/interactiveworldbook.com\/de\/#website"},"primaryImageOfPage":{"@id":"https:\/\/interactiveworldbook.com\/de\/shipping-and-payment\/#primaryimage"},"image":{"@id":"https:\/\/interactiveworldbook.com\/de\/shipping-and-payment\/#primaryimage"},"thumbnailUrl":"https:\/\/interactiveworldbook.com\/wp-content\/uploads\/2023\/03\/gopay_bannery-barevne.png","datePublished":"2023-03-07T10:08:49+00:00","dateModified":"2026-01-21T09:58:32+00:00","breadcrumb":{"@id":"https:\/\/interactiveworldbook.com\/de\/shipping-and-payment\/#breadcrumb"},"inLanguage":"de","potentialAction":[{"@type":"ReadAction","target":["https:\/\/interactiveworldbook.com\/de\/shipping-and-payment\/"]}]},{"@type":"ImageObject","inLanguage":"de","@id":"https:\/\/interactiveworldbook.com\/de\/shipping-and-payment\/#primaryimage","url":"https:\/\/interactiveworldbook.com\/wp-content\/uploads\/2023\/03\/gopay_bannery-barevne.png","contentUrl":"https:\/\/interactiveworldbook.com\/wp-content\/uploads\/2023\/03\/gopay_bannery-barevne.png"},{"@type":"BreadcrumbList","@id":"https:\/\/interactiveworldbook.com\/de\/shipping-and-payment\/#breadcrumb","itemListElement":[{"@type":"ListItem","position":1,"name":"Dom\u016f","item":"https:\/\/interactiveworldbook.com\/de\/"},{"@type":"ListItem","position":2,"name":"Versand und Zahlung"}]},{"@type":"WebSite","@id":"https:\/\/interactiveworldbook.com\/de\/#website","url":"https:\/\/interactiveworldbook.com\/de\/","name":"Interactive World Book","description":"Interactive World Book, kniha, m\u011bsta, zem\u011b, sv\u011btad\u00edly, informace","publisher":{"@id":"https:\/\/interactiveworldbook.com\/de\/#organization"},"potentialAction":[{"@type":"SearchAction","target":{"@type":"EntryPoint","urlTemplate":"https:\/\/interactiveworldbook.com\/de\/?s={search_term_string}"},"query-input":{"@type":"PropertyValueSpecification","valueRequired":true,"valueName":"search_term_string"}}],"inLanguage":"de"},{"@type":"Organization","@id":"https:\/\/interactiveworldbook.com\/de\/#organization","name":"Interactive World Book","url":"https:\/\/interactiveworldbook.com\/de\/","logo":{"@type":"ImageObject","inLanguage":"de","@id":"https:\/\/interactiveworldbook.com\/de\/#\/schema\/logo\/image\/","url":"https:\/\/interactiveworldbook.com\/wp-content\/uploads\/2024\/11\/IW_barevna-1.png","contentUrl":"https:\/\/interactiveworldbook.com\/wp-content\/uploads\/2024\/11\/IW_barevna-1.png","width":1690,"height":583,"caption":"Interactive World Book"},"image":{"@id":"https:\/\/interactiveworldbook.com\/de\/#\/schema\/logo\/image\/"},"sameAs":["https:\/\/www.facebook.com\/interactiveworldbook\/","https:\/\/www.instagram.com\/interactive_world_book\/","https:\/\/www.tiktok.com\/@iw_book"]}]}},"_links":{"self":[{"href":"https:\/\/interactiveworldbook.com\/de\/wp-json\/wp\/v2\/pages\/12876","targetHints":{"allow":["GET"]}}],"collection":[{"href":"https:\/\/interactiveworldbook.com\/de\/wp-json\/wp\/v2\/pages"}],"about":[{"href":"https:\/\/interactiveworldbook.com\/de\/wp-json\/wp\/v2\/types\/page"}],"author":[{"embeddable":true,"href":"https:\/\/interactiveworldbook.com\/de\/wp-json\/wp\/v2\/users\/1"}],"replies":[{"embeddable":true,"href":"https:\/\/interactiveworldbook.com\/de\/wp-json\/wp\/v2\/comments?post=12876"}],"version-history":[{"count":3,"href":"https:\/\/interactiveworldbook.com\/de\/wp-json\/wp\/v2\/pages\/12876\/revisions"}],"predecessor-version":[{"id":28084,"href":"https:\/\/interactiveworldbook.com\/de\/wp-json\/wp\/v2\/pages\/12876\/revisions\/28084"}],"wp:attachment":[{"href":"https:\/\/interactiveworldbook.com\/de\/wp-json\/wp\/v2\/media?parent=12876"}],"curies":[{"name":"wp","href":"https:\/\/api.w.org\/{rel}","templated":true}]}}