{"id":14596,"date":"2023-02-06T13:15:09","date_gmt":"2023-02-06T12:15:09","guid":{"rendered":"https:\/\/interactiveworldbook.com\/privacy-policy\/"},"modified":"2024-08-27T16:29:22","modified_gmt":"2024-08-27T14:29:22","slug":"privacy-policy","status":"publish","type":"page","link":"https:\/\/interactiveworldbook.com\/de\/privacy-policy\/","title":{"rendered":"Datenschutzrichtlinie"},"content":{"rendered":"<p><b>I. Grundlegende Bestimmungen<\/b><\/p>\n<ol>\n<li>IWB s.r.o. <span style=\"font-weight: 400;\">ist der Administrator personenbezogener Daten gem\u00e4\u00df Artikel 4 Punkt 7 der Verordnung (EU) 2016\/679 des Europ\u00e4ischen Parlaments und des Rates zum Schutz nat\u00fcrlicher Personen bei der Verarbeitung personenbezogener Daten und zum freien Datenverkehr (im Folgenden: \u201eDSGVO\u201c). ID-Nummer 09640584 mit Sitz in P\u0159\u00edkop 843\/4 Brno (im Folgenden: \u201eAdministrator\u201c).<\/span><\/li>\n<li><span style=\"font-weight: 400;\">Die Kontaktdaten des Administrators sind<\/span><\/li>\n<\/ol>\n<p style=\"padding-left: 40px;\"><span style=\"font-weight: 400;\">Adresse<\/span>: Hudcova 532\/78b, Brno<\/p>\n<p style=\"padding-left: 40px;\">E-mail: <a href=\"mailto:info@interactiveworldbook.com\">info@interactiveworldbook.com<\/a><\/p>\n<p style=\"padding-left: 40px;\">Telephone: +420 731 868 366<\/p>\n<ol start=\"3\">\n<li>Personenbezogene Daten sind alle Informationen \u00fcber eine identifizierte oder identifizierbare nat\u00fcrliche Person; als identifizierbar wird eine nat\u00fcrliche Person angesehen, die direkt oder indirekt, insbesondere mittels Zuordnung zu einer Kennung wie beispielsweise einem Namen, zu einer Kennnummer, zu Standortdaten, zu einer Netzwerkkennung oder zu einem oder mehreren besonderen Merkmalen identifiziert werden kann, die Ausdruck der physischen, physiologischen, genetischen, psychischen, wirtschaftlichen, kulturellen oder sozialen Identit\u00e4t dieser nat\u00fcrlichen Person sind.<\/li>\n<li>Der Administrator hat keinen Datenschutzbeauftragten ernannt.<\/li>\n<\/ol>\n<p><strong>II. Quellen und Kategorien verarbeiteter personenbezogener Daten<\/strong><\/p>\n<ol>\n<li>Der Administrator verarbeitet personenbezogene Daten, die Sie ihm \u00fcbermittelt haben, oder personenbezogene Daten, die der Administrator aufgrund der Erf\u00fcllung Ihrer Bestellung erhalten hat.<\/li>\n<li>Der Administrator verarbeitet Ihre Identifikations- und Kontaktdaten sowie die zur Vertragserf\u00fcllung erforderlichen Daten.<\/li>\n<\/ol>\n<p><strong>III. Rechtliche Grundlage und Zweck der Verarbeitung personenbezogener Daten<\/strong><\/p>\n<ol>\n<li><span style=\"font-weight: 400;\">Der rechtliche Grund f\u00fcr die Verarbeitung personenbezogener Daten ist<\/span><\/li>\n<\/ol>\n<ul>\n<li style=\"list-style-type: none;\">\n<ul>\n<li><span style=\"font-weight: 400;\">Erf\u00fcllung des Vertrags zwischen Ihnen und dem Administrator gem\u00e4\u00df Artikel 6 Absatz 1 Buchstabe b) DSGVO<\/span><\/li>\n<li><span style=\"font-weight: 400;\">das berechtigte Interesse des Administrators an der Bereitstellung von Direktmarketing (insbesondere zum Versenden von kommerziellen Nachrichten und Newslettern) gem\u00e4\u00df Artikel 6 Absatz 1 Buchstabe f) DSGVO,<\/span><\/li>\n<li><span style=\"font-weight: 400;\">Ihre Einwilligung zur Verarbeitung f\u00fcr Zwecke der Erbringung von Direktmarketing (insbesondere f\u00fcr die Zusendung von Gesch\u00e4ftsmitteilungen und Newslettern) gem\u00e4\u00df Art. 6 Abs. 1 Buchst. a) DSGVO in Verbindung mit \u00a7 7 Abs. 2 des Gesetzes Nr. 480\/2004 Slg. \u00fcber bestimmte Dienste der Informationsgesellschaft f\u00fcr den Fall, dass keine Waren oder Dienstleistungen bestellt wurden.<\/span><\/li>\n<\/ul>\n<\/li>\n<\/ul>\n<ol start=\"2\">\n<li><span style=\"font-weight: 400;\">Der Zweck der Verarbeitung personenbezogener Daten ist<\/span><\/li>\n<\/ol>\n<ul>\n<li style=\"list-style-type: none;\">\n<ul>\n<li>Bearbeitung Ihrer Bestellung und Aus\u00fcbung der Rechte und Pflichten aus dem Vertragsverh\u00e4ltnis; bei der Bestellung werden personenbezogene Daten ben\u00f6tigt, die f\u00fcr die erfolgreiche Bearbeitung der Bestellung erforderlich sind (Name und Adresse, Kontakt), die Bereitstellung personenbezogener Daten ist eine notwendige Voraussetzung f\u00fcr den Abschluss und die Erf\u00fcllung des Vertrages, ohne die Bereitstellung personenbezogener Daten ist es nicht m\u00f6glich, den Vertrag abzuschlie\u00dfen oder ihn seitens des Administrators zu erf\u00fcllen,<\/li>\n<li><span style=\"font-weight: 400;\">Senden von Gesch\u00e4ftsnachrichten und Durchf\u00fchren anderer Marketingaktivit\u00e4ten.<\/span><\/li>\n<\/ul>\n<\/li>\n<\/ul>\n<ol start=\"3\">\n<li><span style=\"font-weight: 400;\">Der Administrator trifft keine automatisierten Einzelentscheidungen im Sinne von Artikel 22 der DSGVO.<\/span><\/li>\n<\/ol>\n<p><b>IV. Dauer der Datenspeicherung<\/b><\/p>\n<ol>\n<li><span style=\"font-weight: 400;\">Der Administrator speichert pers\u00f6nliche Daten<\/span><\/li>\n<\/ol>\n<ul>\n<li style=\"list-style-type: none;\">\n<ul>\n<li><span style=\"font-weight: 400;\">f\u00fcr den Zeitraum, der erforderlich ist, um die Rechte und Pflichten aus dem Vertragsverh\u00e4ltnis zwischen Ihnen und dem Administrator auszu\u00fcben und Anspr\u00fcche aus diesen Vertragsverh\u00e4ltnissen geltend zu machen (f\u00fcr einen Zeitraum von 5 Jahren ab Beendigung des Vertragsverh\u00e4ltnisses).<\/span><\/li>\n<li><span style=\"font-weight: 400;\">f\u00fcr den Zeitraum bis zum Widerruf der Einwilligung zur Verarbeitung personenbezogener Daten f\u00fcr Marketingzwecke, h\u00f6chstens ein Jahr, wenn die personenbezogenen Daten auf Grundlage einer Einwilligung verarbeitet werden.<\/span><\/li>\n<\/ul>\n<\/li>\n<\/ul>\n<ol start=\"2\">\n<li><span style=\"font-weight: 400;\">Nach Ablauf der Aufbewahrungsfrist f\u00fcr personenbezogene Daten l\u00f6scht der Administrator die personenbezogenen Daten.<\/span><\/li>\n<\/ol>\n<p><b>V. Empf\u00e4nger personenbezogener Daten (Subunternehmer des Administrators)<\/b><\/p>\n<ol>\n<li><span style=\"font-weight: 400;\">Empf\u00e4nger personenbezogener Daten sind Personen<\/span><\/li>\n<\/ol>\n<ul>\n<li style=\"list-style-type: none;\">\n<ul>\n<li><span style=\"font-weight: 400;\">Teilnahme an der Lieferung von Waren \/ Dienstleistungen \/ Realisierung von Zahlungen auf der Grundlage des Vertrags,<\/span><\/li>\n<li><span style=\"font-weight: 400;\">Erbringung von Dienstleistungen f\u00fcr den Betrieb des E-Shops (IDEATECH, sro) und anderen Dienstleistungen im Zusammenhang mit dem Betrieb des E-Shops,<\/span><\/li>\n<li><span style=\"font-weight: 400;\">Bereitstellung von Marketingdienstleistungen.<\/span><\/li>\n<\/ul>\n<\/li>\n<\/ul>\n<ol start=\"2\">\n<li><span style=\"font-weight: 400;\">Der Administrator beabsichtigt nicht, personenbezogene Daten an ein Drittland (ein Land au\u00dferhalb der EU) oder eine internationale Organisation zu \u00fcbermitteln.<\/span><\/li>\n<\/ol>\n<p><strong>VI. <b>Ihre Rechte<\/b><\/strong><\/p>\n<ol>\n<li><span style=\"font-weight: 400;\">Unter den in der DSGVO festgelegten Bedingungen haben Sie<\/span><\/li>\n<\/ol>\n<ul>\n<li style=\"list-style-type: none;\">\n<ul>\n<li><span style=\"font-weight: 400;\">das Recht auf Auskunft \u00fcber Ihre personenbezogenen Daten nach Artikel 15 DSGVO,<\/span><\/li>\n<li><span style=\"font-weight: 400;\">das Recht auf Berichtigung personenbezogener Daten gem\u00e4\u00df Artikel 16 DSGVO oder auf Einschr\u00e4nkung der Verarbeitung gem\u00e4\u00df Artikel 18 DSGVO.<\/span><\/li>\n<li><span style=\"font-weight: 400;\">das Recht auf L\u00f6schung personenbezogener Daten gem\u00e4\u00df Artikel 17 DSGVO.<\/span><\/li>\n<li><span style=\"font-weight: 400;\">das Widerspruchsrecht gegen die Verarbeitung nach Artikel 21 DSGVO und<\/span><\/li>\n<li><span style=\"font-weight: 400;\">das Recht auf Daten\u00fcbertragbarkeit gem\u00e4\u00df Artikel 20 DSGVO.<\/span><\/li>\n<li><span style=\"font-weight: 400;\">das Recht, die Zustimmung zur Verarbeitung schriftlich oder elektronisch an die in Artikel III dieser Bedingungen angegebene Adresse oder E-Mail-Adresse des Administrators zu widerrufen.<\/span><\/li>\n<\/ul>\n<\/li>\n<\/ul>\n<ol start=\"2\">\n<li><span style=\"font-weight: 400;\">Sie haben auch das Recht, eine Beschwerde beim Amt f\u00fcr den Schutz personenbezogener Daten einzureichen, wenn Sie der Ansicht sind, dass Ihr Recht auf Schutz personenbezogener Daten verletzt wurde.<\/span><\/li>\n<\/ol>\n<p><strong>VII. <b>. Bedingungen f\u00fcr den Schutz personenbezogener Daten<\/b><\/strong><\/p>\n<ol>\n<li><span style=\"font-weight: 400;\">Der Administrator erkl\u00e4rt, dass er alle geeigneten technischen und organisatorischen Ma\u00dfnahmen zum Schutz personenbezogener Daten getroffen hat.<\/span><\/li>\n<li><span style=\"font-weight: 400;\">Der Administrator hat technische Ma\u00dfnahmen zur Sicherung der Datenspeicherung und der Speicherung personenbezogener Daten getroffen.<\/span><\/li>\n<li><span style=\"font-weight: 400;\">Der Administrator erkl\u00e4rt, dass nur autorisierte Personen Zugriff auf personenbezogene Daten haben.<\/span><\/li>\n<\/ol>\n<p><strong>VIII. <b>Schlussbestimmungen<\/b><\/strong><\/p>\n<ol>\n<li><span style=\"font-weight: 400;\">Mit der \u00dcbermittlung einer Bestellung \u00fcber das Online-Bestellformular best\u00e4tigen Sie, dass Sie mit den Bedingungen zum Schutz personenbezogener Daten vertraut sind und diese in vollem Umfang akzeptieren.<\/span><\/li>\n<li><span style=\"font-weight: 400;\">Sie erkl\u00e4ren sich mit diesen Bedingungen einverstanden, indem Sie in der Fu\u00dfzeile der Website eine E-Mail mit dem Zweck der Newsletter-Anmeldung einf\u00fcgen und damit best\u00e4tigen, dass Sie mit den Bedingungen zum Schutz personenbezogener Daten vertraut sind und diese in vollem Umfang akzeptieren.<\/span><\/li>\n<li><span style=\"font-weight: 400;\">Der Administrator ist berechtigt, diese Bedingungen zu \u00e4ndern. Er wird die neue Version der Datenschutzbedingungen auf seiner Website ver\u00f6ffentlichen und Ihnen gleichzeitig die neue Version dieser Bedingungen an Ihre E-Mail-Adresse senden, die Sie dem Administrator angegeben haben.<\/span><\/li>\n<\/ol>\n<p><span style=\"font-weight: 400;\">Diese Allgemeinen Gesch\u00e4ftsbedingungen treten am 7. M\u00e4rz 2023 in Kraft.<\/span><\/p>\n<p>&nbsp;<\/p>\n<p>&nbsp;<\/p>\n","protected":false},"excerpt":{"rendered":"<p>I. Grundlegende Bestimmungen IWB s.r.o. ist der Administrator personenbezogener Daten gem\u00e4\u00df Artikel 4 Punkt 7 der Verordnung (EU) 2016\/679 des Europ\u00e4ischen Parlaments und des Rates zum Schutz nat\u00fcrlicher Personen bei der Verarbeitung personenbezogener Daten und zum freien Datenverkehr (im Folgenden: \u201eDSGVO\u201c). ID-Nummer 09640584 mit Sitz in P\u0159\u00edkop 843\/4 Brno (im Folgenden: \u201eAdministrator\u201c). Die Kontaktdaten des [&hellip;]<\/p>\n","protected":false},"author":1,"featured_media":0,"parent":0,"menu_order":0,"comment_status":"closed","ping_status":"open","template":"","meta":{"_acf_changed":false,"inline_featured_image":false,"footnotes":""},"class_list":["post-14596","page","type-page","status-publish","hentry"],"acf":[],"yoast_head":"<!-- This site is optimized with the Yoast SEO plugin v27.4 - https:\/\/yoast.com\/product\/yoast-seo-wordpress\/ -->\n<title>Datenschutzrichtlinie | Interactive World Book<\/title>\n<meta name=\"robots\" content=\"index, follow, max-snippet:-1, max-image-preview:large, max-video-preview:-1\" \/>\n<link rel=\"canonical\" href=\"https:\/\/interactiveworldbook.com\/de\/privacy-policy\/\" \/>\n<meta property=\"og:locale\" content=\"de_DE\" \/>\n<meta property=\"og:type\" content=\"article\" \/>\n<meta property=\"og:title\" content=\"Datenschutzrichtlinie | Interactive World Book\" \/>\n<meta property=\"og:description\" content=\"I. Grundlegende Bestimmungen IWB s.r.o. ist der Administrator personenbezogener Daten gem\u00e4\u00df Artikel 4 Punkt 7 der Verordnung (EU) 2016\/679 des Europ\u00e4ischen Parlaments und des Rates zum Schutz nat\u00fcrlicher Personen bei der Verarbeitung personenbezogener Daten und zum freien Datenverkehr (im Folgenden: \u201eDSGVO\u201c). ID-Nummer 09640584 mit Sitz in P\u0159\u00edkop 843\/4 Brno (im Folgenden: \u201eAdministrator\u201c). Die Kontaktdaten des [&hellip;]\" \/>\n<meta property=\"og:url\" content=\"https:\/\/interactiveworldbook.com\/de\/privacy-policy\/\" \/>\n<meta property=\"og:site_name\" content=\"Interactive World Book\" \/>\n<meta property=\"article:publisher\" content=\"https:\/\/www.facebook.com\/interactiveworldbook\/\" \/>\n<meta property=\"article:modified_time\" content=\"2024-08-27T14:29:22+00:00\" \/>\n<meta property=\"og:image\" content=\"https:\/\/interactiveworldbook.com\/wp-content\/uploads\/2024\/08\/CZ_mockup_resize-2.png\" \/>\n\t<meta property=\"og:image:width\" content=\"569\" \/>\n\t<meta property=\"og:image:height\" content=\"694\" \/>\n\t<meta property=\"og:image:type\" content=\"image\/png\" \/>\n<meta name=\"twitter:card\" content=\"summary_large_image\" \/>\n<meta name=\"twitter:label1\" content=\"Gesch\u00e4tzte Lesezeit\" \/>\n\t<meta name=\"twitter:data1\" content=\"4\u00a0Minuten\" \/>\n<script type=\"application\/ld+json\" class=\"yoast-schema-graph\">{\"@context\":\"https:\\\/\\\/schema.org\",\"@graph\":[{\"@type\":\"WebPage\",\"@id\":\"https:\\\/\\\/interactiveworldbook.com\\\/de\\\/privacy-policy\\\/\",\"url\":\"https:\\\/\\\/interactiveworldbook.com\\\/de\\\/privacy-policy\\\/\",\"name\":\"Datenschutzrichtlinie | Interactive World Book\",\"isPartOf\":{\"@id\":\"https:\\\/\\\/interactiveworldbook.com\\\/de\\\/#website\"},\"datePublished\":\"2023-02-06T12:15:09+00:00\",\"dateModified\":\"2024-08-27T14:29:22+00:00\",\"breadcrumb\":{\"@id\":\"https:\\\/\\\/interactiveworldbook.com\\\/de\\\/privacy-policy\\\/#breadcrumb\"},\"inLanguage\":\"de\",\"potentialAction\":[{\"@type\":\"ReadAction\",\"target\":[\"https:\\\/\\\/interactiveworldbook.com\\\/de\\\/privacy-policy\\\/\"]}]},{\"@type\":\"BreadcrumbList\",\"@id\":\"https:\\\/\\\/interactiveworldbook.com\\\/de\\\/privacy-policy\\\/#breadcrumb\",\"itemListElement\":[{\"@type\":\"ListItem\",\"position\":1,\"name\":\"Dom\u016f\",\"item\":\"https:\\\/\\\/interactiveworldbook.com\\\/de\\\/\"},{\"@type\":\"ListItem\",\"position\":2,\"name\":\"Datenschutzrichtlinie\"}]},{\"@type\":\"WebSite\",\"@id\":\"https:\\\/\\\/interactiveworldbook.com\\\/de\\\/#website\",\"url\":\"https:\\\/\\\/interactiveworldbook.com\\\/de\\\/\",\"name\":\"Interactive World Book\",\"description\":\"Interactive World Book, kniha, m\u011bsta, zem\u011b, sv\u011btad\u00edly, informace\",\"publisher\":{\"@id\":\"https:\\\/\\\/interactiveworldbook.com\\\/de\\\/#organization\"},\"potentialAction\":[{\"@type\":\"SearchAction\",\"target\":{\"@type\":\"EntryPoint\",\"urlTemplate\":\"https:\\\/\\\/interactiveworldbook.com\\\/de\\\/?s={search_term_string}\"},\"query-input\":{\"@type\":\"PropertyValueSpecification\",\"valueRequired\":true,\"valueName\":\"search_term_string\"}}],\"inLanguage\":\"de\"},{\"@type\":\"Organization\",\"@id\":\"https:\\\/\\\/interactiveworldbook.com\\\/de\\\/#organization\",\"name\":\"Interactive World Book\",\"url\":\"https:\\\/\\\/interactiveworldbook.com\\\/de\\\/\",\"logo\":{\"@type\":\"ImageObject\",\"inLanguage\":\"de\",\"@id\":\"https:\\\/\\\/interactiveworldbook.com\\\/de\\\/#\\\/schema\\\/logo\\\/image\\\/\",\"url\":\"https:\\\/\\\/interactiveworldbook.com\\\/wp-content\\\/uploads\\\/2024\\\/11\\\/IW_barevna-1.png\",\"contentUrl\":\"https:\\\/\\\/interactiveworldbook.com\\\/wp-content\\\/uploads\\\/2024\\\/11\\\/IW_barevna-1.png\",\"width\":1690,\"height\":583,\"caption\":\"Interactive World Book\"},\"image\":{\"@id\":\"https:\\\/\\\/interactiveworldbook.com\\\/de\\\/#\\\/schema\\\/logo\\\/image\\\/\"},\"sameAs\":[\"https:\\\/\\\/www.facebook.com\\\/interactiveworldbook\\\/\",\"https:\\\/\\\/www.instagram.com\\\/interactive_world_book\\\/\",\"https:\\\/\\\/www.tiktok.com\\\/@iw_book\"]}]}<\/script>\n<!-- \/ Yoast SEO plugin. -->","yoast_head_json":{"title":"Datenschutzrichtlinie | Interactive World Book","robots":{"index":"index","follow":"follow","max-snippet":"max-snippet:-1","max-image-preview":"max-image-preview:large","max-video-preview":"max-video-preview:-1"},"canonical":"https:\/\/interactiveworldbook.com\/de\/privacy-policy\/","og_locale":"de_DE","og_type":"article","og_title":"Datenschutzrichtlinie | Interactive World Book","og_description":"I. Grundlegende Bestimmungen IWB s.r.o. ist der Administrator personenbezogener Daten gem\u00e4\u00df Artikel 4 Punkt 7 der Verordnung (EU) 2016\/679 des Europ\u00e4ischen Parlaments und des Rates zum Schutz nat\u00fcrlicher Personen bei der Verarbeitung personenbezogener Daten und zum freien Datenverkehr (im Folgenden: \u201eDSGVO\u201c). ID-Nummer 09640584 mit Sitz in P\u0159\u00edkop 843\/4 Brno (im Folgenden: \u201eAdministrator\u201c). Die Kontaktdaten des [&hellip;]","og_url":"https:\/\/interactiveworldbook.com\/de\/privacy-policy\/","og_site_name":"Interactive World Book","article_publisher":"https:\/\/www.facebook.com\/interactiveworldbook\/","article_modified_time":"2024-08-27T14:29:22+00:00","og_image":[{"width":569,"height":694,"url":"https:\/\/interactiveworldbook.com\/wp-content\/uploads\/2024\/08\/CZ_mockup_resize-2.png","type":"image\/png"}],"twitter_card":"summary_large_image","twitter_misc":{"Gesch\u00e4tzte Lesezeit":"4\u00a0Minuten"},"schema":{"@context":"https:\/\/schema.org","@graph":[{"@type":"WebPage","@id":"https:\/\/interactiveworldbook.com\/de\/privacy-policy\/","url":"https:\/\/interactiveworldbook.com\/de\/privacy-policy\/","name":"Datenschutzrichtlinie | Interactive World Book","isPartOf":{"@id":"https:\/\/interactiveworldbook.com\/de\/#website"},"datePublished":"2023-02-06T12:15:09+00:00","dateModified":"2024-08-27T14:29:22+00:00","breadcrumb":{"@id":"https:\/\/interactiveworldbook.com\/de\/privacy-policy\/#breadcrumb"},"inLanguage":"de","potentialAction":[{"@type":"ReadAction","target":["https:\/\/interactiveworldbook.com\/de\/privacy-policy\/"]}]},{"@type":"BreadcrumbList","@id":"https:\/\/interactiveworldbook.com\/de\/privacy-policy\/#breadcrumb","itemListElement":[{"@type":"ListItem","position":1,"name":"Dom\u016f","item":"https:\/\/interactiveworldbook.com\/de\/"},{"@type":"ListItem","position":2,"name":"Datenschutzrichtlinie"}]},{"@type":"WebSite","@id":"https:\/\/interactiveworldbook.com\/de\/#website","url":"https:\/\/interactiveworldbook.com\/de\/","name":"Interactive World Book","description":"Interactive World Book, kniha, m\u011bsta, zem\u011b, sv\u011btad\u00edly, informace","publisher":{"@id":"https:\/\/interactiveworldbook.com\/de\/#organization"},"potentialAction":[{"@type":"SearchAction","target":{"@type":"EntryPoint","urlTemplate":"https:\/\/interactiveworldbook.com\/de\/?s={search_term_string}"},"query-input":{"@type":"PropertyValueSpecification","valueRequired":true,"valueName":"search_term_string"}}],"inLanguage":"de"},{"@type":"Organization","@id":"https:\/\/interactiveworldbook.com\/de\/#organization","name":"Interactive World Book","url":"https:\/\/interactiveworldbook.com\/de\/","logo":{"@type":"ImageObject","inLanguage":"de","@id":"https:\/\/interactiveworldbook.com\/de\/#\/schema\/logo\/image\/","url":"https:\/\/interactiveworldbook.com\/wp-content\/uploads\/2024\/11\/IW_barevna-1.png","contentUrl":"https:\/\/interactiveworldbook.com\/wp-content\/uploads\/2024\/11\/IW_barevna-1.png","width":1690,"height":583,"caption":"Interactive World Book"},"image":{"@id":"https:\/\/interactiveworldbook.com\/de\/#\/schema\/logo\/image\/"},"sameAs":["https:\/\/www.facebook.com\/interactiveworldbook\/","https:\/\/www.instagram.com\/interactive_world_book\/","https:\/\/www.tiktok.com\/@iw_book"]}]}},"_links":{"self":[{"href":"https:\/\/interactiveworldbook.com\/de\/wp-json\/wp\/v2\/pages\/14596","targetHints":{"allow":["GET"]}}],"collection":[{"href":"https:\/\/interactiveworldbook.com\/de\/wp-json\/wp\/v2\/pages"}],"about":[{"href":"https:\/\/interactiveworldbook.com\/de\/wp-json\/wp\/v2\/types\/page"}],"author":[{"embeddable":true,"href":"https:\/\/interactiveworldbook.com\/de\/wp-json\/wp\/v2\/users\/1"}],"replies":[{"embeddable":true,"href":"https:\/\/interactiveworldbook.com\/de\/wp-json\/wp\/v2\/comments?post=14596"}],"version-history":[{"count":2,"href":"https:\/\/interactiveworldbook.com\/de\/wp-json\/wp\/v2\/pages\/14596\/revisions"}],"predecessor-version":[{"id":21034,"href":"https:\/\/interactiveworldbook.com\/de\/wp-json\/wp\/v2\/pages\/14596\/revisions\/21034"}],"wp:attachment":[{"href":"https:\/\/interactiveworldbook.com\/de\/wp-json\/wp\/v2\/media?parent=14596"}],"curies":[{"name":"wp","href":"https:\/\/api.w.org\/{rel}","templated":true}]}}