{"id":12670,"date":"2024-04-11T15:45:47","date_gmt":"2024-04-11T13:45:47","guid":{"rendered":"https:\/\/interactiveworldbook.com\/our-partners\/"},"modified":"2025-01-08T14:34:24","modified_gmt":"2025-01-08T13:34:24","slug":"meet-us","status":"publish","type":"page","link":"https:\/\/interactiveworldbook.com\/hu\/meet-us\/","title":{"rendered":"Tal\u00e1lkozz vel\u00fcnk"},"content":{"rendered":"<div class=\"columns\">\n<div class=\"left-column\">\n<h2>Buch Wien 2024<\/h2>\n<p>\u00d6r\u00f6mmel vett\u00fcnk r\u00e9szt a <strong>Buch Wien 2024-<\/strong>en, a <strong>november 6. \u00e9s 10. k\u00f6z\u00f6tt<\/strong> B\u00e9csben megrendezett k\u00f6nyvv\u00e1s\u00e1ron. Ez a rangos irodalmi esem\u00e9ny szenved\u00e9lyes olvas\u00f3kat, szerz\u0151ket \u00e9s kiad\u00f3i szakembereket vonz Eur\u00f3p\u00e1b\u00f3l \u00e9s azon t\u00falr\u00f3l.<\/p>\n<p>Lehet\u0151s\u00e9g\u00fcnk volt felfedezni inspir\u00e1l\u00f3 ki\u00e1ll\u00edt\u00e1sokat, kapcsolatba l\u00e9pni az ipar\u00e1g szak\u00e9rt\u0151ivel, \u00e9s megosztani k\u00f6nyv\u00fcnket kiv\u00e1lasztott r\u00e9sztvev\u0151kkel. Az<strong> Interakt\u00edv VIL\u00c1G<\/strong>-ra adott reakci\u00f3k t\u00falnyom\u00f3r\u00e9szt pozit\u00edvak voltak. Csod\u00e1latos visszajelz\u00e9seket kaptunk \u2013 az egyedi koncepci\u00f3 dics\u00e9ret\u00e9t\u0151l a diz\u00e1jn \u00e9s a tartalom ir\u00e1nti csod\u00e1latig. A k\u00f6nyv t\u00e9m\u00e1i \u00e9s kivitelez\u00e9se igaz\u00e1n visszhangra tal\u00e1lt azokn\u00e1l, akiknek alkalmuk volt megn\u00e9zni.<\/p>\n<p>Nagyon h\u00e1l\u00e1sak vagyunk minden kedves sz\u00f3\u00e9rt \u00e9s a lehet\u0151s\u00e9g\u00e9rt, hogy r\u00e9szesei lehett\u00fcnk egy ilyen kiv\u00e9teles irodalmi \u00f6sszej\u00f6vetelnek.<\/p>\n<p>V\u00e1rjuk a j\u00f6v\u0151beni lehet\u0151s\u00e9geket, hogy megosszuk az <strong>Interakt\u00edv VIL\u00c1G<\/strong>-ot minden koroszt\u00e1ly\u00fa olvas\u00f3val a vil\u00e1g minden t\u00e1j\u00e1r\u00f3l, inspir\u00e1lva \u0151ket a csod\u00e1k felfedez\u00e9s\u00e9re!<\/p>\n<\/div>\n<div class=\"right-column\">\n<div class=\"video-frame\"><img decoding=\"async\" src=\"https:\/\/interactiveworldbook.com\/wp-content\/uploads\/2024\/12\/dcee6a081ac4bbce6c1ee35bd3d60739.png\" alt=\"Mobiln\u00ed r\u00e1me\u010dek\" \/><br \/>\n<video src=\"https:\/\/interactiveworldbook.com\/wp-content\/uploads\/2024\/12\/video-viden-2024.mp4\" autoplay=\"autoplay\" loop=\"loop\" muted=\"\" width=\"300\" height=\"150\"><\/video><\/div>\n<\/div>\n<\/div>\n<h2>The London Book Fair 2024<\/h2>\n<p>2024 \u00e1prilis\u00e1ban b\u00fcszk\u00e9n vett\u00fcnk r\u00e9szt a <strong>Londoni K\u00f6nyvv\u00e1s\u00e1ron (LBF)<\/strong>, amely a vil\u00e1g egyik legrangosabb kiad\u00f3i esem\u00e9nye. A London sz\u00edv\u00e9ben \u00e9vente megrendezett LBF vezet\u0151 szerz\u0151ket, kiad\u00f3kat, irodalmi \u00fcgyn\u00f6k\u00f6ket \u00e9s ipar\u00e1gi szakembereket gy\u0171jt \u00f6ssze a vil\u00e1g minden t\u00e1j\u00e1r\u00f3l. Ez egy vibr\u00e1l\u00f3 platform, ahol a k\u00f6nyvek, \u00f6tletek \u00e9s lehet\u0151s\u00e9gek tal\u00e1lkoznak, \u00edgy az irodalmi vil\u00e1g sz\u00e1m\u00e1ra kihagyhatatlan esem\u00e9ny.<\/p>\n<p>Id\u00e9n abban a megtiszteltet\u00e9sben volt r\u00e9sz\u00fcnk, hogy saj\u00e1t standunkon bemutathattuk az <strong>Interakt\u00edv VIL\u00c1G<\/strong>-ot. A k\u00f6nyvre adott visszhang val\u00f3ban figyelemre m\u00e9lt\u00f3 volt. A jelenl\u00e9v\u0151ket leny\u0171g\u00f6zte egyedi koncepci\u00f3ja, innovat\u00edv diz\u00e1jnja \u00e9s leny\u0171g\u00f6z\u0151 tartalma. Gazdag\u00edt\u00f3 besz\u00e9lget\u00e9seket folytattunk irodalmi szak\u00e9rt\u0151kkel, kiad\u00f3kkal \u00e9s olvas\u00f3kkal a vil\u00e1g legk\u00fcl\u00f6nb\u00f6z\u0151bb szegleteib\u0151l, felbecs\u00fclhetetlen \u00e9rt\u00e9k\u0171 betekint\u00e9st nyerve \u00e9s kapcsolatokat kov\u00e1csolva, amelyek inspir\u00e1lj\u00e1k j\u00f6v\u0151beli munk\u00e1nkat.<\/p>\n<p>\u00d6r\u00f6mmel jelentj\u00fck be, <strong>hogy 2025-ben \u00fajra r\u00e9szt vesz\u00fcnk a Londoni K\u00f6nyvv\u00e1s\u00e1ron. Ha kapcsolatba szeretne l\u00e9pni vel\u00fcnk, \u00e9s megvitatn\u00e1 leg\u00fajabb projektjeinket, k\u00e9rj\u00fck, forduljon hozz\u00e1nk bizalommal.<\/strong> \u00dajabb izgalmas \u00e9vnek n\u00e9z\u00fcnk el\u00e9be ezen a rendk\u00edv\u00fcli esem\u00e9nyen!<\/p>\n<p>K\u00f6sz\u00f6nj\u00fck mindenkinek, aki felkereste standunkat, megosztotta gondolatait az <strong>Interakt\u00edv VIL\u00c1G<\/strong>-r\u00f3l, \u00e9s t\u00e1mogatta munk\u00e1nkat. \u0150szint\u00e9n h\u00e1l\u00e1sak vagyunk minden olvas\u00f3nak, akit k\u00f6nyv\u00fcnk inspir\u00e1lt, \u00e9s alig v\u00e1rjuk, hogy <strong>tal\u00e1lkozzunk a 2025-\u00f6s Londoni K\u00f6nyvv\u00e1s\u00e1ron!<\/strong><\/p>\n","protected":false},"excerpt":{"rendered":"<p>Buch Wien 2024 \u00d6r\u00f6mmel vett\u00fcnk r\u00e9szt a Buch Wien 2024-en, a november 6. \u00e9s 10. k\u00f6z\u00f6tt B\u00e9csben megrendezett k\u00f6nyvv\u00e1s\u00e1ron. Ez a rangos irodalmi esem\u00e9ny szenved\u00e9lyes olvas\u00f3kat, szerz\u0151ket \u00e9s kiad\u00f3i szakembereket vonz Eur\u00f3p\u00e1b\u00f3l \u00e9s azon t\u00falr\u00f3l. Lehet\u0151s\u00e9g\u00fcnk volt felfedezni inspir\u00e1l\u00f3 ki\u00e1ll\u00edt\u00e1sokat, kapcsolatba l\u00e9pni az ipar\u00e1g szak\u00e9rt\u0151ivel, \u00e9s megosztani k\u00f6nyv\u00fcnket kiv\u00e1lasztott r\u00e9sztvev\u0151kkel. Az Interakt\u00edv VIL\u00c1G-ra adott reakci\u00f3k [&hellip;]<\/p>\n","protected":false},"author":1,"featured_media":0,"parent":0,"menu_order":0,"comment_status":"closed","ping_status":"closed","template":"","meta":{"_acf_changed":false,"inline_featured_image":false,"footnotes":""},"class_list":["post-12670","page","type-page","status-publish","hentry"],"acf":[],"yoast_head":"<!-- This site is optimized with the Yoast SEO plugin v27.4 - https:\/\/yoast.com\/product\/yoast-seo-wordpress\/ -->\n<title>Tal\u00e1lkozz vel\u00fcnk | Interactive World Book<\/title>\n<meta name=\"robots\" content=\"index, follow, max-snippet:-1, max-image-preview:large, max-video-preview:-1\" \/>\n<link rel=\"canonical\" href=\"https:\/\/interactiveworldbook.com\/hu\/meet-us\/\" \/>\n<meta property=\"og:locale\" content=\"hu_HU\" \/>\n<meta property=\"og:type\" content=\"article\" \/>\n<meta property=\"og:title\" content=\"Tal\u00e1lkozz vel\u00fcnk | Interactive World Book\" \/>\n<meta property=\"og:description\" content=\"Buch Wien 2024 \u00d6r\u00f6mmel vett\u00fcnk r\u00e9szt a Buch Wien 2024-en, a november 6. \u00e9s 10. k\u00f6z\u00f6tt B\u00e9csben megrendezett k\u00f6nyvv\u00e1s\u00e1ron. Ez a rangos irodalmi esem\u00e9ny szenved\u00e9lyes olvas\u00f3kat, szerz\u0151ket \u00e9s kiad\u00f3i szakembereket vonz Eur\u00f3p\u00e1b\u00f3l \u00e9s azon t\u00falr\u00f3l. Lehet\u0151s\u00e9g\u00fcnk volt felfedezni inspir\u00e1l\u00f3 ki\u00e1ll\u00edt\u00e1sokat, kapcsolatba l\u00e9pni az ipar\u00e1g szak\u00e9rt\u0151ivel, \u00e9s megosztani k\u00f6nyv\u00fcnket kiv\u00e1lasztott r\u00e9sztvev\u0151kkel. Az Interakt\u00edv VIL\u00c1G-ra adott reakci\u00f3k [&hellip;]\" \/>\n<meta property=\"og:url\" content=\"https:\/\/interactiveworldbook.com\/hu\/meet-us\/\" \/>\n<meta property=\"og:site_name\" content=\"Interactive World Book\" \/>\n<meta property=\"article:publisher\" content=\"https:\/\/www.facebook.com\/interactiveworldbook\/\" \/>\n<meta property=\"article:modified_time\" content=\"2025-01-08T13:34:24+00:00\" \/>\n<meta property=\"og:image\" content=\"https:\/\/interactiveworldbook.com\/wp-content\/uploads\/2024\/12\/dcee6a081ac4bbce6c1ee35bd3d60739.png\" \/>\n<meta name=\"twitter:card\" content=\"summary_large_image\" \/>\n<meta name=\"twitter:label1\" content=\"Becs\u00fclt olvas\u00e1si id\u0151\" \/>\n\t<meta name=\"twitter:data1\" content=\"2 perc\" \/>\n<script type=\"application\/ld+json\" class=\"yoast-schema-graph\">{\"@context\":\"https:\\\/\\\/schema.org\",\"@graph\":[{\"@type\":\"WebPage\",\"@id\":\"https:\\\/\\\/interactiveworldbook.com\\\/hu\\\/meet-us\\\/\",\"url\":\"https:\\\/\\\/interactiveworldbook.com\\\/hu\\\/meet-us\\\/\",\"name\":\"Tal\u00e1lkozz vel\u00fcnk | Interactive World Book\",\"isPartOf\":{\"@id\":\"https:\\\/\\\/interactiveworldbook.com\\\/hu\\\/#website\"},\"primaryImageOfPage\":{\"@id\":\"https:\\\/\\\/interactiveworldbook.com\\\/hu\\\/meet-us\\\/#primaryimage\"},\"image\":{\"@id\":\"https:\\\/\\\/interactiveworldbook.com\\\/hu\\\/meet-us\\\/#primaryimage\"},\"thumbnailUrl\":\"https:\\\/\\\/interactiveworldbook.com\\\/wp-content\\\/uploads\\\/2024\\\/12\\\/dcee6a081ac4bbce6c1ee35bd3d60739.png\",\"datePublished\":\"2024-04-11T13:45:47+00:00\",\"dateModified\":\"2025-01-08T13:34:24+00:00\",\"breadcrumb\":{\"@id\":\"https:\\\/\\\/interactiveworldbook.com\\\/hu\\\/meet-us\\\/#breadcrumb\"},\"inLanguage\":\"hu\",\"potentialAction\":[{\"@type\":\"ReadAction\",\"target\":[\"https:\\\/\\\/interactiveworldbook.com\\\/hu\\\/meet-us\\\/\"]}]},{\"@type\":\"ImageObject\",\"inLanguage\":\"hu\",\"@id\":\"https:\\\/\\\/interactiveworldbook.com\\\/hu\\\/meet-us\\\/#primaryimage\",\"url\":\"https:\\\/\\\/interactiveworldbook.com\\\/wp-content\\\/uploads\\\/2024\\\/12\\\/dcee6a081ac4bbce6c1ee35bd3d60739.png\",\"contentUrl\":\"https:\\\/\\\/interactiveworldbook.com\\\/wp-content\\\/uploads\\\/2024\\\/12\\\/dcee6a081ac4bbce6c1ee35bd3d60739.png\"},{\"@type\":\"BreadcrumbList\",\"@id\":\"https:\\\/\\\/interactiveworldbook.com\\\/hu\\\/meet-us\\\/#breadcrumb\",\"itemListElement\":[{\"@type\":\"ListItem\",\"position\":1,\"name\":\"Dom\u016f\",\"item\":\"https:\\\/\\\/interactiveworldbook.com\\\/hu\\\/\"},{\"@type\":\"ListItem\",\"position\":2,\"name\":\"Tal\u00e1lkozz vel\u00fcnk\"}]},{\"@type\":\"WebSite\",\"@id\":\"https:\\\/\\\/interactiveworldbook.com\\\/hu\\\/#website\",\"url\":\"https:\\\/\\\/interactiveworldbook.com\\\/hu\\\/\",\"name\":\"Interactive World Book\",\"description\":\"Interactive World Book, kniha, m\u011bsta, zem\u011b, sv\u011btad\u00edly, informace\",\"publisher\":{\"@id\":\"https:\\\/\\\/interactiveworldbook.com\\\/hu\\\/#organization\"},\"potentialAction\":[{\"@type\":\"SearchAction\",\"target\":{\"@type\":\"EntryPoint\",\"urlTemplate\":\"https:\\\/\\\/interactiveworldbook.com\\\/hu\\\/?s={search_term_string}\"},\"query-input\":{\"@type\":\"PropertyValueSpecification\",\"valueRequired\":true,\"valueName\":\"search_term_string\"}}],\"inLanguage\":\"hu\"},{\"@type\":\"Organization\",\"@id\":\"https:\\\/\\\/interactiveworldbook.com\\\/hu\\\/#organization\",\"name\":\"Interactive World Book\",\"url\":\"https:\\\/\\\/interactiveworldbook.com\\\/hu\\\/\",\"logo\":{\"@type\":\"ImageObject\",\"inLanguage\":\"hu\",\"@id\":\"https:\\\/\\\/interactiveworldbook.com\\\/hu\\\/#\\\/schema\\\/logo\\\/image\\\/\",\"url\":\"https:\\\/\\\/interactiveworldbook.com\\\/wp-content\\\/uploads\\\/2024\\\/11\\\/IW_barevna-1.png\",\"contentUrl\":\"https:\\\/\\\/interactiveworldbook.com\\\/wp-content\\\/uploads\\\/2024\\\/11\\\/IW_barevna-1.png\",\"width\":1690,\"height\":583,\"caption\":\"Interactive World Book\"},\"image\":{\"@id\":\"https:\\\/\\\/interactiveworldbook.com\\\/hu\\\/#\\\/schema\\\/logo\\\/image\\\/\"},\"sameAs\":[\"https:\\\/\\\/www.facebook.com\\\/interactiveworldbook\\\/\",\"https:\\\/\\\/www.instagram.com\\\/interactive_world_book\\\/\",\"https:\\\/\\\/www.tiktok.com\\\/@iw_book\"]}]}<\/script>\n<!-- \/ Yoast SEO plugin. -->","yoast_head_json":{"title":"Tal\u00e1lkozz vel\u00fcnk | Interactive World Book","robots":{"index":"index","follow":"follow","max-snippet":"max-snippet:-1","max-image-preview":"max-image-preview:large","max-video-preview":"max-video-preview:-1"},"canonical":"https:\/\/interactiveworldbook.com\/hu\/meet-us\/","og_locale":"hu_HU","og_type":"article","og_title":"Tal\u00e1lkozz vel\u00fcnk | Interactive World Book","og_description":"Buch Wien 2024 \u00d6r\u00f6mmel vett\u00fcnk r\u00e9szt a Buch Wien 2024-en, a november 6. \u00e9s 10. k\u00f6z\u00f6tt B\u00e9csben megrendezett k\u00f6nyvv\u00e1s\u00e1ron. Ez a rangos irodalmi esem\u00e9ny szenved\u00e9lyes olvas\u00f3kat, szerz\u0151ket \u00e9s kiad\u00f3i szakembereket vonz Eur\u00f3p\u00e1b\u00f3l \u00e9s azon t\u00falr\u00f3l. Lehet\u0151s\u00e9g\u00fcnk volt felfedezni inspir\u00e1l\u00f3 ki\u00e1ll\u00edt\u00e1sokat, kapcsolatba l\u00e9pni az ipar\u00e1g szak\u00e9rt\u0151ivel, \u00e9s megosztani k\u00f6nyv\u00fcnket kiv\u00e1lasztott r\u00e9sztvev\u0151kkel. Az Interakt\u00edv VIL\u00c1G-ra adott reakci\u00f3k [&hellip;]","og_url":"https:\/\/interactiveworldbook.com\/hu\/meet-us\/","og_site_name":"Interactive World Book","article_publisher":"https:\/\/www.facebook.com\/interactiveworldbook\/","article_modified_time":"2025-01-08T13:34:24+00:00","og_image":[{"url":"https:\/\/interactiveworldbook.com\/wp-content\/uploads\/2024\/12\/dcee6a081ac4bbce6c1ee35bd3d60739.png","type":"","width":"","height":""}],"twitter_card":"summary_large_image","twitter_misc":{"Becs\u00fclt olvas\u00e1si id\u0151":"2 perc"},"schema":{"@context":"https:\/\/schema.org","@graph":[{"@type":"WebPage","@id":"https:\/\/interactiveworldbook.com\/hu\/meet-us\/","url":"https:\/\/interactiveworldbook.com\/hu\/meet-us\/","name":"Tal\u00e1lkozz vel\u00fcnk | Interactive World Book","isPartOf":{"@id":"https:\/\/interactiveworldbook.com\/hu\/#website"},"primaryImageOfPage":{"@id":"https:\/\/interactiveworldbook.com\/hu\/meet-us\/#primaryimage"},"image":{"@id":"https:\/\/interactiveworldbook.com\/hu\/meet-us\/#primaryimage"},"thumbnailUrl":"https:\/\/interactiveworldbook.com\/wp-content\/uploads\/2024\/12\/dcee6a081ac4bbce6c1ee35bd3d60739.png","datePublished":"2024-04-11T13:45:47+00:00","dateModified":"2025-01-08T13:34:24+00:00","breadcrumb":{"@id":"https:\/\/interactiveworldbook.com\/hu\/meet-us\/#breadcrumb"},"inLanguage":"hu","potentialAction":[{"@type":"ReadAction","target":["https:\/\/interactiveworldbook.com\/hu\/meet-us\/"]}]},{"@type":"ImageObject","inLanguage":"hu","@id":"https:\/\/interactiveworldbook.com\/hu\/meet-us\/#primaryimage","url":"https:\/\/interactiveworldbook.com\/wp-content\/uploads\/2024\/12\/dcee6a081ac4bbce6c1ee35bd3d60739.png","contentUrl":"https:\/\/interactiveworldbook.com\/wp-content\/uploads\/2024\/12\/dcee6a081ac4bbce6c1ee35bd3d60739.png"},{"@type":"BreadcrumbList","@id":"https:\/\/interactiveworldbook.com\/hu\/meet-us\/#breadcrumb","itemListElement":[{"@type":"ListItem","position":1,"name":"Dom\u016f","item":"https:\/\/interactiveworldbook.com\/hu\/"},{"@type":"ListItem","position":2,"name":"Tal\u00e1lkozz vel\u00fcnk"}]},{"@type":"WebSite","@id":"https:\/\/interactiveworldbook.com\/hu\/#website","url":"https:\/\/interactiveworldbook.com\/hu\/","name":"Interactive World Book","description":"Interactive World Book, kniha, m\u011bsta, zem\u011b, sv\u011btad\u00edly, informace","publisher":{"@id":"https:\/\/interactiveworldbook.com\/hu\/#organization"},"potentialAction":[{"@type":"SearchAction","target":{"@type":"EntryPoint","urlTemplate":"https:\/\/interactiveworldbook.com\/hu\/?s={search_term_string}"},"query-input":{"@type":"PropertyValueSpecification","valueRequired":true,"valueName":"search_term_string"}}],"inLanguage":"hu"},{"@type":"Organization","@id":"https:\/\/interactiveworldbook.com\/hu\/#organization","name":"Interactive World Book","url":"https:\/\/interactiveworldbook.com\/hu\/","logo":{"@type":"ImageObject","inLanguage":"hu","@id":"https:\/\/interactiveworldbook.com\/hu\/#\/schema\/logo\/image\/","url":"https:\/\/interactiveworldbook.com\/wp-content\/uploads\/2024\/11\/IW_barevna-1.png","contentUrl":"https:\/\/interactiveworldbook.com\/wp-content\/uploads\/2024\/11\/IW_barevna-1.png","width":1690,"height":583,"caption":"Interactive World Book"},"image":{"@id":"https:\/\/interactiveworldbook.com\/hu\/#\/schema\/logo\/image\/"},"sameAs":["https:\/\/www.facebook.com\/interactiveworldbook\/","https:\/\/www.instagram.com\/interactive_world_book\/","https:\/\/www.tiktok.com\/@iw_book"]}]}},"_links":{"self":[{"href":"https:\/\/interactiveworldbook.com\/hu\/wp-json\/wp\/v2\/pages\/12670","targetHints":{"allow":["GET"]}}],"collection":[{"href":"https:\/\/interactiveworldbook.com\/hu\/wp-json\/wp\/v2\/pages"}],"about":[{"href":"https:\/\/interactiveworldbook.com\/hu\/wp-json\/wp\/v2\/types\/page"}],"author":[{"embeddable":true,"href":"https:\/\/interactiveworldbook.com\/hu\/wp-json\/wp\/v2\/users\/1"}],"replies":[{"embeddable":true,"href":"https:\/\/interactiveworldbook.com\/hu\/wp-json\/wp\/v2\/comments?post=12670"}],"version-history":[{"count":7,"href":"https:\/\/interactiveworldbook.com\/hu\/wp-json\/wp\/v2\/pages\/12670\/revisions"}],"predecessor-version":[{"id":26874,"href":"https:\/\/interactiveworldbook.com\/hu\/wp-json\/wp\/v2\/pages\/12670\/revisions\/26874"}],"wp:attachment":[{"href":"https:\/\/interactiveworldbook.com\/hu\/wp-json\/wp\/v2\/media?parent=12670"}],"curies":[{"name":"wp","href":"https:\/\/api.w.org\/{rel}","templated":true}]}}