{"id":12878,"date":"2023-03-07T11:08:49","date_gmt":"2023-03-07T10:08:49","guid":{"rendered":"https:\/\/interactiveworldbook.com\/shipping-and-payment\/"},"modified":"2026-01-21T10:59:00","modified_gmt":"2026-01-21T09:59:00","slug":"shipping-and-payment","status":"publish","type":"page","link":"https:\/\/interactiveworldbook.com\/hu\/shipping-and-payment\/","title":{"rendered":"Sz\u00e1ll\u00edt\u00e1s \u00e9s fizet\u00e9s"},"content":{"rendered":"<p><b>Hogyan t\u00f6rt\u00e9nik a rendel\u00e9sek kisz\u00e1ll\u00edt\u00e1sa?<\/b><\/p>\n<ul>\n<li><span style=\"font-weight: 400;\">mindig igyeksz\u00fcnk mindent megtenni, hogy megrendel\u00e9seit a lehet\u0151 leghamarabb feldolgozzuk<\/span><\/li>\n<li><b>a megrendel\u00e9sek kisz\u00e1ll\u00edt\u00e1s\u00e1t a Packeta <\/b><span style=\"font-weight: 400;\">fuvaroz\u00f3 biztos\u00edtja sz\u00e1munkra<\/span><\/li>\n<li><span style=\"font-weight: 400;\">a <strong>Packeta<\/strong> vil\u00e1gm\u00e9ret\u0171 sz\u00e1ll\u00edt\u00e1si k\u00f6lts\u00e9ge <\/span><span style=\"font-weight: 400;\"><b>20 EUR<\/b><\/span><\/li>\n<\/ul>\n<p><b>Fizet\u00e9si felt\u00e9telek<\/b><\/p>\n<ul>\n<li><span style=\"font-weight: 400;\">el\u0151re fizet\u00e9s norm\u00e1l banki \u00e1tutal\u00e1ssal a sz\u00e1ml\u00e1nkra IBAN: CZ9455000000002946788002 SWIFT: RZBCCZPP \u2013 Raiffeisen Bank a.s. \u2013 v\u00e1ltoz\u00f3 szimb\u00f3lumk\u00e9nt haszn\u00e1lja a megb\u00edz\u00e1s sz\u00e1m\u00e1t<\/span><\/li>\n<li><span style=\"font-weight: 400;\">k\u00e1rty\u00e1s fizet\u00e9s a GoPay fizet\u00e9si \u00e1tj\u00e1r\u00f3n kereszt\u00fcl<\/span><strong><img loading=\"lazy\" decoding=\"async\" class=\"alignnone size-full wp-image-3491\" src=\"https:\/\/interactiveworldbook.com\/wp-content\/uploads\/2023\/03\/gopay_bannery-barevne.png\" alt=\"\" width=\"100\" height=\"35\" \/><\/strong><\/li>\n<li><span style=\"font-weight: 400;\">fizet\u00e9s online banki \u00e1tutal\u00e1ssal<\/span><\/li>\n<li><span style=\"font-weight: 400;\">fizet\u00e9s k\u00e9zbes\u00edt\u00e9skor<\/span><\/li>\n<\/ul>\n<p><b>Fizet\u00e9si lehet\u0151s\u00e9gek a GoPay \u00e1tj\u00e1r\u00f3n kereszt\u00fcl<\/b><\/p>\n<p><span style=\"font-weight: 400;\">Az online fizet\u00e9st a GoPay Payment Gateway biztos\u00edtja sz\u00e1munkra. A szolg\u00e1ltat\u00f3, a GOPAY sro, a Cseh Nemzeti Bank fel\u00fcgyelete alatt m\u0171k\u00f6d\u0151, enged\u00e9llyel rendelkez\u0151 p\u00e9nzforgalmi int\u00e9zm\u00e9ny. A fizet\u00e9si \u00e1tj\u00e1r\u00f3n kereszt\u00fcl v\u00e9gzett kifizet\u00e9sek teljes biztons\u00e1gban vannak, \u00e9s minden inform\u00e1ci\u00f3 titkos\u00edtott.<\/span><\/p>\n<p><b>Fizet\u00e9s k\u00e1rty\u00e1val<\/b><\/p>\n<p><span style=\"font-weight: 400;\">Az online fizet\u00e9s leggyorsabb m\u00f3dja. A GoPay fizet\u00e9si \u00e1tj\u00e1r\u00f3 fel\u00fclet\u00e9n meg kell adni a k\u00e1rtyasz\u00e1mot, az \u00e9rv\u00e9nyess\u00e9gi d\u00e1tumot \u00e9s a CVC k\u00f3dot (h\u00e1rom sz\u00e1m, amit a k\u00e1rtya h\u00e1toldal\u00e1n tal\u00e1lhat\u00f3 al\u00e1\u00edr\u00e1si s\u00e1vban tal\u00e1l). Mindent a 3D Secure szabv\u00e1ny v\u00e9d, ez\u00e9rt val\u00f3sz\u00edn\u0171leg meg kell adnia egy sz\u00e1mk\u00f3dot, amelyet SMS-ben kap meg bankj\u00e1t\u00f3l.<\/span><\/p>\n<p><img loading=\"lazy\" decoding=\"async\" class=\"alignnone size-full wp-image-3490\" src=\"https:\/\/interactiveworldbook.com\/wp-content\/uploads\/2023\/03\/comgate-karetni-loga.png\" alt=\"\" width=\"728\" height=\"90\" srcset=\"https:\/\/interactiveworldbook.com\/wp-content\/uploads\/2023\/03\/comgate-karetni-loga.png 728w, https:\/\/interactiveworldbook.com\/wp-content\/uploads\/2023\/03\/comgate-karetni-loga-300x37.png 300w, https:\/\/interactiveworldbook.com\/wp-content\/uploads\/2023\/03\/comgate-karetni-loga-600x74.png 600w\" sizes=\"auto, (max-width: 728px) 100vw, 728px\" \/><strong>Fizet\u00e9s online banki \u00e1tutal\u00e1ssal<\/strong><\/p>\n<p><span style=\"font-weight: 400;\">Azonnali fizet\u00e9s internetbankon kereszt\u00fcl. A GoPay fizet\u00e9si \u00e1tj\u00e1r\u00f3 \u00e1tir\u00e1ny\u00edtja \u00d6nt internetbanki szolg\u00e1ltat\u00f3j\u00e1hoz, ahol bejelentkezik a bejelentkez\u00e9si adataival, \u00e9s meger\u0151s\u00edti az el\u0151re elk\u00e9sz\u00edtett fizet\u00e9si megb\u00edz\u00e1st.<\/span><\/p>\n<p><img loading=\"lazy\" decoding=\"async\" class=\"alignnone size-full wp-image-3489\" src=\"https:\/\/interactiveworldbook.com\/wp-content\/uploads\/2023\/03\/platebni-brana-comgate-banky.png\" alt=\"\" width=\"728\" height=\"311\" srcset=\"https:\/\/interactiveworldbook.com\/wp-content\/uploads\/2023\/03\/platebni-brana-comgate-banky.png 728w, https:\/\/interactiveworldbook.com\/wp-content\/uploads\/2023\/03\/platebni-brana-comgate-banky-300x128.png 300w, https:\/\/interactiveworldbook.com\/wp-content\/uploads\/2023\/03\/platebni-brana-comgate-banky-600x256.png 600w\" sizes=\"auto, (max-width: 728px) 100vw, 728px\" \/><\/p>\n<p><span style=\"font-weight: 400;\">A fizet\u00e9s befejez\u00e9se ut\u00e1n visszair\u00e1ny\u00edtjuk az \u00fczletbe. A fizet\u00e9st azonnal visszaigazoljuk, \u00e9s halad\u00e9ktalanul folytatjuk a megrendel\u00e9s teljes\u00edt\u00e9s\u00e9t.<\/span><\/p>\n","protected":false},"excerpt":{"rendered":"<p>Hogyan t\u00f6rt\u00e9nik a rendel\u00e9sek kisz\u00e1ll\u00edt\u00e1sa? mindig igyeksz\u00fcnk mindent megtenni, hogy megrendel\u00e9seit a lehet\u0151 leghamarabb feldolgozzuk a megrendel\u00e9sek kisz\u00e1ll\u00edt\u00e1s\u00e1t a Packeta fuvaroz\u00f3 biztos\u00edtja sz\u00e1munkra a Packeta vil\u00e1gm\u00e9ret\u0171 sz\u00e1ll\u00edt\u00e1si k\u00f6lts\u00e9ge 20 EUR Fizet\u00e9si felt\u00e9telek el\u0151re fizet\u00e9s norm\u00e1l banki \u00e1tutal\u00e1ssal a sz\u00e1ml\u00e1nkra IBAN: CZ9455000000002946788002 SWIFT: RZBCCZPP \u2013 Raiffeisen Bank a.s. \u2013 v\u00e1ltoz\u00f3 szimb\u00f3lumk\u00e9nt haszn\u00e1lja a megb\u00edz\u00e1s sz\u00e1m\u00e1t k\u00e1rty\u00e1s [&hellip;]<\/p>\n","protected":false},"author":1,"featured_media":0,"parent":0,"menu_order":0,"comment_status":"closed","ping_status":"closed","template":"","meta":{"_acf_changed":false,"inline_featured_image":false,"footnotes":""},"class_list":["post-12878","page","type-page","status-publish","hentry"],"acf":[],"yoast_head":"<!-- This site is optimized with the Yoast SEO plugin v27.4 - https:\/\/yoast.com\/product\/yoast-seo-wordpress\/ -->\n<title>Sz\u00e1ll\u00edt\u00e1s \u00e9s fizet\u00e9s | Interactive World Book<\/title>\n<meta name=\"robots\" content=\"index, follow, max-snippet:-1, max-image-preview:large, max-video-preview:-1\" \/>\n<link rel=\"canonical\" href=\"https:\/\/interactiveworldbook.com\/hu\/shipping-and-payment\/\" \/>\n<meta property=\"og:locale\" content=\"hu_HU\" \/>\n<meta property=\"og:type\" content=\"article\" \/>\n<meta property=\"og:title\" content=\"Sz\u00e1ll\u00edt\u00e1s \u00e9s fizet\u00e9s | Interactive World Book\" \/>\n<meta property=\"og:description\" content=\"Hogyan t\u00f6rt\u00e9nik a rendel\u00e9sek kisz\u00e1ll\u00edt\u00e1sa? mindig igyeksz\u00fcnk mindent megtenni, hogy megrendel\u00e9seit a lehet\u0151 leghamarabb feldolgozzuk a megrendel\u00e9sek kisz\u00e1ll\u00edt\u00e1s\u00e1t a Packeta fuvaroz\u00f3 biztos\u00edtja sz\u00e1munkra a Packeta vil\u00e1gm\u00e9ret\u0171 sz\u00e1ll\u00edt\u00e1si k\u00f6lts\u00e9ge 20 EUR Fizet\u00e9si felt\u00e9telek el\u0151re fizet\u00e9s norm\u00e1l banki \u00e1tutal\u00e1ssal a sz\u00e1ml\u00e1nkra IBAN: CZ9455000000002946788002 SWIFT: RZBCCZPP \u2013 Raiffeisen Bank a.s. \u2013 v\u00e1ltoz\u00f3 szimb\u00f3lumk\u00e9nt haszn\u00e1lja a megb\u00edz\u00e1s sz\u00e1m\u00e1t k\u00e1rty\u00e1s [&hellip;]\" \/>\n<meta property=\"og:url\" content=\"https:\/\/interactiveworldbook.com\/hu\/shipping-and-payment\/\" \/>\n<meta property=\"og:site_name\" content=\"Interactive World Book\" \/>\n<meta property=\"article:publisher\" content=\"https:\/\/www.facebook.com\/interactiveworldbook\/\" \/>\n<meta property=\"article:modified_time\" content=\"2026-01-21T09:59:00+00:00\" \/>\n<meta property=\"og:image\" content=\"https:\/\/interactiveworldbook.com\/wp-content\/uploads\/2023\/03\/gopay_bannery-barevne.png\" \/>\n<meta name=\"twitter:card\" content=\"summary_large_image\" \/>\n<meta name=\"twitter:label1\" content=\"Becs\u00fclt olvas\u00e1si id\u0151\" \/>\n\t<meta name=\"twitter:data1\" content=\"2 perc\" \/>\n<script type=\"application\/ld+json\" class=\"yoast-schema-graph\">{\"@context\":\"https:\\\/\\\/schema.org\",\"@graph\":[{\"@type\":\"WebPage\",\"@id\":\"https:\\\/\\\/interactiveworldbook.com\\\/hu\\\/shipping-and-payment\\\/\",\"url\":\"https:\\\/\\\/interactiveworldbook.com\\\/hu\\\/shipping-and-payment\\\/\",\"name\":\"Sz\u00e1ll\u00edt\u00e1s \u00e9s fizet\u00e9s | Interactive World Book\",\"isPartOf\":{\"@id\":\"https:\\\/\\\/interactiveworldbook.com\\\/hu\\\/#website\"},\"primaryImageOfPage\":{\"@id\":\"https:\\\/\\\/interactiveworldbook.com\\\/hu\\\/shipping-and-payment\\\/#primaryimage\"},\"image\":{\"@id\":\"https:\\\/\\\/interactiveworldbook.com\\\/hu\\\/shipping-and-payment\\\/#primaryimage\"},\"thumbnailUrl\":\"https:\\\/\\\/interactiveworldbook.com\\\/wp-content\\\/uploads\\\/2023\\\/03\\\/gopay_bannery-barevne.png\",\"datePublished\":\"2023-03-07T10:08:49+00:00\",\"dateModified\":\"2026-01-21T09:59:00+00:00\",\"breadcrumb\":{\"@id\":\"https:\\\/\\\/interactiveworldbook.com\\\/hu\\\/shipping-and-payment\\\/#breadcrumb\"},\"inLanguage\":\"hu\",\"potentialAction\":[{\"@type\":\"ReadAction\",\"target\":[\"https:\\\/\\\/interactiveworldbook.com\\\/hu\\\/shipping-and-payment\\\/\"]}]},{\"@type\":\"ImageObject\",\"inLanguage\":\"hu\",\"@id\":\"https:\\\/\\\/interactiveworldbook.com\\\/hu\\\/shipping-and-payment\\\/#primaryimage\",\"url\":\"https:\\\/\\\/interactiveworldbook.com\\\/wp-content\\\/uploads\\\/2023\\\/03\\\/gopay_bannery-barevne.png\",\"contentUrl\":\"https:\\\/\\\/interactiveworldbook.com\\\/wp-content\\\/uploads\\\/2023\\\/03\\\/gopay_bannery-barevne.png\"},{\"@type\":\"BreadcrumbList\",\"@id\":\"https:\\\/\\\/interactiveworldbook.com\\\/hu\\\/shipping-and-payment\\\/#breadcrumb\",\"itemListElement\":[{\"@type\":\"ListItem\",\"position\":1,\"name\":\"Dom\u016f\",\"item\":\"https:\\\/\\\/interactiveworldbook.com\\\/hu\\\/\"},{\"@type\":\"ListItem\",\"position\":2,\"name\":\"Sz\u00e1ll\u00edt\u00e1s \u00e9s fizet\u00e9s\"}]},{\"@type\":\"WebSite\",\"@id\":\"https:\\\/\\\/interactiveworldbook.com\\\/hu\\\/#website\",\"url\":\"https:\\\/\\\/interactiveworldbook.com\\\/hu\\\/\",\"name\":\"Interactive World Book\",\"description\":\"Interactive World Book, kniha, m\u011bsta, zem\u011b, sv\u011btad\u00edly, informace\",\"publisher\":{\"@id\":\"https:\\\/\\\/interactiveworldbook.com\\\/hu\\\/#organization\"},\"potentialAction\":[{\"@type\":\"SearchAction\",\"target\":{\"@type\":\"EntryPoint\",\"urlTemplate\":\"https:\\\/\\\/interactiveworldbook.com\\\/hu\\\/?s={search_term_string}\"},\"query-input\":{\"@type\":\"PropertyValueSpecification\",\"valueRequired\":true,\"valueName\":\"search_term_string\"}}],\"inLanguage\":\"hu\"},{\"@type\":\"Organization\",\"@id\":\"https:\\\/\\\/interactiveworldbook.com\\\/hu\\\/#organization\",\"name\":\"Interactive World Book\",\"url\":\"https:\\\/\\\/interactiveworldbook.com\\\/hu\\\/\",\"logo\":{\"@type\":\"ImageObject\",\"inLanguage\":\"hu\",\"@id\":\"https:\\\/\\\/interactiveworldbook.com\\\/hu\\\/#\\\/schema\\\/logo\\\/image\\\/\",\"url\":\"https:\\\/\\\/interactiveworldbook.com\\\/wp-content\\\/uploads\\\/2024\\\/11\\\/IW_barevna-1.png\",\"contentUrl\":\"https:\\\/\\\/interactiveworldbook.com\\\/wp-content\\\/uploads\\\/2024\\\/11\\\/IW_barevna-1.png\",\"width\":1690,\"height\":583,\"caption\":\"Interactive World Book\"},\"image\":{\"@id\":\"https:\\\/\\\/interactiveworldbook.com\\\/hu\\\/#\\\/schema\\\/logo\\\/image\\\/\"},\"sameAs\":[\"https:\\\/\\\/www.facebook.com\\\/interactiveworldbook\\\/\",\"https:\\\/\\\/www.instagram.com\\\/interactive_world_book\\\/\",\"https:\\\/\\\/www.tiktok.com\\\/@iw_book\"]}]}<\/script>\n<!-- \/ Yoast SEO plugin. -->","yoast_head_json":{"title":"Sz\u00e1ll\u00edt\u00e1s \u00e9s fizet\u00e9s | Interactive World Book","robots":{"index":"index","follow":"follow","max-snippet":"max-snippet:-1","max-image-preview":"max-image-preview:large","max-video-preview":"max-video-preview:-1"},"canonical":"https:\/\/interactiveworldbook.com\/hu\/shipping-and-payment\/","og_locale":"hu_HU","og_type":"article","og_title":"Sz\u00e1ll\u00edt\u00e1s \u00e9s fizet\u00e9s | Interactive World Book","og_description":"Hogyan t\u00f6rt\u00e9nik a rendel\u00e9sek kisz\u00e1ll\u00edt\u00e1sa? mindig igyeksz\u00fcnk mindent megtenni, hogy megrendel\u00e9seit a lehet\u0151 leghamarabb feldolgozzuk a megrendel\u00e9sek kisz\u00e1ll\u00edt\u00e1s\u00e1t a Packeta fuvaroz\u00f3 biztos\u00edtja sz\u00e1munkra a Packeta vil\u00e1gm\u00e9ret\u0171 sz\u00e1ll\u00edt\u00e1si k\u00f6lts\u00e9ge 20 EUR Fizet\u00e9si felt\u00e9telek el\u0151re fizet\u00e9s norm\u00e1l banki \u00e1tutal\u00e1ssal a sz\u00e1ml\u00e1nkra IBAN: CZ9455000000002946788002 SWIFT: RZBCCZPP \u2013 Raiffeisen Bank a.s. \u2013 v\u00e1ltoz\u00f3 szimb\u00f3lumk\u00e9nt haszn\u00e1lja a megb\u00edz\u00e1s sz\u00e1m\u00e1t k\u00e1rty\u00e1s [&hellip;]","og_url":"https:\/\/interactiveworldbook.com\/hu\/shipping-and-payment\/","og_site_name":"Interactive World Book","article_publisher":"https:\/\/www.facebook.com\/interactiveworldbook\/","article_modified_time":"2026-01-21T09:59:00+00:00","og_image":[{"url":"https:\/\/interactiveworldbook.com\/wp-content\/uploads\/2023\/03\/gopay_bannery-barevne.png","type":"","width":"","height":""}],"twitter_card":"summary_large_image","twitter_misc":{"Becs\u00fclt olvas\u00e1si id\u0151":"2 perc"},"schema":{"@context":"https:\/\/schema.org","@graph":[{"@type":"WebPage","@id":"https:\/\/interactiveworldbook.com\/hu\/shipping-and-payment\/","url":"https:\/\/interactiveworldbook.com\/hu\/shipping-and-payment\/","name":"Sz\u00e1ll\u00edt\u00e1s \u00e9s fizet\u00e9s | Interactive World Book","isPartOf":{"@id":"https:\/\/interactiveworldbook.com\/hu\/#website"},"primaryImageOfPage":{"@id":"https:\/\/interactiveworldbook.com\/hu\/shipping-and-payment\/#primaryimage"},"image":{"@id":"https:\/\/interactiveworldbook.com\/hu\/shipping-and-payment\/#primaryimage"},"thumbnailUrl":"https:\/\/interactiveworldbook.com\/wp-content\/uploads\/2023\/03\/gopay_bannery-barevne.png","datePublished":"2023-03-07T10:08:49+00:00","dateModified":"2026-01-21T09:59:00+00:00","breadcrumb":{"@id":"https:\/\/interactiveworldbook.com\/hu\/shipping-and-payment\/#breadcrumb"},"inLanguage":"hu","potentialAction":[{"@type":"ReadAction","target":["https:\/\/interactiveworldbook.com\/hu\/shipping-and-payment\/"]}]},{"@type":"ImageObject","inLanguage":"hu","@id":"https:\/\/interactiveworldbook.com\/hu\/shipping-and-payment\/#primaryimage","url":"https:\/\/interactiveworldbook.com\/wp-content\/uploads\/2023\/03\/gopay_bannery-barevne.png","contentUrl":"https:\/\/interactiveworldbook.com\/wp-content\/uploads\/2023\/03\/gopay_bannery-barevne.png"},{"@type":"BreadcrumbList","@id":"https:\/\/interactiveworldbook.com\/hu\/shipping-and-payment\/#breadcrumb","itemListElement":[{"@type":"ListItem","position":1,"name":"Dom\u016f","item":"https:\/\/interactiveworldbook.com\/hu\/"},{"@type":"ListItem","position":2,"name":"Sz\u00e1ll\u00edt\u00e1s \u00e9s fizet\u00e9s"}]},{"@type":"WebSite","@id":"https:\/\/interactiveworldbook.com\/hu\/#website","url":"https:\/\/interactiveworldbook.com\/hu\/","name":"Interactive World Book","description":"Interactive World Book, kniha, m\u011bsta, zem\u011b, sv\u011btad\u00edly, informace","publisher":{"@id":"https:\/\/interactiveworldbook.com\/hu\/#organization"},"potentialAction":[{"@type":"SearchAction","target":{"@type":"EntryPoint","urlTemplate":"https:\/\/interactiveworldbook.com\/hu\/?s={search_term_string}"},"query-input":{"@type":"PropertyValueSpecification","valueRequired":true,"valueName":"search_term_string"}}],"inLanguage":"hu"},{"@type":"Organization","@id":"https:\/\/interactiveworldbook.com\/hu\/#organization","name":"Interactive World Book","url":"https:\/\/interactiveworldbook.com\/hu\/","logo":{"@type":"ImageObject","inLanguage":"hu","@id":"https:\/\/interactiveworldbook.com\/hu\/#\/schema\/logo\/image\/","url":"https:\/\/interactiveworldbook.com\/wp-content\/uploads\/2024\/11\/IW_barevna-1.png","contentUrl":"https:\/\/interactiveworldbook.com\/wp-content\/uploads\/2024\/11\/IW_barevna-1.png","width":1690,"height":583,"caption":"Interactive World Book"},"image":{"@id":"https:\/\/interactiveworldbook.com\/hu\/#\/schema\/logo\/image\/"},"sameAs":["https:\/\/www.facebook.com\/interactiveworldbook\/","https:\/\/www.instagram.com\/interactive_world_book\/","https:\/\/www.tiktok.com\/@iw_book"]}]}},"_links":{"self":[{"href":"https:\/\/interactiveworldbook.com\/hu\/wp-json\/wp\/v2\/pages\/12878","targetHints":{"allow":["GET"]}}],"collection":[{"href":"https:\/\/interactiveworldbook.com\/hu\/wp-json\/wp\/v2\/pages"}],"about":[{"href":"https:\/\/interactiveworldbook.com\/hu\/wp-json\/wp\/v2\/types\/page"}],"author":[{"embeddable":true,"href":"https:\/\/interactiveworldbook.com\/hu\/wp-json\/wp\/v2\/users\/1"}],"replies":[{"embeddable":true,"href":"https:\/\/interactiveworldbook.com\/hu\/wp-json\/wp\/v2\/comments?post=12878"}],"version-history":[{"count":2,"href":"https:\/\/interactiveworldbook.com\/hu\/wp-json\/wp\/v2\/pages\/12878\/revisions"}],"predecessor-version":[{"id":28085,"href":"https:\/\/interactiveworldbook.com\/hu\/wp-json\/wp\/v2\/pages\/12878\/revisions\/28085"}],"wp:attachment":[{"href":"https:\/\/interactiveworldbook.com\/hu\/wp-json\/wp\/v2\/media?parent=12878"}],"curies":[{"name":"wp","href":"https:\/\/api.w.org\/{rel}","templated":true}]}}