{"id":12886,"date":"2023-03-02T18:00:12","date_gmt":"2023-03-02T17:00:12","guid":{"rendered":"https:\/\/interactiveworldbook.com\/premium-section\/"},"modified":"2024-12-30T14:42:18","modified_gmt":"2024-12-30T13:42:18","slug":"premium-section","status":"publish","type":"page","link":"https:\/\/interactiveworldbook.com\/hu\/premium-section\/","title":{"rendered":"Pr\u00e9mium szekci\u00f3"},"content":{"rendered":"<p><a href=\"https:\/\/interactiveworldbook.com\/hu\/produkt\/interaktiv-vilag\/\"><img loading=\"lazy\" decoding=\"async\" class=\"aligncenter wp-image-20923 size-full\" src=\"https:\/\/interactiveworldbook.com\/wp-content\/uploads\/2024\/08\/hu-bttn-brown.png\" alt=\"\" width=\"202\" height=\"55\" srcset=\"https:\/\/interactiveworldbook.com\/wp-content\/uploads\/2024\/08\/hu-bttn-brown.png 202w, https:\/\/interactiveworldbook.com\/wp-content\/uploads\/2024\/08\/hu-bttn-brown-200x55.png 200w\" sizes=\"auto, (max-width: 202px) 100vw, 202px\" \/><\/a><\/p>\n<h2 style=\"text-align: center;\">Pr\u00e9mium tartalmak megtekint\u00e9se<br \/>\nmeg kell v\u00e1s\u00e1rolnia a k\u00f6nyvet.<\/h2>\n<p style=\"text-align: center;\">A k\u00f6nyvben orsz\u00e1gonk\u00e9nt 3 QR-k\u00f3dot tal\u00e1lsz.<\/p>\n<p style=\"text-align: center;\">A vonatkoz\u00f3 QR-k\u00f3dok megjelen\u00edtik az orsz\u00e1g r\u00e9szletes le\u00edr\u00e1s\u00e1t \/ himnusz\u00e1t \/ z\u00e1szlaj\u00e1t \u00e9s c\u00edmer\u00e9t.<\/p>\n<p style=\"text-align: center;\">A QR-k\u00f3d beolvas\u00e1sa ut\u00e1n egy pr\u00e9mium tartalmakat tartalmaz\u00f3 oldal ny\u00edlik meg.<\/p>\n<p><a href=\"?add-to-cart=5683\"><br \/>\n<\/a><a href=\"?add-to-cart=24182\"><img loading=\"lazy\" decoding=\"async\" class=\"aligncenter wp-image-20932 size-full\" src=\"https:\/\/interactiveworldbook.com\/wp-content\/uploads\/2024\/08\/hu.bttn_.png\" alt=\"\" width=\"202\" height=\"55\" srcset=\"https:\/\/interactiveworldbook.com\/wp-content\/uploads\/2024\/08\/hu.bttn_.png 202w, https:\/\/interactiveworldbook.com\/wp-content\/uploads\/2024\/08\/hu.bttn_-200x55.png 200w\" sizes=\"auto, (max-width: 202px) 100vw, 202px\" \/><\/a><\/p>\n","protected":false},"excerpt":{"rendered":"<p>Pr\u00e9mium tartalmak megtekint\u00e9se meg kell v\u00e1s\u00e1rolnia a k\u00f6nyvet. A k\u00f6nyvben orsz\u00e1gonk\u00e9nt 3 QR-k\u00f3dot tal\u00e1lsz. A vonatkoz\u00f3 QR-k\u00f3dok megjelen\u00edtik az orsz\u00e1g r\u00e9szletes le\u00edr\u00e1s\u00e1t \/ himnusz\u00e1t \/ z\u00e1szlaj\u00e1t \u00e9s c\u00edmer\u00e9t. A QR-k\u00f3d beolvas\u00e1sa ut\u00e1n egy pr\u00e9mium tartalmakat tartalmaz\u00f3 oldal ny\u00edlik meg.<\/p>\n","protected":false},"author":1,"featured_media":0,"parent":0,"menu_order":0,"comment_status":"closed","ping_status":"closed","template":"","meta":{"_acf_changed":false,"inline_featured_image":false,"footnotes":""},"class_list":["post-12886","page","type-page","status-publish","hentry"],"acf":[],"yoast_head":"<!-- This site is optimized with the Yoast SEO plugin v27.4 - https:\/\/yoast.com\/product\/yoast-seo-wordpress\/ -->\n<title>Pr\u00e9mium szekci\u00f3 | Interactive World Book<\/title>\n<meta name=\"robots\" content=\"index, follow, max-snippet:-1, max-image-preview:large, max-video-preview:-1\" \/>\n<link rel=\"canonical\" href=\"https:\/\/interactiveworldbook.com\/hu\/premium-section\/\" \/>\n<meta property=\"og:locale\" content=\"hu_HU\" \/>\n<meta property=\"og:type\" content=\"article\" \/>\n<meta property=\"og:title\" content=\"Pr\u00e9mium szekci\u00f3 | Interactive World Book\" \/>\n<meta property=\"og:description\" content=\"Pr\u00e9mium tartalmak megtekint\u00e9se meg kell v\u00e1s\u00e1rolnia a k\u00f6nyvet. A k\u00f6nyvben orsz\u00e1gonk\u00e9nt 3 QR-k\u00f3dot tal\u00e1lsz. A vonatkoz\u00f3 QR-k\u00f3dok megjelen\u00edtik az orsz\u00e1g r\u00e9szletes le\u00edr\u00e1s\u00e1t \/ himnusz\u00e1t \/ z\u00e1szlaj\u00e1t \u00e9s c\u00edmer\u00e9t. A QR-k\u00f3d beolvas\u00e1sa ut\u00e1n egy pr\u00e9mium tartalmakat tartalmaz\u00f3 oldal ny\u00edlik meg.\" \/>\n<meta property=\"og:url\" content=\"https:\/\/interactiveworldbook.com\/hu\/premium-section\/\" \/>\n<meta property=\"og:site_name\" content=\"Interactive World Book\" \/>\n<meta property=\"article:publisher\" content=\"https:\/\/www.facebook.com\/interactiveworldbook\/\" \/>\n<meta property=\"article:modified_time\" content=\"2024-12-30T13:42:18+00:00\" \/>\n<meta property=\"og:image\" content=\"https:\/\/interactiveworldbook.com\/wp-content\/uploads\/2024\/08\/hu-bttn-brown.png\" \/>\n\t<meta property=\"og:image:width\" content=\"202\" \/>\n\t<meta property=\"og:image:height\" content=\"55\" \/>\n\t<meta property=\"og:image:type\" content=\"image\/png\" \/>\n<meta name=\"twitter:card\" content=\"summary_large_image\" \/>\n<script type=\"application\/ld+json\" class=\"yoast-schema-graph\">{\"@context\":\"https:\\\/\\\/schema.org\",\"@graph\":[{\"@type\":\"WebPage\",\"@id\":\"https:\\\/\\\/interactiveworldbook.com\\\/hu\\\/premium-section\\\/\",\"url\":\"https:\\\/\\\/interactiveworldbook.com\\\/hu\\\/premium-section\\\/\",\"name\":\"Pr\u00e9mium szekci\u00f3 | Interactive World Book\",\"isPartOf\":{\"@id\":\"https:\\\/\\\/interactiveworldbook.com\\\/hu\\\/#website\"},\"primaryImageOfPage\":{\"@id\":\"https:\\\/\\\/interactiveworldbook.com\\\/hu\\\/premium-section\\\/#primaryimage\"},\"image\":{\"@id\":\"https:\\\/\\\/interactiveworldbook.com\\\/hu\\\/premium-section\\\/#primaryimage\"},\"thumbnailUrl\":\"https:\\\/\\\/interactiveworldbook.com\\\/wp-content\\\/uploads\\\/2024\\\/08\\\/hu-bttn-brown.png\",\"datePublished\":\"2023-03-02T17:00:12+00:00\",\"dateModified\":\"2024-12-30T13:42:18+00:00\",\"breadcrumb\":{\"@id\":\"https:\\\/\\\/interactiveworldbook.com\\\/hu\\\/premium-section\\\/#breadcrumb\"},\"inLanguage\":\"hu\",\"potentialAction\":[{\"@type\":\"ReadAction\",\"target\":[\"https:\\\/\\\/interactiveworldbook.com\\\/hu\\\/premium-section\\\/\"]}]},{\"@type\":\"ImageObject\",\"inLanguage\":\"hu\",\"@id\":\"https:\\\/\\\/interactiveworldbook.com\\\/hu\\\/premium-section\\\/#primaryimage\",\"url\":\"https:\\\/\\\/interactiveworldbook.com\\\/wp-content\\\/uploads\\\/2024\\\/08\\\/hu-bttn-brown.png\",\"contentUrl\":\"https:\\\/\\\/interactiveworldbook.com\\\/wp-content\\\/uploads\\\/2024\\\/08\\\/hu-bttn-brown.png\"},{\"@type\":\"BreadcrumbList\",\"@id\":\"https:\\\/\\\/interactiveworldbook.com\\\/hu\\\/premium-section\\\/#breadcrumb\",\"itemListElement\":[{\"@type\":\"ListItem\",\"position\":1,\"name\":\"Dom\u016f\",\"item\":\"https:\\\/\\\/interactiveworldbook.com\\\/hu\\\/\"},{\"@type\":\"ListItem\",\"position\":2,\"name\":\"Pr\u00e9mium szekci\u00f3\"}]},{\"@type\":\"WebSite\",\"@id\":\"https:\\\/\\\/interactiveworldbook.com\\\/hu\\\/#website\",\"url\":\"https:\\\/\\\/interactiveworldbook.com\\\/hu\\\/\",\"name\":\"Interactive World Book\",\"description\":\"Interactive World Book, kniha, m\u011bsta, zem\u011b, sv\u011btad\u00edly, informace\",\"publisher\":{\"@id\":\"https:\\\/\\\/interactiveworldbook.com\\\/hu\\\/#organization\"},\"potentialAction\":[{\"@type\":\"SearchAction\",\"target\":{\"@type\":\"EntryPoint\",\"urlTemplate\":\"https:\\\/\\\/interactiveworldbook.com\\\/hu\\\/?s={search_term_string}\"},\"query-input\":{\"@type\":\"PropertyValueSpecification\",\"valueRequired\":true,\"valueName\":\"search_term_string\"}}],\"inLanguage\":\"hu\"},{\"@type\":\"Organization\",\"@id\":\"https:\\\/\\\/interactiveworldbook.com\\\/hu\\\/#organization\",\"name\":\"Interactive World Book\",\"url\":\"https:\\\/\\\/interactiveworldbook.com\\\/hu\\\/\",\"logo\":{\"@type\":\"ImageObject\",\"inLanguage\":\"hu\",\"@id\":\"https:\\\/\\\/interactiveworldbook.com\\\/hu\\\/#\\\/schema\\\/logo\\\/image\\\/\",\"url\":\"https:\\\/\\\/interactiveworldbook.com\\\/wp-content\\\/uploads\\\/2024\\\/11\\\/IW_barevna-1.png\",\"contentUrl\":\"https:\\\/\\\/interactiveworldbook.com\\\/wp-content\\\/uploads\\\/2024\\\/11\\\/IW_barevna-1.png\",\"width\":1690,\"height\":583,\"caption\":\"Interactive World Book\"},\"image\":{\"@id\":\"https:\\\/\\\/interactiveworldbook.com\\\/hu\\\/#\\\/schema\\\/logo\\\/image\\\/\"},\"sameAs\":[\"https:\\\/\\\/www.facebook.com\\\/interactiveworldbook\\\/\",\"https:\\\/\\\/www.instagram.com\\\/interactive_world_book\\\/\",\"https:\\\/\\\/www.tiktok.com\\\/@iw_book\"]}]}<\/script>\n<!-- \/ Yoast SEO plugin. -->","yoast_head_json":{"title":"Pr\u00e9mium szekci\u00f3 | Interactive World Book","robots":{"index":"index","follow":"follow","max-snippet":"max-snippet:-1","max-image-preview":"max-image-preview:large","max-video-preview":"max-video-preview:-1"},"canonical":"https:\/\/interactiveworldbook.com\/hu\/premium-section\/","og_locale":"hu_HU","og_type":"article","og_title":"Pr\u00e9mium szekci\u00f3 | Interactive World Book","og_description":"Pr\u00e9mium tartalmak megtekint\u00e9se meg kell v\u00e1s\u00e1rolnia a k\u00f6nyvet. A k\u00f6nyvben orsz\u00e1gonk\u00e9nt 3 QR-k\u00f3dot tal\u00e1lsz. A vonatkoz\u00f3 QR-k\u00f3dok megjelen\u00edtik az orsz\u00e1g r\u00e9szletes le\u00edr\u00e1s\u00e1t \/ himnusz\u00e1t \/ z\u00e1szlaj\u00e1t \u00e9s c\u00edmer\u00e9t. A QR-k\u00f3d beolvas\u00e1sa ut\u00e1n egy pr\u00e9mium tartalmakat tartalmaz\u00f3 oldal ny\u00edlik meg.","og_url":"https:\/\/interactiveworldbook.com\/hu\/premium-section\/","og_site_name":"Interactive World Book","article_publisher":"https:\/\/www.facebook.com\/interactiveworldbook\/","article_modified_time":"2024-12-30T13:42:18+00:00","og_image":[{"width":202,"height":55,"url":"https:\/\/interactiveworldbook.com\/wp-content\/uploads\/2024\/08\/hu-bttn-brown.png","type":"image\/png"}],"twitter_card":"summary_large_image","schema":{"@context":"https:\/\/schema.org","@graph":[{"@type":"WebPage","@id":"https:\/\/interactiveworldbook.com\/hu\/premium-section\/","url":"https:\/\/interactiveworldbook.com\/hu\/premium-section\/","name":"Pr\u00e9mium szekci\u00f3 | Interactive World Book","isPartOf":{"@id":"https:\/\/interactiveworldbook.com\/hu\/#website"},"primaryImageOfPage":{"@id":"https:\/\/interactiveworldbook.com\/hu\/premium-section\/#primaryimage"},"image":{"@id":"https:\/\/interactiveworldbook.com\/hu\/premium-section\/#primaryimage"},"thumbnailUrl":"https:\/\/interactiveworldbook.com\/wp-content\/uploads\/2024\/08\/hu-bttn-brown.png","datePublished":"2023-03-02T17:00:12+00:00","dateModified":"2024-12-30T13:42:18+00:00","breadcrumb":{"@id":"https:\/\/interactiveworldbook.com\/hu\/premium-section\/#breadcrumb"},"inLanguage":"hu","potentialAction":[{"@type":"ReadAction","target":["https:\/\/interactiveworldbook.com\/hu\/premium-section\/"]}]},{"@type":"ImageObject","inLanguage":"hu","@id":"https:\/\/interactiveworldbook.com\/hu\/premium-section\/#primaryimage","url":"https:\/\/interactiveworldbook.com\/wp-content\/uploads\/2024\/08\/hu-bttn-brown.png","contentUrl":"https:\/\/interactiveworldbook.com\/wp-content\/uploads\/2024\/08\/hu-bttn-brown.png"},{"@type":"BreadcrumbList","@id":"https:\/\/interactiveworldbook.com\/hu\/premium-section\/#breadcrumb","itemListElement":[{"@type":"ListItem","position":1,"name":"Dom\u016f","item":"https:\/\/interactiveworldbook.com\/hu\/"},{"@type":"ListItem","position":2,"name":"Pr\u00e9mium szekci\u00f3"}]},{"@type":"WebSite","@id":"https:\/\/interactiveworldbook.com\/hu\/#website","url":"https:\/\/interactiveworldbook.com\/hu\/","name":"Interactive World Book","description":"Interactive World Book, kniha, m\u011bsta, zem\u011b, sv\u011btad\u00edly, informace","publisher":{"@id":"https:\/\/interactiveworldbook.com\/hu\/#organization"},"potentialAction":[{"@type":"SearchAction","target":{"@type":"EntryPoint","urlTemplate":"https:\/\/interactiveworldbook.com\/hu\/?s={search_term_string}"},"query-input":{"@type":"PropertyValueSpecification","valueRequired":true,"valueName":"search_term_string"}}],"inLanguage":"hu"},{"@type":"Organization","@id":"https:\/\/interactiveworldbook.com\/hu\/#organization","name":"Interactive World Book","url":"https:\/\/interactiveworldbook.com\/hu\/","logo":{"@type":"ImageObject","inLanguage":"hu","@id":"https:\/\/interactiveworldbook.com\/hu\/#\/schema\/logo\/image\/","url":"https:\/\/interactiveworldbook.com\/wp-content\/uploads\/2024\/11\/IW_barevna-1.png","contentUrl":"https:\/\/interactiveworldbook.com\/wp-content\/uploads\/2024\/11\/IW_barevna-1.png","width":1690,"height":583,"caption":"Interactive World Book"},"image":{"@id":"https:\/\/interactiveworldbook.com\/hu\/#\/schema\/logo\/image\/"},"sameAs":["https:\/\/www.facebook.com\/interactiveworldbook\/","https:\/\/www.instagram.com\/interactive_world_book\/","https:\/\/www.tiktok.com\/@iw_book"]}]}},"_links":{"self":[{"href":"https:\/\/interactiveworldbook.com\/hu\/wp-json\/wp\/v2\/pages\/12886","targetHints":{"allow":["GET"]}}],"collection":[{"href":"https:\/\/interactiveworldbook.com\/hu\/wp-json\/wp\/v2\/pages"}],"about":[{"href":"https:\/\/interactiveworldbook.com\/hu\/wp-json\/wp\/v2\/types\/page"}],"author":[{"embeddable":true,"href":"https:\/\/interactiveworldbook.com\/hu\/wp-json\/wp\/v2\/users\/1"}],"replies":[{"embeddable":true,"href":"https:\/\/interactiveworldbook.com\/hu\/wp-json\/wp\/v2\/comments?post=12886"}],"version-history":[{"count":6,"href":"https:\/\/interactiveworldbook.com\/hu\/wp-json\/wp\/v2\/pages\/12886\/revisions"}],"predecessor-version":[{"id":26720,"href":"https:\/\/interactiveworldbook.com\/hu\/wp-json\/wp\/v2\/pages\/12886\/revisions\/26720"}],"wp:attachment":[{"href":"https:\/\/interactiveworldbook.com\/hu\/wp-json\/wp\/v2\/media?parent=12886"}],"curies":[{"name":"wp","href":"https:\/\/api.w.org\/{rel}","templated":true}]}}