{"id":13865,"date":"2023-02-07T17:44:39","date_gmt":"2023-02-07T16:44:39","guid":{"rendered":"https:\/\/interactiveworldbook.com\/congo\/"},"modified":"2024-09-04T09:16:03","modified_gmt":"2024-09-04T07:16:03","slug":"congo","status":"publish","type":"page","link":"https:\/\/interactiveworldbook.com\/hu\/africa\/congo\/","title":{"rendered":"Kong\u00f3"},"content":{"rendered":"","protected":false},"excerpt":{"rendered":"","protected":false},"author":1,"featured_media":0,"parent":13957,"menu_order":0,"comment_status":"closed","ping_status":"closed","template":"","meta":{"_acf_changed":false,"inline_featured_image":false,"footnotes":""},"class_list":["post-13865","page","type-page","status-publish","hentry"],"acf":[],"yoast_head":"<!-- This site is optimized with the Yoast SEO plugin v27.4 - https:\/\/yoast.com\/product\/yoast-seo-wordpress\/ -->\n<title>Kong\u00f3 | Interactive World Book<\/title>\n<meta name=\"robots\" content=\"index, follow, max-snippet:-1, max-image-preview:large, max-video-preview:-1\" \/>\n<link rel=\"canonical\" href=\"https:\/\/interactiveworldbook.com\/hu\/africa\/congo\/\" \/>\n<meta property=\"og:locale\" content=\"hu_HU\" \/>\n<meta property=\"og:type\" content=\"article\" \/>\n<meta property=\"og:title\" content=\"Kong\u00f3 | Interactive World Book\" \/>\n<meta property=\"og:url\" content=\"https:\/\/interactiveworldbook.com\/hu\/africa\/congo\/\" \/>\n<meta property=\"og:site_name\" content=\"Interactive World Book\" \/>\n<meta property=\"article:publisher\" content=\"https:\/\/www.facebook.com\/interactiveworldbook\/\" \/>\n<meta property=\"article:modified_time\" content=\"2024-09-04T07:16:03+00:00\" \/>\n<meta property=\"og:image\" content=\"https:\/\/interactiveworldbook.com\/wp-content\/uploads\/2024\/08\/CZ_mockup_resize-2.png\" \/>\n\t<meta property=\"og:image:width\" content=\"569\" \/>\n\t<meta property=\"og:image:height\" content=\"694\" \/>\n\t<meta property=\"og:image:type\" content=\"image\/png\" \/>\n<meta name=\"twitter:card\" content=\"summary_large_image\" \/>\n<script type=\"application\/ld+json\" class=\"yoast-schema-graph\">{\"@context\":\"https:\\\/\\\/schema.org\",\"@graph\":[{\"@type\":\"WebPage\",\"@id\":\"https:\\\/\\\/interactiveworldbook.com\\\/hu\\\/africa\\\/congo\\\/\",\"url\":\"https:\\\/\\\/interactiveworldbook.com\\\/hu\\\/africa\\\/congo\\\/\",\"name\":\"Kong\u00f3 | Interactive World Book\",\"isPartOf\":{\"@id\":\"https:\\\/\\\/interactiveworldbook.com\\\/hu\\\/#website\"},\"datePublished\":\"2023-02-07T16:44:39+00:00\",\"dateModified\":\"2024-09-04T07:16:03+00:00\",\"breadcrumb\":{\"@id\":\"https:\\\/\\\/interactiveworldbook.com\\\/hu\\\/africa\\\/congo\\\/#breadcrumb\"},\"inLanguage\":\"hu\",\"potentialAction\":[{\"@type\":\"ReadAction\",\"target\":[\"https:\\\/\\\/interactiveworldbook.com\\\/hu\\\/africa\\\/congo\\\/\"]}]},{\"@type\":\"BreadcrumbList\",\"@id\":\"https:\\\/\\\/interactiveworldbook.com\\\/hu\\\/africa\\\/congo\\\/#breadcrumb\",\"itemListElement\":[{\"@type\":\"ListItem\",\"position\":1,\"name\":\"Dom\u016f\",\"item\":\"https:\\\/\\\/interactiveworldbook.com\\\/hu\\\/\"},{\"@type\":\"ListItem\",\"position\":2,\"name\":\"AFRIKA\",\"item\":\"https:\\\/\\\/interactiveworldbook.com\\\/hu\\\/africa\\\/\"},{\"@type\":\"ListItem\",\"position\":3,\"name\":\"Kong\u00f3\"}]},{\"@type\":\"WebSite\",\"@id\":\"https:\\\/\\\/interactiveworldbook.com\\\/hu\\\/#website\",\"url\":\"https:\\\/\\\/interactiveworldbook.com\\\/hu\\\/\",\"name\":\"Interactive World Book\",\"description\":\"Interactive World Book, kniha, m\u011bsta, zem\u011b, sv\u011btad\u00edly, informace\",\"publisher\":{\"@id\":\"https:\\\/\\\/interactiveworldbook.com\\\/hu\\\/#organization\"},\"potentialAction\":[{\"@type\":\"SearchAction\",\"target\":{\"@type\":\"EntryPoint\",\"urlTemplate\":\"https:\\\/\\\/interactiveworldbook.com\\\/hu\\\/?s={search_term_string}\"},\"query-input\":{\"@type\":\"PropertyValueSpecification\",\"valueRequired\":true,\"valueName\":\"search_term_string\"}}],\"inLanguage\":\"hu\"},{\"@type\":\"Organization\",\"@id\":\"https:\\\/\\\/interactiveworldbook.com\\\/hu\\\/#organization\",\"name\":\"Interactive World Book\",\"url\":\"https:\\\/\\\/interactiveworldbook.com\\\/hu\\\/\",\"logo\":{\"@type\":\"ImageObject\",\"inLanguage\":\"hu\",\"@id\":\"https:\\\/\\\/interactiveworldbook.com\\\/hu\\\/#\\\/schema\\\/logo\\\/image\\\/\",\"url\":\"https:\\\/\\\/interactiveworldbook.com\\\/wp-content\\\/uploads\\\/2024\\\/11\\\/IW_barevna-1.png\",\"contentUrl\":\"https:\\\/\\\/interactiveworldbook.com\\\/wp-content\\\/uploads\\\/2024\\\/11\\\/IW_barevna-1.png\",\"width\":1690,\"height\":583,\"caption\":\"Interactive World Book\"},\"image\":{\"@id\":\"https:\\\/\\\/interactiveworldbook.com\\\/hu\\\/#\\\/schema\\\/logo\\\/image\\\/\"},\"sameAs\":[\"https:\\\/\\\/www.facebook.com\\\/interactiveworldbook\\\/\",\"https:\\\/\\\/www.instagram.com\\\/interactive_world_book\\\/\",\"https:\\\/\\\/www.tiktok.com\\\/@iw_book\"]}]}<\/script>\n<!-- \/ Yoast SEO plugin. -->","yoast_head_json":{"title":"Kong\u00f3 | Interactive World Book","robots":{"index":"index","follow":"follow","max-snippet":"max-snippet:-1","max-image-preview":"max-image-preview:large","max-video-preview":"max-video-preview:-1"},"canonical":"https:\/\/interactiveworldbook.com\/hu\/africa\/congo\/","og_locale":"hu_HU","og_type":"article","og_title":"Kong\u00f3 | Interactive World Book","og_url":"https:\/\/interactiveworldbook.com\/hu\/africa\/congo\/","og_site_name":"Interactive World Book","article_publisher":"https:\/\/www.facebook.com\/interactiveworldbook\/","article_modified_time":"2024-09-04T07:16:03+00:00","og_image":[{"width":569,"height":694,"url":"https:\/\/interactiveworldbook.com\/wp-content\/uploads\/2024\/08\/CZ_mockup_resize-2.png","type":"image\/png"}],"twitter_card":"summary_large_image","schema":{"@context":"https:\/\/schema.org","@graph":[{"@type":"WebPage","@id":"https:\/\/interactiveworldbook.com\/hu\/africa\/congo\/","url":"https:\/\/interactiveworldbook.com\/hu\/africa\/congo\/","name":"Kong\u00f3 | Interactive World Book","isPartOf":{"@id":"https:\/\/interactiveworldbook.com\/hu\/#website"},"datePublished":"2023-02-07T16:44:39+00:00","dateModified":"2024-09-04T07:16:03+00:00","breadcrumb":{"@id":"https:\/\/interactiveworldbook.com\/hu\/africa\/congo\/#breadcrumb"},"inLanguage":"hu","potentialAction":[{"@type":"ReadAction","target":["https:\/\/interactiveworldbook.com\/hu\/africa\/congo\/"]}]},{"@type":"BreadcrumbList","@id":"https:\/\/interactiveworldbook.com\/hu\/africa\/congo\/#breadcrumb","itemListElement":[{"@type":"ListItem","position":1,"name":"Dom\u016f","item":"https:\/\/interactiveworldbook.com\/hu\/"},{"@type":"ListItem","position":2,"name":"AFRIKA","item":"https:\/\/interactiveworldbook.com\/hu\/africa\/"},{"@type":"ListItem","position":3,"name":"Kong\u00f3"}]},{"@type":"WebSite","@id":"https:\/\/interactiveworldbook.com\/hu\/#website","url":"https:\/\/interactiveworldbook.com\/hu\/","name":"Interactive World Book","description":"Interactive World Book, kniha, m\u011bsta, zem\u011b, sv\u011btad\u00edly, informace","publisher":{"@id":"https:\/\/interactiveworldbook.com\/hu\/#organization"},"potentialAction":[{"@type":"SearchAction","target":{"@type":"EntryPoint","urlTemplate":"https:\/\/interactiveworldbook.com\/hu\/?s={search_term_string}"},"query-input":{"@type":"PropertyValueSpecification","valueRequired":true,"valueName":"search_term_string"}}],"inLanguage":"hu"},{"@type":"Organization","@id":"https:\/\/interactiveworldbook.com\/hu\/#organization","name":"Interactive World Book","url":"https:\/\/interactiveworldbook.com\/hu\/","logo":{"@type":"ImageObject","inLanguage":"hu","@id":"https:\/\/interactiveworldbook.com\/hu\/#\/schema\/logo\/image\/","url":"https:\/\/interactiveworldbook.com\/wp-content\/uploads\/2024\/11\/IW_barevna-1.png","contentUrl":"https:\/\/interactiveworldbook.com\/wp-content\/uploads\/2024\/11\/IW_barevna-1.png","width":1690,"height":583,"caption":"Interactive World Book"},"image":{"@id":"https:\/\/interactiveworldbook.com\/hu\/#\/schema\/logo\/image\/"},"sameAs":["https:\/\/www.facebook.com\/interactiveworldbook\/","https:\/\/www.instagram.com\/interactive_world_book\/","https:\/\/www.tiktok.com\/@iw_book"]}]}},"_links":{"self":[{"href":"https:\/\/interactiveworldbook.com\/hu\/wp-json\/wp\/v2\/pages\/13865","targetHints":{"allow":["GET"]}}],"collection":[{"href":"https:\/\/interactiveworldbook.com\/hu\/wp-json\/wp\/v2\/pages"}],"about":[{"href":"https:\/\/interactiveworldbook.com\/hu\/wp-json\/wp\/v2\/types\/page"}],"author":[{"embeddable":true,"href":"https:\/\/interactiveworldbook.com\/hu\/wp-json\/wp\/v2\/users\/1"}],"replies":[{"embeddable":true,"href":"https:\/\/interactiveworldbook.com\/hu\/wp-json\/wp\/v2\/comments?post=13865"}],"version-history":[{"count":1,"href":"https:\/\/interactiveworldbook.com\/hu\/wp-json\/wp\/v2\/pages\/13865\/revisions"}],"predecessor-version":[{"id":21393,"href":"https:\/\/interactiveworldbook.com\/hu\/wp-json\/wp\/v2\/pages\/13865\/revisions\/21393"}],"up":[{"embeddable":true,"href":"https:\/\/interactiveworldbook.com\/hu\/wp-json\/wp\/v2\/pages\/13957"}],"wp:attachment":[{"href":"https:\/\/interactiveworldbook.com\/hu\/wp-json\/wp\/v2\/media?parent=13865"}],"curies":[{"name":"wp","href":"https:\/\/api.w.org\/{rel}","templated":true}]}}