{"id":14597,"date":"2023-02-06T13:15:09","date_gmt":"2023-02-06T12:15:09","guid":{"rendered":"https:\/\/interactiveworldbook.com\/privacy-policy\/"},"modified":"2024-10-31T17:35:59","modified_gmt":"2024-10-31T16:35:59","slug":"privacy-policy","status":"publish","type":"page","link":"https:\/\/interactiveworldbook.com\/hu\/privacy-policy\/","title":{"rendered":"Adatv\u00e9delmi ir\u00e1nyelvek"},"content":{"rendered":"<p><strong>I. Alapvet\u0151 rendelkez\u00e9sek<\/strong><\/p>\n<ol>\n<li>A IWB sro a szem\u00e9lyes adatok kezel\u0151je a term\u00e9szetes szem\u00e9lyeknek a szem\u00e9lyes adatok feldolgoz\u00e1s\u00e1val kapcsolatos v\u00e9delm\u00e9r\u0151l \u00e9s a szabad mozg\u00e1sr\u00f3l sz\u00f3l\u00f3 (EU) 2016\/679 eur\u00f3pai parlamenti \u00e9s tan\u00e1csi rendelet 4. cikk\u00e9nek 7. pontja \u00e9rtelm\u00e9ben. az ilyen adatokr\u00f3l (a tov\u00e1bbiakban: \u201eGDPR\u201d). azonos\u00edt\u00f3sz\u00e1m: 09640584, sz\u00e9khely: Hudcova 532\/78b, Brno (a tov\u00e1bbiakban: \u201eadminisztr\u00e1tor\u201d).<\/li>\n<li>Az adminisztr\u00e1tor el\u00e9rhet\u0151s\u00e9gei:<\/li>\n<\/ol>\n<p style=\"padding-left: 40px;\">C\u00edm: Hudcova 532\/78b, Brno<\/p>\n<p style=\"padding-left: 40px;\">E-mail: <a href=\"mailto:info@interactiveworldbook.com\">info@interactiveworldbook.com<\/a><\/p>\n<ol start=\"3\">\n<li>Szem\u00e9lyes adat: b\u00e1rmely azonos\u00edtott vagy azonos\u00edthat\u00f3 term\u00e9szetes szem\u00e9lyre vonatkoz\u00f3 inform\u00e1ci\u00f3; azonos\u00edthat\u00f3 term\u00e9szetes szem\u00e9ly az a term\u00e9szetes szem\u00e9ly, aki k\u00f6zvetlen\u00fcl vagy k\u00f6zvetve azonos\u00edthat\u00f3, k\u00fcl\u00f6n\u00f6sen egy bizonyos azonos\u00edt\u00f3ra, p\u00e9ld\u00e1ul n\u00e9vre, azonos\u00edt\u00f3 sz\u00e1mra, helyadatra, h\u00e1l\u00f3zati azonos\u00edt\u00f3ra vagy a fizikai, fiziol\u00f3giai egy vagy t\u00f6bb speci\u00e1lis elemre val\u00f3 hivatkoz\u00e1ssal. , e term\u00e9szetes szem\u00e9ly genetikai, pszichol\u00f3giai, gazdas\u00e1gi, kultur\u00e1lis vagy t\u00e1rsadalmi identit\u00e1sa.<\/li>\n<li>Az adatkezel\u0151 nem jel\u00f6lt ki szem\u00e9lyes adatv\u00e9delmi tisztvisel\u0151t.<\/li>\n<\/ol>\n<p><strong>II. A kezelt szem\u00e9lyes adatok forr\u00e1sai \u00e9s kateg\u00f3ri\u00e1i<\/strong><\/p>\n<ol>\n<li>Az \u00dcgyint\u00e9z\u0151 kezeli a szem\u00e9lyes adatokat, amelyeket \u00d6n a rendelkez\u00e9s\u00e9re bocs\u00e1tott, vagy azokat a szem\u00e9lyes adatokat, amelyeket az \u00fcgyint\u00e9z\u0151 az \u00d6n megrendel\u00e9s\u00e9nek teljes\u00edt\u00e9se alapj\u00e1n szerzett meg.<\/li>\n<li>Az \u00fcgyint\u00e9z\u0151 az \u00d6n azonos\u00edt\u00f3 \u00e9s el\u00e9rhet\u0151s\u00e9gi adatait, valamint a szerz\u0151d\u00e9s teljes\u00edt\u00e9s\u00e9hez sz\u00fcks\u00e9ges adatokat kezeli.<\/li>\n<\/ol>\n<p><strong>III. A szem\u00e9lyes adatok kezel\u00e9s\u00e9nek jogi oka \u00e9s c\u00e9lja<\/strong><\/p>\n<ol>\n<li>A szem\u00e9lyes adatok kezel\u00e9s\u00e9nek jogi oka az<\/li>\n<\/ol>\n<ul>\n<li style=\"list-style-type: none;\">\n<ul>\n<li><span style=\"font-weight: 400;\">az \u00d6n \u00e9s az adminisztr\u00e1tor k\u00f6z\u00f6tti szerz\u0151d\u00e9s teljes\u00edt\u00e9se a GDPR 6. cikk (1) bekezd\u00e9s b) pontja szerint<\/span><\/li>\n<li><span style=\"font-weight: 400;\">az adminisztr\u00e1tornak a GDPR 6. cikk (1) bekezd\u00e9s f) pontja szerinti direkt marketing szolg\u00e1ltat\u00e1s\u00e1hoz (k\u00fcl\u00f6n\u00f6sen kereskedelmi \u00fczenetek \u00e9s h\u00edrlevelek k\u00fcld\u00e9s\u00e9hez) f\u0171z\u0151d\u0151 jogos \u00e9rdeke,<\/span><\/li>\n<li><span style=\"font-weight: 400;\">Az \u00d6n hozz\u00e1j\u00e1rul\u00e1sa a direkt marketing (k\u00fcl\u00f6n\u00f6sen \u00fczleti kommunik\u00e1ci\u00f3 \u00e9s h\u00edrlevelek k\u00fcld\u00e9se) c\u00e9lj\u00e1ra t\u00f6rt\u00e9n\u0151 adatkezel\u00e9shez a GDPR 6. cikk (1) bekezd\u00e9s a) pontja alapj\u00e1n a 480\/2004 Coll. t\u00f6rv\u00e9ny 7. \u00a7 (2) bekezd\u00e9s\u00e9vel \u00f6sszef\u00fcgg\u00e9sben bizonyos inform\u00e1ci\u00f3s t\u00e1rsadalommal \u00f6sszef\u00fcgg\u0151 szolg\u00e1ltat\u00e1sok abban az esetben, ha nem rendeltek \u00e1rut vagy szolg\u00e1ltat\u00e1st.<\/span><\/li>\n<\/ul>\n<\/li>\n<\/ul>\n<ol start=\"2\">\n<li><span style=\"font-weight: 400;\">A szem\u00e9lyes adatok kezel\u00e9s\u00e9nek c\u00e9lja az<\/span><\/li>\n<\/ol>\n<ul>\n<li style=\"list-style-type: none;\">\n<ul>\n<li style=\"font-weight: 400;\" aria-level=\"2\"><span style=\"font-weight: 400;\">megrendel\u00e9s\u00e9nek feldolgoz\u00e1sa \u00e9s a szerz\u0151d\u00e9ses jogviszonyb\u00f3l ered\u0151 jogok \u00e9s k\u00f6telezetts\u00e9gek gyakorl\u00e1sa; a rendel\u00e9s lead\u00e1sakor olyan szem\u00e9lyes adatokra van sz\u00fcks\u00e9g, amelyek a megrendel\u00e9s sikeres feldolgoz\u00e1s\u00e1hoz sz\u00fcks\u00e9gesek (n\u00e9v \u00e9s c\u00edm, el\u00e9rhet\u0151s\u00e9g), a szem\u00e9lyes adatok megad\u00e1sa a szerz\u0151d\u00e9s megk\u00f6t\u00e9s\u00e9hez \u00e9s teljes\u00edt\u00e9s\u00e9hez sz\u00fcks\u00e9ges, szem\u00e9lyes adatok megad\u00e1sa n\u00e9lk\u00fcl. adatokkal az \u00fcgyint\u00e9z\u0151 r\u00e9sz\u00e9r\u0151l a szerz\u0151d\u00e9s megk\u00f6t\u00e9se vagy teljes\u00edt\u00e9se nem lehets\u00e9ges,<\/span><\/li>\n<li><span style=\"font-weight: 400;\">\u00fczleti \u00fczenetek k\u00fcld\u00e9se \u00e9s egy\u00e9b marketingtev\u00e9kenys\u00e9gek v\u00e9gz\u00e9se.<\/span><\/li>\n<\/ul>\n<\/li>\n<\/ul>\n<ol start=\"3\">\n<li><span style=\"font-weight: 400;\">Az adminisztr\u00e1tor nem hoz automatikusan egyedi d\u00f6nt\u00e9seket a GDPR 22. cikke \u00e9rtelm\u00e9ben.<\/span><\/li>\n<\/ol>\n<p><b>IV. Adatmeg\u0151rz\u00e9si id\u0151szak<\/b><\/p>\n<ol>\n<li><span style=\"font-weight: 400;\">Az adminisztr\u00e1tor szem\u00e9lyes adatokat t\u00e1rol<\/span><\/li>\n<\/ol>\n<ul>\n<li style=\"list-style-type: none;\">\n<ul>\n<li><span style=\"font-weight: 400;\">az \u00d6n \u00e9s az \u00fcgyint\u00e9z\u0151 k\u00f6z\u00f6tti szerz\u0151d\u00e9ses jogviszonyb\u00f3l ered\u0151 jogok \u00e9s k\u00f6telezetts\u00e9gek gyakorl\u00e1s\u00e1hoz, valamint e szerz\u0151d\u00e9ses jogviszonyokb\u00f3l ered\u0151 ig\u00e9nyek gyakorl\u00e1s\u00e1hoz sz\u00fcks\u00e9ges id\u0151tartamra (a szerz\u0151d\u00e9ses jogviszony megsz\u0171n\u00e9s\u00e9t\u0151l sz\u00e1m\u00edtott 5 \u00e9vig).<\/span><\/li>\n<li><span style=\"font-weight: 400;\">a szem\u00e9lyes adatok marketingc\u00e9l\u00fa kezel\u00e9s\u00e9hez val\u00f3 hozz\u00e1j\u00e1rul\u00e1s visszavon\u00e1s\u00e1ig, de legfeljebb egy \u00e9vig, ha a szem\u00e9lyes adatok kezel\u00e9se hozz\u00e1j\u00e1rul\u00e1s alapj\u00e1n t\u00f6rt\u00e9nik.<\/span><\/li>\n<\/ul>\n<\/li>\n<\/ul>\n<ol start=\"2\">\n<li><span style=\"font-weight: 400;\">A szem\u00e9lyes adatok meg\u0151rz\u00e9si id\u0151szak\u00e1nak lej\u00e1rta ut\u00e1n az adatkezel\u0151 t\u00f6rli a szem\u00e9lyes adatokat.<\/span><\/li>\n<\/ol>\n<p><b>V. Szem\u00e9lyes adatok c\u00edmzettjei (az adminisztr\u00e1tor alv\u00e1llalkoz\u00f3i)<\/b><\/p>\n<ol>\n<li><span style=\"font-weight: 400;\">A szem\u00e9lyes adatok c\u00edmzettjei szem\u00e9lyek<\/span><\/li>\n<\/ol>\n<ul>\n<li style=\"list-style-type: none;\">\n<ul>\n<li><span style=\"font-weight: 400;\">szerz\u0151d\u00e9s alapj\u00e1n \u00e1ruk\/szolg\u00e1ltat\u00e1sok sz\u00e1ll\u00edt\u00e1s\u00e1ban\/fizet\u00e9sek lebonyol\u00edt\u00e1s\u00e1ban val\u00f3 r\u00e9szv\u00e9tel,<\/span><\/li>\n<li><span style=\"font-weight: 400;\">az e-shop (IDEATECH, sro) \u00fczemeltet\u00e9s\u00e9hez \u00e9s az e-shop \u00fczemeltet\u00e9s\u00e9hez kapcsol\u00f3d\u00f3 egy\u00e9b szolg\u00e1ltat\u00e1sok ny\u00fajt\u00e1sa,<\/span><\/li>\n<li><span style=\"font-weight: 400;\">marketing szolg\u00e1ltat\u00e1sok ny\u00fajt\u00e1sa.<\/span><\/li>\n<\/ul>\n<\/li>\n<\/ul>\n<ol start=\"2\">\n<li><span style=\"font-weight: 400;\">Az adatkezel\u0151 nem k\u00edv\u00e1n szem\u00e9lyes adatokat harmadik orsz\u00e1gba (EU-n k\u00edv\u00fcli orsz\u00e1gba) vagy nemzetk\u00f6zi szervezetbe tov\u00e1bb\u00edtani.<\/span><\/li>\n<\/ol>\n<p><b>VI. Az \u00d6n jogai<\/b><\/p>\n<ol>\n<li><span style=\"font-weight: 400;\">A GDPR-ban meghat\u00e1rozott felt\u00e9telekkel rendelkezik<\/span><\/li>\n<\/ol>\n<ul>\n<li style=\"list-style-type: none;\">\n<ul>\n<li><span style=\"font-weight: 400;\">szem\u00e9lyes adataihoz val\u00f3 hozz\u00e1f\u00e9r\u00e9s joga a GDPR 15. cikke szerint,<\/span><\/li>\n<li><span style=\"font-weight: 400;\">a szem\u00e9lyes adatok helyesb\u00edt\u00e9s\u00e9hez val\u00f3 jog a GDPR 16. cikke szerint, vagy az adatkezel\u00e9s korl\u00e1toz\u00e1sa a GDPR 18. cikke szerint.<\/span><\/li>\n<li><span style=\"font-weight: 400;\">a szem\u00e9lyes adatok t\u00f6rl\u00e9s\u00e9hez val\u00f3 jog a GDPR 17. cikke \u00e9rtelm\u00e9ben.<\/span><\/li>\n<li><span style=\"font-weight: 400;\">az adatkezel\u00e9s elleni tiltakoz\u00e1s joga a GDPR 21. cikke szerint \u00e9s<\/span><\/li>\n<li><span style=\"font-weight: 400;\">az adathordozhat\u00f3s\u00e1ghoz val\u00f3 jog a GDPR 20. cikke szerint.<\/span><\/li>\n<li><span style=\"font-weight: 400;\">az adatkezel\u00e9shez val\u00f3 hozz\u00e1j\u00e1rul\u00e1s visszavon\u00e1s\u00e1nak jog\u00e1t \u00edr\u00e1sban vagy elektronikus \u00faton az adminisztr\u00e1tor jelen felt\u00e9telek III. cikk\u00e9ben felsorolt <\/span><span style=\"font-weight: 400;\">\u200b\u200b<\/span><span style=\"font-weight: 400;\">c\u00edm\u00e9re vagy e-mail c\u00edm\u00e9re.<\/span><\/li>\n<\/ul>\n<\/li>\n<\/ul>\n<ol start=\"2\">\n<li><span style=\"font-weight: 400;\">Joga van tov\u00e1bb\u00e1 panaszt tenni a Szem\u00e9lyes Adatv\u00e9delmi Hivataln\u00e1l, ha \u00fagy v\u00e9li, hogy szem\u00e9lyes adatok v\u00e9delm\u00e9hez val\u00f3 jog\u00e1t megs\u00e9rtett\u00e9k.<\/span><\/li>\n<\/ol>\n<p><strong>VII. <b>Szem\u00e9lyes adatok biztons\u00e1gi felt\u00e9telei<\/b><\/strong><\/p>\n<ol>\n<li><span style=\"font-weight: 400;\">Az adatkezel\u0151 kijelenti, hogy minden megfelel\u0151 technikai \u00e9s szervez\u00e9si int\u00e9zked\u00e9st megtett a szem\u00e9lyes adatok v\u00e9delme \u00e9rdek\u00e9ben.<\/span><\/li>\n<li><span style=\"font-weight: 400;\">Az adatkezel\u0151 technikai int\u00e9zked\u00e9seket tett az adatt\u00e1rol\u00e1s \u00e9s a szem\u00e9lyes adatok t\u00e1rol\u00e1sa \u00e9rdek\u00e9ben.<\/span><\/li>\n<li><span style=\"font-weight: 400;\">Az adatkezel\u0151 kijelenti, hogy a szem\u00e9lyes adatokhoz csak az arra jogosult szem\u00e9lyek f\u00e9rhetnek hozz\u00e1.<\/span><\/li>\n<\/ol>\n<p><strong>VIII. <b>Z\u00e1r\u00f3 rendelkez\u00e9sek<\/b><\/strong><\/p>\n<ol>\n<li><span style=\"font-weight: 400;\">Az online megrendel\u0151lapon kereszt\u00fcl leadott megrendel\u00e9ssel \u00d6n meger\u0151s\u00edti, hogy ismeri a szem\u00e9lyes adatok v\u00e9delm\u00e9nek felt\u00e9teleit, \u00e9s azokat teljes eg\u00e9sz\u00e9ben elfogadja.<\/span><\/li>\n<li><span style=\"font-weight: 400;\">\u00d6n elfogadja ezeket a felt\u00e9teleket, ha a h\u00edrlev\u00e9lre val\u00f3 feliratkoz\u00e1s c\u00e9lj\u00e1b\u00f3l a weboldal l\u00e1bl\u00e9c\u00e9be e-mailt \u00edr, \u00e9s ezzel meger\u0151s\u00edti, hogy ismeri a szem\u00e9lyes adatok v\u00e9delm\u00e9nek felt\u00e9teleit, \u00e9s azokat teljes eg\u00e9sz\u00e9ben elfogadja.<\/span><\/li>\n<li><span style=\"font-weight: 400;\">Az adminisztr\u00e1tor jogosult ezen felt\u00e9telek megv\u00e1ltoztat\u00e1s\u00e1ra. A szem\u00e9lyes adatok v\u00e9delm\u00e9re vonatkoz\u00f3 felt\u00e9telek \u00faj v\u00e1ltozat\u00e1t k\u00f6zz\u00e9teszik a honlapj\u00e1n, \u00e9s ezzel egyidej\u0171leg megk\u00fcldik a jelen felt\u00e9telek \u00faj v\u00e1ltozat\u00e1t az \u00d6n \u00e1ltal az \u00fcgyint\u00e9z\u0151nek megadott e-mail c\u00edm\u00e9re.<\/span><\/li>\n<\/ol>\n<p><span style=\"font-weight: 400;\">Jelen felt\u00e9telek 2023. m\u00e1rcius 7-\u00e9n l\u00e9pnek hat\u00e1lyba.<\/span><\/p>\n<p>&nbsp;<\/p>\n<p>&nbsp;<\/p>\n<p>&nbsp;<\/p>\n","protected":false},"excerpt":{"rendered":"<p>I. Alapvet\u0151 rendelkez\u00e9sek A IWB sro a szem\u00e9lyes adatok kezel\u0151je a term\u00e9szetes szem\u00e9lyeknek a szem\u00e9lyes adatok feldolgoz\u00e1s\u00e1val kapcsolatos v\u00e9delm\u00e9r\u0151l \u00e9s a szabad mozg\u00e1sr\u00f3l sz\u00f3l\u00f3 (EU) 2016\/679 eur\u00f3pai parlamenti \u00e9s tan\u00e1csi rendelet 4. cikk\u00e9nek 7. pontja \u00e9rtelm\u00e9ben. az ilyen adatokr\u00f3l (a tov\u00e1bbiakban: \u201eGDPR\u201d). azonos\u00edt\u00f3sz\u00e1m: 09640584, sz\u00e9khely: Hudcova 532\/78b, Brno (a tov\u00e1bbiakban: \u201eadminisztr\u00e1tor\u201d). Az adminisztr\u00e1tor el\u00e9rhet\u0151s\u00e9gei: C\u00edm: [&hellip;]<\/p>\n","protected":false},"author":1,"featured_media":0,"parent":0,"menu_order":0,"comment_status":"closed","ping_status":"open","template":"","meta":{"_acf_changed":false,"inline_featured_image":false,"footnotes":""},"class_list":["post-14597","page","type-page","status-publish","hentry"],"acf":[],"yoast_head":"<!-- This site is optimized with the Yoast SEO plugin v27.4 - https:\/\/yoast.com\/product\/yoast-seo-wordpress\/ -->\n<title>Adatv\u00e9delmi ir\u00e1nyelvek | Interactive World Book<\/title>\n<meta name=\"robots\" content=\"index, follow, max-snippet:-1, max-image-preview:large, max-video-preview:-1\" \/>\n<link rel=\"canonical\" href=\"https:\/\/interactiveworldbook.com\/hu\/privacy-policy\/\" \/>\n<meta property=\"og:locale\" content=\"hu_HU\" \/>\n<meta property=\"og:type\" content=\"article\" \/>\n<meta property=\"og:title\" content=\"Adatv\u00e9delmi ir\u00e1nyelvek | Interactive World Book\" \/>\n<meta property=\"og:description\" content=\"I. Alapvet\u0151 rendelkez\u00e9sek A IWB sro a szem\u00e9lyes adatok kezel\u0151je a term\u00e9szetes szem\u00e9lyeknek a szem\u00e9lyes adatok feldolgoz\u00e1s\u00e1val kapcsolatos v\u00e9delm\u00e9r\u0151l \u00e9s a szabad mozg\u00e1sr\u00f3l sz\u00f3l\u00f3 (EU) 2016\/679 eur\u00f3pai parlamenti \u00e9s tan\u00e1csi rendelet 4. cikk\u00e9nek 7. pontja \u00e9rtelm\u00e9ben. az ilyen adatokr\u00f3l (a tov\u00e1bbiakban: \u201eGDPR\u201d). azonos\u00edt\u00f3sz\u00e1m: 09640584, sz\u00e9khely: Hudcova 532\/78b, Brno (a tov\u00e1bbiakban: \u201eadminisztr\u00e1tor\u201d). Az adminisztr\u00e1tor el\u00e9rhet\u0151s\u00e9gei: C\u00edm: [&hellip;]\" \/>\n<meta property=\"og:url\" content=\"https:\/\/interactiveworldbook.com\/hu\/privacy-policy\/\" \/>\n<meta property=\"og:site_name\" content=\"Interactive World Book\" \/>\n<meta property=\"article:publisher\" content=\"https:\/\/www.facebook.com\/interactiveworldbook\/\" \/>\n<meta property=\"article:modified_time\" content=\"2024-10-31T16:35:59+00:00\" \/>\n<meta property=\"og:image\" content=\"https:\/\/interactiveworldbook.com\/wp-content\/uploads\/2024\/08\/CZ_mockup_resize-2.png\" \/>\n\t<meta property=\"og:image:width\" content=\"569\" \/>\n\t<meta property=\"og:image:height\" content=\"694\" \/>\n\t<meta property=\"og:image:type\" content=\"image\/png\" \/>\n<meta name=\"twitter:card\" content=\"summary_large_image\" \/>\n<meta name=\"twitter:label1\" content=\"Becs\u00fclt olvas\u00e1si id\u0151\" \/>\n\t<meta name=\"twitter:data1\" content=\"6 perc\" \/>\n<script type=\"application\/ld+json\" class=\"yoast-schema-graph\">{\"@context\":\"https:\\\/\\\/schema.org\",\"@graph\":[{\"@type\":\"WebPage\",\"@id\":\"https:\\\/\\\/interactiveworldbook.com\\\/hu\\\/privacy-policy\\\/\",\"url\":\"https:\\\/\\\/interactiveworldbook.com\\\/hu\\\/privacy-policy\\\/\",\"name\":\"Adatv\u00e9delmi ir\u00e1nyelvek | Interactive World Book\",\"isPartOf\":{\"@id\":\"https:\\\/\\\/interactiveworldbook.com\\\/hu\\\/#website\"},\"datePublished\":\"2023-02-06T12:15:09+00:00\",\"dateModified\":\"2024-10-31T16:35:59+00:00\",\"breadcrumb\":{\"@id\":\"https:\\\/\\\/interactiveworldbook.com\\\/hu\\\/privacy-policy\\\/#breadcrumb\"},\"inLanguage\":\"hu\",\"potentialAction\":[{\"@type\":\"ReadAction\",\"target\":[\"https:\\\/\\\/interactiveworldbook.com\\\/hu\\\/privacy-policy\\\/\"]}]},{\"@type\":\"BreadcrumbList\",\"@id\":\"https:\\\/\\\/interactiveworldbook.com\\\/hu\\\/privacy-policy\\\/#breadcrumb\",\"itemListElement\":[{\"@type\":\"ListItem\",\"position\":1,\"name\":\"Dom\u016f\",\"item\":\"https:\\\/\\\/interactiveworldbook.com\\\/hu\\\/\"},{\"@type\":\"ListItem\",\"position\":2,\"name\":\"Adatv\u00e9delmi ir\u00e1nyelvek\"}]},{\"@type\":\"WebSite\",\"@id\":\"https:\\\/\\\/interactiveworldbook.com\\\/hu\\\/#website\",\"url\":\"https:\\\/\\\/interactiveworldbook.com\\\/hu\\\/\",\"name\":\"Interactive World Book\",\"description\":\"Interactive World Book, kniha, m\u011bsta, zem\u011b, sv\u011btad\u00edly, informace\",\"publisher\":{\"@id\":\"https:\\\/\\\/interactiveworldbook.com\\\/hu\\\/#organization\"},\"potentialAction\":[{\"@type\":\"SearchAction\",\"target\":{\"@type\":\"EntryPoint\",\"urlTemplate\":\"https:\\\/\\\/interactiveworldbook.com\\\/hu\\\/?s={search_term_string}\"},\"query-input\":{\"@type\":\"PropertyValueSpecification\",\"valueRequired\":true,\"valueName\":\"search_term_string\"}}],\"inLanguage\":\"hu\"},{\"@type\":\"Organization\",\"@id\":\"https:\\\/\\\/interactiveworldbook.com\\\/hu\\\/#organization\",\"name\":\"Interactive World Book\",\"url\":\"https:\\\/\\\/interactiveworldbook.com\\\/hu\\\/\",\"logo\":{\"@type\":\"ImageObject\",\"inLanguage\":\"hu\",\"@id\":\"https:\\\/\\\/interactiveworldbook.com\\\/hu\\\/#\\\/schema\\\/logo\\\/image\\\/\",\"url\":\"https:\\\/\\\/interactiveworldbook.com\\\/wp-content\\\/uploads\\\/2024\\\/11\\\/IW_barevna-1.png\",\"contentUrl\":\"https:\\\/\\\/interactiveworldbook.com\\\/wp-content\\\/uploads\\\/2024\\\/11\\\/IW_barevna-1.png\",\"width\":1690,\"height\":583,\"caption\":\"Interactive World Book\"},\"image\":{\"@id\":\"https:\\\/\\\/interactiveworldbook.com\\\/hu\\\/#\\\/schema\\\/logo\\\/image\\\/\"},\"sameAs\":[\"https:\\\/\\\/www.facebook.com\\\/interactiveworldbook\\\/\",\"https:\\\/\\\/www.instagram.com\\\/interactive_world_book\\\/\",\"https:\\\/\\\/www.tiktok.com\\\/@iw_book\"]}]}<\/script>\n<!-- \/ Yoast SEO plugin. -->","yoast_head_json":{"title":"Adatv\u00e9delmi ir\u00e1nyelvek | Interactive World Book","robots":{"index":"index","follow":"follow","max-snippet":"max-snippet:-1","max-image-preview":"max-image-preview:large","max-video-preview":"max-video-preview:-1"},"canonical":"https:\/\/interactiveworldbook.com\/hu\/privacy-policy\/","og_locale":"hu_HU","og_type":"article","og_title":"Adatv\u00e9delmi ir\u00e1nyelvek | Interactive World Book","og_description":"I. Alapvet\u0151 rendelkez\u00e9sek A IWB sro a szem\u00e9lyes adatok kezel\u0151je a term\u00e9szetes szem\u00e9lyeknek a szem\u00e9lyes adatok feldolgoz\u00e1s\u00e1val kapcsolatos v\u00e9delm\u00e9r\u0151l \u00e9s a szabad mozg\u00e1sr\u00f3l sz\u00f3l\u00f3 (EU) 2016\/679 eur\u00f3pai parlamenti \u00e9s tan\u00e1csi rendelet 4. cikk\u00e9nek 7. pontja \u00e9rtelm\u00e9ben. az ilyen adatokr\u00f3l (a tov\u00e1bbiakban: \u201eGDPR\u201d). azonos\u00edt\u00f3sz\u00e1m: 09640584, sz\u00e9khely: Hudcova 532\/78b, Brno (a tov\u00e1bbiakban: \u201eadminisztr\u00e1tor\u201d). Az adminisztr\u00e1tor el\u00e9rhet\u0151s\u00e9gei: C\u00edm: [&hellip;]","og_url":"https:\/\/interactiveworldbook.com\/hu\/privacy-policy\/","og_site_name":"Interactive World Book","article_publisher":"https:\/\/www.facebook.com\/interactiveworldbook\/","article_modified_time":"2024-10-31T16:35:59+00:00","og_image":[{"width":569,"height":694,"url":"https:\/\/interactiveworldbook.com\/wp-content\/uploads\/2024\/08\/CZ_mockup_resize-2.png","type":"image\/png"}],"twitter_card":"summary_large_image","twitter_misc":{"Becs\u00fclt olvas\u00e1si id\u0151":"6 perc"},"schema":{"@context":"https:\/\/schema.org","@graph":[{"@type":"WebPage","@id":"https:\/\/interactiveworldbook.com\/hu\/privacy-policy\/","url":"https:\/\/interactiveworldbook.com\/hu\/privacy-policy\/","name":"Adatv\u00e9delmi ir\u00e1nyelvek | Interactive World Book","isPartOf":{"@id":"https:\/\/interactiveworldbook.com\/hu\/#website"},"datePublished":"2023-02-06T12:15:09+00:00","dateModified":"2024-10-31T16:35:59+00:00","breadcrumb":{"@id":"https:\/\/interactiveworldbook.com\/hu\/privacy-policy\/#breadcrumb"},"inLanguage":"hu","potentialAction":[{"@type":"ReadAction","target":["https:\/\/interactiveworldbook.com\/hu\/privacy-policy\/"]}]},{"@type":"BreadcrumbList","@id":"https:\/\/interactiveworldbook.com\/hu\/privacy-policy\/#breadcrumb","itemListElement":[{"@type":"ListItem","position":1,"name":"Dom\u016f","item":"https:\/\/interactiveworldbook.com\/hu\/"},{"@type":"ListItem","position":2,"name":"Adatv\u00e9delmi ir\u00e1nyelvek"}]},{"@type":"WebSite","@id":"https:\/\/interactiveworldbook.com\/hu\/#website","url":"https:\/\/interactiveworldbook.com\/hu\/","name":"Interactive World Book","description":"Interactive World Book, kniha, m\u011bsta, zem\u011b, sv\u011btad\u00edly, informace","publisher":{"@id":"https:\/\/interactiveworldbook.com\/hu\/#organization"},"potentialAction":[{"@type":"SearchAction","target":{"@type":"EntryPoint","urlTemplate":"https:\/\/interactiveworldbook.com\/hu\/?s={search_term_string}"},"query-input":{"@type":"PropertyValueSpecification","valueRequired":true,"valueName":"search_term_string"}}],"inLanguage":"hu"},{"@type":"Organization","@id":"https:\/\/interactiveworldbook.com\/hu\/#organization","name":"Interactive World Book","url":"https:\/\/interactiveworldbook.com\/hu\/","logo":{"@type":"ImageObject","inLanguage":"hu","@id":"https:\/\/interactiveworldbook.com\/hu\/#\/schema\/logo\/image\/","url":"https:\/\/interactiveworldbook.com\/wp-content\/uploads\/2024\/11\/IW_barevna-1.png","contentUrl":"https:\/\/interactiveworldbook.com\/wp-content\/uploads\/2024\/11\/IW_barevna-1.png","width":1690,"height":583,"caption":"Interactive World Book"},"image":{"@id":"https:\/\/interactiveworldbook.com\/hu\/#\/schema\/logo\/image\/"},"sameAs":["https:\/\/www.facebook.com\/interactiveworldbook\/","https:\/\/www.instagram.com\/interactive_world_book\/","https:\/\/www.tiktok.com\/@iw_book"]}]}},"_links":{"self":[{"href":"https:\/\/interactiveworldbook.com\/hu\/wp-json\/wp\/v2\/pages\/14597","targetHints":{"allow":["GET"]}}],"collection":[{"href":"https:\/\/interactiveworldbook.com\/hu\/wp-json\/wp\/v2\/pages"}],"about":[{"href":"https:\/\/interactiveworldbook.com\/hu\/wp-json\/wp\/v2\/types\/page"}],"author":[{"embeddable":true,"href":"https:\/\/interactiveworldbook.com\/hu\/wp-json\/wp\/v2\/users\/1"}],"replies":[{"embeddable":true,"href":"https:\/\/interactiveworldbook.com\/hu\/wp-json\/wp\/v2\/comments?post=14597"}],"version-history":[{"count":3,"href":"https:\/\/interactiveworldbook.com\/hu\/wp-json\/wp\/v2\/pages\/14597\/revisions"}],"predecessor-version":[{"id":23945,"href":"https:\/\/interactiveworldbook.com\/hu\/wp-json\/wp\/v2\/pages\/14597\/revisions\/23945"}],"wp:attachment":[{"href":"https:\/\/interactiveworldbook.com\/hu\/wp-json\/wp\/v2\/media?parent=14597"}],"curies":[{"name":"wp","href":"https:\/\/api.w.org\/{rel}","templated":true}]}}