{"id":25517,"date":"2024-12-19T15:05:36","date_gmt":"2024-12-19T14:05:36","guid":{"rendered":"https:\/\/interactiveworldbook.com\/a-szerzorol\/"},"modified":"2025-05-13T17:14:13","modified_gmt":"2025-05-13T15:14:13","slug":"a-szerzorol","status":"publish","type":"page","link":"https:\/\/interactiveworldbook.com\/hu\/a-szerzorol\/","title":{"rendered":"A szerz\u0151r\u0151l"},"content":{"rendered":"<p><img decoding=\"async\" class=\"author-image alignright\" src=\"https:\/\/interactiveworldbook.com\/wp-content\/uploads\/2024\/12\/3-1.jpeg\" alt=\"szerz\u0151 k\u00f6nyvvel a kez\u00e9ben\" style=\"float:right;\" \/><\/p>\n<p>Kedves olvas\u00f3k,<\/p>\n<p>hadd mutatkozzam be. A nevem David Karakevas, \u00e9n vagyok az<strong> Interakt\u00edv VIL\u00c1G<\/strong> c\u00edm\u0171 k\u00f6nyv szerz\u0151je \u00e9s szeretn\u00e9m megosztani \u00d6n\u00f6kkel l\u00e9trej\u00f6tt\u00e9nek t\u00f6rt\u00e9net\u00e9t. G\u00f6r\u00f6gorsz\u00e1gb\u00f3l sz\u00e1rmazom, de Csehorsz\u00e1gban \u00e9lek. Fiatal korom \u00f3ta leny\u0171g\u00f6z\u00f6tt a vil\u00e1g, annak soksz\u00edn\u0171s\u00e9ge \u00e9s kult\u00far\u00e1i. \u00c9rdekl\u0151d\u00e9sem a f\u00f6ldrajz, a t\u00f6rt\u00e9nelem \u00e9s az oktat\u00e1s ir\u00e1nt vezetett arra az \u00f6tletre, hogy ezeket a ter\u00fcleteket egy egyedi k\u00f6nyvben egyes\u00edtsem, amely lehet\u0151v\u00e9 teszi a gyerekek \u00e9s feln\u0151ttek sz\u00e1m\u00e1ra, hogy a vil\u00e1g minden t\u00e1j\u00e1r\u00f3l teljesen \u00faj m\u00f3don fedezz\u00e9k fel bolyg\u00f3nkat.<\/p>\n<p>Utaz\u00e1saim sor\u00e1n, k\u00fcl\u00f6nb\u00f6z\u0151 orsz\u00e1gokat l\u00e1togatva \u00e9s kult\u00far\u00e1jukat megismerve r\u00e1\u00e9bredtem az oktat\u00e1s fontoss\u00e1g\u00e1ra \u2013 \u00e9s kerestem a m\u00f3dj\u00e1t, hogyan tegyem azt sz\u00f3rakoztat\u00f3v\u00e1 \u00e9s egyben vonz\u00f3v\u00e1. Ezzel a tud\u00e1ssal kezdtem el gondolkodni egy olyan k\u00f6nyv\u00f6n, amely nemcsak oktatja, hanem \u00f6szt\u00f6nzi is a fiatal olvas\u00f3kat a vil\u00e1g felfedez\u00e9s\u00e9re, felkeltheti k\u00edv\u00e1ncsis\u00e1gukat \u00e9s tud\u00e1sszomjukat. Ennek az \u00f6tletnek az eredm\u00e9nye az <strong>Interakt\u00edv VIL\u00c1G<\/strong> &#8211; egy k\u00f6nyv, amely nemcsak tanul\u00e1si eszk\u00f6z, hanem kaland is.<\/p>\n<p>A k\u00f6nyv egyed\u00fcl\u00e1ll\u00f3an \u00f6tv\u00f6zi a nyomtatott sz\u00f6veget \u00e9s a digit\u00e1lis tartalmat, \u00edgy az olvas\u00f3k akt\u00edv r\u00e9sztvev\u0151i a tanul\u00e1si folyamatnak.\u00a0 A k\u00f6nyv minden egyes oldal\u00e1t interakt\u00edv elemek sz\u00f6vik \u00e1t, amelyek lehet\u0151v\u00e9 teszik az olvas\u00f3k sz\u00e1m\u00e1ra, hogy QR-k\u00f3dokon kereszt\u00fcl fedezz\u00e9k fel a k\u00fcl\u00f6nb\u00f6z\u0151 orsz\u00e1gokat \u00e9s kult\u00far\u00e1kat. Lehet\u0151v\u00e9 teszi sz\u00e1mukra, hogy nemzeti himnuszokat hallgassanak, megtekints\u00e9k a vil\u00e1g minden t\u00e1j\u00e1r\u00f3l sz\u00e1rmaz\u00f3 nemzeti z\u00e1szl\u00f3kat \u00e9s jelk\u00e9peket, \u00e9s leny\u0171g\u00f6z\u0151 t\u00e9nyeket tanuljanak meg az egyes orsz\u00e1gok f\u00f6ldrajz\u00e1r\u00f3l, t\u00f6rt\u00e9nelm\u00e9r\u0151l \u00e9s hagyom\u00e1nyair\u00f3l.<\/p>\n<p>A mai vil\u00e1gban, ahol sokf\u00e9le eszk\u00f6z \u00e9s m\u00f3dszer \u00e1ll rendelkez\u00e9s\u00fcnkre, kulcsfontoss\u00e1g\u00fa, hogy megtal\u00e1ljuk az egyens\u00falyt a hat\u00e9kony tanul\u00e1s \u00e9s a kreativit\u00e1st \u00e9s a k\u00e9pzeletet \u00f6szt\u00f6nz\u0151 sz\u00f3rakoz\u00e1s k\u00f6z\u00f6tt \u2013 ezek a szem\u00e9lyis\u00e9gform\u00e1l\u00e1s \u00e9s a gondolkod\u00e1s fejleszt\u00e9s\u00e9nek kulcselemei. Ugyanakkor tiszt\u00e1ban vagyok azzal is, hogy nem csak a sz\u00fcl\u0151k, hanem a pedag\u00f3gusok sz\u00e1m\u00e1ra is fontos, hogy min\u0151s\u00e9gi, a gyerekeket is vonz\u00f3 oktat\u00e1si eszk\u00f6z\u00f6ket tal\u00e1ljanak. Az <strong>Interakt\u00edv VIL\u00c1G<\/strong> felbecs\u00fclhetetlen \u00e9rt\u00e9k\u0171 eszk\u00f6zz\u00e9 v\u00e1lt azon sz\u00fcl\u0151k \u00e9s pedag\u00f3gusok sz\u00e1m\u00e1ra, akik \u00e9rdekes m\u00f3dokat keresnek gyermekeik, tanul\u00f3ik \u00e9s di\u00e1kjaik \u00faj ismeretekkel val\u00f3 gazdag\u00edt\u00e1s\u00e1ra.\u00a0Szeretn\u00e9m, ha a k\u00f6nyv az oktat\u00e1si folyamat r\u00e9sz\u00e9v\u00e9 v\u00e1lna, \u00e9s seg\u00edtene a gyerekeknek jobban meg\u00e9rteni az \u0151ket k\u00f6r\u00fclvev\u0151 vil\u00e1got. \u00dagy gondolom, hogy az oktat\u00e1snak sz\u00f3rakoztat\u00f3nak, inspir\u00e1l\u00f3nak \u00e9s k\u00f6nnyen hozz\u00e1f\u00e9rhet\u0151nek kell lennie.<\/p>\n<p>C\u00e9lom, hogy az <strong>Interakt\u00edv VIL\u00c1G<\/strong> nemzetk\u00f6zi szinten is eljusson az olvas\u00f3khoz. A k\u00f6nyvet m\u00e1r t\u00f6bb nyelvre leford\u00edtott\u00e1k, \u00e9s az \u00e1tfog\u00f3 terv ak\u00e1r 20 nyelvi v\u00e1ltozatot is tartalmaz. Sok iskol\u00e1val \u00e9s oktat\u00e1si int\u00e9zm\u00e9nnyel m\u0171k\u00f6d\u00f6k egy\u00fctt, ahol megl\u00e1togatom a gyerekeket \u00e9s bemutatom nekik ezt a k\u00f6nyvet. Rendk\u00edv\u00fcl inspir\u00e1l\u00f3 l\u00e1tni lelkesed\u00e9s\u00fcket \u00e9s \u00f6r\u00f6m\u00fcket a vil\u00e1ggal kapcsolatos \u00faj inform\u00e1ci\u00f3k felfedez\u00e9s\u00e9ben, valamint tud\u00e1sszomj\u00fas\u00e1gukat \u2013 ami kiteljes\u00edt \u00e9s a folytat\u00e1sra \u00f6szt\u00f6n\u00f6z.<\/p>\n<p>Arra v\u00e1gyom, hogy az olvas\u00f3kat egy olyan vil\u00e1g felfedez\u00e9s\u00e9re \u00f6szt\u00f6n\u00f6zzem, amely tele van leny\u0171g\u00f6z\u0151 t\u00f6rt\u00e9netekkel, amelyek csak arra v\u00e1rnak, hogy felfedezz\u00e9k \u0151ket. Meggy\u0151z\u0151d\u00e9sem, hogy az <strong>Interakt\u00edv VIL\u00c1G<\/strong> oktat\u00e1si seg\u00e9danyagk\u00e9nt is fontos szerepet t\u00f6lthet be, \u00e9s nemcsak a gyerekek, hanem a sz\u00fcl\u0151k \u00e9s a pedag\u00f3gusok sz\u00e1m\u00e1ra is \u00e9rt\u00e9kes t\u00e1rs lehet. Alig v\u00e1rom a lehet\u0151s\u00e9get, hogy csatlakozhassak \u00d6n\u00f6kh\u00f6z egy felfedez\u0151 \u00e9s oktat\u00e1si \u00faton, amely mindannyiunkat \u00f6sszehoz.<\/p>\n<p>K\u00f6sz\u00f6n\u00f6m, hogy id\u0151t sz\u00e1ntak a t\u00f6rt\u00e9netem elolvas\u00e1s\u00e1ra. Hiszem, hogy az<strong> Interakt\u00edv VIL\u00c1G<\/strong> nem csak \u00d6n\u00f6knek, hanem sok m\u00e1s olvas\u00f3nak is \u00f6r\u00f6met \u00e9s inspir\u00e1ci\u00f3t fog szerezni szerte a vil\u00e1gon.<\/p>\n<p>Tisztelettel \u00e9s h\u00e1l\u00e1val,<\/p>\n<p>David Karakevas<br \/>\nAz <strong>Interakt\u00edv VIL\u00c1G<\/strong> k\u00f6nyv szerz\u0151je<\/p>\n","protected":false},"excerpt":{"rendered":"<p>Kedves olvas\u00f3k, hadd mutatkozzam be. A nevem David Karakevas, \u00e9n vagyok az Interakt\u00edv VIL\u00c1G c\u00edm\u0171 k\u00f6nyv szerz\u0151je \u00e9s szeretn\u00e9m megosztani \u00d6n\u00f6kkel l\u00e9trej\u00f6tt\u00e9nek t\u00f6rt\u00e9net\u00e9t. G\u00f6r\u00f6gorsz\u00e1gb\u00f3l sz\u00e1rmazom, de Csehorsz\u00e1gban \u00e9lek. Fiatal korom \u00f3ta leny\u0171g\u00f6z\u00f6tt a vil\u00e1g, annak soksz\u00edn\u0171s\u00e9ge \u00e9s kult\u00far\u00e1i. \u00c9rdekl\u0151d\u00e9sem a f\u00f6ldrajz, a t\u00f6rt\u00e9nelem \u00e9s az oktat\u00e1s ir\u00e1nt vezetett arra az \u00f6tletre, hogy ezeket a ter\u00fcleteket [&hellip;]<\/p>\n","protected":false},"author":4,"featured_media":0,"parent":0,"menu_order":0,"comment_status":"closed","ping_status":"closed","template":"","meta":{"_acf_changed":false,"inline_featured_image":false,"footnotes":""},"class_list":["post-25517","page","type-page","status-publish","hentry"],"acf":[],"yoast_head":"<!-- This site is optimized with the Yoast SEO plugin v27.4 - https:\/\/yoast.com\/product\/yoast-seo-wordpress\/ -->\n<title>A szerz\u0151r\u0151l | Interactive World Book<\/title>\n<meta name=\"robots\" content=\"index, follow, max-snippet:-1, max-image-preview:large, max-video-preview:-1\" \/>\n<link rel=\"canonical\" href=\"https:\/\/interactiveworldbook.com\/hu\/a-szerzorol\/\" \/>\n<meta property=\"og:locale\" content=\"hu_HU\" \/>\n<meta property=\"og:type\" content=\"article\" \/>\n<meta property=\"og:title\" content=\"A szerz\u0151r\u0151l | Interactive World Book\" \/>\n<meta property=\"og:description\" content=\"Kedves olvas\u00f3k, hadd mutatkozzam be. A nevem David Karakevas, \u00e9n vagyok az Interakt\u00edv VIL\u00c1G c\u00edm\u0171 k\u00f6nyv szerz\u0151je \u00e9s szeretn\u00e9m megosztani \u00d6n\u00f6kkel l\u00e9trej\u00f6tt\u00e9nek t\u00f6rt\u00e9net\u00e9t. G\u00f6r\u00f6gorsz\u00e1gb\u00f3l sz\u00e1rmazom, de Csehorsz\u00e1gban \u00e9lek. Fiatal korom \u00f3ta leny\u0171g\u00f6z\u00f6tt a vil\u00e1g, annak soksz\u00edn\u0171s\u00e9ge \u00e9s kult\u00far\u00e1i. \u00c9rdekl\u0151d\u00e9sem a f\u00f6ldrajz, a t\u00f6rt\u00e9nelem \u00e9s az oktat\u00e1s ir\u00e1nt vezetett arra az \u00f6tletre, hogy ezeket a ter\u00fcleteket [&hellip;]\" \/>\n<meta property=\"og:url\" content=\"https:\/\/interactiveworldbook.com\/hu\/a-szerzorol\/\" \/>\n<meta property=\"og:site_name\" content=\"Interactive World Book\" \/>\n<meta property=\"article:publisher\" content=\"https:\/\/www.facebook.com\/interactiveworldbook\/\" \/>\n<meta property=\"article:modified_time\" content=\"2025-05-13T15:14:13+00:00\" \/>\n<meta property=\"og:image\" content=\"https:\/\/interactiveworldbook.com\/wp-content\/uploads\/2024\/12\/3-1.jpeg\" \/>\n<meta name=\"twitter:card\" content=\"summary_large_image\" \/>\n<meta name=\"twitter:label1\" content=\"Becs\u00fclt olvas\u00e1si id\u0151\" \/>\n\t<meta name=\"twitter:data1\" content=\"4 perc\" \/>\n<script type=\"application\/ld+json\" class=\"yoast-schema-graph\">{\"@context\":\"https:\\\/\\\/schema.org\",\"@graph\":[{\"@type\":\"WebPage\",\"@id\":\"https:\\\/\\\/interactiveworldbook.com\\\/hu\\\/a-szerzorol\\\/\",\"url\":\"https:\\\/\\\/interactiveworldbook.com\\\/hu\\\/a-szerzorol\\\/\",\"name\":\"A szerz\u0151r\u0151l | Interactive World Book\",\"isPartOf\":{\"@id\":\"https:\\\/\\\/interactiveworldbook.com\\\/hu\\\/#website\"},\"primaryImageOfPage\":{\"@id\":\"https:\\\/\\\/interactiveworldbook.com\\\/hu\\\/a-szerzorol\\\/#primaryimage\"},\"image\":{\"@id\":\"https:\\\/\\\/interactiveworldbook.com\\\/hu\\\/a-szerzorol\\\/#primaryimage\"},\"thumbnailUrl\":\"https:\\\/\\\/interactiveworldbook.com\\\/wp-content\\\/uploads\\\/2024\\\/12\\\/3-1.jpeg\",\"datePublished\":\"2024-12-19T14:05:36+00:00\",\"dateModified\":\"2025-05-13T15:14:13+00:00\",\"breadcrumb\":{\"@id\":\"https:\\\/\\\/interactiveworldbook.com\\\/hu\\\/a-szerzorol\\\/#breadcrumb\"},\"inLanguage\":\"hu\",\"potentialAction\":[{\"@type\":\"ReadAction\",\"target\":[\"https:\\\/\\\/interactiveworldbook.com\\\/hu\\\/a-szerzorol\\\/\"]}]},{\"@type\":\"ImageObject\",\"inLanguage\":\"hu\",\"@id\":\"https:\\\/\\\/interactiveworldbook.com\\\/hu\\\/a-szerzorol\\\/#primaryimage\",\"url\":\"https:\\\/\\\/interactiveworldbook.com\\\/wp-content\\\/uploads\\\/2024\\\/12\\\/3-1.jpeg\",\"contentUrl\":\"https:\\\/\\\/interactiveworldbook.com\\\/wp-content\\\/uploads\\\/2024\\\/12\\\/3-1.jpeg\"},{\"@type\":\"BreadcrumbList\",\"@id\":\"https:\\\/\\\/interactiveworldbook.com\\\/hu\\\/a-szerzorol\\\/#breadcrumb\",\"itemListElement\":[{\"@type\":\"ListItem\",\"position\":1,\"name\":\"Dom\u016f\",\"item\":\"https:\\\/\\\/interactiveworldbook.com\\\/hu\\\/\"},{\"@type\":\"ListItem\",\"position\":2,\"name\":\"A szerz\u0151r\u0151l\"}]},{\"@type\":\"WebSite\",\"@id\":\"https:\\\/\\\/interactiveworldbook.com\\\/hu\\\/#website\",\"url\":\"https:\\\/\\\/interactiveworldbook.com\\\/hu\\\/\",\"name\":\"Interactive World Book\",\"description\":\"Interactive World Book, kniha, m\u011bsta, zem\u011b, sv\u011btad\u00edly, informace\",\"publisher\":{\"@id\":\"https:\\\/\\\/interactiveworldbook.com\\\/hu\\\/#organization\"},\"potentialAction\":[{\"@type\":\"SearchAction\",\"target\":{\"@type\":\"EntryPoint\",\"urlTemplate\":\"https:\\\/\\\/interactiveworldbook.com\\\/hu\\\/?s={search_term_string}\"},\"query-input\":{\"@type\":\"PropertyValueSpecification\",\"valueRequired\":true,\"valueName\":\"search_term_string\"}}],\"inLanguage\":\"hu\"},{\"@type\":\"Organization\",\"@id\":\"https:\\\/\\\/interactiveworldbook.com\\\/hu\\\/#organization\",\"name\":\"Interactive World Book\",\"url\":\"https:\\\/\\\/interactiveworldbook.com\\\/hu\\\/\",\"logo\":{\"@type\":\"ImageObject\",\"inLanguage\":\"hu\",\"@id\":\"https:\\\/\\\/interactiveworldbook.com\\\/hu\\\/#\\\/schema\\\/logo\\\/image\\\/\",\"url\":\"https:\\\/\\\/interactiveworldbook.com\\\/wp-content\\\/uploads\\\/2024\\\/11\\\/IW_barevna-1.png\",\"contentUrl\":\"https:\\\/\\\/interactiveworldbook.com\\\/wp-content\\\/uploads\\\/2024\\\/11\\\/IW_barevna-1.png\",\"width\":1690,\"height\":583,\"caption\":\"Interactive World Book\"},\"image\":{\"@id\":\"https:\\\/\\\/interactiveworldbook.com\\\/hu\\\/#\\\/schema\\\/logo\\\/image\\\/\"},\"sameAs\":[\"https:\\\/\\\/www.facebook.com\\\/interactiveworldbook\\\/\",\"https:\\\/\\\/www.instagram.com\\\/interactive_world_book\\\/\",\"https:\\\/\\\/www.tiktok.com\\\/@iw_book\"]}]}<\/script>\n<!-- \/ Yoast SEO plugin. -->","yoast_head_json":{"title":"A szerz\u0151r\u0151l | Interactive World Book","robots":{"index":"index","follow":"follow","max-snippet":"max-snippet:-1","max-image-preview":"max-image-preview:large","max-video-preview":"max-video-preview:-1"},"canonical":"https:\/\/interactiveworldbook.com\/hu\/a-szerzorol\/","og_locale":"hu_HU","og_type":"article","og_title":"A szerz\u0151r\u0151l | Interactive World Book","og_description":"Kedves olvas\u00f3k, hadd mutatkozzam be. A nevem David Karakevas, \u00e9n vagyok az Interakt\u00edv VIL\u00c1G c\u00edm\u0171 k\u00f6nyv szerz\u0151je \u00e9s szeretn\u00e9m megosztani \u00d6n\u00f6kkel l\u00e9trej\u00f6tt\u00e9nek t\u00f6rt\u00e9net\u00e9t. G\u00f6r\u00f6gorsz\u00e1gb\u00f3l sz\u00e1rmazom, de Csehorsz\u00e1gban \u00e9lek. Fiatal korom \u00f3ta leny\u0171g\u00f6z\u00f6tt a vil\u00e1g, annak soksz\u00edn\u0171s\u00e9ge \u00e9s kult\u00far\u00e1i. \u00c9rdekl\u0151d\u00e9sem a f\u00f6ldrajz, a t\u00f6rt\u00e9nelem \u00e9s az oktat\u00e1s ir\u00e1nt vezetett arra az \u00f6tletre, hogy ezeket a ter\u00fcleteket [&hellip;]","og_url":"https:\/\/interactiveworldbook.com\/hu\/a-szerzorol\/","og_site_name":"Interactive World Book","article_publisher":"https:\/\/www.facebook.com\/interactiveworldbook\/","article_modified_time":"2025-05-13T15:14:13+00:00","og_image":[{"url":"https:\/\/interactiveworldbook.com\/wp-content\/uploads\/2024\/12\/3-1.jpeg","type":"","width":"","height":""}],"twitter_card":"summary_large_image","twitter_misc":{"Becs\u00fclt olvas\u00e1si id\u0151":"4 perc"},"schema":{"@context":"https:\/\/schema.org","@graph":[{"@type":"WebPage","@id":"https:\/\/interactiveworldbook.com\/hu\/a-szerzorol\/","url":"https:\/\/interactiveworldbook.com\/hu\/a-szerzorol\/","name":"A szerz\u0151r\u0151l | Interactive World Book","isPartOf":{"@id":"https:\/\/interactiveworldbook.com\/hu\/#website"},"primaryImageOfPage":{"@id":"https:\/\/interactiveworldbook.com\/hu\/a-szerzorol\/#primaryimage"},"image":{"@id":"https:\/\/interactiveworldbook.com\/hu\/a-szerzorol\/#primaryimage"},"thumbnailUrl":"https:\/\/interactiveworldbook.com\/wp-content\/uploads\/2024\/12\/3-1.jpeg","datePublished":"2024-12-19T14:05:36+00:00","dateModified":"2025-05-13T15:14:13+00:00","breadcrumb":{"@id":"https:\/\/interactiveworldbook.com\/hu\/a-szerzorol\/#breadcrumb"},"inLanguage":"hu","potentialAction":[{"@type":"ReadAction","target":["https:\/\/interactiveworldbook.com\/hu\/a-szerzorol\/"]}]},{"@type":"ImageObject","inLanguage":"hu","@id":"https:\/\/interactiveworldbook.com\/hu\/a-szerzorol\/#primaryimage","url":"https:\/\/interactiveworldbook.com\/wp-content\/uploads\/2024\/12\/3-1.jpeg","contentUrl":"https:\/\/interactiveworldbook.com\/wp-content\/uploads\/2024\/12\/3-1.jpeg"},{"@type":"BreadcrumbList","@id":"https:\/\/interactiveworldbook.com\/hu\/a-szerzorol\/#breadcrumb","itemListElement":[{"@type":"ListItem","position":1,"name":"Dom\u016f","item":"https:\/\/interactiveworldbook.com\/hu\/"},{"@type":"ListItem","position":2,"name":"A szerz\u0151r\u0151l"}]},{"@type":"WebSite","@id":"https:\/\/interactiveworldbook.com\/hu\/#website","url":"https:\/\/interactiveworldbook.com\/hu\/","name":"Interactive World Book","description":"Interactive World Book, kniha, m\u011bsta, zem\u011b, sv\u011btad\u00edly, informace","publisher":{"@id":"https:\/\/interactiveworldbook.com\/hu\/#organization"},"potentialAction":[{"@type":"SearchAction","target":{"@type":"EntryPoint","urlTemplate":"https:\/\/interactiveworldbook.com\/hu\/?s={search_term_string}"},"query-input":{"@type":"PropertyValueSpecification","valueRequired":true,"valueName":"search_term_string"}}],"inLanguage":"hu"},{"@type":"Organization","@id":"https:\/\/interactiveworldbook.com\/hu\/#organization","name":"Interactive World Book","url":"https:\/\/interactiveworldbook.com\/hu\/","logo":{"@type":"ImageObject","inLanguage":"hu","@id":"https:\/\/interactiveworldbook.com\/hu\/#\/schema\/logo\/image\/","url":"https:\/\/interactiveworldbook.com\/wp-content\/uploads\/2024\/11\/IW_barevna-1.png","contentUrl":"https:\/\/interactiveworldbook.com\/wp-content\/uploads\/2024\/11\/IW_barevna-1.png","width":1690,"height":583,"caption":"Interactive World Book"},"image":{"@id":"https:\/\/interactiveworldbook.com\/hu\/#\/schema\/logo\/image\/"},"sameAs":["https:\/\/www.facebook.com\/interactiveworldbook\/","https:\/\/www.instagram.com\/interactive_world_book\/","https:\/\/www.tiktok.com\/@iw_book"]}]}},"_links":{"self":[{"href":"https:\/\/interactiveworldbook.com\/hu\/wp-json\/wp\/v2\/pages\/25517","targetHints":{"allow":["GET"]}}],"collection":[{"href":"https:\/\/interactiveworldbook.com\/hu\/wp-json\/wp\/v2\/pages"}],"about":[{"href":"https:\/\/interactiveworldbook.com\/hu\/wp-json\/wp\/v2\/types\/page"}],"author":[{"embeddable":true,"href":"https:\/\/interactiveworldbook.com\/hu\/wp-json\/wp\/v2\/users\/4"}],"replies":[{"embeddable":true,"href":"https:\/\/interactiveworldbook.com\/hu\/wp-json\/wp\/v2\/comments?post=25517"}],"version-history":[{"count":4,"href":"https:\/\/interactiveworldbook.com\/hu\/wp-json\/wp\/v2\/pages\/25517\/revisions"}],"predecessor-version":[{"id":27985,"href":"https:\/\/interactiveworldbook.com\/hu\/wp-json\/wp\/v2\/pages\/25517\/revisions\/27985"}],"wp:attachment":[{"href":"https:\/\/interactiveworldbook.com\/hu\/wp-json\/wp\/v2\/media?parent=25517"}],"curies":[{"name":"wp","href":"https:\/\/api.w.org\/{rel}","templated":true}]}}