{"id":11200,"date":"2023-10-06T14:45:56","date_gmt":"2023-10-06T12:45:56","guid":{"rendered":"https:\/\/interactiveworldbook.com\/home\/"},"modified":"2025-07-17T17:43:49","modified_gmt":"2025-07-17T15:43:49","slug":"il-mondo-interattivo","status":"publish","type":"page","link":"https:\/\/interactiveworldbook.com\/it\/","title":{"rendered":"Introduzione"},"content":{"rendered":"","protected":false},"excerpt":{"rendered":"","protected":false},"author":1,"featured_media":0,"parent":0,"menu_order":0,"comment_status":"closed","ping_status":"closed","template":"","meta":{"_acf_changed":false,"inline_featured_image":false,"footnotes":""},"class_list":["post-11200","page","type-page","status-publish","hentry"],"acf":[],"yoast_head":"<!-- This site is optimized with the Yoast SEO plugin v27.5 - https:\/\/yoast.com\/product\/yoast-seo-wordpress\/ -->\n<title>Introduzione | IL MONDO Interattivo<\/title>\n<meta name=\"description\" content=\"Un libro educativo ricco di immagini che ti porta attraverso tutti gli Stati. Con codici QR per contenuti premium. Perfetto per esplorare il mondo!\" \/>\n<meta name=\"robots\" content=\"index, follow, max-snippet:-1, max-image-preview:large, max-video-preview:-1\" \/>\n<link rel=\"canonical\" href=\"https:\/\/interactiveworldbook.com\/it\/\" \/>\n<meta property=\"og:locale\" content=\"it_IT\" \/>\n<meta property=\"og:type\" content=\"article\" \/>\n<meta property=\"og:title\" content=\"Introduzione | IL MONDO Interattivo\" \/>\n<meta property=\"og:description\" content=\"Un libro educativo ricco di immagini che ti porta attraverso tutti gli Stati. Con codici QR per contenuti premium. Perfetto per esplorare il mondo!\" \/>\n<meta property=\"og:url\" content=\"https:\/\/interactiveworldbook.com\/it\/\" \/>\n<meta property=\"og:site_name\" content=\"Interactive World Book\" \/>\n<meta property=\"article:publisher\" content=\"https:\/\/www.facebook.com\/interactiveworldbook\/\" \/>\n<meta property=\"article:modified_time\" content=\"2025-07-17T15:43:49+00:00\" \/>\n<meta property=\"og:image\" content=\"https:\/\/interactiveworldbook.com\/wp-content\/uploads\/2024\/10\/IT.jpg\" \/>\n\t<meta property=\"og:image:width\" content=\"1199\" \/>\n\t<meta property=\"og:image:height\" content=\"630\" \/>\n\t<meta property=\"og:image:type\" content=\"image\/jpeg\" \/>\n<meta name=\"twitter:card\" content=\"summary_large_image\" \/>\n<script type=\"application\/ld+json\" class=\"yoast-schema-graph\">{\"@context\":\"https:\\\/\\\/schema.org\",\"@graph\":[{\"@type\":\"WebPage\",\"@id\":\"https:\\\/\\\/interactiveworldbook.com\\\/it\\\/\",\"url\":\"https:\\\/\\\/interactiveworldbook.com\\\/it\\\/\",\"name\":\"Introduzione | IL MONDO Interattivo\",\"isPartOf\":{\"@id\":\"https:\\\/\\\/interactiveworldbook.com\\\/it\\\/#website\"},\"datePublished\":\"2023-10-06T12:45:56+00:00\",\"dateModified\":\"2025-07-17T15:43:49+00:00\",\"description\":\"Un libro educativo ricco di immagini che ti porta attraverso tutti gli Stati. Con codici QR per contenuti premium. Perfetto per esplorare il mondo!\",\"breadcrumb\":{\"@id\":\"https:\\\/\\\/interactiveworldbook.com\\\/it\\\/#breadcrumb\"},\"inLanguage\":\"it-IT\",\"potentialAction\":[{\"@type\":\"ReadAction\",\"target\":[\"https:\\\/\\\/interactiveworldbook.com\\\/it\\\/\"]}]},{\"@type\":\"BreadcrumbList\",\"@id\":\"https:\\\/\\\/interactiveworldbook.com\\\/it\\\/#breadcrumb\",\"itemListElement\":[{\"@type\":\"ListItem\",\"position\":1,\"name\":\"Dom\u016f\",\"item\":\"https:\\\/\\\/interactiveworldbook.com\\\/it\\\/\"},{\"@type\":\"ListItem\",\"position\":2,\"name\":\"Introduzione\"}]},{\"@type\":\"WebSite\",\"@id\":\"https:\\\/\\\/interactiveworldbook.com\\\/it\\\/#website\",\"url\":\"https:\\\/\\\/interactiveworldbook.com\\\/it\\\/\",\"name\":\"Interactive World Book\",\"description\":\"Interactive World Book, kniha, m\u011bsta, zem\u011b, sv\u011btad\u00edly, informace\",\"publisher\":{\"@id\":\"https:\\\/\\\/interactiveworldbook.com\\\/it\\\/#organization\"},\"potentialAction\":[{\"@type\":\"SearchAction\",\"target\":{\"@type\":\"EntryPoint\",\"urlTemplate\":\"https:\\\/\\\/interactiveworldbook.com\\\/it\\\/?s={search_term_string}\"},\"query-input\":{\"@type\":\"PropertyValueSpecification\",\"valueRequired\":true,\"valueName\":\"search_term_string\"}}],\"inLanguage\":\"it-IT\"},{\"@type\":\"Organization\",\"@id\":\"https:\\\/\\\/interactiveworldbook.com\\\/it\\\/#organization\",\"name\":\"Interactive World Book\",\"url\":\"https:\\\/\\\/interactiveworldbook.com\\\/it\\\/\",\"logo\":{\"@type\":\"ImageObject\",\"inLanguage\":\"it-IT\",\"@id\":\"https:\\\/\\\/interactiveworldbook.com\\\/it\\\/#\\\/schema\\\/logo\\\/image\\\/\",\"url\":\"https:\\\/\\\/interactiveworldbook.com\\\/wp-content\\\/uploads\\\/2024\\\/11\\\/IW_barevna-1.png\",\"contentUrl\":\"https:\\\/\\\/interactiveworldbook.com\\\/wp-content\\\/uploads\\\/2024\\\/11\\\/IW_barevna-1.png\",\"width\":1690,\"height\":583,\"caption\":\"Interactive World Book\"},\"image\":{\"@id\":\"https:\\\/\\\/interactiveworldbook.com\\\/it\\\/#\\\/schema\\\/logo\\\/image\\\/\"},\"sameAs\":[\"https:\\\/\\\/www.facebook.com\\\/interactiveworldbook\\\/\",\"https:\\\/\\\/www.instagram.com\\\/interactive_world_book\\\/\",\"https:\\\/\\\/www.tiktok.com\\\/@iw_book\"]}]}<\/script>\n<!-- \/ Yoast SEO plugin. -->","yoast_head_json":{"title":"Introduzione | IL MONDO Interattivo","description":"Un libro educativo ricco di immagini che ti porta attraverso tutti gli Stati. Con codici QR per contenuti premium. Perfetto per esplorare il mondo!","robots":{"index":"index","follow":"follow","max-snippet":"max-snippet:-1","max-image-preview":"max-image-preview:large","max-video-preview":"max-video-preview:-1"},"canonical":"https:\/\/interactiveworldbook.com\/it\/","og_locale":"it_IT","og_type":"article","og_title":"Introduzione | IL MONDO Interattivo","og_description":"Un libro educativo ricco di immagini che ti porta attraverso tutti gli Stati. Con codici QR per contenuti premium. Perfetto per esplorare il mondo!","og_url":"https:\/\/interactiveworldbook.com\/it\/","og_site_name":"Interactive World Book","article_publisher":"https:\/\/www.facebook.com\/interactiveworldbook\/","article_modified_time":"2025-07-17T15:43:49+00:00","og_image":[{"width":1199,"height":630,"url":"https:\/\/interactiveworldbook.com\/wp-content\/uploads\/2024\/10\/IT.jpg","type":"image\/jpeg"}],"twitter_card":"summary_large_image","schema":{"@context":"https:\/\/schema.org","@graph":[{"@type":"WebPage","@id":"https:\/\/interactiveworldbook.com\/it\/","url":"https:\/\/interactiveworldbook.com\/it\/","name":"Introduzione | IL MONDO Interattivo","isPartOf":{"@id":"https:\/\/interactiveworldbook.com\/it\/#website"},"datePublished":"2023-10-06T12:45:56+00:00","dateModified":"2025-07-17T15:43:49+00:00","description":"Un libro educativo ricco di immagini che ti porta attraverso tutti gli Stati. Con codici QR per contenuti premium. Perfetto per esplorare il mondo!","breadcrumb":{"@id":"https:\/\/interactiveworldbook.com\/it\/#breadcrumb"},"inLanguage":"it-IT","potentialAction":[{"@type":"ReadAction","target":["https:\/\/interactiveworldbook.com\/it\/"]}]},{"@type":"BreadcrumbList","@id":"https:\/\/interactiveworldbook.com\/it\/#breadcrumb","itemListElement":[{"@type":"ListItem","position":1,"name":"Dom\u016f","item":"https:\/\/interactiveworldbook.com\/it\/"},{"@type":"ListItem","position":2,"name":"Introduzione"}]},{"@type":"WebSite","@id":"https:\/\/interactiveworldbook.com\/it\/#website","url":"https:\/\/interactiveworldbook.com\/it\/","name":"Interactive World Book","description":"Interactive World Book, kniha, m\u011bsta, zem\u011b, sv\u011btad\u00edly, informace","publisher":{"@id":"https:\/\/interactiveworldbook.com\/it\/#organization"},"potentialAction":[{"@type":"SearchAction","target":{"@type":"EntryPoint","urlTemplate":"https:\/\/interactiveworldbook.com\/it\/?s={search_term_string}"},"query-input":{"@type":"PropertyValueSpecification","valueRequired":true,"valueName":"search_term_string"}}],"inLanguage":"it-IT"},{"@type":"Organization","@id":"https:\/\/interactiveworldbook.com\/it\/#organization","name":"Interactive World Book","url":"https:\/\/interactiveworldbook.com\/it\/","logo":{"@type":"ImageObject","inLanguage":"it-IT","@id":"https:\/\/interactiveworldbook.com\/it\/#\/schema\/logo\/image\/","url":"https:\/\/interactiveworldbook.com\/wp-content\/uploads\/2024\/11\/IW_barevna-1.png","contentUrl":"https:\/\/interactiveworldbook.com\/wp-content\/uploads\/2024\/11\/IW_barevna-1.png","width":1690,"height":583,"caption":"Interactive World Book"},"image":{"@id":"https:\/\/interactiveworldbook.com\/it\/#\/schema\/logo\/image\/"},"sameAs":["https:\/\/www.facebook.com\/interactiveworldbook\/","https:\/\/www.instagram.com\/interactive_world_book\/","https:\/\/www.tiktok.com\/@iw_book"]}]}},"_links":{"self":[{"href":"https:\/\/interactiveworldbook.com\/it\/wp-json\/wp\/v2\/pages\/11200","targetHints":{"allow":["GET"]}}],"collection":[{"href":"https:\/\/interactiveworldbook.com\/it\/wp-json\/wp\/v2\/pages"}],"about":[{"href":"https:\/\/interactiveworldbook.com\/it\/wp-json\/wp\/v2\/types\/page"}],"author":[{"embeddable":true,"href":"https:\/\/interactiveworldbook.com\/it\/wp-json\/wp\/v2\/users\/1"}],"replies":[{"embeddable":true,"href":"https:\/\/interactiveworldbook.com\/it\/wp-json\/wp\/v2\/comments?post=11200"}],"version-history":[{"count":28,"href":"https:\/\/interactiveworldbook.com\/it\/wp-json\/wp\/v2\/pages\/11200\/revisions"}],"predecessor-version":[{"id":28038,"href":"https:\/\/interactiveworldbook.com\/it\/wp-json\/wp\/v2\/pages\/11200\/revisions\/28038"}],"wp:attachment":[{"href":"https:\/\/interactiveworldbook.com\/it\/wp-json\/wp\/v2\/media?parent=11200"}],"curies":[{"name":"wp","href":"https:\/\/api.w.org\/{rel}","templated":true}]}}