{"id":11333,"date":"2023-03-07T11:08:49","date_gmt":"2023-03-07T10:08:49","guid":{"rendered":"https:\/\/interactiveworldbook.com\/doprava-a-platba\/"},"modified":"2026-01-21T11:01:51","modified_gmt":"2026-01-21T10:01:51","slug":"spedizione-e-pagamento","status":"publish","type":"page","link":"https:\/\/interactiveworldbook.com\/it\/spedizione-e-pagamento\/","title":{"rendered":"Spedizione e pagamento"},"content":{"rendered":"<p><b><strong>Come vengono consegnati gli ordini?<\/strong><\/b><\/p>\n<ul>\n<li>FCerchiamo sempre di fare del nostro meglio per elaborare i vostri ordini nel pi\u00f9 breve tempo possibile.<br \/>\nLa consegna degli ordini \u00e8 effettuata per nostro conto dal corriere Z\u00e1silkovna.<br \/>\nIl costo della spedizione internazionale con Z\u00e1silkovna \u00e8 di<strong> 20 EUR<\/strong>.<\/li>\n<\/ul>\n<p><b><strong>Condizioni di pagamento<\/strong><\/b><\/p>\n<ul>\n<li>pagamento anticipato tramite bonifico bancario standard sul nostro conto n. CZ9455000000002946788002 SWIFT: RZBCCZPP \u2013 Raiffeisen Bank a.s., utilizzando il numero dell&#8217;ordine come VS<\/li>\n<li>pagamento con carta tramite il gateway di pagamento GoPay <strong><img loading=\"lazy\" decoding=\"async\" class=\"alignnone wp-image-3491\" src=\"https:\/\/interactiveworldbook.com\/wp-content\/uploads\/2023\/03\/gopay_bannery-barevne.png\" alt=\"\" width=\"100\" height=\"35\" \/><\/strong><\/li>\n<li>pagamento online tramite bonifico bancario<\/li>\n<li>pagamento in contanti alla consegna<\/li>\n<\/ul>\n<p><b><strong>Opzioni di pagamento tramite il gateway di pagamento GoPay<\/strong><\/b><\/p>\n<p>I pagamenti online vengono effettuati tramite <b><strong>il gateway di pagamento GoPay<\/strong><\/b>. Il fornitore del servizio, GOPAY s.r.o., \u00e8 un istituto di pagamento autorizzato che opera sotto la supervisione della Banca Nazionale Ceca. I pagamenti effettuati tramite il gateway di pagamento sono completamente sicuri e tutte le informazioni sono criptate.<\/p>\n<p><b><strong>Pagamento con carta<\/strong><\/b><\/p>\n<p>Il modo pi\u00f9 veloce per pagare online. Si inseriscono il numero della carta, la data di scadenza e il codice CVC (tre numeri che si trovano nella striscia di firma sul retro della carta) nell&#8217;interfaccia del gateway di pagamento GoPay. Il tutto \u00e8 protetto dallo standard 3D Secure, quindi probabilmente vi verr\u00e0 chiesto di inserire un codice numerico, che riceverete via SMS dalla vostra banca.<\/p>\n<p><img loading=\"lazy\" decoding=\"async\" class=\"alignnone size-full wp-image-3490\" src=\"https:\/\/interactiveworldbook.com\/wp-content\/uploads\/2023\/03\/comgate-karetni-loga.png\" alt=\"\" width=\"728\" height=\"90\" srcset=\"https:\/\/interactiveworldbook.com\/wp-content\/uploads\/2023\/03\/comgate-karetni-loga.png 728w, https:\/\/interactiveworldbook.com\/wp-content\/uploads\/2023\/03\/comgate-karetni-loga-300x37.png 300w, https:\/\/interactiveworldbook.com\/wp-content\/uploads\/2023\/03\/comgate-karetni-loga-600x74.png 600w\" sizes=\"auto, (max-width: 728px) 100vw, 728px\" \/><\/p>\n<p><b><strong>Pagamento online tramite bonifico bancario<\/strong><\/b><\/p>\n<p>Pagamento istantaneo tramite online banking. Il gateway di pagamento GoPay vi reindirizza al vostro conto bancario online, dove accedete con i vostri dati di login e confermate l&#8217;ordine di pagamento che avete gi\u00e0 preparato.<\/p>\n<p><img loading=\"lazy\" decoding=\"async\" class=\"alignnone size-full wp-image-3489\" src=\"https:\/\/interactiveworldbook.com\/wp-content\/uploads\/2023\/03\/platebni-brana-comgate-banky.png\" alt=\"\" width=\"728\" height=\"311\" srcset=\"https:\/\/interactiveworldbook.com\/wp-content\/uploads\/2023\/03\/platebni-brana-comgate-banky.png 728w, https:\/\/interactiveworldbook.com\/wp-content\/uploads\/2023\/03\/platebni-brana-comgate-banky-300x128.png 300w, https:\/\/interactiveworldbook.com\/wp-content\/uploads\/2023\/03\/platebni-brana-comgate-banky-600x256.png 600w\" sizes=\"auto, (max-width: 728px) 100vw, 728px\" \/><\/p>\n<p>Dopo aver completato il pagamento, sarete reindirizzati al negozio. Il pagamento viene confermato immediatamente, quindi procederemo con l&#8217;ordine senza ritardi.<\/p>\n","protected":false},"excerpt":{"rendered":"<p>Come vengono consegnati gli ordini? FCerchiamo sempre di fare del nostro meglio per elaborare i vostri ordini nel pi\u00f9 breve tempo possibile. La consegna degli ordini \u00e8 effettuata per nostro conto dal corriere Z\u00e1silkovna. Il costo della spedizione internazionale con Z\u00e1silkovna \u00e8 di 20 EUR. Condizioni di pagamento pagamento anticipato tramite bonifico bancario standard sul [&hellip;]<\/p>\n","protected":false},"author":1,"featured_media":0,"parent":0,"menu_order":0,"comment_status":"closed","ping_status":"closed","template":"","meta":{"_acf_changed":false,"inline_featured_image":false,"footnotes":""},"class_list":["post-11333","page","type-page","status-publish","hentry"],"acf":[],"yoast_head":"<!-- This site is optimized with the Yoast SEO plugin v27.4 - https:\/\/yoast.com\/product\/yoast-seo-wordpress\/ -->\n<title>Spedizione e pagamento | Interactive World Book<\/title>\n<meta name=\"robots\" content=\"index, follow, max-snippet:-1, max-image-preview:large, max-video-preview:-1\" \/>\n<link rel=\"canonical\" href=\"https:\/\/interactiveworldbook.com\/it\/spedizione-e-pagamento\/\" \/>\n<meta property=\"og:locale\" content=\"it_IT\" \/>\n<meta property=\"og:type\" content=\"article\" \/>\n<meta property=\"og:title\" content=\"Spedizione e pagamento | Interactive World Book\" \/>\n<meta property=\"og:description\" content=\"Come vengono consegnati gli ordini? FCerchiamo sempre di fare del nostro meglio per elaborare i vostri ordini nel pi\u00f9 breve tempo possibile. La consegna degli ordini \u00e8 effettuata per nostro conto dal corriere Z\u00e1silkovna. Il costo della spedizione internazionale con Z\u00e1silkovna \u00e8 di 20 EUR. Condizioni di pagamento pagamento anticipato tramite bonifico bancario standard sul [&hellip;]\" \/>\n<meta property=\"og:url\" content=\"https:\/\/interactiveworldbook.com\/it\/spedizione-e-pagamento\/\" \/>\n<meta property=\"og:site_name\" content=\"Interactive World Book\" \/>\n<meta property=\"article:publisher\" content=\"https:\/\/www.facebook.com\/interactiveworldbook\/\" \/>\n<meta property=\"article:modified_time\" content=\"2026-01-21T10:01:51+00:00\" \/>\n<meta property=\"og:image\" content=\"https:\/\/interactiveworldbook.com\/wp-content\/uploads\/2023\/03\/gopay_bannery-barevne.png\" \/>\n<meta name=\"twitter:card\" content=\"summary_large_image\" \/>\n<meta name=\"twitter:label1\" content=\"Tempo di lettura stimato\" \/>\n\t<meta name=\"twitter:data1\" content=\"1 minuto\" \/>\n<script type=\"application\/ld+json\" class=\"yoast-schema-graph\">{\"@context\":\"https:\\\/\\\/schema.org\",\"@graph\":[{\"@type\":\"WebPage\",\"@id\":\"https:\\\/\\\/interactiveworldbook.com\\\/it\\\/spedizione-e-pagamento\\\/\",\"url\":\"https:\\\/\\\/interactiveworldbook.com\\\/it\\\/spedizione-e-pagamento\\\/\",\"name\":\"Spedizione e pagamento | Interactive World Book\",\"isPartOf\":{\"@id\":\"https:\\\/\\\/interactiveworldbook.com\\\/it\\\/#website\"},\"primaryImageOfPage\":{\"@id\":\"https:\\\/\\\/interactiveworldbook.com\\\/it\\\/spedizione-e-pagamento\\\/#primaryimage\"},\"image\":{\"@id\":\"https:\\\/\\\/interactiveworldbook.com\\\/it\\\/spedizione-e-pagamento\\\/#primaryimage\"},\"thumbnailUrl\":\"https:\\\/\\\/interactiveworldbook.com\\\/wp-content\\\/uploads\\\/2023\\\/03\\\/gopay_bannery-barevne.png\",\"datePublished\":\"2023-03-07T10:08:49+00:00\",\"dateModified\":\"2026-01-21T10:01:51+00:00\",\"breadcrumb\":{\"@id\":\"https:\\\/\\\/interactiveworldbook.com\\\/it\\\/spedizione-e-pagamento\\\/#breadcrumb\"},\"inLanguage\":\"it-IT\",\"potentialAction\":[{\"@type\":\"ReadAction\",\"target\":[\"https:\\\/\\\/interactiveworldbook.com\\\/it\\\/spedizione-e-pagamento\\\/\"]}]},{\"@type\":\"ImageObject\",\"inLanguage\":\"it-IT\",\"@id\":\"https:\\\/\\\/interactiveworldbook.com\\\/it\\\/spedizione-e-pagamento\\\/#primaryimage\",\"url\":\"https:\\\/\\\/interactiveworldbook.com\\\/wp-content\\\/uploads\\\/2023\\\/03\\\/gopay_bannery-barevne.png\",\"contentUrl\":\"https:\\\/\\\/interactiveworldbook.com\\\/wp-content\\\/uploads\\\/2023\\\/03\\\/gopay_bannery-barevne.png\"},{\"@type\":\"BreadcrumbList\",\"@id\":\"https:\\\/\\\/interactiveworldbook.com\\\/it\\\/spedizione-e-pagamento\\\/#breadcrumb\",\"itemListElement\":[{\"@type\":\"ListItem\",\"position\":1,\"name\":\"Dom\u016f\",\"item\":\"https:\\\/\\\/interactiveworldbook.com\\\/it\\\/\"},{\"@type\":\"ListItem\",\"position\":2,\"name\":\"Spedizione e pagamento\"}]},{\"@type\":\"WebSite\",\"@id\":\"https:\\\/\\\/interactiveworldbook.com\\\/it\\\/#website\",\"url\":\"https:\\\/\\\/interactiveworldbook.com\\\/it\\\/\",\"name\":\"Interactive World Book\",\"description\":\"Interactive World Book, kniha, m\u011bsta, zem\u011b, sv\u011btad\u00edly, informace\",\"publisher\":{\"@id\":\"https:\\\/\\\/interactiveworldbook.com\\\/it\\\/#organization\"},\"potentialAction\":[{\"@type\":\"SearchAction\",\"target\":{\"@type\":\"EntryPoint\",\"urlTemplate\":\"https:\\\/\\\/interactiveworldbook.com\\\/it\\\/?s={search_term_string}\"},\"query-input\":{\"@type\":\"PropertyValueSpecification\",\"valueRequired\":true,\"valueName\":\"search_term_string\"}}],\"inLanguage\":\"it-IT\"},{\"@type\":\"Organization\",\"@id\":\"https:\\\/\\\/interactiveworldbook.com\\\/it\\\/#organization\",\"name\":\"Interactive World Book\",\"url\":\"https:\\\/\\\/interactiveworldbook.com\\\/it\\\/\",\"logo\":{\"@type\":\"ImageObject\",\"inLanguage\":\"it-IT\",\"@id\":\"https:\\\/\\\/interactiveworldbook.com\\\/it\\\/#\\\/schema\\\/logo\\\/image\\\/\",\"url\":\"https:\\\/\\\/interactiveworldbook.com\\\/wp-content\\\/uploads\\\/2024\\\/11\\\/IW_barevna-1.png\",\"contentUrl\":\"https:\\\/\\\/interactiveworldbook.com\\\/wp-content\\\/uploads\\\/2024\\\/11\\\/IW_barevna-1.png\",\"width\":1690,\"height\":583,\"caption\":\"Interactive World Book\"},\"image\":{\"@id\":\"https:\\\/\\\/interactiveworldbook.com\\\/it\\\/#\\\/schema\\\/logo\\\/image\\\/\"},\"sameAs\":[\"https:\\\/\\\/www.facebook.com\\\/interactiveworldbook\\\/\",\"https:\\\/\\\/www.instagram.com\\\/interactive_world_book\\\/\",\"https:\\\/\\\/www.tiktok.com\\\/@iw_book\"]}]}<\/script>\n<!-- \/ Yoast SEO plugin. -->","yoast_head_json":{"title":"Spedizione e pagamento | Interactive World Book","robots":{"index":"index","follow":"follow","max-snippet":"max-snippet:-1","max-image-preview":"max-image-preview:large","max-video-preview":"max-video-preview:-1"},"canonical":"https:\/\/interactiveworldbook.com\/it\/spedizione-e-pagamento\/","og_locale":"it_IT","og_type":"article","og_title":"Spedizione e pagamento | Interactive World Book","og_description":"Come vengono consegnati gli ordini? FCerchiamo sempre di fare del nostro meglio per elaborare i vostri ordini nel pi\u00f9 breve tempo possibile. La consegna degli ordini \u00e8 effettuata per nostro conto dal corriere Z\u00e1silkovna. Il costo della spedizione internazionale con Z\u00e1silkovna \u00e8 di 20 EUR. Condizioni di pagamento pagamento anticipato tramite bonifico bancario standard sul [&hellip;]","og_url":"https:\/\/interactiveworldbook.com\/it\/spedizione-e-pagamento\/","og_site_name":"Interactive World Book","article_publisher":"https:\/\/www.facebook.com\/interactiveworldbook\/","article_modified_time":"2026-01-21T10:01:51+00:00","og_image":[{"url":"https:\/\/interactiveworldbook.com\/wp-content\/uploads\/2023\/03\/gopay_bannery-barevne.png","type":"","width":"","height":""}],"twitter_card":"summary_large_image","twitter_misc":{"Tempo di lettura stimato":"1 minuto"},"schema":{"@context":"https:\/\/schema.org","@graph":[{"@type":"WebPage","@id":"https:\/\/interactiveworldbook.com\/it\/spedizione-e-pagamento\/","url":"https:\/\/interactiveworldbook.com\/it\/spedizione-e-pagamento\/","name":"Spedizione e pagamento | Interactive World Book","isPartOf":{"@id":"https:\/\/interactiveworldbook.com\/it\/#website"},"primaryImageOfPage":{"@id":"https:\/\/interactiveworldbook.com\/it\/spedizione-e-pagamento\/#primaryimage"},"image":{"@id":"https:\/\/interactiveworldbook.com\/it\/spedizione-e-pagamento\/#primaryimage"},"thumbnailUrl":"https:\/\/interactiveworldbook.com\/wp-content\/uploads\/2023\/03\/gopay_bannery-barevne.png","datePublished":"2023-03-07T10:08:49+00:00","dateModified":"2026-01-21T10:01:51+00:00","breadcrumb":{"@id":"https:\/\/interactiveworldbook.com\/it\/spedizione-e-pagamento\/#breadcrumb"},"inLanguage":"it-IT","potentialAction":[{"@type":"ReadAction","target":["https:\/\/interactiveworldbook.com\/it\/spedizione-e-pagamento\/"]}]},{"@type":"ImageObject","inLanguage":"it-IT","@id":"https:\/\/interactiveworldbook.com\/it\/spedizione-e-pagamento\/#primaryimage","url":"https:\/\/interactiveworldbook.com\/wp-content\/uploads\/2023\/03\/gopay_bannery-barevne.png","contentUrl":"https:\/\/interactiveworldbook.com\/wp-content\/uploads\/2023\/03\/gopay_bannery-barevne.png"},{"@type":"BreadcrumbList","@id":"https:\/\/interactiveworldbook.com\/it\/spedizione-e-pagamento\/#breadcrumb","itemListElement":[{"@type":"ListItem","position":1,"name":"Dom\u016f","item":"https:\/\/interactiveworldbook.com\/it\/"},{"@type":"ListItem","position":2,"name":"Spedizione e pagamento"}]},{"@type":"WebSite","@id":"https:\/\/interactiveworldbook.com\/it\/#website","url":"https:\/\/interactiveworldbook.com\/it\/","name":"Interactive World Book","description":"Interactive World Book, kniha, m\u011bsta, zem\u011b, sv\u011btad\u00edly, informace","publisher":{"@id":"https:\/\/interactiveworldbook.com\/it\/#organization"},"potentialAction":[{"@type":"SearchAction","target":{"@type":"EntryPoint","urlTemplate":"https:\/\/interactiveworldbook.com\/it\/?s={search_term_string}"},"query-input":{"@type":"PropertyValueSpecification","valueRequired":true,"valueName":"search_term_string"}}],"inLanguage":"it-IT"},{"@type":"Organization","@id":"https:\/\/interactiveworldbook.com\/it\/#organization","name":"Interactive World Book","url":"https:\/\/interactiveworldbook.com\/it\/","logo":{"@type":"ImageObject","inLanguage":"it-IT","@id":"https:\/\/interactiveworldbook.com\/it\/#\/schema\/logo\/image\/","url":"https:\/\/interactiveworldbook.com\/wp-content\/uploads\/2024\/11\/IW_barevna-1.png","contentUrl":"https:\/\/interactiveworldbook.com\/wp-content\/uploads\/2024\/11\/IW_barevna-1.png","width":1690,"height":583,"caption":"Interactive World Book"},"image":{"@id":"https:\/\/interactiveworldbook.com\/it\/#\/schema\/logo\/image\/"},"sameAs":["https:\/\/www.facebook.com\/interactiveworldbook\/","https:\/\/www.instagram.com\/interactive_world_book\/","https:\/\/www.tiktok.com\/@iw_book"]}]}},"_links":{"self":[{"href":"https:\/\/interactiveworldbook.com\/it\/wp-json\/wp\/v2\/pages\/11333","targetHints":{"allow":["GET"]}}],"collection":[{"href":"https:\/\/interactiveworldbook.com\/it\/wp-json\/wp\/v2\/pages"}],"about":[{"href":"https:\/\/interactiveworldbook.com\/it\/wp-json\/wp\/v2\/types\/page"}],"author":[{"embeddable":true,"href":"https:\/\/interactiveworldbook.com\/it\/wp-json\/wp\/v2\/users\/1"}],"replies":[{"embeddable":true,"href":"https:\/\/interactiveworldbook.com\/it\/wp-json\/wp\/v2\/comments?post=11333"}],"version-history":[{"count":4,"href":"https:\/\/interactiveworldbook.com\/it\/wp-json\/wp\/v2\/pages\/11333\/revisions"}],"predecessor-version":[{"id":28086,"href":"https:\/\/interactiveworldbook.com\/it\/wp-json\/wp\/v2\/pages\/11333\/revisions\/28086"}],"wp:attachment":[{"href":"https:\/\/interactiveworldbook.com\/it\/wp-json\/wp\/v2\/media?parent=11333"}],"curies":[{"name":"wp","href":"https:\/\/api.w.org\/{rel}","templated":true}]}}