{"id":11335,"date":"2023-03-02T18:00:12","date_gmt":"2023-03-02T17:00:12","guid":{"rendered":"https:\/\/interactiveworldbook.com\/premium-sekce\/"},"modified":"2024-12-30T14:29:17","modified_gmt":"2024-12-30T13:29:17","slug":"sezione-premium","status":"publish","type":"page","link":"https:\/\/interactiveworldbook.com\/it\/sezione-premium\/","title":{"rendered":"Sezione Premium"},"content":{"rendered":"<p><a href=\"https:\/\/interactiveworldbook.com\/it\/prodotto\/il-mondo-interattivo\/\"><img loading=\"lazy\" decoding=\"async\" class=\"aligncenter wp-image-26346 size-full\" src=\"https:\/\/interactiveworldbook.com\/wp-content\/uploads\/2024\/12\/tlacitko-hnede-IT.png\" alt=\"\" width=\"202\" height=\"55\" srcset=\"https:\/\/interactiveworldbook.com\/wp-content\/uploads\/2024\/12\/tlacitko-hnede-IT.png 202w, https:\/\/interactiveworldbook.com\/wp-content\/uploads\/2024\/12\/tlacitko-hnede-IT-200x55.png 200w\" sizes=\"auto, (max-width: 202px) 100vw, 202px\" \/><\/a><\/p>\n<h2><\/h2>\n<h2 style=\"text-align: center;\">Per visualizzare i contenuti premium<br \/>\n\u00e8 necessario acquistare il libro.<\/h2>\n<p style=\"text-align: center;\">Nel libro troverete 3 codici QR per ogni Paese.<\/p>\n<p style=\"text-align: center;\">I codici QR corrispondenti mostrano una descrizione dettagliata \/ inno \/ bandiera ed emblema del Paese.<\/p>\n<p style=\"text-align: center;\">Una volta scansionato il codice QR, si aprir\u00e0 una pagina con contenuti premium.<\/p>\n<p>&nbsp;<\/p>\n<p><a href=\"?add-to-cart=24183\"><img loading=\"lazy\" decoding=\"async\" class=\"aligncenter wp-image-20942 size-full\" src=\"https:\/\/interactiveworldbook.com\/wp-content\/uploads\/2024\/08\/it.bttn_.png\" alt=\"\" width=\"202\" height=\"55\" srcset=\"https:\/\/interactiveworldbook.com\/wp-content\/uploads\/2024\/08\/it.bttn_.png 202w, https:\/\/interactiveworldbook.com\/wp-content\/uploads\/2024\/08\/it.bttn_-200x55.png 200w\" sizes=\"auto, (max-width: 202px) 100vw, 202px\" \/><\/a><\/p>\n","protected":false},"excerpt":{"rendered":"<p>Per visualizzare i contenuti premium \u00e8 necessario acquistare il libro. Nel libro troverete 3 codici QR per ogni Paese. I codici QR corrispondenti mostrano una descrizione dettagliata \/ inno \/ bandiera ed emblema del Paese. Una volta scansionato il codice QR, si aprir\u00e0 una pagina con contenuti premium. &nbsp;<\/p>\n","protected":false},"author":1,"featured_media":0,"parent":0,"menu_order":0,"comment_status":"closed","ping_status":"closed","template":"","meta":{"_acf_changed":false,"inline_featured_image":false,"footnotes":""},"class_list":["post-11335","page","type-page","status-publish","hentry"],"acf":[],"yoast_head":"<!-- This site is optimized with the Yoast SEO plugin v27.4 - https:\/\/yoast.com\/product\/yoast-seo-wordpress\/ -->\n<title>Sezione Premium | Interactive World Book<\/title>\n<meta name=\"robots\" content=\"index, follow, max-snippet:-1, max-image-preview:large, max-video-preview:-1\" \/>\n<link rel=\"canonical\" href=\"https:\/\/interactiveworldbook.com\/it\/sezione-premium\/\" \/>\n<meta property=\"og:locale\" content=\"it_IT\" \/>\n<meta property=\"og:type\" content=\"article\" \/>\n<meta property=\"og:title\" content=\"Sezione Premium | Interactive World Book\" \/>\n<meta property=\"og:description\" content=\"Per visualizzare i contenuti premium \u00e8 necessario acquistare il libro. Nel libro troverete 3 codici QR per ogni Paese. I codici QR corrispondenti mostrano una descrizione dettagliata \/ inno \/ bandiera ed emblema del Paese. Una volta scansionato il codice QR, si aprir\u00e0 una pagina con contenuti premium. &nbsp;\" \/>\n<meta property=\"og:url\" content=\"https:\/\/interactiveworldbook.com\/it\/sezione-premium\/\" \/>\n<meta property=\"og:site_name\" content=\"Interactive World Book\" \/>\n<meta property=\"article:publisher\" content=\"https:\/\/www.facebook.com\/interactiveworldbook\/\" \/>\n<meta property=\"article:modified_time\" content=\"2024-12-30T13:29:17+00:00\" \/>\n<meta property=\"og:image\" content=\"https:\/\/interactiveworldbook.com\/wp-content\/uploads\/2024\/12\/tlacitko-hnede-IT.png\" \/>\n\t<meta property=\"og:image:width\" content=\"202\" \/>\n\t<meta property=\"og:image:height\" content=\"55\" \/>\n\t<meta property=\"og:image:type\" content=\"image\/png\" \/>\n<meta name=\"twitter:card\" content=\"summary_large_image\" \/>\n<script type=\"application\/ld+json\" class=\"yoast-schema-graph\">{\"@context\":\"https:\\\/\\\/schema.org\",\"@graph\":[{\"@type\":\"WebPage\",\"@id\":\"https:\\\/\\\/interactiveworldbook.com\\\/it\\\/sezione-premium\\\/\",\"url\":\"https:\\\/\\\/interactiveworldbook.com\\\/it\\\/sezione-premium\\\/\",\"name\":\"Sezione Premium | Interactive World Book\",\"isPartOf\":{\"@id\":\"https:\\\/\\\/interactiveworldbook.com\\\/it\\\/#website\"},\"primaryImageOfPage\":{\"@id\":\"https:\\\/\\\/interactiveworldbook.com\\\/it\\\/sezione-premium\\\/#primaryimage\"},\"image\":{\"@id\":\"https:\\\/\\\/interactiveworldbook.com\\\/it\\\/sezione-premium\\\/#primaryimage\"},\"thumbnailUrl\":\"https:\\\/\\\/interactiveworldbook.com\\\/wp-content\\\/uploads\\\/2024\\\/12\\\/tlacitko-hnede-IT.png\",\"datePublished\":\"2023-03-02T17:00:12+00:00\",\"dateModified\":\"2024-12-30T13:29:17+00:00\",\"breadcrumb\":{\"@id\":\"https:\\\/\\\/interactiveworldbook.com\\\/it\\\/sezione-premium\\\/#breadcrumb\"},\"inLanguage\":\"it-IT\",\"potentialAction\":[{\"@type\":\"ReadAction\",\"target\":[\"https:\\\/\\\/interactiveworldbook.com\\\/it\\\/sezione-premium\\\/\"]}]},{\"@type\":\"ImageObject\",\"inLanguage\":\"it-IT\",\"@id\":\"https:\\\/\\\/interactiveworldbook.com\\\/it\\\/sezione-premium\\\/#primaryimage\",\"url\":\"https:\\\/\\\/interactiveworldbook.com\\\/wp-content\\\/uploads\\\/2024\\\/12\\\/tlacitko-hnede-IT.png\",\"contentUrl\":\"https:\\\/\\\/interactiveworldbook.com\\\/wp-content\\\/uploads\\\/2024\\\/12\\\/tlacitko-hnede-IT.png\"},{\"@type\":\"BreadcrumbList\",\"@id\":\"https:\\\/\\\/interactiveworldbook.com\\\/it\\\/sezione-premium\\\/#breadcrumb\",\"itemListElement\":[{\"@type\":\"ListItem\",\"position\":1,\"name\":\"Dom\u016f\",\"item\":\"https:\\\/\\\/interactiveworldbook.com\\\/it\\\/\"},{\"@type\":\"ListItem\",\"position\":2,\"name\":\"Sezione Premium\"}]},{\"@type\":\"WebSite\",\"@id\":\"https:\\\/\\\/interactiveworldbook.com\\\/it\\\/#website\",\"url\":\"https:\\\/\\\/interactiveworldbook.com\\\/it\\\/\",\"name\":\"Interactive World Book\",\"description\":\"Interactive World Book, kniha, m\u011bsta, zem\u011b, sv\u011btad\u00edly, informace\",\"publisher\":{\"@id\":\"https:\\\/\\\/interactiveworldbook.com\\\/it\\\/#organization\"},\"potentialAction\":[{\"@type\":\"SearchAction\",\"target\":{\"@type\":\"EntryPoint\",\"urlTemplate\":\"https:\\\/\\\/interactiveworldbook.com\\\/it\\\/?s={search_term_string}\"},\"query-input\":{\"@type\":\"PropertyValueSpecification\",\"valueRequired\":true,\"valueName\":\"search_term_string\"}}],\"inLanguage\":\"it-IT\"},{\"@type\":\"Organization\",\"@id\":\"https:\\\/\\\/interactiveworldbook.com\\\/it\\\/#organization\",\"name\":\"Interactive World Book\",\"url\":\"https:\\\/\\\/interactiveworldbook.com\\\/it\\\/\",\"logo\":{\"@type\":\"ImageObject\",\"inLanguage\":\"it-IT\",\"@id\":\"https:\\\/\\\/interactiveworldbook.com\\\/it\\\/#\\\/schema\\\/logo\\\/image\\\/\",\"url\":\"https:\\\/\\\/interactiveworldbook.com\\\/wp-content\\\/uploads\\\/2024\\\/11\\\/IW_barevna-1.png\",\"contentUrl\":\"https:\\\/\\\/interactiveworldbook.com\\\/wp-content\\\/uploads\\\/2024\\\/11\\\/IW_barevna-1.png\",\"width\":1690,\"height\":583,\"caption\":\"Interactive World Book\"},\"image\":{\"@id\":\"https:\\\/\\\/interactiveworldbook.com\\\/it\\\/#\\\/schema\\\/logo\\\/image\\\/\"},\"sameAs\":[\"https:\\\/\\\/www.facebook.com\\\/interactiveworldbook\\\/\",\"https:\\\/\\\/www.instagram.com\\\/interactive_world_book\\\/\",\"https:\\\/\\\/www.tiktok.com\\\/@iw_book\"]}]}<\/script>\n<!-- \/ Yoast SEO plugin. -->","yoast_head_json":{"title":"Sezione Premium | Interactive World Book","robots":{"index":"index","follow":"follow","max-snippet":"max-snippet:-1","max-image-preview":"max-image-preview:large","max-video-preview":"max-video-preview:-1"},"canonical":"https:\/\/interactiveworldbook.com\/it\/sezione-premium\/","og_locale":"it_IT","og_type":"article","og_title":"Sezione Premium | Interactive World Book","og_description":"Per visualizzare i contenuti premium \u00e8 necessario acquistare il libro. Nel libro troverete 3 codici QR per ogni Paese. I codici QR corrispondenti mostrano una descrizione dettagliata \/ inno \/ bandiera ed emblema del Paese. Una volta scansionato il codice QR, si aprir\u00e0 una pagina con contenuti premium. &nbsp;","og_url":"https:\/\/interactiveworldbook.com\/it\/sezione-premium\/","og_site_name":"Interactive World Book","article_publisher":"https:\/\/www.facebook.com\/interactiveworldbook\/","article_modified_time":"2024-12-30T13:29:17+00:00","og_image":[{"width":202,"height":55,"url":"https:\/\/interactiveworldbook.com\/wp-content\/uploads\/2024\/12\/tlacitko-hnede-IT.png","type":"image\/png"}],"twitter_card":"summary_large_image","schema":{"@context":"https:\/\/schema.org","@graph":[{"@type":"WebPage","@id":"https:\/\/interactiveworldbook.com\/it\/sezione-premium\/","url":"https:\/\/interactiveworldbook.com\/it\/sezione-premium\/","name":"Sezione Premium | Interactive World Book","isPartOf":{"@id":"https:\/\/interactiveworldbook.com\/it\/#website"},"primaryImageOfPage":{"@id":"https:\/\/interactiveworldbook.com\/it\/sezione-premium\/#primaryimage"},"image":{"@id":"https:\/\/interactiveworldbook.com\/it\/sezione-premium\/#primaryimage"},"thumbnailUrl":"https:\/\/interactiveworldbook.com\/wp-content\/uploads\/2024\/12\/tlacitko-hnede-IT.png","datePublished":"2023-03-02T17:00:12+00:00","dateModified":"2024-12-30T13:29:17+00:00","breadcrumb":{"@id":"https:\/\/interactiveworldbook.com\/it\/sezione-premium\/#breadcrumb"},"inLanguage":"it-IT","potentialAction":[{"@type":"ReadAction","target":["https:\/\/interactiveworldbook.com\/it\/sezione-premium\/"]}]},{"@type":"ImageObject","inLanguage":"it-IT","@id":"https:\/\/interactiveworldbook.com\/it\/sezione-premium\/#primaryimage","url":"https:\/\/interactiveworldbook.com\/wp-content\/uploads\/2024\/12\/tlacitko-hnede-IT.png","contentUrl":"https:\/\/interactiveworldbook.com\/wp-content\/uploads\/2024\/12\/tlacitko-hnede-IT.png"},{"@type":"BreadcrumbList","@id":"https:\/\/interactiveworldbook.com\/it\/sezione-premium\/#breadcrumb","itemListElement":[{"@type":"ListItem","position":1,"name":"Dom\u016f","item":"https:\/\/interactiveworldbook.com\/it\/"},{"@type":"ListItem","position":2,"name":"Sezione Premium"}]},{"@type":"WebSite","@id":"https:\/\/interactiveworldbook.com\/it\/#website","url":"https:\/\/interactiveworldbook.com\/it\/","name":"Interactive World Book","description":"Interactive World Book, kniha, m\u011bsta, zem\u011b, sv\u011btad\u00edly, informace","publisher":{"@id":"https:\/\/interactiveworldbook.com\/it\/#organization"},"potentialAction":[{"@type":"SearchAction","target":{"@type":"EntryPoint","urlTemplate":"https:\/\/interactiveworldbook.com\/it\/?s={search_term_string}"},"query-input":{"@type":"PropertyValueSpecification","valueRequired":true,"valueName":"search_term_string"}}],"inLanguage":"it-IT"},{"@type":"Organization","@id":"https:\/\/interactiveworldbook.com\/it\/#organization","name":"Interactive World Book","url":"https:\/\/interactiveworldbook.com\/it\/","logo":{"@type":"ImageObject","inLanguage":"it-IT","@id":"https:\/\/interactiveworldbook.com\/it\/#\/schema\/logo\/image\/","url":"https:\/\/interactiveworldbook.com\/wp-content\/uploads\/2024\/11\/IW_barevna-1.png","contentUrl":"https:\/\/interactiveworldbook.com\/wp-content\/uploads\/2024\/11\/IW_barevna-1.png","width":1690,"height":583,"caption":"Interactive World Book"},"image":{"@id":"https:\/\/interactiveworldbook.com\/it\/#\/schema\/logo\/image\/"},"sameAs":["https:\/\/www.facebook.com\/interactiveworldbook\/","https:\/\/www.instagram.com\/interactive_world_book\/","https:\/\/www.tiktok.com\/@iw_book"]}]}},"_links":{"self":[{"href":"https:\/\/interactiveworldbook.com\/it\/wp-json\/wp\/v2\/pages\/11335","targetHints":{"allow":["GET"]}}],"collection":[{"href":"https:\/\/interactiveworldbook.com\/it\/wp-json\/wp\/v2\/pages"}],"about":[{"href":"https:\/\/interactiveworldbook.com\/it\/wp-json\/wp\/v2\/types\/page"}],"author":[{"embeddable":true,"href":"https:\/\/interactiveworldbook.com\/it\/wp-json\/wp\/v2\/users\/1"}],"replies":[{"embeddable":true,"href":"https:\/\/interactiveworldbook.com\/it\/wp-json\/wp\/v2\/comments?post=11335"}],"version-history":[{"count":8,"href":"https:\/\/interactiveworldbook.com\/it\/wp-json\/wp\/v2\/pages\/11335\/revisions"}],"predecessor-version":[{"id":26715,"href":"https:\/\/interactiveworldbook.com\/it\/wp-json\/wp\/v2\/pages\/11335\/revisions\/26715"}],"wp:attachment":[{"href":"https:\/\/interactiveworldbook.com\/it\/wp-json\/wp\/v2\/media?parent=11335"}],"curies":[{"name":"wp","href":"https:\/\/api.w.org\/{rel}","templated":true}]}}