{"id":25844,"date":"2023-02-06T13:15:09","date_gmt":"2023-02-06T12:15:09","guid":{"rendered":"https:\/\/interactiveworldbook.com\/gdpr\/"},"modified":"2024-12-20T14:59:49","modified_gmt":"2024-12-20T13:59:49","slug":"gdpr","status":"publish","type":"page","link":"https:\/\/interactiveworldbook.com\/it\/gdpr\/","title":{"rendered":"GDPR"},"content":{"rendered":"<p><strong>I. Disposizioni fondamentali<\/strong><\/p>\n<ol>\n<li>IWB s.r.o. \u00e8 il titolare del trattamento dei dati personali ai sensi dell&#8217;articolo 4 punto 7 del Regolamento (UE) 2016\/679 del Parlamento Europeo e del Consiglio relativo alla protezione delle persone fisiche con riguardo al trattamento dei dati personali e alla libera circolazione di tali dati (di seguito: \u201cGDPR\u201d). Codice identificativo 09640584 con sede legale in Hudcova 532\/78b, Brno (di seguito: &#8216;amministratore&#8217;).<\/li>\n<li>I dettagli di contatto dell&#8217;amministratore sono<\/li>\n<\/ol>\n<p style=\"padding-left: 40px;\">Indirizzo: Hudcova 532\/78b, Brno<\/p>\n<p style=\"padding-left: 40px;\">E-mail: <a href=\"mailto:info@interactiveworldbook.com\">info@interactiveworldbook.com<\/a><\/p>\n<ol start=\"3\">\n<li>Per dato personale si intende qualsiasi informazione riguardante una persona fisica identificata o identificabile; una persona fisica identificabile \u00e8 una persona fisica che pu\u00f2 essere identificata, direttamente o indirettamente, in particolare facendo riferimento a un determinato identificatore, ad esempio un nome, un numero di identificazione, dati relativi all&#8217;ubicazione, un identificatore di rete o a uno o pi\u00f9 elementi speciali del suo corpo fisico, fisiologico , identit\u00e0 genetica, psicologica, economica, culturale o sociale di questa persona fisica.<\/li>\n<li>L&#8217;amministratore non ha nominato un responsabile della protezione dei dati personali.<\/li>\n<\/ol>\n<p><strong>II. Fonti e categorie dei dati personali trattati<\/strong><\/p>\n<ol>\n<li>L&#8217;amministratore tratta i dati personali che gli hai fornito o i dati personali che l&#8217;amministratore ha ottenuto in base all&#8217;adempimento del tuo ordine.<\/li>\n<li>L&#8217;amministratore tratta i vostri dati identificativi e di contatto nonch\u00e9 i dati necessari per l&#8217;esecuzione del contratto.<\/li>\n<\/ol>\n<p><strong>III.\u00a0Ragione giuridica e finalit\u00e0 del trattamento dei dati personali<\/strong><\/p>\n<ol>\n<li>La ragione legale per il trattamento dei dati personali \u00e8<\/li>\n<\/ol>\n<ul>\n<li style=\"list-style-type: none;\">\n<ul>\n<li>esecuzione del contratto tra te e l&#8217;amministratore ai sensi dell&#8217;articolo 6 paragrafo 1 lettera b) GDPR<\/li>\n<li>il legittimo interesse dell&#8217;amministratore a fornire marketing diretto (in particolare per l&#8217;invio di messaggi commerciali e newsletter) ai sensi dell&#8217;articolo 6, paragrafo 1 lettera f) GDPR,<\/li>\n<li>Il vostro consenso al trattamento per finalit\u00e0 di marketing diretto (in particolare per l&#8217;invio di comunicazioni commerciali e newsletter) ai sensi dell&#8217;articolo 6, paragrafo 1 lettera a) GDPR in relazione al \u00a7 7 paragrafo 2 della legge n. 480\/2004 Coll., su determinati servizi della societ\u00e0 dell&#8217;informazione nel caso in cui non siano stati ordinati beni o servizi.<\/li>\n<\/ul>\n<\/li>\n<\/ul>\n<ol start=\"2\">\n<li>Lo scopo del trattamento dei dati personali \u00e8<\/li>\n<\/ol>\n<ul>\n<li style=\"list-style-type: none;\">\n<ul>\n<li>elaborare il tuo ordine ed esercitare i diritti e gli obblighi derivanti dal rapporto contrattuale; al momento dell&#8217;ordine vengono richiesti i dati personali necessari per la corretta esecuzione dell&#8217;ordine (nome e indirizzo, contatto), il conferimento dei dati personali \u00e8 un requisito necessario per la conclusione e l&#8217;adempimento del contratto, senza conferimento di dati personali dati non \u00e8 possibile concludere il contratto o adempiere allo stesso da parte dell&#8217;amministratore,<\/li>\n<li>inviare messaggi commerciali e svolgere altre attivit\u00e0 di marketing.<\/li>\n<\/ul>\n<\/li>\n<\/ul>\n<ol start=\"3\">\n<li>L&#8217;amministratore non prende decisioni individuali automatiche ai sensi dell&#8217;articolo 22 del GDPR.<\/li>\n<\/ol>\n<p><strong>IV. Periodo di conservazione dei dati<\/strong><\/p>\n<ol>\n<li>L&#8217;amministratore memorizza i dati personali<\/li>\n<\/ol>\n<ul>\n<li style=\"list-style-type: none;\">\n<ul>\n<li>per il periodo necessario per esercitare i diritti e gli obblighi derivanti dal rapporto contrattuale tra l&#8217;utente e l&#8217;amministratore e per esercitare le pretese derivanti da tali rapporti contrattuali (per un periodo di 5 anni dalla cessazione del rapporto contrattuale).<\/li>\n<li>per il periodo fino alla revoca del consenso al trattamento dei dati personali per finalit\u00e0 di marketing, non superiore a un anno, se i dati personali sono trattati sulla base del consenso.<\/li>\n<\/ul>\n<\/li>\n<\/ul>\n<ol start=\"2\">\n<li>Una volta scaduto il periodo di conservazione dei dati personali, l&#8217;amministratore cancella i dati personali.<\/li>\n<\/ol>\n<p><strong>V. Destinatari dei dati personali (subappaltatori dell&#8217;amministratore)<\/strong><\/p>\n<ol>\n<li>I destinatari dei dati personali sono persone fisiche<\/li>\n<\/ol>\n<ul>\n<li style=\"list-style-type: none;\">\n<ul>\n<li>partecipazione alla fornitura di beni\/servizi\/realizzazione dei pagamenti in base al contratto,<\/li>\n<li>fornitura di servizi per il funzionamento del negozio elettronico (IDEATECH, s.r.o.) e altri servizi in relazione al funzionamento del negozio elettronico,<\/li>\n<li>fornire servizi di marketing.<\/li>\n<\/ul>\n<\/li>\n<\/ul>\n<ol start=\"2\">\n<li>L&#8217;amministratore non intende trasferire dati personali a un paese terzo (un paese al di fuori dell&#8217;UE) o a un&#8217;organizzazione internazionale.<\/li>\n<\/ol>\n<p><strong>VI. I tuoi diritti<\/strong><\/p>\n<ol>\n<li>Alle condizioni stabilite nel GDPR, hai<\/li>\n<\/ol>\n<ul>\n<li style=\"list-style-type: none;\">\n<ul>\n<li>il diritto di accesso ai dati personali ai sensi dell\u2019articolo 15 GDPR,<\/li>\n<li>il diritto alla rettifica dei dati personali ai sensi dell\u2019articolo 16 GDPR o alla limitazione del trattamento ai sensi dell\u2019articolo 18 GDPR.<\/li>\n<li>il diritto alla cancellazione dei dati personali ai sensi dell\u2019articolo 17 GDPR.<\/li>\n<li>il diritto di opposizione al trattamento ai sensi dell&#8217;articolo 21 GDPR e<\/li>\n<li>il diritto alla portabilit\u00e0 dei dati ai sensi dell\u2019articolo 20 GDPR.<\/li>\n<li>il diritto di revocare il consenso al trattamento per iscritto o elettronicamente all&#8217;indirizzo o all&#8217;indirizzo e-mail dell&#8217;amministratore di cui all&#8217;articolo III dei presenti termini e condizioni.<\/li>\n<\/ul>\n<\/li>\n<\/ul>\n<ol start=\"2\">\n<li>Hai anche il diritto di presentare un reclamo all&#8217;Ufficio per la protezione dei dati personali se ritieni che il tuo diritto alla protezione dei dati personali sia stato violato.<\/li>\n<\/ol>\n<p><strong>VII.\u00a0Condizioni di sicurezza dei dati personali<\/strong><\/p>\n<ol>\n<li>L&#8217;amministratore dichiara di aver adottato tutte le misure tecniche e organizzative adeguate per proteggere i dati personali.<\/li>\n<li>L&#8217;amministratore ha adottato misure tecniche per proteggere l&#8217;archiviazione dei dati e l&#8217;archiviazione dei dati personali.<\/li>\n<li>L&#8217;amministratore dichiara che solo le persone autorizzate hanno accesso ai dati personali.<\/li>\n<\/ol>\n<p><strong>VIII.\u00a0Disposizioni finali<\/strong><\/p>\n<ol>\n<li>Inviando un ordine tramite il modulo d&#8217;ordine online, confermi di conoscere le condizioni di protezione dei dati personali e di accettarle nella loro interezza.<\/li>\n<li>Accetti queste condizioni inserendo un&#8217;e-mail nel footer del sito web ai fini dell&#8217;iscrizione alla newsletter e confermando cos\u00ec di conoscere le condizioni di protezione dei dati personali e di accettarle nella loro interezza.<\/li>\n<li>L&#8217;amministratore \u00e8 autorizzato a modificare queste condizioni. Pubblicheranno la nuova versione delle condizioni di protezione dei dati personali sul suo sito web e allo stesso tempo ti invieranno la nuova versione di queste condizioni al tuo indirizzo e-mail, che hai fornito all&#8217;amministratore.<\/li>\n<\/ol>\n<p>Questi termini e condizioni entrano in vigore il 7 marzo 2023.<\/p>\n<p>&nbsp;<\/p>\n<p>&nbsp;<\/p>\n<p>&nbsp;<\/p>\n","protected":false},"excerpt":{"rendered":"<p>I. Disposizioni fondamentali IWB s.r.o. \u00e8 il titolare del trattamento dei dati personali ai sensi dell&#8217;articolo 4 punto 7 del Regolamento (UE) 2016\/679 del Parlamento Europeo e del Consiglio relativo alla protezione delle persone fisiche con riguardo al trattamento dei dati personali e alla libera circolazione di tali dati (di seguito: \u201cGDPR\u201d). Codice identificativo 09640584 [&hellip;]<\/p>\n","protected":false},"author":1,"featured_media":0,"parent":0,"menu_order":0,"comment_status":"closed","ping_status":"open","template":"","meta":{"_acf_changed":false,"inline_featured_image":false,"footnotes":""},"class_list":["post-25844","page","type-page","status-publish","hentry"],"acf":[],"yoast_head":"<!-- This site is optimized with the Yoast SEO plugin v27.4 - https:\/\/yoast.com\/product\/yoast-seo-wordpress\/ -->\n<title>GDPR | Interactive World Book<\/title>\n<meta name=\"robots\" content=\"index, follow, max-snippet:-1, max-image-preview:large, max-video-preview:-1\" \/>\n<link rel=\"canonical\" href=\"https:\/\/interactiveworldbook.com\/it\/gdpr\/\" \/>\n<meta property=\"og:locale\" content=\"it_IT\" \/>\n<meta property=\"og:type\" content=\"article\" \/>\n<meta property=\"og:title\" content=\"GDPR | Interactive World Book\" \/>\n<meta property=\"og:description\" content=\"I. Disposizioni fondamentali IWB s.r.o. \u00e8 il titolare del trattamento dei dati personali ai sensi dell&#8217;articolo 4 punto 7 del Regolamento (UE) 2016\/679 del Parlamento Europeo e del Consiglio relativo alla protezione delle persone fisiche con riguardo al trattamento dei dati personali e alla libera circolazione di tali dati (di seguito: \u201cGDPR\u201d). Codice identificativo 09640584 [&hellip;]\" \/>\n<meta property=\"og:url\" content=\"https:\/\/interactiveworldbook.com\/it\/gdpr\/\" \/>\n<meta property=\"og:site_name\" content=\"Interactive World Book\" \/>\n<meta property=\"article:publisher\" content=\"https:\/\/www.facebook.com\/interactiveworldbook\/\" \/>\n<meta property=\"article:modified_time\" content=\"2024-12-20T13:59:49+00:00\" \/>\n<meta property=\"og:image\" content=\"https:\/\/interactiveworldbook.com\/wp-content\/uploads\/2024\/08\/CZ_mockup_resize-2.png\" \/>\n\t<meta property=\"og:image:width\" content=\"569\" \/>\n\t<meta property=\"og:image:height\" content=\"694\" \/>\n\t<meta property=\"og:image:type\" content=\"image\/png\" \/>\n<meta name=\"twitter:card\" content=\"summary_large_image\" \/>\n<meta name=\"twitter:label1\" content=\"Tempo di lettura stimato\" \/>\n\t<meta name=\"twitter:data1\" content=\"4 minuti\" \/>\n<script type=\"application\/ld+json\" class=\"yoast-schema-graph\">{\"@context\":\"https:\\\/\\\/schema.org\",\"@graph\":[{\"@type\":\"WebPage\",\"@id\":\"https:\\\/\\\/interactiveworldbook.com\\\/it\\\/gdpr\\\/\",\"url\":\"https:\\\/\\\/interactiveworldbook.com\\\/it\\\/gdpr\\\/\",\"name\":\"GDPR | Interactive World Book\",\"isPartOf\":{\"@id\":\"https:\\\/\\\/interactiveworldbook.com\\\/it\\\/#website\"},\"datePublished\":\"2023-02-06T12:15:09+00:00\",\"dateModified\":\"2024-12-20T13:59:49+00:00\",\"breadcrumb\":{\"@id\":\"https:\\\/\\\/interactiveworldbook.com\\\/it\\\/gdpr\\\/#breadcrumb\"},\"inLanguage\":\"it-IT\",\"potentialAction\":[{\"@type\":\"ReadAction\",\"target\":[\"https:\\\/\\\/interactiveworldbook.com\\\/it\\\/gdpr\\\/\"]}]},{\"@type\":\"BreadcrumbList\",\"@id\":\"https:\\\/\\\/interactiveworldbook.com\\\/it\\\/gdpr\\\/#breadcrumb\",\"itemListElement\":[{\"@type\":\"ListItem\",\"position\":1,\"name\":\"Dom\u016f\",\"item\":\"https:\\\/\\\/interactiveworldbook.com\\\/it\\\/\"},{\"@type\":\"ListItem\",\"position\":2,\"name\":\"GDPR\"}]},{\"@type\":\"WebSite\",\"@id\":\"https:\\\/\\\/interactiveworldbook.com\\\/it\\\/#website\",\"url\":\"https:\\\/\\\/interactiveworldbook.com\\\/it\\\/\",\"name\":\"Interactive World Book\",\"description\":\"Interactive World Book, kniha, m\u011bsta, zem\u011b, sv\u011btad\u00edly, informace\",\"publisher\":{\"@id\":\"https:\\\/\\\/interactiveworldbook.com\\\/it\\\/#organization\"},\"potentialAction\":[{\"@type\":\"SearchAction\",\"target\":{\"@type\":\"EntryPoint\",\"urlTemplate\":\"https:\\\/\\\/interactiveworldbook.com\\\/it\\\/?s={search_term_string}\"},\"query-input\":{\"@type\":\"PropertyValueSpecification\",\"valueRequired\":true,\"valueName\":\"search_term_string\"}}],\"inLanguage\":\"it-IT\"},{\"@type\":\"Organization\",\"@id\":\"https:\\\/\\\/interactiveworldbook.com\\\/it\\\/#organization\",\"name\":\"Interactive World Book\",\"url\":\"https:\\\/\\\/interactiveworldbook.com\\\/it\\\/\",\"logo\":{\"@type\":\"ImageObject\",\"inLanguage\":\"it-IT\",\"@id\":\"https:\\\/\\\/interactiveworldbook.com\\\/it\\\/#\\\/schema\\\/logo\\\/image\\\/\",\"url\":\"https:\\\/\\\/interactiveworldbook.com\\\/wp-content\\\/uploads\\\/2024\\\/11\\\/IW_barevna-1.png\",\"contentUrl\":\"https:\\\/\\\/interactiveworldbook.com\\\/wp-content\\\/uploads\\\/2024\\\/11\\\/IW_barevna-1.png\",\"width\":1690,\"height\":583,\"caption\":\"Interactive World Book\"},\"image\":{\"@id\":\"https:\\\/\\\/interactiveworldbook.com\\\/it\\\/#\\\/schema\\\/logo\\\/image\\\/\"},\"sameAs\":[\"https:\\\/\\\/www.facebook.com\\\/interactiveworldbook\\\/\",\"https:\\\/\\\/www.instagram.com\\\/interactive_world_book\\\/\",\"https:\\\/\\\/www.tiktok.com\\\/@iw_book\"]}]}<\/script>\n<!-- \/ Yoast SEO plugin. -->","yoast_head_json":{"title":"GDPR | Interactive World Book","robots":{"index":"index","follow":"follow","max-snippet":"max-snippet:-1","max-image-preview":"max-image-preview:large","max-video-preview":"max-video-preview:-1"},"canonical":"https:\/\/interactiveworldbook.com\/it\/gdpr\/","og_locale":"it_IT","og_type":"article","og_title":"GDPR | Interactive World Book","og_description":"I. Disposizioni fondamentali IWB s.r.o. \u00e8 il titolare del trattamento dei dati personali ai sensi dell&#8217;articolo 4 punto 7 del Regolamento (UE) 2016\/679 del Parlamento Europeo e del Consiglio relativo alla protezione delle persone fisiche con riguardo al trattamento dei dati personali e alla libera circolazione di tali dati (di seguito: \u201cGDPR\u201d). Codice identificativo 09640584 [&hellip;]","og_url":"https:\/\/interactiveworldbook.com\/it\/gdpr\/","og_site_name":"Interactive World Book","article_publisher":"https:\/\/www.facebook.com\/interactiveworldbook\/","article_modified_time":"2024-12-20T13:59:49+00:00","og_image":[{"width":569,"height":694,"url":"https:\/\/interactiveworldbook.com\/wp-content\/uploads\/2024\/08\/CZ_mockup_resize-2.png","type":"image\/png"}],"twitter_card":"summary_large_image","twitter_misc":{"Tempo di lettura stimato":"4 minuti"},"schema":{"@context":"https:\/\/schema.org","@graph":[{"@type":"WebPage","@id":"https:\/\/interactiveworldbook.com\/it\/gdpr\/","url":"https:\/\/interactiveworldbook.com\/it\/gdpr\/","name":"GDPR | Interactive World Book","isPartOf":{"@id":"https:\/\/interactiveworldbook.com\/it\/#website"},"datePublished":"2023-02-06T12:15:09+00:00","dateModified":"2024-12-20T13:59:49+00:00","breadcrumb":{"@id":"https:\/\/interactiveworldbook.com\/it\/gdpr\/#breadcrumb"},"inLanguage":"it-IT","potentialAction":[{"@type":"ReadAction","target":["https:\/\/interactiveworldbook.com\/it\/gdpr\/"]}]},{"@type":"BreadcrumbList","@id":"https:\/\/interactiveworldbook.com\/it\/gdpr\/#breadcrumb","itemListElement":[{"@type":"ListItem","position":1,"name":"Dom\u016f","item":"https:\/\/interactiveworldbook.com\/it\/"},{"@type":"ListItem","position":2,"name":"GDPR"}]},{"@type":"WebSite","@id":"https:\/\/interactiveworldbook.com\/it\/#website","url":"https:\/\/interactiveworldbook.com\/it\/","name":"Interactive World Book","description":"Interactive World Book, kniha, m\u011bsta, zem\u011b, sv\u011btad\u00edly, informace","publisher":{"@id":"https:\/\/interactiveworldbook.com\/it\/#organization"},"potentialAction":[{"@type":"SearchAction","target":{"@type":"EntryPoint","urlTemplate":"https:\/\/interactiveworldbook.com\/it\/?s={search_term_string}"},"query-input":{"@type":"PropertyValueSpecification","valueRequired":true,"valueName":"search_term_string"}}],"inLanguage":"it-IT"},{"@type":"Organization","@id":"https:\/\/interactiveworldbook.com\/it\/#organization","name":"Interactive World Book","url":"https:\/\/interactiveworldbook.com\/it\/","logo":{"@type":"ImageObject","inLanguage":"it-IT","@id":"https:\/\/interactiveworldbook.com\/it\/#\/schema\/logo\/image\/","url":"https:\/\/interactiveworldbook.com\/wp-content\/uploads\/2024\/11\/IW_barevna-1.png","contentUrl":"https:\/\/interactiveworldbook.com\/wp-content\/uploads\/2024\/11\/IW_barevna-1.png","width":1690,"height":583,"caption":"Interactive World Book"},"image":{"@id":"https:\/\/interactiveworldbook.com\/it\/#\/schema\/logo\/image\/"},"sameAs":["https:\/\/www.facebook.com\/interactiveworldbook\/","https:\/\/www.instagram.com\/interactive_world_book\/","https:\/\/www.tiktok.com\/@iw_book"]}]}},"_links":{"self":[{"href":"https:\/\/interactiveworldbook.com\/it\/wp-json\/wp\/v2\/pages\/25844","targetHints":{"allow":["GET"]}}],"collection":[{"href":"https:\/\/interactiveworldbook.com\/it\/wp-json\/wp\/v2\/pages"}],"about":[{"href":"https:\/\/interactiveworldbook.com\/it\/wp-json\/wp\/v2\/types\/page"}],"author":[{"embeddable":true,"href":"https:\/\/interactiveworldbook.com\/it\/wp-json\/wp\/v2\/users\/1"}],"replies":[{"embeddable":true,"href":"https:\/\/interactiveworldbook.com\/it\/wp-json\/wp\/v2\/comments?post=25844"}],"version-history":[{"count":10,"href":"https:\/\/interactiveworldbook.com\/it\/wp-json\/wp\/v2\/pages\/25844\/revisions"}],"predecessor-version":[{"id":25915,"href":"https:\/\/interactiveworldbook.com\/it\/wp-json\/wp\/v2\/pages\/25844\/revisions\/25915"}],"wp:attachment":[{"href":"https:\/\/interactiveworldbook.com\/it\/wp-json\/wp\/v2\/media?parent=25844"}],"curies":[{"name":"wp","href":"https:\/\/api.w.org\/{rel}","templated":true}]}}