{"id":12672,"date":"2024-04-11T15:45:47","date_gmt":"2024-04-11T13:45:47","guid":{"rendered":"https:\/\/interactiveworldbook.com\/our-partners\/"},"modified":"2024-12-26T11:06:26","modified_gmt":"2024-12-26T10:06:26","slug":"meet-us","status":"publish","type":"page","link":"https:\/\/interactiveworldbook.com\/ko\/meet-us\/","title":{"rendered":"\uc6b0\ub9ac\ub97c \ub9cc\ub098\ubcf4\uc138\uc694"},"content":{"rendered":"<div class=\"columns\">\n<div class=\"left-column\">\n<h2>Buch Wien 2024<\/h2>\n<p>11\uc6d4 6\uc77c\ubd80\ud130 10\uc77c\uae4c\uc9c0 \ube44\uc5d4\ub098\uc5d0\uc11c \uac1c\ucd5c\ub418\ub294 \ub3c4\uc11c \ubc15\ub78c\ud68c <strong>Buch Wien 2024<\/strong>\uc5d0 \ucc38\uc11d\ud558\uac8c \ub418\uc5b4 \uae30\ubee4\uc2b5\ub2c8\ub2e4. \uc774 \uad8c\uc704 \uc788\ub294 \ubb38\ud559 \ud589\uc0ac\uc5d0\ub294 \uc720\ub7fd \uc804\uc5ed\uacfc \uadf8 \uc678 \uc9c0\uc5ed\uc758 \uc5f4\uc815\uc801\uc778 \ub3c5\uc790, \uc791\uac00, \ucd9c\ud310 \uc804\ubb38\uac00\ub4e4\uc774 \ubaa8\uc5ec\ub4e4\uace0 \uc788\uc2b5\ub2c8\ub2e4.<\/p>\n<p>\uc6b0\ub9ac\ub294 \uc601\uac10\uc744 \uc8fc\ub294 \uc804\uc2dc\ud68c\ub97c \ud0d0\uc0c9\ud558\uace0, \uc5c5\uacc4 \uc804\ubb38\uac00\uc640 \uad50\ub958\ud558\uace0, \uc120\uc815\ub41c \ucc38\uc11d\uc790\ub4e4\uacfc \uc6b0\ub9ac \ucc45\uc744 \uacf5\uc720\ud560 \uae30\ud68c\ub97c \uac00\uc84c\uc2b5\ub2c8\ub2e4. <strong>Interactive WORLD<\/strong>\uc5d0 \ub300\ud55c \ubc18\uc751\uc740 \uc555\ub3c4\uc801\uc73c\ub85c \uae0d\uc815\uc801\uc774\uc5c8\uc2b5\ub2c8\ub2e4. \ub3c5\ud2b9\ud55c \ucee8\uc149\uc5d0 \ub300\ud55c \uce6d\ucc2c\ubd80\ud130 \ub514\uc790\uc778\uacfc \ucf58\ud150\uce20\uc5d0 \ub300\ud55c \uac10\ud0c4\uae4c\uc9c0 \ud6cc\ub96d\ud55c \ud53c\ub4dc\ubc31\uc744 \ubc1b\uc558\uc2b5\ub2c8\ub2e4. \uc774 \ucc45\uc758 \uc8fc\uc81c\uc640 \uc2e4\ud589 \ubc29\uc2dd\uc740 \uc774 \ucc45\uc744 \ubcfc \uae30\ud68c\uac00 \uc788\uc5c8\ub358 \uc0ac\ub78c\ub4e4\uc758 \uacf5\uac10\uc744 \uc0c0\uc2b5\ub2c8\ub2e4.<\/p>\n<p>\uc6b0\ub9ac\ub294 \uc774\ub7ec\ud55c \ud2b9\ubcc4\ud55c \ubb38\ud559 \ubaa8\uc784\uc5d0 \ucc38\uc5ec\ud560 \uc218 \uc788\ub294 \ubaa8\ub4e0 \uce5c\uc808\ud55c \ub9d0\uacfc \uae30\ud68c\uc5d0 \uae4a\uc774 \uac10\uc0ac\ub4dc\ub9bd\ub2c8\ub2e4.<\/p>\n<p>\uc6b0\ub9ac\ub294 \uc804 \uc138\uacc4 \ubaa8\ub4e0 \uc5f0\ub839\ub300\uc758 \ub3c5\uc790\ub4e4\uacfc <strong>Interactive WORLD<\/strong>\ub97c \uacf5\uc720\ud558\uc5ec \uadf8\ub4e4\uc774 \uadf8 \uacbd\uc774\ub85c\uc6c0\uc744 \ud0d0\ud5d8\ud558\uace0 \ubc1c\uacac\ud558\ub3c4\ub85d \uc601\uac10\uc744 \uc904 \uc218 \uc788\ub294 \ubbf8\ub798\uc758 \uae30\ud68c\ub97c \uae30\ub300\ud569\ub2c8\ub2e4!<\/p>\n<\/div>\n<div class=\"right-column\">\n<div class=\"video-frame\"><img decoding=\"async\" src=\"https:\/\/interactiveworldbook.com\/wp-content\/uploads\/2024\/12\/dcee6a081ac4bbce6c1ee35bd3d60739.png\" alt=\"Mobiln\u00ed r\u00e1me\u010dek\" \/><br \/>\n<video src=\"https:\/\/interactiveworldbook.com\/wp-content\/uploads\/2024\/12\/video-viden-2024.mp4\" autoplay=\"autoplay\" loop=\"loop\" muted=\"\" width=\"300\" height=\"150\"><\/video><\/div>\n<\/div>\n<\/div>\n<h2>The London Book Fair 2024<\/h2>\n<p>2024\ub144 4\uc6d4, \uc6b0\ub9ac\ub294 \uc138\uacc4 \ucd5c\uace0 \uad8c\uc704\uc758 \ucd9c\ud310\uc5c5\uacc4 \ud589\uc0ac \uc911 \ud558\ub098\uc778 <strong>\ub7f0\ub358 \ub3c4\uc11c\uc804(LBF)<\/strong>\uc5d0 \uc790\ub791\uc2a4\ub7fd\uac8c \ucc38\uac00\ud588\uc2b5\ub2c8\ub2e4. \ub9e4\ub144 \ub7f0\ub358 \uc911\uc2ec\ubd80\uc5d0\uc11c \uac1c\ucd5c\ub418\ub294 LBF\ub294 \uc804 \uc138\uacc4\uc758 \uc8fc\uc694 \uc791\uac00, \ucd9c\ud310\uc0ac, \ubb38\ud559 \ub300\ub9ac\uc778 \ubc0f \uc5c5\uacc4 \uc804\ubb38\uac00\ub97c \ud55c\uc790\ub9ac\uc5d0 \ubaa8\uc74d\ub2c8\ub2e4. \ucc45\uacfc \uc544\uc774\ub514\uc5b4, \uae30\ud68c\uac00 \ud55c\uc790\ub9ac\uc5d0 \ubaa8\uc774\ub294 \ud65c\uae30 \ub118\uce58\ub294 \ud50c\ub7ab\ud3fc\uc73c\ub85c, \ubb38\ud559\uacc4\uc5d0\uc11c \ub193\uccd0\uc11c\ub294 \uc548 \ub420 \ud589\uc0ac\uc785\ub2c8\ub2e4.<\/p>\n<p>\uc62c\ud574 \uc6b0\ub9ac\ub294 \uc790\uccb4 \uc2a4\ud0e0\ub4dc\uc5d0\uc11c <strong>Interactive WORLD<\/strong>\ub97c \uc120\ubcf4\uc774\ub294 \uc601\uad11\uc744 \ub204\ub838\uc2b5\ub2c8\ub2e4. \ucc45\uc5d0 \ub300\ud55c \ubc18\uc751\uc740 \uc815\ub9d0 \ub180\ub77c\uc6e0\uc2b5\ub2c8\ub2e4. \ucc38\uc11d\uc790\ub4e4\uc740 \ub3c5\ud2b9\ud55c \ucee8\uc149\uacfc \ud601\uc2e0\uc801\uc778 \ub514\uc790\uc778, \ub9e4\ub825\uc801\uc778 \ucf58\ud150\uce20\uc5d0 \ub9e4\ub8cc\ub418\uc5c8\uc2b5\ub2c8\ub2e4. \uc6b0\ub9ac\ub294 \uc138\uacc4 \uac01\uc9c0\uc758 \ubb38\ud559 \uc804\ubb38\uac00, \ucd9c\ud310\uc0ac \ubc0f \ub3c5\uc790\ub4e4\uacfc \ud568\uaed8 \ud48d\uc131\ud55c \ud1a0\ub860\uc5d0 \ucc38\uc5ec\ud558\uc5ec \uadc0\uc911\ud55c \ud1b5\ucc30\ub825\uc744 \uc5bb\uace0 \ubbf8\ub798 \uc791\uc5c5\uc5d0 \uc601\uac10\uc744 \uc904 \uc5f0\uacb0\uc744 \uad6c\ucd95\ud588\uc2b5\ub2c8\ub2e4.<\/p>\n<p>2025\ub144\uc5d0 \ub7f0\ub358 \ub3c4\uc11c\uc804\uc744 2025\ub144\uc5d0 \ub2e4\uc2dc \uac1c\ucd5c\ud560 \uc608\uc815\uc774\ub77c\ub294 \uc18c\uc2dd\uc744 \ubc1c\ud45c\ud558\uac8c \ub418\uc5b4 \uae30\uc069\ub2c8\ub2e4. \uc6b0\ub9ac\uc640 \uc5f0\uacb0\ud558\uace0 \ucd5c\uc2e0 \ud504\ub85c\uc81d\ud2b8\uc5d0 \ub300\ud574 \ub17c\uc758\ud558\uace0 \uc2f6\ub2e4\uba74 \uc5b8\uc81c\ub4e0\uc9c0 \ubb38\uc758\ud574 \uc8fc\uc138\uc694. \uc6b0\ub9ac\ub294 \uc774 \ud2b9\ubcc4\ud55c \ud589\uc0ac\ub97c \ud1b5\ud574 \ub610 \ub2e4\ub978 \ud765\ubbf8\uc9c4\uc9c4\ud55c \ud55c \ud574\ub97c \uae30\ub300\ud558\uace0 \uc788\uc2b5\ub2c8\ub2e4!<\/p>\n<p>\uc800\ud76c \uc2a4\ud0e0\ub4dc\ub97c \ubc29\ubb38\ud574 <strong>Interactive WORLD<\/strong>\uc5d0 \ub300\ud55c \uc0dd\uac01\uc744 \uacf5\uc720\ud558\uace0 \uc800\ud76c \uc791\uc5c5\uc744 \uc9c0\uc9c0\ud574\uc8fc\uc2e0 \ubaa8\ub4e0 \ubd84\ub4e4\uaed8 \uac10\uc0ac\ub4dc\ub9bd\ub2c8\ub2e4. \uc6b0\ub9ac \ucc45\uc5d0 \uc601\uac10\uc744 \uc900 \ubaa8\ub4e0 \ub3c5\uc790\uc5d0\uac8c \uc9c4\uc2ec\uc73c\ub85c \uac10\uc0ac\ub4dc\ub9ac\uba70 2025 \ub7f0\ub358 \ub3c4\uc11c \ubc15\ub78c\ud68c\uc5d0\uc11c \ub9cc\ub098\uae30\ub97c \uae30\ub300\ud569\ub2c8\ub2e4!<\/p>\n","protected":false},"excerpt":{"rendered":"<p>Buch Wien 2024 11\uc6d4 6\uc77c\ubd80\ud130 10\uc77c\uae4c\uc9c0 \ube44\uc5d4\ub098\uc5d0\uc11c \uac1c\ucd5c\ub418\ub294 \ub3c4\uc11c \ubc15\ub78c\ud68c Buch Wien 2024\uc5d0 \ucc38\uc11d\ud558\uac8c \ub418\uc5b4 \uae30\ubee4\uc2b5\ub2c8\ub2e4. \uc774 \uad8c\uc704 \uc788\ub294 \ubb38\ud559 \ud589\uc0ac\uc5d0\ub294 \uc720\ub7fd \uc804\uc5ed\uacfc \uadf8 \uc678 \uc9c0\uc5ed\uc758 \uc5f4\uc815\uc801\uc778 \ub3c5\uc790, \uc791\uac00, \ucd9c\ud310 \uc804\ubb38\uac00\ub4e4\uc774 \ubaa8\uc5ec\ub4e4\uace0 \uc788\uc2b5\ub2c8\ub2e4. \uc6b0\ub9ac\ub294 \uc601\uac10\uc744 \uc8fc\ub294 \uc804\uc2dc\ud68c\ub97c \ud0d0\uc0c9\ud558\uace0, \uc5c5\uacc4 \uc804\ubb38\uac00\uc640 \uad50\ub958\ud558\uace0, \uc120\uc815\ub41c \ucc38\uc11d\uc790\ub4e4\uacfc \uc6b0\ub9ac \ucc45\uc744 \uacf5\uc720\ud560 \uae30\ud68c\ub97c \uac00\uc84c\uc2b5\ub2c8\ub2e4. Interactive WORLD\uc5d0 \ub300\ud55c \ubc18\uc751\uc740 \uc555\ub3c4\uc801\uc73c\ub85c \uae0d\uc815\uc801\uc774\uc5c8\uc2b5\ub2c8\ub2e4. \ub3c5\ud2b9\ud55c [&hellip;]<\/p>\n","protected":false},"author":1,"featured_media":0,"parent":0,"menu_order":0,"comment_status":"closed","ping_status":"closed","template":"","meta":{"_acf_changed":false,"inline_featured_image":false,"footnotes":""},"class_list":["post-12672","page","type-page","status-publish","hentry"],"acf":[],"yoast_head":"<!-- This site is optimized with the Yoast SEO plugin v27.4 - https:\/\/yoast.com\/product\/yoast-seo-wordpress\/ -->\n<title>\uc6b0\ub9ac\ub97c \ub9cc\ub098\ubcf4\uc138\uc694 | Interactive World Book<\/title>\n<meta name=\"robots\" content=\"index, follow, max-snippet:-1, max-image-preview:large, max-video-preview:-1\" \/>\n<link rel=\"canonical\" href=\"https:\/\/interactiveworldbook.com\/ko\/meet-us\/\" \/>\n<meta property=\"og:locale\" content=\"ko_KR\" \/>\n<meta property=\"og:type\" content=\"article\" \/>\n<meta property=\"og:title\" content=\"\uc6b0\ub9ac\ub97c \ub9cc\ub098\ubcf4\uc138\uc694 | Interactive World Book\" \/>\n<meta property=\"og:description\" content=\"Buch Wien 2024 11\uc6d4 6\uc77c\ubd80\ud130 10\uc77c\uae4c\uc9c0 \ube44\uc5d4\ub098\uc5d0\uc11c \uac1c\ucd5c\ub418\ub294 \ub3c4\uc11c \ubc15\ub78c\ud68c Buch Wien 2024\uc5d0 \ucc38\uc11d\ud558\uac8c \ub418\uc5b4 \uae30\ubee4\uc2b5\ub2c8\ub2e4. \uc774 \uad8c\uc704 \uc788\ub294 \ubb38\ud559 \ud589\uc0ac\uc5d0\ub294 \uc720\ub7fd \uc804\uc5ed\uacfc \uadf8 \uc678 \uc9c0\uc5ed\uc758 \uc5f4\uc815\uc801\uc778 \ub3c5\uc790, \uc791\uac00, \ucd9c\ud310 \uc804\ubb38\uac00\ub4e4\uc774 \ubaa8\uc5ec\ub4e4\uace0 \uc788\uc2b5\ub2c8\ub2e4. \uc6b0\ub9ac\ub294 \uc601\uac10\uc744 \uc8fc\ub294 \uc804\uc2dc\ud68c\ub97c \ud0d0\uc0c9\ud558\uace0, \uc5c5\uacc4 \uc804\ubb38\uac00\uc640 \uad50\ub958\ud558\uace0, \uc120\uc815\ub41c \ucc38\uc11d\uc790\ub4e4\uacfc \uc6b0\ub9ac \ucc45\uc744 \uacf5\uc720\ud560 \uae30\ud68c\ub97c \uac00\uc84c\uc2b5\ub2c8\ub2e4. Interactive WORLD\uc5d0 \ub300\ud55c \ubc18\uc751\uc740 \uc555\ub3c4\uc801\uc73c\ub85c \uae0d\uc815\uc801\uc774\uc5c8\uc2b5\ub2c8\ub2e4. \ub3c5\ud2b9\ud55c [&hellip;]\" \/>\n<meta property=\"og:url\" content=\"https:\/\/interactiveworldbook.com\/ko\/meet-us\/\" \/>\n<meta property=\"og:site_name\" content=\"Interactive World Book\" \/>\n<meta property=\"article:publisher\" content=\"https:\/\/www.facebook.com\/interactiveworldbook\/\" \/>\n<meta property=\"article:modified_time\" content=\"2024-12-26T10:06:26+00:00\" \/>\n<meta property=\"og:image\" content=\"https:\/\/interactiveworldbook.com\/wp-content\/uploads\/2024\/12\/dcee6a081ac4bbce6c1ee35bd3d60739.png\" \/>\n<meta name=\"twitter:card\" content=\"summary_large_image\" \/>\n<script type=\"application\/ld+json\" class=\"yoast-schema-graph\">{\"@context\":\"https:\\\/\\\/schema.org\",\"@graph\":[{\"@type\":\"WebPage\",\"@id\":\"https:\\\/\\\/interactiveworldbook.com\\\/ko\\\/meet-us\\\/\",\"url\":\"https:\\\/\\\/interactiveworldbook.com\\\/ko\\\/meet-us\\\/\",\"name\":\"\uc6b0\ub9ac\ub97c \ub9cc\ub098\ubcf4\uc138\uc694 | Interactive World Book\",\"isPartOf\":{\"@id\":\"https:\\\/\\\/interactiveworldbook.com\\\/ko\\\/#website\"},\"primaryImageOfPage\":{\"@id\":\"https:\\\/\\\/interactiveworldbook.com\\\/ko\\\/meet-us\\\/#primaryimage\"},\"image\":{\"@id\":\"https:\\\/\\\/interactiveworldbook.com\\\/ko\\\/meet-us\\\/#primaryimage\"},\"thumbnailUrl\":\"https:\\\/\\\/interactiveworldbook.com\\\/wp-content\\\/uploads\\\/2024\\\/12\\\/dcee6a081ac4bbce6c1ee35bd3d60739.png\",\"datePublished\":\"2024-04-11T13:45:47+00:00\",\"dateModified\":\"2024-12-26T10:06:26+00:00\",\"breadcrumb\":{\"@id\":\"https:\\\/\\\/interactiveworldbook.com\\\/ko\\\/meet-us\\\/#breadcrumb\"},\"inLanguage\":\"ko-KR\",\"potentialAction\":[{\"@type\":\"ReadAction\",\"target\":[\"https:\\\/\\\/interactiveworldbook.com\\\/ko\\\/meet-us\\\/\"]}]},{\"@type\":\"ImageObject\",\"inLanguage\":\"ko-KR\",\"@id\":\"https:\\\/\\\/interactiveworldbook.com\\\/ko\\\/meet-us\\\/#primaryimage\",\"url\":\"https:\\\/\\\/interactiveworldbook.com\\\/wp-content\\\/uploads\\\/2024\\\/12\\\/dcee6a081ac4bbce6c1ee35bd3d60739.png\",\"contentUrl\":\"https:\\\/\\\/interactiveworldbook.com\\\/wp-content\\\/uploads\\\/2024\\\/12\\\/dcee6a081ac4bbce6c1ee35bd3d60739.png\"},{\"@type\":\"BreadcrumbList\",\"@id\":\"https:\\\/\\\/interactiveworldbook.com\\\/ko\\\/meet-us\\\/#breadcrumb\",\"itemListElement\":[{\"@type\":\"ListItem\",\"position\":1,\"name\":\"Dom\u016f\",\"item\":\"https:\\\/\\\/interactiveworldbook.com\\\/ko\\\/\"},{\"@type\":\"ListItem\",\"position\":2,\"name\":\"\uc6b0\ub9ac\ub97c \ub9cc\ub098\ubcf4\uc138\uc694\"}]},{\"@type\":\"WebSite\",\"@id\":\"https:\\\/\\\/interactiveworldbook.com\\\/ko\\\/#website\",\"url\":\"https:\\\/\\\/interactiveworldbook.com\\\/ko\\\/\",\"name\":\"Interactive World Book\",\"description\":\"Interactive World Book, kniha, m\u011bsta, zem\u011b, sv\u011btad\u00edly, informace\",\"publisher\":{\"@id\":\"https:\\\/\\\/interactiveworldbook.com\\\/ko\\\/#organization\"},\"potentialAction\":[{\"@type\":\"SearchAction\",\"target\":{\"@type\":\"EntryPoint\",\"urlTemplate\":\"https:\\\/\\\/interactiveworldbook.com\\\/ko\\\/?s={search_term_string}\"},\"query-input\":{\"@type\":\"PropertyValueSpecification\",\"valueRequired\":true,\"valueName\":\"search_term_string\"}}],\"inLanguage\":\"ko-KR\"},{\"@type\":\"Organization\",\"@id\":\"https:\\\/\\\/interactiveworldbook.com\\\/ko\\\/#organization\",\"name\":\"Interactive World Book\",\"url\":\"https:\\\/\\\/interactiveworldbook.com\\\/ko\\\/\",\"logo\":{\"@type\":\"ImageObject\",\"inLanguage\":\"ko-KR\",\"@id\":\"https:\\\/\\\/interactiveworldbook.com\\\/ko\\\/#\\\/schema\\\/logo\\\/image\\\/\",\"url\":\"https:\\\/\\\/interactiveworldbook.com\\\/wp-content\\\/uploads\\\/2024\\\/11\\\/IW_barevna-1.png\",\"contentUrl\":\"https:\\\/\\\/interactiveworldbook.com\\\/wp-content\\\/uploads\\\/2024\\\/11\\\/IW_barevna-1.png\",\"width\":1690,\"height\":583,\"caption\":\"Interactive World Book\"},\"image\":{\"@id\":\"https:\\\/\\\/interactiveworldbook.com\\\/ko\\\/#\\\/schema\\\/logo\\\/image\\\/\"},\"sameAs\":[\"https:\\\/\\\/www.facebook.com\\\/interactiveworldbook\\\/\",\"https:\\\/\\\/www.instagram.com\\\/interactive_world_book\\\/\",\"https:\\\/\\\/www.tiktok.com\\\/@iw_book\"]}]}<\/script>\n<!-- \/ Yoast SEO plugin. -->","yoast_head_json":{"title":"\uc6b0\ub9ac\ub97c \ub9cc\ub098\ubcf4\uc138\uc694 | Interactive World Book","robots":{"index":"index","follow":"follow","max-snippet":"max-snippet:-1","max-image-preview":"max-image-preview:large","max-video-preview":"max-video-preview:-1"},"canonical":"https:\/\/interactiveworldbook.com\/ko\/meet-us\/","og_locale":"ko_KR","og_type":"article","og_title":"\uc6b0\ub9ac\ub97c \ub9cc\ub098\ubcf4\uc138\uc694 | Interactive World Book","og_description":"Buch Wien 2024 11\uc6d4 6\uc77c\ubd80\ud130 10\uc77c\uae4c\uc9c0 \ube44\uc5d4\ub098\uc5d0\uc11c \uac1c\ucd5c\ub418\ub294 \ub3c4\uc11c \ubc15\ub78c\ud68c Buch Wien 2024\uc5d0 \ucc38\uc11d\ud558\uac8c \ub418\uc5b4 \uae30\ubee4\uc2b5\ub2c8\ub2e4. \uc774 \uad8c\uc704 \uc788\ub294 \ubb38\ud559 \ud589\uc0ac\uc5d0\ub294 \uc720\ub7fd \uc804\uc5ed\uacfc \uadf8 \uc678 \uc9c0\uc5ed\uc758 \uc5f4\uc815\uc801\uc778 \ub3c5\uc790, \uc791\uac00, \ucd9c\ud310 \uc804\ubb38\uac00\ub4e4\uc774 \ubaa8\uc5ec\ub4e4\uace0 \uc788\uc2b5\ub2c8\ub2e4. \uc6b0\ub9ac\ub294 \uc601\uac10\uc744 \uc8fc\ub294 \uc804\uc2dc\ud68c\ub97c \ud0d0\uc0c9\ud558\uace0, \uc5c5\uacc4 \uc804\ubb38\uac00\uc640 \uad50\ub958\ud558\uace0, \uc120\uc815\ub41c \ucc38\uc11d\uc790\ub4e4\uacfc \uc6b0\ub9ac \ucc45\uc744 \uacf5\uc720\ud560 \uae30\ud68c\ub97c \uac00\uc84c\uc2b5\ub2c8\ub2e4. Interactive WORLD\uc5d0 \ub300\ud55c \ubc18\uc751\uc740 \uc555\ub3c4\uc801\uc73c\ub85c \uae0d\uc815\uc801\uc774\uc5c8\uc2b5\ub2c8\ub2e4. \ub3c5\ud2b9\ud55c [&hellip;]","og_url":"https:\/\/interactiveworldbook.com\/ko\/meet-us\/","og_site_name":"Interactive World Book","article_publisher":"https:\/\/www.facebook.com\/interactiveworldbook\/","article_modified_time":"2024-12-26T10:06:26+00:00","og_image":[{"url":"https:\/\/interactiveworldbook.com\/wp-content\/uploads\/2024\/12\/dcee6a081ac4bbce6c1ee35bd3d60739.png","type":"","width":"","height":""}],"twitter_card":"summary_large_image","schema":{"@context":"https:\/\/schema.org","@graph":[{"@type":"WebPage","@id":"https:\/\/interactiveworldbook.com\/ko\/meet-us\/","url":"https:\/\/interactiveworldbook.com\/ko\/meet-us\/","name":"\uc6b0\ub9ac\ub97c \ub9cc\ub098\ubcf4\uc138\uc694 | Interactive World Book","isPartOf":{"@id":"https:\/\/interactiveworldbook.com\/ko\/#website"},"primaryImageOfPage":{"@id":"https:\/\/interactiveworldbook.com\/ko\/meet-us\/#primaryimage"},"image":{"@id":"https:\/\/interactiveworldbook.com\/ko\/meet-us\/#primaryimage"},"thumbnailUrl":"https:\/\/interactiveworldbook.com\/wp-content\/uploads\/2024\/12\/dcee6a081ac4bbce6c1ee35bd3d60739.png","datePublished":"2024-04-11T13:45:47+00:00","dateModified":"2024-12-26T10:06:26+00:00","breadcrumb":{"@id":"https:\/\/interactiveworldbook.com\/ko\/meet-us\/#breadcrumb"},"inLanguage":"ko-KR","potentialAction":[{"@type":"ReadAction","target":["https:\/\/interactiveworldbook.com\/ko\/meet-us\/"]}]},{"@type":"ImageObject","inLanguage":"ko-KR","@id":"https:\/\/interactiveworldbook.com\/ko\/meet-us\/#primaryimage","url":"https:\/\/interactiveworldbook.com\/wp-content\/uploads\/2024\/12\/dcee6a081ac4bbce6c1ee35bd3d60739.png","contentUrl":"https:\/\/interactiveworldbook.com\/wp-content\/uploads\/2024\/12\/dcee6a081ac4bbce6c1ee35bd3d60739.png"},{"@type":"BreadcrumbList","@id":"https:\/\/interactiveworldbook.com\/ko\/meet-us\/#breadcrumb","itemListElement":[{"@type":"ListItem","position":1,"name":"Dom\u016f","item":"https:\/\/interactiveworldbook.com\/ko\/"},{"@type":"ListItem","position":2,"name":"\uc6b0\ub9ac\ub97c \ub9cc\ub098\ubcf4\uc138\uc694"}]},{"@type":"WebSite","@id":"https:\/\/interactiveworldbook.com\/ko\/#website","url":"https:\/\/interactiveworldbook.com\/ko\/","name":"Interactive World Book","description":"Interactive World Book, kniha, m\u011bsta, zem\u011b, sv\u011btad\u00edly, informace","publisher":{"@id":"https:\/\/interactiveworldbook.com\/ko\/#organization"},"potentialAction":[{"@type":"SearchAction","target":{"@type":"EntryPoint","urlTemplate":"https:\/\/interactiveworldbook.com\/ko\/?s={search_term_string}"},"query-input":{"@type":"PropertyValueSpecification","valueRequired":true,"valueName":"search_term_string"}}],"inLanguage":"ko-KR"},{"@type":"Organization","@id":"https:\/\/interactiveworldbook.com\/ko\/#organization","name":"Interactive World Book","url":"https:\/\/interactiveworldbook.com\/ko\/","logo":{"@type":"ImageObject","inLanguage":"ko-KR","@id":"https:\/\/interactiveworldbook.com\/ko\/#\/schema\/logo\/image\/","url":"https:\/\/interactiveworldbook.com\/wp-content\/uploads\/2024\/11\/IW_barevna-1.png","contentUrl":"https:\/\/interactiveworldbook.com\/wp-content\/uploads\/2024\/11\/IW_barevna-1.png","width":1690,"height":583,"caption":"Interactive World Book"},"image":{"@id":"https:\/\/interactiveworldbook.com\/ko\/#\/schema\/logo\/image\/"},"sameAs":["https:\/\/www.facebook.com\/interactiveworldbook\/","https:\/\/www.instagram.com\/interactive_world_book\/","https:\/\/www.tiktok.com\/@iw_book"]}]}},"_links":{"self":[{"href":"https:\/\/interactiveworldbook.com\/ko\/wp-json\/wp\/v2\/pages\/12672","targetHints":{"allow":["GET"]}}],"collection":[{"href":"https:\/\/interactiveworldbook.com\/ko\/wp-json\/wp\/v2\/pages"}],"about":[{"href":"https:\/\/interactiveworldbook.com\/ko\/wp-json\/wp\/v2\/types\/page"}],"author":[{"embeddable":true,"href":"https:\/\/interactiveworldbook.com\/ko\/wp-json\/wp\/v2\/users\/1"}],"replies":[{"embeddable":true,"href":"https:\/\/interactiveworldbook.com\/ko\/wp-json\/wp\/v2\/comments?post=12672"}],"version-history":[{"count":5,"href":"https:\/\/interactiveworldbook.com\/ko\/wp-json\/wp\/v2\/pages\/12672\/revisions"}],"predecessor-version":[{"id":26434,"href":"https:\/\/interactiveworldbook.com\/ko\/wp-json\/wp\/v2\/pages\/12672\/revisions\/26434"}],"wp:attachment":[{"href":"https:\/\/interactiveworldbook.com\/ko\/wp-json\/wp\/v2\/media?parent=12672"}],"curies":[{"name":"wp","href":"https:\/\/api.w.org\/{rel}","templated":true}]}}