{"id":12880,"date":"2023-03-07T11:08:49","date_gmt":"2023-03-07T10:08:49","guid":{"rendered":"https:\/\/interactiveworldbook.com\/shipping-and-payment\/"},"modified":"2026-01-21T11:04:23","modified_gmt":"2026-01-21T10:04:23","slug":"shipping-and-payment","status":"publish","type":"page","link":"https:\/\/interactiveworldbook.com\/ko\/shipping-and-payment\/","title":{"rendered":"\ubc30\uc1a1 \ubc0f \uacb0\uc81c"},"content":{"rendered":"<p><b>\uc8fc\ubb38\uc740<\/b> <b>\uc5b4\ub5bb\uac8c<\/b> <b>\ubc30\uc1a1\ub418\ub098\uc694<\/b><b>?<\/b><\/p>\n<ul>\n<li><span style=\"font-weight: 400;\">\uc6b0\ub9ac\ub294<\/span> <span style=\"font-weight: 400;\">\ud56d\uc0c1<\/span> <span style=\"font-weight: 400;\">\uac00\ub2a5\ud55c<\/span> <span style=\"font-weight: 400;\">\ud55c<\/span> <span style=\"font-weight: 400;\">\ube68\ub9ac<\/span> <span style=\"font-weight: 400;\">\uadc0\ud558\uc758<\/span> <span style=\"font-weight: 400;\">\uc8fc\ubb38\uc744<\/span> <span style=\"font-weight: 400;\">\ucc98\ub9ac\ud558\uae30<\/span> <span style=\"font-weight: 400;\">\uc704\ud574<\/span> <span style=\"font-weight: 400;\">\ucd5c\uc120\uc744<\/span> <span style=\"font-weight: 400;\">\ub2e4\ud558\uace0<\/span> <span style=\"font-weight: 400;\">\uc788\uc2b5\ub2c8\ub2e4<\/span><span style=\"font-weight: 400;\">.<\/span><\/li>\n<li><span style=\"font-weight: 400;\">\uc8fc\ubb38<\/span> <span style=\"font-weight: 400;\">\ubc30\uc1a1\uc740<\/span> <span style=\"font-weight: 400;\">\uc6b4\uc1a1\uc5c5\uccb4<\/span><span style=\"font-weight: 400;\">\u00a0<\/span><b>Z\u00e1silkovna <\/b><b>\uac00<\/b> <b>\uc81c\uacf5\ud569\ub2c8\ub2e4<\/b><b>.<\/b><\/li>\n<li>\uc804 \uc138\uacc4 \ubc30\uc1a1\ube44\ub294 20\u201340\uc720\ub85c\uc785\ub2c8\ub2e4.<\/li>\n<\/ul>\n<p><b>\uc9c0\ubd88<\/b> <b>\uc870\uac74<\/b><\/p>\n<ul>\n<li><span style=\"font-weight: 400;\">\ud45c\uc900<\/span> <span style=\"font-weight: 400;\">\uc740\ud589<\/span> <span style=\"font-weight: 400;\">\uc1a1\uae08\uc73c\ub85c<\/span> <span style=\"font-weight: 400;\">\uc0ac\uc804<\/span> <span style=\"font-weight: 400;\">\uc9c0\ubd88<\/span><span style=\"font-weight: 400;\"> IBAN: CZ9455000000002946788002 SWIFT: RZBCCZPP \u2013 Raiffeisen Bank a.s. \u2013 <\/span><span style=\"font-weight: 400;\">\uc8fc\ubb38<\/span> <span style=\"font-weight: 400;\">\ubc88\ud638\ub97c<\/span> <span style=\"font-weight: 400;\">\uac00\ubcc0<\/span> <span style=\"font-weight: 400;\">\uae30\ud638\ub85c<\/span> <span style=\"font-weight: 400;\">\uc0ac\uc6a9<\/span><\/li>\n<li><strong><span style=\"font-weight: 400;\">GoPay <\/span><span style=\"font-weight: 400;\">\uacb0\uc81c<\/span> <span style=\"font-weight: 400;\">\uac8c\uc774\ud2b8\uc6e8\uc774\ub97c<\/span> <span style=\"font-weight: 400;\">\ud1b5\ud55c<\/span> <span style=\"font-weight: 400;\">\uce74\ub4dc<\/span> <span style=\"font-weight: 400;\">\uacb0\uc81c<\/span><img loading=\"lazy\" decoding=\"async\" class=\"alignnone size-full wp-image-3491\" src=\"https:\/\/interactiveworldbook.com\/wp-content\/uploads\/2023\/03\/gopay_bannery-barevne.png\" alt=\"\" width=\"100\" height=\"35\" \/><\/strong><\/li>\n<li><span style=\"font-weight: 400;\">\uc628\ub77c\uc778<\/span> <span style=\"font-weight: 400;\">\uc740\ud589<\/span> <span style=\"font-weight: 400;\">\uc1a1\uae08\uc73c\ub85c<\/span> <span style=\"font-weight: 400;\">\uacb0\uc81c<\/span><\/li>\n<li><span style=\"font-weight: 400;\">\ubc30\ub2ec\uc2dc<\/span> <span style=\"font-weight: 400;\">\uc9c0\ubd88<\/span><\/li>\n<\/ul>\n<p><b>GoPay <\/b><b>\uac8c\uc774\ud2b8\uc6e8\uc774\ub97c<\/b> <b>\ud1b5\ud55c<\/b> <b>\uacb0\uc81c<\/b> <b>\uc635\uc158<\/b><\/p>\n<p><span style=\"font-weight: 400;\">\uc628\ub77c\uc778<\/span> <span style=\"font-weight: 400;\">\uacb0\uc81c\ub294<\/span><span style=\"font-weight: 400;\"> GoPay <\/span><span style=\"font-weight: 400;\">\uacb0\uc81c<\/span> <span style=\"font-weight: 400;\">\uac8c\uc774\ud2b8\uc6e8\uc774\uc5d0\uc11c<\/span> <span style=\"font-weight: 400;\">\uc81c\uacf5\ud569\ub2c8\ub2e4<\/span><span style=\"font-weight: 400;\">. <\/span><span style=\"font-weight: 400;\">\uc11c\ube44\uc2a4<\/span> <span style=\"font-weight: 400;\">\uc81c\uacf5\uc5c5\uccb4\uc778<\/span><span style=\"font-weight: 400;\"> GOPAY sro<\/span><span style=\"font-weight: 400;\">\ub294<\/span> <span style=\"font-weight: 400;\">\uccb4\ucf54<\/span> <span style=\"font-weight: 400;\">\uad6d\ub9bd\uc740\ud589\uc758<\/span> <span style=\"font-weight: 400;\">\uac10\ub3c5<\/span> <span style=\"font-weight: 400;\">\ud558\uc5d0<\/span> <span style=\"font-weight: 400;\">\uc6b4\uc601\ub418\ub294<\/span> <span style=\"font-weight: 400;\">\ud5c8\uac00\ub41c<\/span> <span style=\"font-weight: 400;\">\uacb0\uc81c<\/span> <span style=\"font-weight: 400;\">\uae30\uad00\uc785\ub2c8\ub2e4<\/span><span style=\"font-weight: 400;\">. <\/span><span style=\"font-weight: 400;\">\uacb0\uc81c<\/span> <span style=\"font-weight: 400;\">\uac8c\uc774\ud2b8\uc6e8\uc774\ub97c<\/span> <span style=\"font-weight: 400;\">\ud1b5\ud574<\/span> <span style=\"font-weight: 400;\">\uc774\ub8e8\uc5b4\uc9c0\ub294<\/span> <span style=\"font-weight: 400;\">\uacb0\uc81c\ub294<\/span> <span style=\"font-weight: 400;\">\uc644\ubcbd\ud558\uac8c<\/span> <span style=\"font-weight: 400;\">\ubcf4\uc548\ub418\uba70<\/span> <span style=\"font-weight: 400;\">\ubaa8\ub4e0<\/span> <span style=\"font-weight: 400;\">\uc815\ubcf4\ub294<\/span> <span style=\"font-weight: 400;\">\uc554\ud638\ud654\ub429\ub2c8\ub2e4<\/span><span style=\"font-weight: 400;\">.<\/span><\/p>\n<p><b>\uce74\ub4dc\ub85c<\/b> <b>\uacb0\uc81c<\/b><\/p>\n<p><span style=\"font-weight: 400;\">\uc628\ub77c\uc778\uc73c\ub85c<\/span> <span style=\"font-weight: 400;\">\uacb0\uc81c\ud558\ub294<\/span> <span style=\"font-weight: 400;\">\uac00\uc7a5<\/span> <span style=\"font-weight: 400;\">\ube60\ub978<\/span> <span style=\"font-weight: 400;\">\ubc29\ubc95<\/span><span style=\"font-weight: 400;\">. GoPay <\/span><span style=\"font-weight: 400;\">\uacb0\uc81c<\/span> <span style=\"font-weight: 400;\">\uac8c\uc774\ud2b8\uc6e8\uc774<\/span> <span style=\"font-weight: 400;\">\uc778\ud130\ud398\uc774\uc2a4\uc5d0\uc11c<\/span> <span style=\"font-weight: 400;\">\uce74\ub4dc<\/span> <span style=\"font-weight: 400;\">\ubc88\ud638<\/span><span style=\"font-weight: 400;\">, <\/span><span style=\"font-weight: 400;\">\uc720\ud6a8<\/span> <span style=\"font-weight: 400;\">\uae30\uac04<\/span><span style=\"font-weight: 400;\">, CVC <\/span><span style=\"font-weight: 400;\">\ucf54\ub4dc<\/span><span style=\"font-weight: 400;\">(<\/span><span style=\"font-weight: 400;\">\uce74\ub4dc<\/span> <span style=\"font-weight: 400;\">\ub4b7\uba74\uc758<\/span> <span style=\"font-weight: 400;\">\uc11c\uba85\ub780\uc5d0\uc11c<\/span> <span style=\"font-weight: 400;\">\ucc3e\uc744<\/span> <span style=\"font-weight: 400;\">\uc218<\/span> <span style=\"font-weight: 400;\">\uc788\ub294<\/span> <span style=\"font-weight: 400;\">\uc138<\/span> <span style=\"font-weight: 400;\">\uac1c\uc758<\/span> <span style=\"font-weight: 400;\">\uc22b\uc790<\/span><span style=\"font-weight: 400;\">)<\/span><span style=\"font-weight: 400;\">\ub97c<\/span> <span style=\"font-weight: 400;\">\uc785\ub825\ud569\ub2c8\ub2e4<\/span><span style=\"font-weight: 400;\">. <\/span><span style=\"font-weight: 400;\">\ubaa8\ub4e0<\/span> <span style=\"font-weight: 400;\">\uac83\uc774<\/span><span style=\"font-weight: 400;\"> 3D Secure <\/span><span style=\"font-weight: 400;\">\ud45c\uc900\uc73c\ub85c<\/span> <span style=\"font-weight: 400;\">\ubcf4\ud638\ub418\ubbc0\ub85c<\/span> <span style=\"font-weight: 400;\">\uc740\ud589\uc5d0\uc11c<\/span><span style=\"font-weight: 400;\"> SMS<\/span><span style=\"font-weight: 400;\">\ub85c<\/span> <span style=\"font-weight: 400;\">\uc218\uc2e0\ud558\ub294<\/span> <span style=\"font-weight: 400;\">\uc22b\uc790<\/span> <span style=\"font-weight: 400;\">\ucf54\ub4dc\ub97c<\/span> <span style=\"font-weight: 400;\">\uc785\ub825\ud558\ub77c\ub294<\/span> <span style=\"font-weight: 400;\">\uc694\uccad\uc744<\/span> <span style=\"font-weight: 400;\">\ubc1b\uc744<\/span> <span style=\"font-weight: 400;\">\uac00\ub2a5\uc131\uc774<\/span> <span style=\"font-weight: 400;\">\ub192\uc2b5\ub2c8\ub2e4<\/span><span style=\"font-weight: 400;\">.<\/span><\/p>\n<p><img loading=\"lazy\" decoding=\"async\" class=\"alignnone size-full wp-image-3490\" src=\"https:\/\/interactiveworldbook.com\/wp-content\/uploads\/2023\/03\/comgate-karetni-loga.png\" alt=\"\" width=\"728\" height=\"90\" srcset=\"https:\/\/interactiveworldbook.com\/wp-content\/uploads\/2023\/03\/comgate-karetni-loga.png 728w, https:\/\/interactiveworldbook.com\/wp-content\/uploads\/2023\/03\/comgate-karetni-loga-300x37.png 300w, https:\/\/interactiveworldbook.com\/wp-content\/uploads\/2023\/03\/comgate-karetni-loga-600x74.png 600w\" sizes=\"auto, (max-width: 728px) 100vw, 728px\" \/><\/p>\n<p><b>\uc628\ub77c\uc778<\/b> <b>\uc740\ud589<\/b> <b>\uc1a1\uae08\uc73c\ub85c<\/b> <b>\uacb0\uc81c<\/b><\/p>\n<p><span style=\"font-weight: 400;\">\uc778\ud130\ub137<\/span> <span style=\"font-weight: 400;\">\ubc45\ud0b9\uc744<\/span> <span style=\"font-weight: 400;\">\ud1b5\ud55c<\/span> <span style=\"font-weight: 400;\">\uc989\uc2dc<\/span> <span style=\"font-weight: 400;\">\uacb0\uc81c<\/span><span style=\"font-weight: 400;\">. GoPay <\/span><span style=\"font-weight: 400;\">\uacb0\uc81c<\/span> <span style=\"font-weight: 400;\">\uac8c\uc774\ud2b8\uc6e8\uc774\ub294<\/span> <span style=\"font-weight: 400;\">\uadc0\ud558\ub97c<\/span> <span style=\"font-weight: 400;\">\uc778\ud130\ub137<\/span> <span style=\"font-weight: 400;\">\ubc45\ud0b9<\/span> <span style=\"font-weight: 400;\">\uc81c\uacf5\uc790\ub85c<\/span> <span style=\"font-weight: 400;\">\ub9ac\ub514\ub809\uc158\ud558\uc5ec<\/span> <span style=\"font-weight: 400;\">\ub85c\uadf8\uc778<\/span> <span style=\"font-weight: 400;\">\uc138\ubd80<\/span> <span style=\"font-weight: 400;\">\uc815\ubcf4\ub85c<\/span> <span style=\"font-weight: 400;\">\ub85c\uadf8\uc778\ud558\uace0<\/span> <span style=\"font-weight: 400;\">\ubbf8\ub9ac<\/span> <span style=\"font-weight: 400;\">\uc900\ube44\ub41c<\/span> <span style=\"font-weight: 400;\">\uacb0\uc81c<\/span> <span style=\"font-weight: 400;\">\uc8fc\ubb38\uc744<\/span> <span style=\"font-weight: 400;\">\ud655\uc778\ud569\ub2c8\ub2e4<\/span><span style=\"font-weight: 400;\">.<\/span><\/p>\n<p><img loading=\"lazy\" decoding=\"async\" class=\"alignnone size-full wp-image-3489\" src=\"https:\/\/interactiveworldbook.com\/wp-content\/uploads\/2023\/03\/platebni-brana-comgate-banky.png\" alt=\"\" width=\"728\" height=\"311\" srcset=\"https:\/\/interactiveworldbook.com\/wp-content\/uploads\/2023\/03\/platebni-brana-comgate-banky.png 728w, https:\/\/interactiveworldbook.com\/wp-content\/uploads\/2023\/03\/platebni-brana-comgate-banky-300x128.png 300w, https:\/\/interactiveworldbook.com\/wp-content\/uploads\/2023\/03\/platebni-brana-comgate-banky-600x256.png 600w\" sizes=\"auto, (max-width: 728px) 100vw, 728px\" \/><\/p>\n<p><span style=\"font-weight: 400;\">\uacb0\uc81c\ub97c<\/span> <span style=\"font-weight: 400;\">\uc644\ub8cc\ud55c<\/span> <span style=\"font-weight: 400;\">\ud6c4<\/span> <span style=\"font-weight: 400;\">\ub9e4\uc7a5\uc73c\ub85c<\/span> <span style=\"font-weight: 400;\">\ub2e4\uc2dc<\/span> <span style=\"font-weight: 400;\">\ub9ac\ub514\ub809\uc158\ub429\ub2c8\ub2e4<\/span><span style=\"font-weight: 400;\">. <\/span><span style=\"font-weight: 400;\">\uacb0\uc81c\ub294<\/span> <span style=\"font-weight: 400;\">\uc989\uc2dc<\/span> <span style=\"font-weight: 400;\">\ud655\uc778\ub418\uba70<\/span> <span style=\"font-weight: 400;\">\uc9c0\uccb4<\/span> <span style=\"font-weight: 400;\">\uc5c6\uc774<\/span> <span style=\"font-weight: 400;\">\uc8fc\ubb38<\/span> <span style=\"font-weight: 400;\">\uc2e4\ud589\uc744<\/span> <span style=\"font-weight: 400;\">\uc9c4\ud589\ud569\ub2c8\ub2e4<\/span><span style=\"font-weight: 400;\">.<\/span><\/p>\n","protected":false},"excerpt":{"rendered":"<p>\uc8fc\ubb38\uc740 \uc5b4\ub5bb\uac8c \ubc30\uc1a1\ub418\ub098\uc694? \uc6b0\ub9ac\ub294 \ud56d\uc0c1 \uac00\ub2a5\ud55c \ud55c \ube68\ub9ac \uadc0\ud558\uc758 \uc8fc\ubb38\uc744 \ucc98\ub9ac\ud558\uae30 \uc704\ud574 \ucd5c\uc120\uc744 \ub2e4\ud558\uace0 \uc788\uc2b5\ub2c8\ub2e4. \uc8fc\ubb38 \ubc30\uc1a1\uc740 \uc6b4\uc1a1\uc5c5\uccb4\u00a0Z\u00e1silkovna \uac00 \uc81c\uacf5\ud569\ub2c8\ub2e4. \uc804 \uc138\uacc4 \ubc30\uc1a1\ube44\ub294 20\u201340\uc720\ub85c\uc785\ub2c8\ub2e4. \uc9c0\ubd88 \uc870\uac74 \ud45c\uc900 \uc740\ud589 \uc1a1\uae08\uc73c\ub85c \uc0ac\uc804 \uc9c0\ubd88 IBAN: CZ9455000000002946788002 SWIFT: RZBCCZPP \u2013 Raiffeisen Bank a.s. \u2013 \uc8fc\ubb38 \ubc88\ud638\ub97c \uac00\ubcc0 \uae30\ud638\ub85c \uc0ac\uc6a9 GoPay \uacb0\uc81c \uac8c\uc774\ud2b8\uc6e8\uc774\ub97c \ud1b5\ud55c \uce74\ub4dc \uacb0\uc81c \uc628\ub77c\uc778 \uc740\ud589 \uc1a1\uae08\uc73c\ub85c \uacb0\uc81c [&hellip;]<\/p>\n","protected":false},"author":1,"featured_media":0,"parent":0,"menu_order":0,"comment_status":"closed","ping_status":"closed","template":"","meta":{"_acf_changed":false,"inline_featured_image":false,"footnotes":""},"class_list":["post-12880","page","type-page","status-publish","hentry"],"acf":[],"yoast_head":"<!-- This site is optimized with the Yoast SEO plugin v27.4 - https:\/\/yoast.com\/product\/yoast-seo-wordpress\/ -->\n<title>\ubc30\uc1a1 \ubc0f \uacb0\uc81c | Interactive World Book<\/title>\n<meta name=\"robots\" content=\"index, follow, max-snippet:-1, max-image-preview:large, max-video-preview:-1\" \/>\n<link rel=\"canonical\" href=\"https:\/\/interactiveworldbook.com\/ko\/shipping-and-payment\/\" \/>\n<meta property=\"og:locale\" content=\"ko_KR\" \/>\n<meta property=\"og:type\" content=\"article\" \/>\n<meta property=\"og:title\" content=\"\ubc30\uc1a1 \ubc0f \uacb0\uc81c | Interactive World Book\" \/>\n<meta property=\"og:description\" content=\"\uc8fc\ubb38\uc740 \uc5b4\ub5bb\uac8c \ubc30\uc1a1\ub418\ub098\uc694? \uc6b0\ub9ac\ub294 \ud56d\uc0c1 \uac00\ub2a5\ud55c \ud55c \ube68\ub9ac \uadc0\ud558\uc758 \uc8fc\ubb38\uc744 \ucc98\ub9ac\ud558\uae30 \uc704\ud574 \ucd5c\uc120\uc744 \ub2e4\ud558\uace0 \uc788\uc2b5\ub2c8\ub2e4. \uc8fc\ubb38 \ubc30\uc1a1\uc740 \uc6b4\uc1a1\uc5c5\uccb4\u00a0Z\u00e1silkovna \uac00 \uc81c\uacf5\ud569\ub2c8\ub2e4. \uc804 \uc138\uacc4 \ubc30\uc1a1\ube44\ub294 20\u201340\uc720\ub85c\uc785\ub2c8\ub2e4. \uc9c0\ubd88 \uc870\uac74 \ud45c\uc900 \uc740\ud589 \uc1a1\uae08\uc73c\ub85c \uc0ac\uc804 \uc9c0\ubd88 IBAN: CZ9455000000002946788002 SWIFT: RZBCCZPP \u2013 Raiffeisen Bank a.s. \u2013 \uc8fc\ubb38 \ubc88\ud638\ub97c \uac00\ubcc0 \uae30\ud638\ub85c \uc0ac\uc6a9 GoPay \uacb0\uc81c \uac8c\uc774\ud2b8\uc6e8\uc774\ub97c \ud1b5\ud55c \uce74\ub4dc \uacb0\uc81c \uc628\ub77c\uc778 \uc740\ud589 \uc1a1\uae08\uc73c\ub85c \uacb0\uc81c [&hellip;]\" \/>\n<meta property=\"og:url\" content=\"https:\/\/interactiveworldbook.com\/ko\/shipping-and-payment\/\" \/>\n<meta property=\"og:site_name\" content=\"Interactive World Book\" \/>\n<meta property=\"article:publisher\" content=\"https:\/\/www.facebook.com\/interactiveworldbook\/\" \/>\n<meta property=\"article:modified_time\" content=\"2026-01-21T10:04:23+00:00\" \/>\n<meta property=\"og:image\" content=\"https:\/\/interactiveworldbook.com\/wp-content\/uploads\/2023\/03\/gopay_bannery-barevne.png\" \/>\n<meta name=\"twitter:card\" content=\"summary_large_image\" \/>\n<script type=\"application\/ld+json\" class=\"yoast-schema-graph\">{\"@context\":\"https:\\\/\\\/schema.org\",\"@graph\":[{\"@type\":\"WebPage\",\"@id\":\"https:\\\/\\\/interactiveworldbook.com\\\/ko\\\/shipping-and-payment\\\/\",\"url\":\"https:\\\/\\\/interactiveworldbook.com\\\/ko\\\/shipping-and-payment\\\/\",\"name\":\"\ubc30\uc1a1 \ubc0f \uacb0\uc81c | Interactive World Book\",\"isPartOf\":{\"@id\":\"https:\\\/\\\/interactiveworldbook.com\\\/ko\\\/#website\"},\"primaryImageOfPage\":{\"@id\":\"https:\\\/\\\/interactiveworldbook.com\\\/ko\\\/shipping-and-payment\\\/#primaryimage\"},\"image\":{\"@id\":\"https:\\\/\\\/interactiveworldbook.com\\\/ko\\\/shipping-and-payment\\\/#primaryimage\"},\"thumbnailUrl\":\"https:\\\/\\\/interactiveworldbook.com\\\/wp-content\\\/uploads\\\/2023\\\/03\\\/gopay_bannery-barevne.png\",\"datePublished\":\"2023-03-07T10:08:49+00:00\",\"dateModified\":\"2026-01-21T10:04:23+00:00\",\"breadcrumb\":{\"@id\":\"https:\\\/\\\/interactiveworldbook.com\\\/ko\\\/shipping-and-payment\\\/#breadcrumb\"},\"inLanguage\":\"ko-KR\",\"potentialAction\":[{\"@type\":\"ReadAction\",\"target\":[\"https:\\\/\\\/interactiveworldbook.com\\\/ko\\\/shipping-and-payment\\\/\"]}]},{\"@type\":\"ImageObject\",\"inLanguage\":\"ko-KR\",\"@id\":\"https:\\\/\\\/interactiveworldbook.com\\\/ko\\\/shipping-and-payment\\\/#primaryimage\",\"url\":\"https:\\\/\\\/interactiveworldbook.com\\\/wp-content\\\/uploads\\\/2023\\\/03\\\/gopay_bannery-barevne.png\",\"contentUrl\":\"https:\\\/\\\/interactiveworldbook.com\\\/wp-content\\\/uploads\\\/2023\\\/03\\\/gopay_bannery-barevne.png\"},{\"@type\":\"BreadcrumbList\",\"@id\":\"https:\\\/\\\/interactiveworldbook.com\\\/ko\\\/shipping-and-payment\\\/#breadcrumb\",\"itemListElement\":[{\"@type\":\"ListItem\",\"position\":1,\"name\":\"Dom\u016f\",\"item\":\"https:\\\/\\\/interactiveworldbook.com\\\/ko\\\/\"},{\"@type\":\"ListItem\",\"position\":2,\"name\":\"\ubc30\uc1a1 \ubc0f \uacb0\uc81c\"}]},{\"@type\":\"WebSite\",\"@id\":\"https:\\\/\\\/interactiveworldbook.com\\\/ko\\\/#website\",\"url\":\"https:\\\/\\\/interactiveworldbook.com\\\/ko\\\/\",\"name\":\"Interactive World Book\",\"description\":\"Interactive World Book, kniha, m\u011bsta, zem\u011b, sv\u011btad\u00edly, informace\",\"publisher\":{\"@id\":\"https:\\\/\\\/interactiveworldbook.com\\\/ko\\\/#organization\"},\"potentialAction\":[{\"@type\":\"SearchAction\",\"target\":{\"@type\":\"EntryPoint\",\"urlTemplate\":\"https:\\\/\\\/interactiveworldbook.com\\\/ko\\\/?s={search_term_string}\"},\"query-input\":{\"@type\":\"PropertyValueSpecification\",\"valueRequired\":true,\"valueName\":\"search_term_string\"}}],\"inLanguage\":\"ko-KR\"},{\"@type\":\"Organization\",\"@id\":\"https:\\\/\\\/interactiveworldbook.com\\\/ko\\\/#organization\",\"name\":\"Interactive World Book\",\"url\":\"https:\\\/\\\/interactiveworldbook.com\\\/ko\\\/\",\"logo\":{\"@type\":\"ImageObject\",\"inLanguage\":\"ko-KR\",\"@id\":\"https:\\\/\\\/interactiveworldbook.com\\\/ko\\\/#\\\/schema\\\/logo\\\/image\\\/\",\"url\":\"https:\\\/\\\/interactiveworldbook.com\\\/wp-content\\\/uploads\\\/2024\\\/11\\\/IW_barevna-1.png\",\"contentUrl\":\"https:\\\/\\\/interactiveworldbook.com\\\/wp-content\\\/uploads\\\/2024\\\/11\\\/IW_barevna-1.png\",\"width\":1690,\"height\":583,\"caption\":\"Interactive World Book\"},\"image\":{\"@id\":\"https:\\\/\\\/interactiveworldbook.com\\\/ko\\\/#\\\/schema\\\/logo\\\/image\\\/\"},\"sameAs\":[\"https:\\\/\\\/www.facebook.com\\\/interactiveworldbook\\\/\",\"https:\\\/\\\/www.instagram.com\\\/interactive_world_book\\\/\",\"https:\\\/\\\/www.tiktok.com\\\/@iw_book\"]}]}<\/script>\n<!-- \/ Yoast SEO plugin. -->","yoast_head_json":{"title":"\ubc30\uc1a1 \ubc0f \uacb0\uc81c | Interactive World Book","robots":{"index":"index","follow":"follow","max-snippet":"max-snippet:-1","max-image-preview":"max-image-preview:large","max-video-preview":"max-video-preview:-1"},"canonical":"https:\/\/interactiveworldbook.com\/ko\/shipping-and-payment\/","og_locale":"ko_KR","og_type":"article","og_title":"\ubc30\uc1a1 \ubc0f \uacb0\uc81c | Interactive World Book","og_description":"\uc8fc\ubb38\uc740 \uc5b4\ub5bb\uac8c \ubc30\uc1a1\ub418\ub098\uc694? \uc6b0\ub9ac\ub294 \ud56d\uc0c1 \uac00\ub2a5\ud55c \ud55c \ube68\ub9ac \uadc0\ud558\uc758 \uc8fc\ubb38\uc744 \ucc98\ub9ac\ud558\uae30 \uc704\ud574 \ucd5c\uc120\uc744 \ub2e4\ud558\uace0 \uc788\uc2b5\ub2c8\ub2e4. \uc8fc\ubb38 \ubc30\uc1a1\uc740 \uc6b4\uc1a1\uc5c5\uccb4\u00a0Z\u00e1silkovna \uac00 \uc81c\uacf5\ud569\ub2c8\ub2e4. \uc804 \uc138\uacc4 \ubc30\uc1a1\ube44\ub294 20\u201340\uc720\ub85c\uc785\ub2c8\ub2e4. \uc9c0\ubd88 \uc870\uac74 \ud45c\uc900 \uc740\ud589 \uc1a1\uae08\uc73c\ub85c \uc0ac\uc804 \uc9c0\ubd88 IBAN: CZ9455000000002946788002 SWIFT: RZBCCZPP \u2013 Raiffeisen Bank a.s. \u2013 \uc8fc\ubb38 \ubc88\ud638\ub97c \uac00\ubcc0 \uae30\ud638\ub85c \uc0ac\uc6a9 GoPay \uacb0\uc81c \uac8c\uc774\ud2b8\uc6e8\uc774\ub97c \ud1b5\ud55c \uce74\ub4dc \uacb0\uc81c \uc628\ub77c\uc778 \uc740\ud589 \uc1a1\uae08\uc73c\ub85c \uacb0\uc81c [&hellip;]","og_url":"https:\/\/interactiveworldbook.com\/ko\/shipping-and-payment\/","og_site_name":"Interactive World Book","article_publisher":"https:\/\/www.facebook.com\/interactiveworldbook\/","article_modified_time":"2026-01-21T10:04:23+00:00","og_image":[{"url":"https:\/\/interactiveworldbook.com\/wp-content\/uploads\/2023\/03\/gopay_bannery-barevne.png","type":"","width":"","height":""}],"twitter_card":"summary_large_image","schema":{"@context":"https:\/\/schema.org","@graph":[{"@type":"WebPage","@id":"https:\/\/interactiveworldbook.com\/ko\/shipping-and-payment\/","url":"https:\/\/interactiveworldbook.com\/ko\/shipping-and-payment\/","name":"\ubc30\uc1a1 \ubc0f \uacb0\uc81c | Interactive World Book","isPartOf":{"@id":"https:\/\/interactiveworldbook.com\/ko\/#website"},"primaryImageOfPage":{"@id":"https:\/\/interactiveworldbook.com\/ko\/shipping-and-payment\/#primaryimage"},"image":{"@id":"https:\/\/interactiveworldbook.com\/ko\/shipping-and-payment\/#primaryimage"},"thumbnailUrl":"https:\/\/interactiveworldbook.com\/wp-content\/uploads\/2023\/03\/gopay_bannery-barevne.png","datePublished":"2023-03-07T10:08:49+00:00","dateModified":"2026-01-21T10:04:23+00:00","breadcrumb":{"@id":"https:\/\/interactiveworldbook.com\/ko\/shipping-and-payment\/#breadcrumb"},"inLanguage":"ko-KR","potentialAction":[{"@type":"ReadAction","target":["https:\/\/interactiveworldbook.com\/ko\/shipping-and-payment\/"]}]},{"@type":"ImageObject","inLanguage":"ko-KR","@id":"https:\/\/interactiveworldbook.com\/ko\/shipping-and-payment\/#primaryimage","url":"https:\/\/interactiveworldbook.com\/wp-content\/uploads\/2023\/03\/gopay_bannery-barevne.png","contentUrl":"https:\/\/interactiveworldbook.com\/wp-content\/uploads\/2023\/03\/gopay_bannery-barevne.png"},{"@type":"BreadcrumbList","@id":"https:\/\/interactiveworldbook.com\/ko\/shipping-and-payment\/#breadcrumb","itemListElement":[{"@type":"ListItem","position":1,"name":"Dom\u016f","item":"https:\/\/interactiveworldbook.com\/ko\/"},{"@type":"ListItem","position":2,"name":"\ubc30\uc1a1 \ubc0f \uacb0\uc81c"}]},{"@type":"WebSite","@id":"https:\/\/interactiveworldbook.com\/ko\/#website","url":"https:\/\/interactiveworldbook.com\/ko\/","name":"Interactive World Book","description":"Interactive World Book, kniha, m\u011bsta, zem\u011b, sv\u011btad\u00edly, informace","publisher":{"@id":"https:\/\/interactiveworldbook.com\/ko\/#organization"},"potentialAction":[{"@type":"SearchAction","target":{"@type":"EntryPoint","urlTemplate":"https:\/\/interactiveworldbook.com\/ko\/?s={search_term_string}"},"query-input":{"@type":"PropertyValueSpecification","valueRequired":true,"valueName":"search_term_string"}}],"inLanguage":"ko-KR"},{"@type":"Organization","@id":"https:\/\/interactiveworldbook.com\/ko\/#organization","name":"Interactive World Book","url":"https:\/\/interactiveworldbook.com\/ko\/","logo":{"@type":"ImageObject","inLanguage":"ko-KR","@id":"https:\/\/interactiveworldbook.com\/ko\/#\/schema\/logo\/image\/","url":"https:\/\/interactiveworldbook.com\/wp-content\/uploads\/2024\/11\/IW_barevna-1.png","contentUrl":"https:\/\/interactiveworldbook.com\/wp-content\/uploads\/2024\/11\/IW_barevna-1.png","width":1690,"height":583,"caption":"Interactive World Book"},"image":{"@id":"https:\/\/interactiveworldbook.com\/ko\/#\/schema\/logo\/image\/"},"sameAs":["https:\/\/www.facebook.com\/interactiveworldbook\/","https:\/\/www.instagram.com\/interactive_world_book\/","https:\/\/www.tiktok.com\/@iw_book"]}]}},"_links":{"self":[{"href":"https:\/\/interactiveworldbook.com\/ko\/wp-json\/wp\/v2\/pages\/12880","targetHints":{"allow":["GET"]}}],"collection":[{"href":"https:\/\/interactiveworldbook.com\/ko\/wp-json\/wp\/v2\/pages"}],"about":[{"href":"https:\/\/interactiveworldbook.com\/ko\/wp-json\/wp\/v2\/types\/page"}],"author":[{"embeddable":true,"href":"https:\/\/interactiveworldbook.com\/ko\/wp-json\/wp\/v2\/users\/1"}],"replies":[{"embeddable":true,"href":"https:\/\/interactiveworldbook.com\/ko\/wp-json\/wp\/v2\/comments?post=12880"}],"version-history":[{"count":3,"href":"https:\/\/interactiveworldbook.com\/ko\/wp-json\/wp\/v2\/pages\/12880\/revisions"}],"predecessor-version":[{"id":28087,"href":"https:\/\/interactiveworldbook.com\/ko\/wp-json\/wp\/v2\/pages\/12880\/revisions\/28087"}],"wp:attachment":[{"href":"https:\/\/interactiveworldbook.com\/ko\/wp-json\/wp\/v2\/media?parent=12880"}],"curies":[{"name":"wp","href":"https:\/\/api.w.org\/{rel}","templated":true}]}}