{"id":12888,"date":"2023-03-02T18:00:12","date_gmt":"2023-03-02T17:00:12","guid":{"rendered":"https:\/\/interactiveworldbook.com\/premium-section\/"},"modified":"2024-12-30T14:43:44","modified_gmt":"2024-12-30T13:43:44","slug":"premium-section","status":"publish","type":"page","link":"https:\/\/interactiveworldbook.com\/ko\/premium-section\/","title":{"rendered":"\ud504\ub9ac\ubbf8\uc5c4 \uc139\uc158"},"content":{"rendered":"<p><a href=\"https:\/\/interactiveworldbook.com\/ko\/produkt\/interactive-world\/\"><img loading=\"lazy\" decoding=\"async\" class=\"aligncenter wp-image-20973 size-full\" src=\"https:\/\/interactiveworldbook.com\/wp-content\/uploads\/2024\/08\/ko-bttn-brown.png\" alt=\"\" width=\"202\" height=\"55\" srcset=\"https:\/\/interactiveworldbook.com\/wp-content\/uploads\/2024\/08\/ko-bttn-brown.png 202w, https:\/\/interactiveworldbook.com\/wp-content\/uploads\/2024\/08\/ko-bttn-brown-200x55.png 200w\" sizes=\"auto, (max-width: 202px) 100vw, 202px\" \/><\/a><\/p>\n<h2 style=\"text-align: center;\">\ud504\ub9ac\ubbf8\uc5c4 \ucf58\ud150\uce20\ub97c \ubcf4\ub824\uba74<br \/>\n\ucc45\uc744 \uad6c\ub9e4\ud574\uc57c \ud569\ub2c8\ub2e4.<\/h2>\n<p style=\"text-align: center;\">\ucc45\uc5d0\ub294 \uac01 \uad6d\uac00\ubcc4\ub85c 3\uac1c\uc758 QR \ucf54\ub4dc\uac00 \uc788\uc2b5\ub2c8\ub2e4.<\/p>\n<p style=\"text-align: center;\">\ud574\ub2f9 QR \ucf54\ub4dc\ub97c \uc2a4\uce94\ud558\uba74 \uadf8 \uad6d\uac00\uc758 \uc790\uc138\ud55c \uc124\uba85, \uad6d\uac00, \uad6d\uae30 \ubc0f \uc5e0\ube14\ub7fc\uc774 \ud45c\uc2dc\ub429\ub2c8\ub2e4.<\/p>\n<p style=\"text-align: center;\">QR \ucf54\ub4dc\ub97c \uc2a4\uce94\ud55c \ud6c4\uc5d0\ub294 \ud504\ub9ac\ubbf8\uc5c4 \ucf58\ud150\uce20\uac00 \ud3ec\ud568\ub41c \ud398\uc774\uc9c0\uac00 \uc5f4\ub9bd\ub2c8\ub2e4.<\/p>\n<p><a href=\"?add-to-cart=5683\"><br \/>\n<\/a><a href=\"?add-to-cart=24184\"><img loading=\"lazy\" decoding=\"async\" class=\"aligncenter wp-image-20982 size-full\" src=\"https:\/\/interactiveworldbook.com\/wp-content\/uploads\/2024\/08\/ko.bttn_.png\" alt=\"\" width=\"202\" height=\"55\" srcset=\"https:\/\/interactiveworldbook.com\/wp-content\/uploads\/2024\/08\/ko.bttn_.png 202w, https:\/\/interactiveworldbook.com\/wp-content\/uploads\/2024\/08\/ko.bttn_-200x55.png 200w\" sizes=\"auto, (max-width: 202px) 100vw, 202px\" \/><\/a><\/p>\n","protected":false},"excerpt":{"rendered":"<p>\ud504\ub9ac\ubbf8\uc5c4 \ucf58\ud150\uce20\ub97c \ubcf4\ub824\uba74 \ucc45\uc744 \uad6c\ub9e4\ud574\uc57c \ud569\ub2c8\ub2e4. \ucc45\uc5d0\ub294 \uac01 \uad6d\uac00\ubcc4\ub85c 3\uac1c\uc758 QR \ucf54\ub4dc\uac00 \uc788\uc2b5\ub2c8\ub2e4. \ud574\ub2f9 QR \ucf54\ub4dc\ub97c \uc2a4\uce94\ud558\uba74 \uadf8 \uad6d\uac00\uc758 \uc790\uc138\ud55c \uc124\uba85, \uad6d\uac00, \uad6d\uae30 \ubc0f \uc5e0\ube14\ub7fc\uc774 \ud45c\uc2dc\ub429\ub2c8\ub2e4. QR \ucf54\ub4dc\ub97c \uc2a4\uce94\ud55c \ud6c4\uc5d0\ub294 \ud504\ub9ac\ubbf8\uc5c4 \ucf58\ud150\uce20\uac00 \ud3ec\ud568\ub41c \ud398\uc774\uc9c0\uac00 \uc5f4\ub9bd\ub2c8\ub2e4.<\/p>\n","protected":false},"author":1,"featured_media":0,"parent":0,"menu_order":0,"comment_status":"closed","ping_status":"closed","template":"","meta":{"_acf_changed":false,"inline_featured_image":false,"footnotes":""},"class_list":["post-12888","page","type-page","status-publish","hentry"],"acf":[],"yoast_head":"<!-- This site is optimized with the Yoast SEO plugin v27.4 - https:\/\/yoast.com\/product\/yoast-seo-wordpress\/ -->\n<title>\ud504\ub9ac\ubbf8\uc5c4 \uc139\uc158 | Interactive World Book<\/title>\n<meta name=\"robots\" content=\"index, follow, max-snippet:-1, max-image-preview:large, max-video-preview:-1\" \/>\n<link rel=\"canonical\" href=\"https:\/\/interactiveworldbook.com\/ko\/premium-section\/\" \/>\n<meta property=\"og:locale\" content=\"ko_KR\" \/>\n<meta property=\"og:type\" content=\"article\" \/>\n<meta property=\"og:title\" content=\"\ud504\ub9ac\ubbf8\uc5c4 \uc139\uc158 | Interactive World Book\" \/>\n<meta property=\"og:description\" content=\"\ud504\ub9ac\ubbf8\uc5c4 \ucf58\ud150\uce20\ub97c \ubcf4\ub824\uba74 \ucc45\uc744 \uad6c\ub9e4\ud574\uc57c \ud569\ub2c8\ub2e4. \ucc45\uc5d0\ub294 \uac01 \uad6d\uac00\ubcc4\ub85c 3\uac1c\uc758 QR \ucf54\ub4dc\uac00 \uc788\uc2b5\ub2c8\ub2e4. \ud574\ub2f9 QR \ucf54\ub4dc\ub97c \uc2a4\uce94\ud558\uba74 \uadf8 \uad6d\uac00\uc758 \uc790\uc138\ud55c \uc124\uba85, \uad6d\uac00, \uad6d\uae30 \ubc0f \uc5e0\ube14\ub7fc\uc774 \ud45c\uc2dc\ub429\ub2c8\ub2e4. QR \ucf54\ub4dc\ub97c \uc2a4\uce94\ud55c \ud6c4\uc5d0\ub294 \ud504\ub9ac\ubbf8\uc5c4 \ucf58\ud150\uce20\uac00 \ud3ec\ud568\ub41c \ud398\uc774\uc9c0\uac00 \uc5f4\ub9bd\ub2c8\ub2e4.\" \/>\n<meta property=\"og:url\" content=\"https:\/\/interactiveworldbook.com\/ko\/premium-section\/\" \/>\n<meta property=\"og:site_name\" content=\"Interactive World Book\" \/>\n<meta property=\"article:publisher\" content=\"https:\/\/www.facebook.com\/interactiveworldbook\/\" \/>\n<meta property=\"article:modified_time\" content=\"2024-12-30T13:43:44+00:00\" \/>\n<meta property=\"og:image\" content=\"https:\/\/interactiveworldbook.com\/wp-content\/uploads\/2024\/08\/ko-bttn-brown.png\" \/>\n\t<meta property=\"og:image:width\" content=\"202\" \/>\n\t<meta property=\"og:image:height\" content=\"55\" \/>\n\t<meta property=\"og:image:type\" content=\"image\/png\" \/>\n<meta name=\"twitter:card\" content=\"summary_large_image\" \/>\n<script type=\"application\/ld+json\" class=\"yoast-schema-graph\">{\"@context\":\"https:\\\/\\\/schema.org\",\"@graph\":[{\"@type\":\"WebPage\",\"@id\":\"https:\\\/\\\/interactiveworldbook.com\\\/ko\\\/premium-section\\\/\",\"url\":\"https:\\\/\\\/interactiveworldbook.com\\\/ko\\\/premium-section\\\/\",\"name\":\"\ud504\ub9ac\ubbf8\uc5c4 \uc139\uc158 | Interactive World Book\",\"isPartOf\":{\"@id\":\"https:\\\/\\\/interactiveworldbook.com\\\/ko\\\/#website\"},\"primaryImageOfPage\":{\"@id\":\"https:\\\/\\\/interactiveworldbook.com\\\/ko\\\/premium-section\\\/#primaryimage\"},\"image\":{\"@id\":\"https:\\\/\\\/interactiveworldbook.com\\\/ko\\\/premium-section\\\/#primaryimage\"},\"thumbnailUrl\":\"https:\\\/\\\/interactiveworldbook.com\\\/wp-content\\\/uploads\\\/2024\\\/08\\\/ko-bttn-brown.png\",\"datePublished\":\"2023-03-02T17:00:12+00:00\",\"dateModified\":\"2024-12-30T13:43:44+00:00\",\"breadcrumb\":{\"@id\":\"https:\\\/\\\/interactiveworldbook.com\\\/ko\\\/premium-section\\\/#breadcrumb\"},\"inLanguage\":\"ko-KR\",\"potentialAction\":[{\"@type\":\"ReadAction\",\"target\":[\"https:\\\/\\\/interactiveworldbook.com\\\/ko\\\/premium-section\\\/\"]}]},{\"@type\":\"ImageObject\",\"inLanguage\":\"ko-KR\",\"@id\":\"https:\\\/\\\/interactiveworldbook.com\\\/ko\\\/premium-section\\\/#primaryimage\",\"url\":\"https:\\\/\\\/interactiveworldbook.com\\\/wp-content\\\/uploads\\\/2024\\\/08\\\/ko-bttn-brown.png\",\"contentUrl\":\"https:\\\/\\\/interactiveworldbook.com\\\/wp-content\\\/uploads\\\/2024\\\/08\\\/ko-bttn-brown.png\"},{\"@type\":\"BreadcrumbList\",\"@id\":\"https:\\\/\\\/interactiveworldbook.com\\\/ko\\\/premium-section\\\/#breadcrumb\",\"itemListElement\":[{\"@type\":\"ListItem\",\"position\":1,\"name\":\"Dom\u016f\",\"item\":\"https:\\\/\\\/interactiveworldbook.com\\\/ko\\\/\"},{\"@type\":\"ListItem\",\"position\":2,\"name\":\"\ud504\ub9ac\ubbf8\uc5c4 \uc139\uc158\"}]},{\"@type\":\"WebSite\",\"@id\":\"https:\\\/\\\/interactiveworldbook.com\\\/ko\\\/#website\",\"url\":\"https:\\\/\\\/interactiveworldbook.com\\\/ko\\\/\",\"name\":\"Interactive World Book\",\"description\":\"Interactive World Book, kniha, m\u011bsta, zem\u011b, sv\u011btad\u00edly, informace\",\"publisher\":{\"@id\":\"https:\\\/\\\/interactiveworldbook.com\\\/ko\\\/#organization\"},\"potentialAction\":[{\"@type\":\"SearchAction\",\"target\":{\"@type\":\"EntryPoint\",\"urlTemplate\":\"https:\\\/\\\/interactiveworldbook.com\\\/ko\\\/?s={search_term_string}\"},\"query-input\":{\"@type\":\"PropertyValueSpecification\",\"valueRequired\":true,\"valueName\":\"search_term_string\"}}],\"inLanguage\":\"ko-KR\"},{\"@type\":\"Organization\",\"@id\":\"https:\\\/\\\/interactiveworldbook.com\\\/ko\\\/#organization\",\"name\":\"Interactive World Book\",\"url\":\"https:\\\/\\\/interactiveworldbook.com\\\/ko\\\/\",\"logo\":{\"@type\":\"ImageObject\",\"inLanguage\":\"ko-KR\",\"@id\":\"https:\\\/\\\/interactiveworldbook.com\\\/ko\\\/#\\\/schema\\\/logo\\\/image\\\/\",\"url\":\"https:\\\/\\\/interactiveworldbook.com\\\/wp-content\\\/uploads\\\/2024\\\/11\\\/IW_barevna-1.png\",\"contentUrl\":\"https:\\\/\\\/interactiveworldbook.com\\\/wp-content\\\/uploads\\\/2024\\\/11\\\/IW_barevna-1.png\",\"width\":1690,\"height\":583,\"caption\":\"Interactive World Book\"},\"image\":{\"@id\":\"https:\\\/\\\/interactiveworldbook.com\\\/ko\\\/#\\\/schema\\\/logo\\\/image\\\/\"},\"sameAs\":[\"https:\\\/\\\/www.facebook.com\\\/interactiveworldbook\\\/\",\"https:\\\/\\\/www.instagram.com\\\/interactive_world_book\\\/\",\"https:\\\/\\\/www.tiktok.com\\\/@iw_book\"]}]}<\/script>\n<!-- \/ Yoast SEO plugin. -->","yoast_head_json":{"title":"\ud504\ub9ac\ubbf8\uc5c4 \uc139\uc158 | Interactive World Book","robots":{"index":"index","follow":"follow","max-snippet":"max-snippet:-1","max-image-preview":"max-image-preview:large","max-video-preview":"max-video-preview:-1"},"canonical":"https:\/\/interactiveworldbook.com\/ko\/premium-section\/","og_locale":"ko_KR","og_type":"article","og_title":"\ud504\ub9ac\ubbf8\uc5c4 \uc139\uc158 | Interactive World Book","og_description":"\ud504\ub9ac\ubbf8\uc5c4 \ucf58\ud150\uce20\ub97c \ubcf4\ub824\uba74 \ucc45\uc744 \uad6c\ub9e4\ud574\uc57c \ud569\ub2c8\ub2e4. \ucc45\uc5d0\ub294 \uac01 \uad6d\uac00\ubcc4\ub85c 3\uac1c\uc758 QR \ucf54\ub4dc\uac00 \uc788\uc2b5\ub2c8\ub2e4. \ud574\ub2f9 QR \ucf54\ub4dc\ub97c \uc2a4\uce94\ud558\uba74 \uadf8 \uad6d\uac00\uc758 \uc790\uc138\ud55c \uc124\uba85, \uad6d\uac00, \uad6d\uae30 \ubc0f \uc5e0\ube14\ub7fc\uc774 \ud45c\uc2dc\ub429\ub2c8\ub2e4. QR \ucf54\ub4dc\ub97c \uc2a4\uce94\ud55c \ud6c4\uc5d0\ub294 \ud504\ub9ac\ubbf8\uc5c4 \ucf58\ud150\uce20\uac00 \ud3ec\ud568\ub41c \ud398\uc774\uc9c0\uac00 \uc5f4\ub9bd\ub2c8\ub2e4.","og_url":"https:\/\/interactiveworldbook.com\/ko\/premium-section\/","og_site_name":"Interactive World Book","article_publisher":"https:\/\/www.facebook.com\/interactiveworldbook\/","article_modified_time":"2024-12-30T13:43:44+00:00","og_image":[{"width":202,"height":55,"url":"https:\/\/interactiveworldbook.com\/wp-content\/uploads\/2024\/08\/ko-bttn-brown.png","type":"image\/png"}],"twitter_card":"summary_large_image","schema":{"@context":"https:\/\/schema.org","@graph":[{"@type":"WebPage","@id":"https:\/\/interactiveworldbook.com\/ko\/premium-section\/","url":"https:\/\/interactiveworldbook.com\/ko\/premium-section\/","name":"\ud504\ub9ac\ubbf8\uc5c4 \uc139\uc158 | Interactive World Book","isPartOf":{"@id":"https:\/\/interactiveworldbook.com\/ko\/#website"},"primaryImageOfPage":{"@id":"https:\/\/interactiveworldbook.com\/ko\/premium-section\/#primaryimage"},"image":{"@id":"https:\/\/interactiveworldbook.com\/ko\/premium-section\/#primaryimage"},"thumbnailUrl":"https:\/\/interactiveworldbook.com\/wp-content\/uploads\/2024\/08\/ko-bttn-brown.png","datePublished":"2023-03-02T17:00:12+00:00","dateModified":"2024-12-30T13:43:44+00:00","breadcrumb":{"@id":"https:\/\/interactiveworldbook.com\/ko\/premium-section\/#breadcrumb"},"inLanguage":"ko-KR","potentialAction":[{"@type":"ReadAction","target":["https:\/\/interactiveworldbook.com\/ko\/premium-section\/"]}]},{"@type":"ImageObject","inLanguage":"ko-KR","@id":"https:\/\/interactiveworldbook.com\/ko\/premium-section\/#primaryimage","url":"https:\/\/interactiveworldbook.com\/wp-content\/uploads\/2024\/08\/ko-bttn-brown.png","contentUrl":"https:\/\/interactiveworldbook.com\/wp-content\/uploads\/2024\/08\/ko-bttn-brown.png"},{"@type":"BreadcrumbList","@id":"https:\/\/interactiveworldbook.com\/ko\/premium-section\/#breadcrumb","itemListElement":[{"@type":"ListItem","position":1,"name":"Dom\u016f","item":"https:\/\/interactiveworldbook.com\/ko\/"},{"@type":"ListItem","position":2,"name":"\ud504\ub9ac\ubbf8\uc5c4 \uc139\uc158"}]},{"@type":"WebSite","@id":"https:\/\/interactiveworldbook.com\/ko\/#website","url":"https:\/\/interactiveworldbook.com\/ko\/","name":"Interactive World Book","description":"Interactive World Book, kniha, m\u011bsta, zem\u011b, sv\u011btad\u00edly, informace","publisher":{"@id":"https:\/\/interactiveworldbook.com\/ko\/#organization"},"potentialAction":[{"@type":"SearchAction","target":{"@type":"EntryPoint","urlTemplate":"https:\/\/interactiveworldbook.com\/ko\/?s={search_term_string}"},"query-input":{"@type":"PropertyValueSpecification","valueRequired":true,"valueName":"search_term_string"}}],"inLanguage":"ko-KR"},{"@type":"Organization","@id":"https:\/\/interactiveworldbook.com\/ko\/#organization","name":"Interactive World Book","url":"https:\/\/interactiveworldbook.com\/ko\/","logo":{"@type":"ImageObject","inLanguage":"ko-KR","@id":"https:\/\/interactiveworldbook.com\/ko\/#\/schema\/logo\/image\/","url":"https:\/\/interactiveworldbook.com\/wp-content\/uploads\/2024\/11\/IW_barevna-1.png","contentUrl":"https:\/\/interactiveworldbook.com\/wp-content\/uploads\/2024\/11\/IW_barevna-1.png","width":1690,"height":583,"caption":"Interactive World Book"},"image":{"@id":"https:\/\/interactiveworldbook.com\/ko\/#\/schema\/logo\/image\/"},"sameAs":["https:\/\/www.facebook.com\/interactiveworldbook\/","https:\/\/www.instagram.com\/interactive_world_book\/","https:\/\/www.tiktok.com\/@iw_book"]}]}},"_links":{"self":[{"href":"https:\/\/interactiveworldbook.com\/ko\/wp-json\/wp\/v2\/pages\/12888","targetHints":{"allow":["GET"]}}],"collection":[{"href":"https:\/\/interactiveworldbook.com\/ko\/wp-json\/wp\/v2\/pages"}],"about":[{"href":"https:\/\/interactiveworldbook.com\/ko\/wp-json\/wp\/v2\/types\/page"}],"author":[{"embeddable":true,"href":"https:\/\/interactiveworldbook.com\/ko\/wp-json\/wp\/v2\/users\/1"}],"replies":[{"embeddable":true,"href":"https:\/\/interactiveworldbook.com\/ko\/wp-json\/wp\/v2\/comments?post=12888"}],"version-history":[{"count":8,"href":"https:\/\/interactiveworldbook.com\/ko\/wp-json\/wp\/v2\/pages\/12888\/revisions"}],"predecessor-version":[{"id":26721,"href":"https:\/\/interactiveworldbook.com\/ko\/wp-json\/wp\/v2\/pages\/12888\/revisions\/26721"}],"wp:attachment":[{"href":"https:\/\/interactiveworldbook.com\/ko\/wp-json\/wp\/v2\/media?parent=12888"}],"curies":[{"name":"wp","href":"https:\/\/api.w.org\/{rel}","templated":true}]}}