{"id":16233,"date":"2023-10-06T14:45:56","date_gmt":"2023-10-06T12:45:56","guid":{"rendered":"https:\/\/interactiveworldbook.com\/home\/"},"modified":"2024-11-29T15:55:10","modified_gmt":"2024-11-29T14:55:10","slug":"home","status":"publish","type":"page","link":"https:\/\/interactiveworldbook.com\/ko\/","title":{"rendered":"\ud648\ud398\uc774\uc9c0"},"content":{"rendered":"","protected":false},"excerpt":{"rendered":"","protected":false},"author":1,"featured_media":0,"parent":0,"menu_order":0,"comment_status":"closed","ping_status":"closed","template":"","meta":{"_acf_changed":false,"inline_featured_image":false,"footnotes":""},"class_list":["post-16233","page","type-page","status-publish","hentry"],"acf":[],"yoast_head":"<!-- This site is optimized with the Yoast SEO plugin v27.5 - https:\/\/yoast.com\/product\/yoast-seo-wordpress\/ -->\n<title>\uc0c1\ud638\uc791 \uc138\uacc4<\/title>\n<meta name=\"description\" content=\"\ubaa8\ub4e0 \uc8fc\ub97c \uc5ec\ud589\ud560 \uc218 \uc788\ub294 \uc0ac\uc9c4\uc73c\ub85c \uac00\ub4dd\ud55c \uad50\uc721\uc6a9 \ucc45\uc785\ub2c8\ub2e4. \ud504\ub9ac\ubbf8\uc5c4 \ucf58\ud150\uce20\ub97c \uc704\ud55c QR \ucf54\ub4dc\uac00 \ud3ec\ud568\ub418\uc5b4 \uc788\uc2b5\ub2c8\ub2e4. \uc138\uacc4 \ud0d0\ud5d8\uc5d0 \ub531!\" \/>\n<meta name=\"robots\" content=\"index, follow, max-snippet:-1, max-image-preview:large, max-video-preview:-1\" \/>\n<link rel=\"canonical\" href=\"https:\/\/interactiveworldbook.com\/ko\/\" \/>\n<meta property=\"og:locale\" content=\"ko_KR\" \/>\n<meta property=\"og:type\" content=\"article\" \/>\n<meta property=\"og:title\" content=\"\uc0c1\ud638\uc791 \uc138\uacc4\" \/>\n<meta property=\"og:description\" content=\"\ubaa8\ub4e0 \uc8fc\ub97c \uc5ec\ud589\ud560 \uc218 \uc788\ub294 \uc0ac\uc9c4\uc73c\ub85c \uac00\ub4dd\ud55c \uad50\uc721\uc6a9 \ucc45\uc785\ub2c8\ub2e4. \ud504\ub9ac\ubbf8\uc5c4 \ucf58\ud150\uce20\ub97c \uc704\ud55c QR \ucf54\ub4dc\uac00 \ud3ec\ud568\ub418\uc5b4 \uc788\uc2b5\ub2c8\ub2e4. \uc138\uacc4 \ud0d0\ud5d8\uc5d0 \ub531!\" \/>\n<meta property=\"og:url\" content=\"https:\/\/interactiveworldbook.com\/ko\/\" \/>\n<meta property=\"og:site_name\" content=\"Interactive World Book\" \/>\n<meta property=\"article:publisher\" content=\"https:\/\/www.facebook.com\/interactiveworldbook\/\" \/>\n<meta property=\"article:modified_time\" content=\"2024-11-29T14:55:10+00:00\" \/>\n<meta property=\"og:image\" content=\"https:\/\/interactiveworldbook.com\/wp-content\/uploads\/2024\/10\/KO.jpg\" \/>\n\t<meta property=\"og:image:width\" content=\"1199\" \/>\n\t<meta property=\"og:image:height\" content=\"630\" \/>\n\t<meta property=\"og:image:type\" content=\"image\/jpeg\" \/>\n<meta name=\"twitter:card\" content=\"summary_large_image\" \/>\n<script type=\"application\/ld+json\" class=\"yoast-schema-graph\">{\"@context\":\"https:\\\/\\\/schema.org\",\"@graph\":[{\"@type\":\"WebPage\",\"@id\":\"https:\\\/\\\/interactiveworldbook.com\\\/ko\\\/\",\"url\":\"https:\\\/\\\/interactiveworldbook.com\\\/ko\\\/\",\"name\":\"\uc0c1\ud638\uc791 \uc138\uacc4\",\"isPartOf\":{\"@id\":\"https:\\\/\\\/interactiveworldbook.com\\\/ko\\\/#website\"},\"datePublished\":\"2023-10-06T12:45:56+00:00\",\"dateModified\":\"2024-11-29T14:55:10+00:00\",\"description\":\"\ubaa8\ub4e0 \uc8fc\ub97c \uc5ec\ud589\ud560 \uc218 \uc788\ub294 \uc0ac\uc9c4\uc73c\ub85c \uac00\ub4dd\ud55c \uad50\uc721\uc6a9 \ucc45\uc785\ub2c8\ub2e4. \ud504\ub9ac\ubbf8\uc5c4 \ucf58\ud150\uce20\ub97c \uc704\ud55c QR \ucf54\ub4dc\uac00 \ud3ec\ud568\ub418\uc5b4 \uc788\uc2b5\ub2c8\ub2e4. \uc138\uacc4 \ud0d0\ud5d8\uc5d0 \ub531!\",\"breadcrumb\":{\"@id\":\"https:\\\/\\\/interactiveworldbook.com\\\/ko\\\/#breadcrumb\"},\"inLanguage\":\"ko-KR\",\"potentialAction\":[{\"@type\":\"ReadAction\",\"target\":[\"https:\\\/\\\/interactiveworldbook.com\\\/ko\\\/\"]}]},{\"@type\":\"BreadcrumbList\",\"@id\":\"https:\\\/\\\/interactiveworldbook.com\\\/ko\\\/#breadcrumb\",\"itemListElement\":[{\"@type\":\"ListItem\",\"position\":1,\"name\":\"Dom\u016f\",\"item\":\"https:\\\/\\\/interactiveworldbook.com\\\/ko\\\/\"},{\"@type\":\"ListItem\",\"position\":2,\"name\":\"\ud648\ud398\uc774\uc9c0\"}]},{\"@type\":\"WebSite\",\"@id\":\"https:\\\/\\\/interactiveworldbook.com\\\/ko\\\/#website\",\"url\":\"https:\\\/\\\/interactiveworldbook.com\\\/ko\\\/\",\"name\":\"Interactive World Book\",\"description\":\"Interactive World Book, kniha, m\u011bsta, zem\u011b, sv\u011btad\u00edly, informace\",\"publisher\":{\"@id\":\"https:\\\/\\\/interactiveworldbook.com\\\/ko\\\/#organization\"},\"potentialAction\":[{\"@type\":\"SearchAction\",\"target\":{\"@type\":\"EntryPoint\",\"urlTemplate\":\"https:\\\/\\\/interactiveworldbook.com\\\/ko\\\/?s={search_term_string}\"},\"query-input\":{\"@type\":\"PropertyValueSpecification\",\"valueRequired\":true,\"valueName\":\"search_term_string\"}}],\"inLanguage\":\"ko-KR\"},{\"@type\":\"Organization\",\"@id\":\"https:\\\/\\\/interactiveworldbook.com\\\/ko\\\/#organization\",\"name\":\"Interactive World Book\",\"url\":\"https:\\\/\\\/interactiveworldbook.com\\\/ko\\\/\",\"logo\":{\"@type\":\"ImageObject\",\"inLanguage\":\"ko-KR\",\"@id\":\"https:\\\/\\\/interactiveworldbook.com\\\/ko\\\/#\\\/schema\\\/logo\\\/image\\\/\",\"url\":\"https:\\\/\\\/interactiveworldbook.com\\\/wp-content\\\/uploads\\\/2024\\\/11\\\/IW_barevna-1.png\",\"contentUrl\":\"https:\\\/\\\/interactiveworldbook.com\\\/wp-content\\\/uploads\\\/2024\\\/11\\\/IW_barevna-1.png\",\"width\":1690,\"height\":583,\"caption\":\"Interactive World Book\"},\"image\":{\"@id\":\"https:\\\/\\\/interactiveworldbook.com\\\/ko\\\/#\\\/schema\\\/logo\\\/image\\\/\"},\"sameAs\":[\"https:\\\/\\\/www.facebook.com\\\/interactiveworldbook\\\/\",\"https:\\\/\\\/www.instagram.com\\\/interactive_world_book\\\/\",\"https:\\\/\\\/www.tiktok.com\\\/@iw_book\"]}]}<\/script>\n<!-- \/ Yoast SEO plugin. -->","yoast_head_json":{"title":"\uc0c1\ud638\uc791 \uc138\uacc4","description":"\ubaa8\ub4e0 \uc8fc\ub97c \uc5ec\ud589\ud560 \uc218 \uc788\ub294 \uc0ac\uc9c4\uc73c\ub85c \uac00\ub4dd\ud55c \uad50\uc721\uc6a9 \ucc45\uc785\ub2c8\ub2e4. \ud504\ub9ac\ubbf8\uc5c4 \ucf58\ud150\uce20\ub97c \uc704\ud55c QR \ucf54\ub4dc\uac00 \ud3ec\ud568\ub418\uc5b4 \uc788\uc2b5\ub2c8\ub2e4. \uc138\uacc4 \ud0d0\ud5d8\uc5d0 \ub531!","robots":{"index":"index","follow":"follow","max-snippet":"max-snippet:-1","max-image-preview":"max-image-preview:large","max-video-preview":"max-video-preview:-1"},"canonical":"https:\/\/interactiveworldbook.com\/ko\/","og_locale":"ko_KR","og_type":"article","og_title":"\uc0c1\ud638\uc791 \uc138\uacc4","og_description":"\ubaa8\ub4e0 \uc8fc\ub97c \uc5ec\ud589\ud560 \uc218 \uc788\ub294 \uc0ac\uc9c4\uc73c\ub85c \uac00\ub4dd\ud55c \uad50\uc721\uc6a9 \ucc45\uc785\ub2c8\ub2e4. \ud504\ub9ac\ubbf8\uc5c4 \ucf58\ud150\uce20\ub97c \uc704\ud55c QR \ucf54\ub4dc\uac00 \ud3ec\ud568\ub418\uc5b4 \uc788\uc2b5\ub2c8\ub2e4. \uc138\uacc4 \ud0d0\ud5d8\uc5d0 \ub531!","og_url":"https:\/\/interactiveworldbook.com\/ko\/","og_site_name":"Interactive World Book","article_publisher":"https:\/\/www.facebook.com\/interactiveworldbook\/","article_modified_time":"2024-11-29T14:55:10+00:00","og_image":[{"width":1199,"height":630,"url":"https:\/\/interactiveworldbook.com\/wp-content\/uploads\/2024\/10\/KO.jpg","type":"image\/jpeg"}],"twitter_card":"summary_large_image","schema":{"@context":"https:\/\/schema.org","@graph":[{"@type":"WebPage","@id":"https:\/\/interactiveworldbook.com\/ko\/","url":"https:\/\/interactiveworldbook.com\/ko\/","name":"\uc0c1\ud638\uc791 \uc138\uacc4","isPartOf":{"@id":"https:\/\/interactiveworldbook.com\/ko\/#website"},"datePublished":"2023-10-06T12:45:56+00:00","dateModified":"2024-11-29T14:55:10+00:00","description":"\ubaa8\ub4e0 \uc8fc\ub97c \uc5ec\ud589\ud560 \uc218 \uc788\ub294 \uc0ac\uc9c4\uc73c\ub85c \uac00\ub4dd\ud55c \uad50\uc721\uc6a9 \ucc45\uc785\ub2c8\ub2e4. \ud504\ub9ac\ubbf8\uc5c4 \ucf58\ud150\uce20\ub97c \uc704\ud55c QR \ucf54\ub4dc\uac00 \ud3ec\ud568\ub418\uc5b4 \uc788\uc2b5\ub2c8\ub2e4. \uc138\uacc4 \ud0d0\ud5d8\uc5d0 \ub531!","breadcrumb":{"@id":"https:\/\/interactiveworldbook.com\/ko\/#breadcrumb"},"inLanguage":"ko-KR","potentialAction":[{"@type":"ReadAction","target":["https:\/\/interactiveworldbook.com\/ko\/"]}]},{"@type":"BreadcrumbList","@id":"https:\/\/interactiveworldbook.com\/ko\/#breadcrumb","itemListElement":[{"@type":"ListItem","position":1,"name":"Dom\u016f","item":"https:\/\/interactiveworldbook.com\/ko\/"},{"@type":"ListItem","position":2,"name":"\ud648\ud398\uc774\uc9c0"}]},{"@type":"WebSite","@id":"https:\/\/interactiveworldbook.com\/ko\/#website","url":"https:\/\/interactiveworldbook.com\/ko\/","name":"Interactive World Book","description":"Interactive World Book, kniha, m\u011bsta, zem\u011b, sv\u011btad\u00edly, informace","publisher":{"@id":"https:\/\/interactiveworldbook.com\/ko\/#organization"},"potentialAction":[{"@type":"SearchAction","target":{"@type":"EntryPoint","urlTemplate":"https:\/\/interactiveworldbook.com\/ko\/?s={search_term_string}"},"query-input":{"@type":"PropertyValueSpecification","valueRequired":true,"valueName":"search_term_string"}}],"inLanguage":"ko-KR"},{"@type":"Organization","@id":"https:\/\/interactiveworldbook.com\/ko\/#organization","name":"Interactive World Book","url":"https:\/\/interactiveworldbook.com\/ko\/","logo":{"@type":"ImageObject","inLanguage":"ko-KR","@id":"https:\/\/interactiveworldbook.com\/ko\/#\/schema\/logo\/image\/","url":"https:\/\/interactiveworldbook.com\/wp-content\/uploads\/2024\/11\/IW_barevna-1.png","contentUrl":"https:\/\/interactiveworldbook.com\/wp-content\/uploads\/2024\/11\/IW_barevna-1.png","width":1690,"height":583,"caption":"Interactive World Book"},"image":{"@id":"https:\/\/interactiveworldbook.com\/ko\/#\/schema\/logo\/image\/"},"sameAs":["https:\/\/www.facebook.com\/interactiveworldbook\/","https:\/\/www.instagram.com\/interactive_world_book\/","https:\/\/www.tiktok.com\/@iw_book"]}]}},"_links":{"self":[{"href":"https:\/\/interactiveworldbook.com\/ko\/wp-json\/wp\/v2\/pages\/16233","targetHints":{"allow":["GET"]}}],"collection":[{"href":"https:\/\/interactiveworldbook.com\/ko\/wp-json\/wp\/v2\/pages"}],"about":[{"href":"https:\/\/interactiveworldbook.com\/ko\/wp-json\/wp\/v2\/types\/page"}],"author":[{"embeddable":true,"href":"https:\/\/interactiveworldbook.com\/ko\/wp-json\/wp\/v2\/users\/1"}],"replies":[{"embeddable":true,"href":"https:\/\/interactiveworldbook.com\/ko\/wp-json\/wp\/v2\/comments?post=16233"}],"version-history":[{"count":9,"href":"https:\/\/interactiveworldbook.com\/ko\/wp-json\/wp\/v2\/pages\/16233\/revisions"}],"predecessor-version":[{"id":24325,"href":"https:\/\/interactiveworldbook.com\/ko\/wp-json\/wp\/v2\/pages\/16233\/revisions\/24325"}],"wp:attachment":[{"href":"https:\/\/interactiveworldbook.com\/ko\/wp-json\/wp\/v2\/media?parent=16233"}],"curies":[{"name":"wp","href":"https:\/\/api.w.org\/{rel}","templated":true}]}}