{"id":25518,"date":"2024-12-19T15:05:36","date_gmt":"2024-12-19T14:05:36","guid":{"rendered":"https:\/\/interactiveworldbook.com\/%ec%a0%80%ec%9e%90-%ec%86%8c%ea%b0%9c\/"},"modified":"2025-05-13T17:14:54","modified_gmt":"2025-05-13T15:14:54","slug":"%ec%a0%80%ec%9e%90-%ec%86%8c%ea%b0%9c","status":"publish","type":"page","link":"https:\/\/interactiveworldbook.com\/ko\/%ec%a0%80%ec%9e%90-%ec%86%8c%ea%b0%9c\/","title":{"rendered":"\uc800\uc790 \uc18c\uac1c"},"content":{"rendered":"<p><img decoding=\"async\" class=\"author-image alignright\" src=\"https:\/\/interactiveworldbook.com\/wp-content\/uploads\/2024\/12\/3-1.jpeg\" alt=\"\uc190\uc5d0 \ucc45\uc744 \ub4e4\uace0 \uc788\ub294 \uc791\uac00\" style=\"float:right;\" \/><\/p>\n<p>\uce5c\uc560\ud558\ub294 \ub3c5\uc790 \uc5ec\ub7ec\ubd84,<\/p>\n<p>\uc81c \uc18c\uac1c\ub97c \ud560\uac8c\uc694. \uc81c \uc774\ub984\uc740 David Karakevas \uc774\uace0 <strong>Interactive WORLD<\/strong>\ub77c\ub294 \ucc45\uc758 \uc800\uc790\uc785\ub2c8\ub2e4. \uadf8 \ud0c4\uc0dd \ube44\ud558\uc778\ub4dc \uc2a4\ud1a0\ub9ac\ub97c \uc5ec\ub7ec\ubd84\uacfc \uacf5\uc720\ud558\uace0 \uc2f6\uc2b5\ub2c8\ub2e4. \uc800\ub294 \uadf8\ub9ac\uc2a4 \ucd9c\uc2e0\uc774\uc9c0\ub9cc \uccb4\ucf54\uc5d0 \uc0b4\uace0 \uc788\uc2b5\ub2c8\ub2e4. \uc800\ub294 \uc5b4\ub9b4 \ub54c\ubd80\ud130 \uc138\uc0c1\uacfc \uadf8 \ub2e4\uc591\uc131, \ubb38\ud654\uc5d0 \ub9e4\ub8cc\ub418\uc5c8\uc2b5\ub2c8\ub2e4. \uc9c0\ub9ac, \uc5ed\uc0ac \ubc0f \uad50\uc721\uc5d0 \ub300\ud55c \ub098\uc758 \uad00\uc2ec\uc73c\ub85c \uc778\ud574 \uc774\ub7ec\ud55c \ubd84\uc57c\ub97c \uacb0\ud569\ud558\uc5ec \uc804 \uc138\uacc4 \uc5b4\ub9b0\uc774\uc640 \uc131\uc778\uc774 \uc644\uc804\ud788 \uc0c8\ub85c\uc6b4 \ubc29\uc2dd\uc73c\ub85c \uc9c0\uad6c\ub97c \ud0d0\ud5d8\ud560 \uc218 \uc788\ub294 \ub3c5\ud2b9\ud55c \ucc45\uc744 \ub9cc\ub4e4\uaca0\ub2e4\ub294 \uc0dd\uac01\uc744 \uac16\uac8c \ub418\uc5c8\uc2b5\ub2c8\ub2e4.<\/p>\n<p>\uc5ec\ud589\uc744 \ud558\uace0, \ub2e4\ub978 \ub098\ub77c\ub97c \ubc29\ubb38\ud558\uace0, \uadf8\ub4e4\uc758 \ubb38\ud654\ub97c \ubc30\uc6b0\ub294 \ub3d9\uc548 \uc800\ub294 \uad50\uc721\uc758 \uc911\uc694\uc131\uc744 \uae68\ub2ec\uc558\uace0, \ub3d9\uc2dc\uc5d0 \uadf8\uac83\uc744 \uc7ac\ubbf8\uc788\uace0 \ub9e4\ub825\uc801\uc73c\ub85c \ub9cc\ub4e4 \uc218 \uc788\ub294 \ubc29\ubc95\uc744 \ucc3e\uc558\uc2b5\ub2c8\ub2e4. \uc774\ub7ec\ud55c \uc9c0\uc2dd\uc744 \ubc14\ud0d5\uc73c\ub85c \uc800\ub294 \uc5b4\ub9b0 \ub3c5\uc790\ub4e4\uc5d0\uac8c \uad50\uc721\uc744 \uc81c\uacf5\ud560 \ubfd0\ub9cc \uc544\ub2c8\ub77c \uc601\uac10\uc744 \uc8fc\uc5b4 \uc138\uc0c1\uc744 \ud0d0\ud5d8\ud558\uace0 \uc9c0\uc2dd\uc5d0 \ub300\ud55c \ud638\uae30\uc2ec\uacfc \uac08\uc99d\uc744 \uc790\uadf9\ud560 \ucc45\uc5d0 \ub300\ud574 \uc0dd\uac01\ud558\uae30 \uc2dc\uc791\ud588\uc2b5\ub2c8\ub2e4. \uc774 \uc544\uc774\ub514\uc5b4\uc758 \uacb0\uacfc\ub294 \ud559\uc2b5 \ub3c4\uad6c\uc77c \ubfd0\ub9cc \uc544\ub2c8\ub77c \ubaa8\ud5d8\uc774\uae30\ub3c4 \ud55c \ucc45\uc778 <strong>Interactive WORLD<\/strong>\uc785\ub2c8\ub2e4.<\/p>\n<p>\uc774 \ucc45\uc740 \uc778\uc1c4\ub41c \ud14d\uc2a4\ud2b8\uc640 \ub514\uc9c0\ud138 \ucf58\ud150\uce20\ub97c \uacb0\ud569\ud558\uc5ec \ub3c5\uc790\uac00 \ud559\uc2b5 \uacfc\uc815\uc5d0 \uc801\uadf9\uc801\uc73c\ub85c \ucc38\uc5ec\ud558\uac8c \ud55c\ub2e4\ub294 \uc810\uc5d0\uc11c \ub3c5\ud2b9\ud569\ub2c8\ub2e4. \ucc45\uc758 \ubaa8\ub4e0 \ud398\uc774\uc9c0\ub294 \ub3c5\uc790\ub4e4\uc774 QR \ucf54\ub4dc\ub97c \ud1b5\ud574 \ub2e4\uc591\ud55c \uad6d\uac00\uc640 \ubb38\ud654\ub97c \ud0d0\ud5d8\ud560 \uc218 \uc788\ub294 \ub300\ud654\ud615 \uc694\uc18c\ub85c \uc5ee\uc5ec \uc788\uc2b5\ub2c8\ub2e4. \uc774\ub97c \ud1b5\ud574 \ud559\uc0dd\ub4e4\uc740 \uad6d\uac00\ub97c \ub4e3\uace0, \uc804 \uc138\uacc4\uc758 \uad6d\uae30\uc640 \uc0c1\uc9d5\uc744 \ubcfc \uc218 \uc788\uc73c\uba70, \uac1c\ubcc4 \uad6d\uac00\uc758 \uc9c0\ub9ac, \uc5ed\uc0ac \ubc0f \uc804\ud1b5\uc5d0 \ub300\ud55c \ud765\ubbf8\ub85c\uc6b4 \uc0ac\uc2e4\uc744 \ubc30\uc6b8 \uc218 \uc788\uc2b5\ub2c8\ub2e4.<\/p>\n<p>\ub2e4\uc591\ud55c \ub3c4\uad6c\uc640 \ubc29\ubc95\uc744 \uc0ac\uc6a9\ud560 \uc218 \uc788\ub294 \uc624\ub298\ub0a0\uc758 \uc138\uacc4\uc5d0\uc11c\ub294 \uac1c\uc131\uc744 \ud615\uc131\ud558\uace0 \uc0ac\uace0\ub825\uc744 \ubc1c\uc804\uc2dc\ud0a4\ub294 \ud575\uc2ec \uc694\uc18c\uc778 \ucc3d\uc758\ub825\uacfc \uc0c1\uc0c1\ub825\uc744 \uc7a5\ub824\ud558\ub294 \uc7ac\ubbf8\uc640 \ud6a8\uacfc\uc801\uc778 \ud559\uc2b5 \uc0ac\uc774\uc758 \uade0\ud615\uc744 \ucc3e\ub294 \uac83\uc774 \uc911\uc694\ud569\ub2c8\ub2e4. \uadf8\ub7ec\ub098 \uc800\ub294 \ubd80\ubaa8\ubfd0\ub9cc \uc544\ub2c8\ub77c \uad50\uc0ac\uc5d0\uac8c\ub3c4 \uc544\uc774\ub4e4\uc758 \uad00\uc2ec\uc744 \ub044\ub294 \uc591\uc9c8\uc758 \uad50\uc721 \ub3c4\uad6c\ub97c \ucc3e\ub294 \uac83\uc774 \uc5bc\ub9c8\ub098 \uc911\uc694\ud55c\uc9c0 \uc54c\uace0 \uc788\uc2b5\ub2c8\ub2e4. <strong>Interactive WORLD<\/strong>\uc740 \uc790\ub140, \ud559\uc0dd \ubc0f \ud559\uc0dd\ub4e4\uc5d0\uac8c \uc0c8\ub85c\uc6b4 \uc9c0\uc2dd\uc744 \ud48d\ubd80\ud558\uac8c \ud560 \ud765\ubbf8\ub85c\uc6b4 \ubc29\ubc95\uc744 \ucc3e\uace0 \uc788\ub294 \ubd80\ubaa8\uc640 \uad50\uc721\uc790\uc5d0\uac8c \uadc0\uc911\ud55c \ub3c4\uad6c\uac00 \ub418\uc5c8\uc2b5\ub2c8\ub2e4. \ub098\ub294 \uc774 \ucc45\uc774 \uad50\uc721 \uacfc\uc815\uc758 \uc77c\ubd80\uac00 \ub418\uc5b4 \uc544\uc774\ub4e4\uc774 \uc8fc\ubcc0 \uc138\uacc4\ub97c \ub354 \uc798 \uc774\ud574\ud558\ub3c4\ub85d \ub3d5\uace0 \uc2f6\uc2b5\ub2c8\ub2e4. \uc800\ub294 \uad50\uc721\uc774 \uc7ac\ubbf8\uc788\uace0 \uc601\uac10\uc744 \uc8fc\uba70 \uc27d\uac8c \uc811\uadfc\ud560 \uc218 \uc788\uc5b4\uc57c \ud55c\ub2e4\uace0 \ubbff\uc2b5\ub2c8\ub2e4.<\/p>\n<p>\ub098\uc758 \ubaa9\ud45c\ub294 \uac15\ub825\ud55c <strong>Interactive WORLD<\/strong>\uc774 \uad6d\uc81c\uc801\uc778 \uc218\uc900\uc758 \ub3c5\uc790\ub4e4\uc5d0\uac8c \ub2e4\uac00\uac00\ub294 \uac83\uc785\ub2c8\ub2e4. \uc774 \ucc45\uc740 \uc774\ubbf8 \uc5ec\ub7ec \uc5b8\uc5b4\ub85c \ubc88\uc5ed\ub418\uc5c8\uc73c\uba70 \uc804\uccb4 \uacc4\ud68d\uc5d0\ub294 \ucd5c\ub300 20\uac1c \uc5b8\uc5b4 \ubc84\uc804\uc774 \ud3ec\ud568\ub429\ub2c8\ub2e4. \ub098\ub294 \ub9ce\uc740 \ud559\uad50 \ubc0f \uad50\uc721 \uae30\uad00\uacfc \ud611\ub825\ud558\uc5ec \uc5b4\ub9b0\uc774\ub4e4\uc744 \ubc29\ubb38\ud558\uace0 \uadf8\ub4e4\uc5d0\uac8c \uc774 \ucc45\uc744 \uc18c\uac1c\ud569\ub2c8\ub2e4. \uc138\uc0c1\uc5d0 \ub300\ud55c \uc0c8\ub85c\uc6b4 \uc815\ubcf4\ub97c \ubc1c\uacac\ud558\ub294 \ub370 \uc788\uc5b4 \uadf8\ub4e4\uc758 \uc5f4\uc815\uacfc \uae30\uc068, \uadf8\ub9ac\uace0 \uc9c0\uc2dd\uc5d0 \ub300\ud55c \uac08\uc99d\uc744 \ubcf4\ub294 \uac83\uc740 \ub9e4\uc6b0 \uace0\ubb34\uc801\uc785\ub2c8\ub2e4. \uc774\ub294 \uc81c\uac00 \uacc4\uc18d\ud574\uc11c \uc131\ucde8\ud558\uace0 \ub3d9\uae30\ub97c \ubd80\uc5ec\ud569\ub2c8\ub2e4.<\/p>\n<p>\ub098\uc758 \ube44\uc804\uc740 \ub3c5\uc790\ub4e4\uc774 \ubc1c\uacac\ub418\uae30\ub97c \uae30\ub2e4\ub9ac\ub294 \ub9e4\ud639\uc801\uc778 \uc774\uc57c\uae30\ub85c \uac00\ub4dd \ucc2c \uc138\uacc4\ub97c \ubc1c\uacac\ud558\ub3c4\ub85d \uc601\uac10\uc744 \uc8fc\ub294 \uac83\uc785\ub2c8\ub2e4. <strong>Interactive WORLD<\/strong>\uc740 \uad50\uad6c\ub85c\uc11c\ub3c4 \uc911\uc694\ud55c \uc5ed\ud560\uc744 \ud560 \uc218 \uc788\uc73c\uba70, \uc5b4\ub9b0\uc774\ubfd0\ub9cc \uc544\ub2c8\ub77c \ubd80\ubaa8, \uad50\uc721\uc790\uc5d0\uac8c\ub3c4 \uc18c\uc911\ud55c \ub3d9\ubc18\uc790\uac00 \ub420 \uc218 \uc788\ub2e4\uace0 \ud655\uc2e0\ud569\ub2c8\ub2e4. \uc6b0\ub9ac \ubaa8\ub450\ub97c \ud558\ub098\ub85c \ubb36\uc744 \ubc1c\uacac\uacfc \uad50\uc721\uc758 \uc5ec\uc815\uc5d0 \uc5ec\ub7ec\ubd84\uacfc \ud568\uaed8\ud560 \uc218 \uc788\ub294 \uae30\ud68c\ub97c \uae30\ub300\ud569\ub2c8\ub2e4.<\/p>\n<p>\uc2dc\uac04\uc744 \ub0b4\uc5b4 \uc81c \uc774\uc57c\uae30\ub97c \uc77d\uc5b4\uc8fc\uc154\uc11c \uac10\uc0ac\ud569\ub2c8\ub2e4. <strong>Interactive WORLD<\/strong>\uc740 \uc5ec\ub7ec\ubd84\ubfd0\ub9cc \uc544\ub2c8\ub77c \uc804 \uc138\uacc4\uc758 \ub9ce\uc740 \ub3c5\uc790\ub4e4\uc5d0\uac8c\ub3c4 \uae30\uc068\uacfc \uac10\ub3d9\uc744 \uc120\uc0ac\ud560 \uac83\uc774\ub77c\uace0 \ubbff\uc2b5\ub2c8\ub2e4.<\/p>\n<p>\uc874\uacbd\uacfc \uac10\uc0ac\uc758 \ub9c8\uc74c\uc744 \ub2f4\uc544,<\/p>\n<p>\ub370\uc774\ube44\ub4dc \uce74\ub77c\ucf00\ubc14\uc2a4<br \/>\n\ucc45\uc758 \uc800\uc790 <strong>Interactive WORLD<\/strong><\/p>\n","protected":false},"excerpt":{"rendered":"<p>\uce5c\uc560\ud558\ub294 \ub3c5\uc790 \uc5ec\ub7ec\ubd84, \uc81c \uc18c\uac1c\ub97c \ud560\uac8c\uc694. \uc81c \uc774\ub984\uc740 David Karakevas \uc774\uace0 Interactive WORLD\ub77c\ub294 \ucc45\uc758 \uc800\uc790\uc785\ub2c8\ub2e4. \uadf8 \ud0c4\uc0dd \ube44\ud558\uc778\ub4dc \uc2a4\ud1a0\ub9ac\ub97c \uc5ec\ub7ec\ubd84\uacfc \uacf5\uc720\ud558\uace0 \uc2f6\uc2b5\ub2c8\ub2e4. \uc800\ub294 \uadf8\ub9ac\uc2a4 \ucd9c\uc2e0\uc774\uc9c0\ub9cc \uccb4\ucf54\uc5d0 \uc0b4\uace0 \uc788\uc2b5\ub2c8\ub2e4. \uc800\ub294 \uc5b4\ub9b4 \ub54c\ubd80\ud130 \uc138\uc0c1\uacfc \uadf8 \ub2e4\uc591\uc131, \ubb38\ud654\uc5d0 \ub9e4\ub8cc\ub418\uc5c8\uc2b5\ub2c8\ub2e4. \uc9c0\ub9ac, \uc5ed\uc0ac \ubc0f \uad50\uc721\uc5d0 \ub300\ud55c \ub098\uc758 \uad00\uc2ec\uc73c\ub85c \uc778\ud574 \uc774\ub7ec\ud55c \ubd84\uc57c\ub97c \uacb0\ud569\ud558\uc5ec \uc804 \uc138\uacc4 \uc5b4\ub9b0\uc774\uc640 \uc131\uc778\uc774 \uc644\uc804\ud788 \uc0c8\ub85c\uc6b4 \ubc29\uc2dd\uc73c\ub85c \uc9c0\uad6c\ub97c [&hellip;]<\/p>\n","protected":false},"author":4,"featured_media":0,"parent":0,"menu_order":0,"comment_status":"closed","ping_status":"closed","template":"","meta":{"_acf_changed":false,"inline_featured_image":false,"footnotes":""},"class_list":["post-25518","page","type-page","status-publish","hentry"],"acf":[],"yoast_head":"<!-- This site is optimized with the Yoast SEO plugin v27.4 - https:\/\/yoast.com\/product\/yoast-seo-wordpress\/ -->\n<title>\uc800\uc790 \uc18c\uac1c | Interactive World Book<\/title>\n<meta name=\"robots\" content=\"index, follow, max-snippet:-1, max-image-preview:large, max-video-preview:-1\" \/>\n<link rel=\"canonical\" href=\"https:\/\/interactiveworldbook.com\/ko\/%ec%a0%80%ec%9e%90-%ec%86%8c%ea%b0%9c\/\" \/>\n<meta property=\"og:locale\" content=\"ko_KR\" \/>\n<meta property=\"og:type\" content=\"article\" \/>\n<meta property=\"og:title\" content=\"\uc800\uc790 \uc18c\uac1c | Interactive World Book\" \/>\n<meta property=\"og:description\" content=\"\uce5c\uc560\ud558\ub294 \ub3c5\uc790 \uc5ec\ub7ec\ubd84, \uc81c \uc18c\uac1c\ub97c \ud560\uac8c\uc694. \uc81c \uc774\ub984\uc740 David Karakevas \uc774\uace0 Interactive WORLD\ub77c\ub294 \ucc45\uc758 \uc800\uc790\uc785\ub2c8\ub2e4. \uadf8 \ud0c4\uc0dd \ube44\ud558\uc778\ub4dc \uc2a4\ud1a0\ub9ac\ub97c \uc5ec\ub7ec\ubd84\uacfc \uacf5\uc720\ud558\uace0 \uc2f6\uc2b5\ub2c8\ub2e4. \uc800\ub294 \uadf8\ub9ac\uc2a4 \ucd9c\uc2e0\uc774\uc9c0\ub9cc \uccb4\ucf54\uc5d0 \uc0b4\uace0 \uc788\uc2b5\ub2c8\ub2e4. \uc800\ub294 \uc5b4\ub9b4 \ub54c\ubd80\ud130 \uc138\uc0c1\uacfc \uadf8 \ub2e4\uc591\uc131, \ubb38\ud654\uc5d0 \ub9e4\ub8cc\ub418\uc5c8\uc2b5\ub2c8\ub2e4. \uc9c0\ub9ac, \uc5ed\uc0ac \ubc0f \uad50\uc721\uc5d0 \ub300\ud55c \ub098\uc758 \uad00\uc2ec\uc73c\ub85c \uc778\ud574 \uc774\ub7ec\ud55c \ubd84\uc57c\ub97c \uacb0\ud569\ud558\uc5ec \uc804 \uc138\uacc4 \uc5b4\ub9b0\uc774\uc640 \uc131\uc778\uc774 \uc644\uc804\ud788 \uc0c8\ub85c\uc6b4 \ubc29\uc2dd\uc73c\ub85c \uc9c0\uad6c\ub97c [&hellip;]\" \/>\n<meta property=\"og:url\" content=\"https:\/\/interactiveworldbook.com\/ko\/%ec%a0%80%ec%9e%90-%ec%86%8c%ea%b0%9c\/\" \/>\n<meta property=\"og:site_name\" content=\"Interactive World Book\" \/>\n<meta property=\"article:publisher\" content=\"https:\/\/www.facebook.com\/interactiveworldbook\/\" \/>\n<meta property=\"article:modified_time\" content=\"2025-05-13T15:14:54+00:00\" \/>\n<meta property=\"og:image\" content=\"https:\/\/interactiveworldbook.com\/wp-content\/uploads\/2024\/12\/3-1.jpeg\" \/>\n<meta name=\"twitter:card\" content=\"summary_large_image\" \/>\n<script type=\"application\/ld+json\" class=\"yoast-schema-graph\">{\"@context\":\"https:\\\/\\\/schema.org\",\"@graph\":[{\"@type\":\"WebPage\",\"@id\":\"https:\\\/\\\/interactiveworldbook.com\\\/ko\\\/%ec%a0%80%ec%9e%90-%ec%86%8c%ea%b0%9c\\\/\",\"url\":\"https:\\\/\\\/interactiveworldbook.com\\\/ko\\\/%ec%a0%80%ec%9e%90-%ec%86%8c%ea%b0%9c\\\/\",\"name\":\"\uc800\uc790 \uc18c\uac1c | Interactive World Book\",\"isPartOf\":{\"@id\":\"https:\\\/\\\/interactiveworldbook.com\\\/ko\\\/#website\"},\"primaryImageOfPage\":{\"@id\":\"https:\\\/\\\/interactiveworldbook.com\\\/ko\\\/%ec%a0%80%ec%9e%90-%ec%86%8c%ea%b0%9c\\\/#primaryimage\"},\"image\":{\"@id\":\"https:\\\/\\\/interactiveworldbook.com\\\/ko\\\/%ec%a0%80%ec%9e%90-%ec%86%8c%ea%b0%9c\\\/#primaryimage\"},\"thumbnailUrl\":\"https:\\\/\\\/interactiveworldbook.com\\\/wp-content\\\/uploads\\\/2024\\\/12\\\/3-1.jpeg\",\"datePublished\":\"2024-12-19T14:05:36+00:00\",\"dateModified\":\"2025-05-13T15:14:54+00:00\",\"breadcrumb\":{\"@id\":\"https:\\\/\\\/interactiveworldbook.com\\\/ko\\\/%ec%a0%80%ec%9e%90-%ec%86%8c%ea%b0%9c\\\/#breadcrumb\"},\"inLanguage\":\"ko-KR\",\"potentialAction\":[{\"@type\":\"ReadAction\",\"target\":[\"https:\\\/\\\/interactiveworldbook.com\\\/ko\\\/%ec%a0%80%ec%9e%90-%ec%86%8c%ea%b0%9c\\\/\"]}]},{\"@type\":\"ImageObject\",\"inLanguage\":\"ko-KR\",\"@id\":\"https:\\\/\\\/interactiveworldbook.com\\\/ko\\\/%ec%a0%80%ec%9e%90-%ec%86%8c%ea%b0%9c\\\/#primaryimage\",\"url\":\"https:\\\/\\\/interactiveworldbook.com\\\/wp-content\\\/uploads\\\/2024\\\/12\\\/3-1.jpeg\",\"contentUrl\":\"https:\\\/\\\/interactiveworldbook.com\\\/wp-content\\\/uploads\\\/2024\\\/12\\\/3-1.jpeg\"},{\"@type\":\"BreadcrumbList\",\"@id\":\"https:\\\/\\\/interactiveworldbook.com\\\/ko\\\/%ec%a0%80%ec%9e%90-%ec%86%8c%ea%b0%9c\\\/#breadcrumb\",\"itemListElement\":[{\"@type\":\"ListItem\",\"position\":1,\"name\":\"Dom\u016f\",\"item\":\"https:\\\/\\\/interactiveworldbook.com\\\/ko\\\/\"},{\"@type\":\"ListItem\",\"position\":2,\"name\":\"\uc800\uc790 \uc18c\uac1c\"}]},{\"@type\":\"WebSite\",\"@id\":\"https:\\\/\\\/interactiveworldbook.com\\\/ko\\\/#website\",\"url\":\"https:\\\/\\\/interactiveworldbook.com\\\/ko\\\/\",\"name\":\"Interactive World Book\",\"description\":\"Interactive World Book, kniha, m\u011bsta, zem\u011b, sv\u011btad\u00edly, informace\",\"publisher\":{\"@id\":\"https:\\\/\\\/interactiveworldbook.com\\\/ko\\\/#organization\"},\"potentialAction\":[{\"@type\":\"SearchAction\",\"target\":{\"@type\":\"EntryPoint\",\"urlTemplate\":\"https:\\\/\\\/interactiveworldbook.com\\\/ko\\\/?s={search_term_string}\"},\"query-input\":{\"@type\":\"PropertyValueSpecification\",\"valueRequired\":true,\"valueName\":\"search_term_string\"}}],\"inLanguage\":\"ko-KR\"},{\"@type\":\"Organization\",\"@id\":\"https:\\\/\\\/interactiveworldbook.com\\\/ko\\\/#organization\",\"name\":\"Interactive World Book\",\"url\":\"https:\\\/\\\/interactiveworldbook.com\\\/ko\\\/\",\"logo\":{\"@type\":\"ImageObject\",\"inLanguage\":\"ko-KR\",\"@id\":\"https:\\\/\\\/interactiveworldbook.com\\\/ko\\\/#\\\/schema\\\/logo\\\/image\\\/\",\"url\":\"https:\\\/\\\/interactiveworldbook.com\\\/wp-content\\\/uploads\\\/2024\\\/11\\\/IW_barevna-1.png\",\"contentUrl\":\"https:\\\/\\\/interactiveworldbook.com\\\/wp-content\\\/uploads\\\/2024\\\/11\\\/IW_barevna-1.png\",\"width\":1690,\"height\":583,\"caption\":\"Interactive World Book\"},\"image\":{\"@id\":\"https:\\\/\\\/interactiveworldbook.com\\\/ko\\\/#\\\/schema\\\/logo\\\/image\\\/\"},\"sameAs\":[\"https:\\\/\\\/www.facebook.com\\\/interactiveworldbook\\\/\",\"https:\\\/\\\/www.instagram.com\\\/interactive_world_book\\\/\",\"https:\\\/\\\/www.tiktok.com\\\/@iw_book\"]}]}<\/script>\n<!-- \/ Yoast SEO plugin. -->","yoast_head_json":{"title":"\uc800\uc790 \uc18c\uac1c | Interactive World Book","robots":{"index":"index","follow":"follow","max-snippet":"max-snippet:-1","max-image-preview":"max-image-preview:large","max-video-preview":"max-video-preview:-1"},"canonical":"https:\/\/interactiveworldbook.com\/ko\/%ec%a0%80%ec%9e%90-%ec%86%8c%ea%b0%9c\/","og_locale":"ko_KR","og_type":"article","og_title":"\uc800\uc790 \uc18c\uac1c | Interactive World Book","og_description":"\uce5c\uc560\ud558\ub294 \ub3c5\uc790 \uc5ec\ub7ec\ubd84, \uc81c \uc18c\uac1c\ub97c \ud560\uac8c\uc694. \uc81c \uc774\ub984\uc740 David Karakevas \uc774\uace0 Interactive WORLD\ub77c\ub294 \ucc45\uc758 \uc800\uc790\uc785\ub2c8\ub2e4. \uadf8 \ud0c4\uc0dd \ube44\ud558\uc778\ub4dc \uc2a4\ud1a0\ub9ac\ub97c \uc5ec\ub7ec\ubd84\uacfc \uacf5\uc720\ud558\uace0 \uc2f6\uc2b5\ub2c8\ub2e4. \uc800\ub294 \uadf8\ub9ac\uc2a4 \ucd9c\uc2e0\uc774\uc9c0\ub9cc \uccb4\ucf54\uc5d0 \uc0b4\uace0 \uc788\uc2b5\ub2c8\ub2e4. \uc800\ub294 \uc5b4\ub9b4 \ub54c\ubd80\ud130 \uc138\uc0c1\uacfc \uadf8 \ub2e4\uc591\uc131, \ubb38\ud654\uc5d0 \ub9e4\ub8cc\ub418\uc5c8\uc2b5\ub2c8\ub2e4. \uc9c0\ub9ac, \uc5ed\uc0ac \ubc0f \uad50\uc721\uc5d0 \ub300\ud55c \ub098\uc758 \uad00\uc2ec\uc73c\ub85c \uc778\ud574 \uc774\ub7ec\ud55c \ubd84\uc57c\ub97c \uacb0\ud569\ud558\uc5ec \uc804 \uc138\uacc4 \uc5b4\ub9b0\uc774\uc640 \uc131\uc778\uc774 \uc644\uc804\ud788 \uc0c8\ub85c\uc6b4 \ubc29\uc2dd\uc73c\ub85c \uc9c0\uad6c\ub97c [&hellip;]","og_url":"https:\/\/interactiveworldbook.com\/ko\/%ec%a0%80%ec%9e%90-%ec%86%8c%ea%b0%9c\/","og_site_name":"Interactive World Book","article_publisher":"https:\/\/www.facebook.com\/interactiveworldbook\/","article_modified_time":"2025-05-13T15:14:54+00:00","og_image":[{"url":"https:\/\/interactiveworldbook.com\/wp-content\/uploads\/2024\/12\/3-1.jpeg","type":"","width":"","height":""}],"twitter_card":"summary_large_image","schema":{"@context":"https:\/\/schema.org","@graph":[{"@type":"WebPage","@id":"https:\/\/interactiveworldbook.com\/ko\/%ec%a0%80%ec%9e%90-%ec%86%8c%ea%b0%9c\/","url":"https:\/\/interactiveworldbook.com\/ko\/%ec%a0%80%ec%9e%90-%ec%86%8c%ea%b0%9c\/","name":"\uc800\uc790 \uc18c\uac1c | Interactive World Book","isPartOf":{"@id":"https:\/\/interactiveworldbook.com\/ko\/#website"},"primaryImageOfPage":{"@id":"https:\/\/interactiveworldbook.com\/ko\/%ec%a0%80%ec%9e%90-%ec%86%8c%ea%b0%9c\/#primaryimage"},"image":{"@id":"https:\/\/interactiveworldbook.com\/ko\/%ec%a0%80%ec%9e%90-%ec%86%8c%ea%b0%9c\/#primaryimage"},"thumbnailUrl":"https:\/\/interactiveworldbook.com\/wp-content\/uploads\/2024\/12\/3-1.jpeg","datePublished":"2024-12-19T14:05:36+00:00","dateModified":"2025-05-13T15:14:54+00:00","breadcrumb":{"@id":"https:\/\/interactiveworldbook.com\/ko\/%ec%a0%80%ec%9e%90-%ec%86%8c%ea%b0%9c\/#breadcrumb"},"inLanguage":"ko-KR","potentialAction":[{"@type":"ReadAction","target":["https:\/\/interactiveworldbook.com\/ko\/%ec%a0%80%ec%9e%90-%ec%86%8c%ea%b0%9c\/"]}]},{"@type":"ImageObject","inLanguage":"ko-KR","@id":"https:\/\/interactiveworldbook.com\/ko\/%ec%a0%80%ec%9e%90-%ec%86%8c%ea%b0%9c\/#primaryimage","url":"https:\/\/interactiveworldbook.com\/wp-content\/uploads\/2024\/12\/3-1.jpeg","contentUrl":"https:\/\/interactiveworldbook.com\/wp-content\/uploads\/2024\/12\/3-1.jpeg"},{"@type":"BreadcrumbList","@id":"https:\/\/interactiveworldbook.com\/ko\/%ec%a0%80%ec%9e%90-%ec%86%8c%ea%b0%9c\/#breadcrumb","itemListElement":[{"@type":"ListItem","position":1,"name":"Dom\u016f","item":"https:\/\/interactiveworldbook.com\/ko\/"},{"@type":"ListItem","position":2,"name":"\uc800\uc790 \uc18c\uac1c"}]},{"@type":"WebSite","@id":"https:\/\/interactiveworldbook.com\/ko\/#website","url":"https:\/\/interactiveworldbook.com\/ko\/","name":"Interactive World Book","description":"Interactive World Book, kniha, m\u011bsta, zem\u011b, sv\u011btad\u00edly, informace","publisher":{"@id":"https:\/\/interactiveworldbook.com\/ko\/#organization"},"potentialAction":[{"@type":"SearchAction","target":{"@type":"EntryPoint","urlTemplate":"https:\/\/interactiveworldbook.com\/ko\/?s={search_term_string}"},"query-input":{"@type":"PropertyValueSpecification","valueRequired":true,"valueName":"search_term_string"}}],"inLanguage":"ko-KR"},{"@type":"Organization","@id":"https:\/\/interactiveworldbook.com\/ko\/#organization","name":"Interactive World Book","url":"https:\/\/interactiveworldbook.com\/ko\/","logo":{"@type":"ImageObject","inLanguage":"ko-KR","@id":"https:\/\/interactiveworldbook.com\/ko\/#\/schema\/logo\/image\/","url":"https:\/\/interactiveworldbook.com\/wp-content\/uploads\/2024\/11\/IW_barevna-1.png","contentUrl":"https:\/\/interactiveworldbook.com\/wp-content\/uploads\/2024\/11\/IW_barevna-1.png","width":1690,"height":583,"caption":"Interactive World Book"},"image":{"@id":"https:\/\/interactiveworldbook.com\/ko\/#\/schema\/logo\/image\/"},"sameAs":["https:\/\/www.facebook.com\/interactiveworldbook\/","https:\/\/www.instagram.com\/interactive_world_book\/","https:\/\/www.tiktok.com\/@iw_book"]}]}},"_links":{"self":[{"href":"https:\/\/interactiveworldbook.com\/ko\/wp-json\/wp\/v2\/pages\/25518","targetHints":{"allow":["GET"]}}],"collection":[{"href":"https:\/\/interactiveworldbook.com\/ko\/wp-json\/wp\/v2\/pages"}],"about":[{"href":"https:\/\/interactiveworldbook.com\/ko\/wp-json\/wp\/v2\/types\/page"}],"author":[{"embeddable":true,"href":"https:\/\/interactiveworldbook.com\/ko\/wp-json\/wp\/v2\/users\/4"}],"replies":[{"embeddable":true,"href":"https:\/\/interactiveworldbook.com\/ko\/wp-json\/wp\/v2\/comments?post=25518"}],"version-history":[{"count":2,"href":"https:\/\/interactiveworldbook.com\/ko\/wp-json\/wp\/v2\/pages\/25518\/revisions"}],"predecessor-version":[{"id":27986,"href":"https:\/\/interactiveworldbook.com\/ko\/wp-json\/wp\/v2\/pages\/25518\/revisions\/27986"}],"wp:attachment":[{"href":"https:\/\/interactiveworldbook.com\/ko\/wp-json\/wp\/v2\/media?parent=25518"}],"curies":[{"name":"wp","href":"https:\/\/api.w.org\/{rel}","templated":true}]}}