{"id":12674,"date":"2024-04-11T15:45:47","date_gmt":"2024-04-11T13:45:47","guid":{"rendered":"https:\/\/interactiveworldbook.com\/our-partners\/"},"modified":"2024-12-26T10:49:46","modified_gmt":"2024-12-26T09:49:46","slug":"meet-us","status":"publish","type":"page","link":"https:\/\/interactiveworldbook.com\/pl\/meet-us\/","title":{"rendered":"Wydarzenia i plany"},"content":{"rendered":"<div class=\"columns\">\n<div class=\"left-column\">\n<h2>Buch Wien 2024<\/h2>\n<p>Z przyjemno\u015bci\u0105 wzi\u0119li\u015bmy udzia\u0142 w <strong>Buch Wien 2024<\/strong>, targach ksi\u0105\u017cki odbywaj\u0105cych si\u0119 w dniach <strong>6\u201310 listopada<\/strong> w Wiedniu. To presti\u017cowe wydarzenie literackie przyci\u0105ga pe\u0142nych pasji czytelnik\u00f3w, autor\u00f3w i specjalist\u00f3w z bran\u017cy wydawniczej z ca\u0142ej Europy i spoza niej.<\/p>\n<p>Mieli\u015bmy okazj\u0119 zapozna\u0107 si\u0119 z inspiruj\u0105cymi eksponatami, nawi\u0105za\u0107 kontakt z ekspertami bran\u017cowymi i podzieli\u0107 si\u0119 nasz\u0105 ksi\u0105\u017ck\u0105 z wybranymi uczestnikami. Reakcje na nasz <strong>Interaktywny \u015aWIAT<\/strong> by\u0142y w przewa\u017caj\u0105cej mierze pozytywne. Otrzymali\u015bmy wspania\u0142e opinie \u2014 od pochwa\u0142 za wyj\u0105tkow\u0105 koncepcj\u0119 po podziw dla projektu i zawarto\u015bci. Tematyka i wykonanie ksi\u0105\u017cki naprawd\u0119 przem\u00f3wi\u0142y do \u200b\u200btych, kt\u00f3rzy mieli okazj\u0119 j\u0105 zobaczy\u0107.<\/p>\n<p>Jeste\u015bmy niezmiernie wdzi\u0119czni za wszystkie mi\u0142e s\u0142owa i mo\u017cliwo\u015b\u0107 wzi\u0119cia udzia\u0142u w tak wyj\u0105tkowym spotkaniu literackim.<\/p>\n<p>Z niecierpliwo\u015bci\u0105 czekamy na przysz\u0142e mo\u017cliwo\u015bci dzielenia si\u0119 <strong>Interaktywnym \u015aWIATEM<\/strong> z czytelnikami w ka\u017cdym wieku z ca\u0142ego \u015bwiata, inspiruj\u0105c ich do odkrywania jego cud\u00f3w!<\/p>\n<\/div>\n<div class=\"right-column\">\n<div class=\"video-frame\"><img decoding=\"async\" src=\"https:\/\/interactiveworldbook.com\/wp-content\/uploads\/2024\/12\/dcee6a081ac4bbce6c1ee35bd3d60739.png\" alt=\"Mobiln\u00ed r\u00e1me\u010dek\" \/><br \/>\n<video src=\"https:\/\/interactiveworldbook.com\/wp-content\/uploads\/2024\/12\/video-viden-2024.mp4\" autoplay=\"autoplay\" loop=\"loop\" muted=\"\" width=\"300\" height=\"150\"><\/video><\/div>\n<\/div>\n<\/div>\n<h2>The London Book Fair 2024<\/h2>\n<p>W kwietniu 2024 roku z dum\u0105 uczestniczyli\u015bmy w <strong>London Book Fair (LBF)<\/strong>, jednym z najbardziej presti\u017cowych wydarze\u0144 bran\u017cy wydawniczej na \u015bwiecie. Odbywaj\u0105ce si\u0119 co roku w sercu Londynu wydarzenie LBF gromadzi czo\u0142owych autor\u00f3w, wydawc\u00f3w, agent\u00f3w literackich i specjalist\u00f3w z bran\u017cy z ca\u0142ego \u015bwiata. To t\u0119tni\u0105ca \u017cyciem platforma, na kt\u00f3rej zbiegaj\u0105 si\u0119 ksi\u0105\u017cki, pomys\u0142y i mo\u017cliwo\u015bci, dzi\u0119ki czemu jest to wydarzenie, kt\u00f3rego nie mo\u017cna przegapi\u0107 w \u015bwiecie literackim.<\/p>\n<p>W tym roku mieli\u015bmy zaszczyt zaprezentowa\u0107 <strong>Interaktywny \u015aWIAT<\/strong> na naszym w\u0142asnym stoisku. Reakcja na ksi\u0105\u017ck\u0119 by\u0142a naprawd\u0119 niezwyk\u0142a. Uczestnicy byli zachwyceni wyj\u0105tkow\u0105 koncepcj\u0105, innowacyjnym designem i fascynuj\u0105c\u0105 tre\u015bci\u0105. Anga\u017cowali\u015bmy si\u0119 w wzbogacaj\u0105ce dyskusje z literaturoznawcami, wydawcami i czytelnikami z r\u00f3\u017cnych zak\u0105tk\u00f3w \u015bwiata, zdobywaj\u0105c bezcenne spostrze\u017cenia i nawi\u0105zuj\u0105c kontakty, kt\u00f3re b\u0119d\u0105 inspiracj\u0105 dla naszej przysz\u0142ej pracy.<\/p>\n<p>Z rado\u015bci\u0105 og\u0142aszamy,<strong> \u017ce wr\u00f3cimy na Londy\u0144skie Targi Ksi\u0105\u017cki w 2025 roku. Je\u015bli chcesz si\u0119 z nami skontaktowa\u0107 i om\u00f3wi\u0107 nasze najnowsze projekty, skontaktuj si\u0119 z nami<\/strong>. Nie mo\u017cemy si\u0119 doczeka\u0107 kolejnego ekscytuj\u0105cego roku zwi\u0105zanego z tym niezwyk\u0142ym wydarzeniem!<\/p>\n<p>Dzi\u0119kujemy wszystkim, kt\u00f3rzy odwiedzili nasze stoisko, podzielili si\u0119 swoimi przemy\u015bleniami na temat <strong>Interaktywny \u015aWIAT<\/strong> i wsparli nasz\u0105 prac\u0119. Jeste\u015bmy naprawd\u0119 wdzi\u0119czni ka\u017cdemu czytelnikowi, kt\u00f3rego zainspirowa\u0142a nasza ksi\u0105\u017cka, i nie mo\u017cemy si\u0119 doczeka\u0107 <strong>spotkania z Tob\u0105 na London Book Fair 2025<\/strong>!<\/p>\n<\/div>\n<\/div>\n<\/div>\n<\/div>\n<\/div>\n<\/div>\n","protected":false},"excerpt":{"rendered":"<p>Buch Wien 2024 Z przyjemno\u015bci\u0105 wzi\u0119li\u015bmy udzia\u0142 w Buch Wien 2024, targach ksi\u0105\u017cki odbywaj\u0105cych si\u0119 w dniach 6\u201310 listopada w Wiedniu. To presti\u017cowe wydarzenie literackie przyci\u0105ga pe\u0142nych pasji czytelnik\u00f3w, autor\u00f3w i specjalist\u00f3w z bran\u017cy wydawniczej z ca\u0142ej Europy i spoza niej. Mieli\u015bmy okazj\u0119 zapozna\u0107 si\u0119 z inspiruj\u0105cymi eksponatami, nawi\u0105za\u0107 kontakt z ekspertami bran\u017cowymi i podzieli\u0107 [&hellip;]<\/p>\n","protected":false},"author":1,"featured_media":0,"parent":0,"menu_order":0,"comment_status":"closed","ping_status":"closed","template":"","meta":{"_acf_changed":false,"inline_featured_image":false,"footnotes":""},"class_list":["post-12674","page","type-page","status-publish","hentry"],"acf":[],"yoast_head":"<!-- This site is optimized with the Yoast SEO plugin v27.4 - https:\/\/yoast.com\/product\/yoast-seo-wordpress\/ -->\n<title>Wydarzenia i plany | Interactive World Book<\/title>\n<meta name=\"robots\" content=\"index, follow, max-snippet:-1, max-image-preview:large, max-video-preview:-1\" \/>\n<link rel=\"canonical\" href=\"https:\/\/interactiveworldbook.com\/pl\/meet-us\/\" \/>\n<meta property=\"og:locale\" content=\"pl_PL\" \/>\n<meta property=\"og:type\" content=\"article\" \/>\n<meta property=\"og:title\" content=\"Wydarzenia i plany | Interactive World Book\" \/>\n<meta property=\"og:description\" content=\"Buch Wien 2024 Z przyjemno\u015bci\u0105 wzi\u0119li\u015bmy udzia\u0142 w Buch Wien 2024, targach ksi\u0105\u017cki odbywaj\u0105cych si\u0119 w dniach 6\u201310 listopada w Wiedniu. To presti\u017cowe wydarzenie literackie przyci\u0105ga pe\u0142nych pasji czytelnik\u00f3w, autor\u00f3w i specjalist\u00f3w z bran\u017cy wydawniczej z ca\u0142ej Europy i spoza niej. Mieli\u015bmy okazj\u0119 zapozna\u0107 si\u0119 z inspiruj\u0105cymi eksponatami, nawi\u0105za\u0107 kontakt z ekspertami bran\u017cowymi i podzieli\u0107 [&hellip;]\" \/>\n<meta property=\"og:url\" content=\"https:\/\/interactiveworldbook.com\/pl\/meet-us\/\" \/>\n<meta property=\"og:site_name\" content=\"Interactive World Book\" \/>\n<meta property=\"article:publisher\" content=\"https:\/\/www.facebook.com\/interactiveworldbook\/\" \/>\n<meta property=\"article:modified_time\" content=\"2024-12-26T09:49:46+00:00\" \/>\n<meta property=\"og:image\" content=\"https:\/\/interactiveworldbook.com\/wp-content\/uploads\/2024\/12\/dcee6a081ac4bbce6c1ee35bd3d60739.png\" \/>\n<meta name=\"twitter:card\" content=\"summary_large_image\" \/>\n<meta name=\"twitter:label1\" content=\"Szacowany czas czytania\" \/>\n\t<meta name=\"twitter:data1\" content=\"2 minuty\" \/>\n<script type=\"application\/ld+json\" class=\"yoast-schema-graph\">{\"@context\":\"https:\\\/\\\/schema.org\",\"@graph\":[{\"@type\":\"WebPage\",\"@id\":\"https:\\\/\\\/interactiveworldbook.com\\\/pl\\\/meet-us\\\/\",\"url\":\"https:\\\/\\\/interactiveworldbook.com\\\/pl\\\/meet-us\\\/\",\"name\":\"Wydarzenia i plany | Interactive World Book\",\"isPartOf\":{\"@id\":\"https:\\\/\\\/interactiveworldbook.com\\\/pl\\\/#website\"},\"primaryImageOfPage\":{\"@id\":\"https:\\\/\\\/interactiveworldbook.com\\\/pl\\\/meet-us\\\/#primaryimage\"},\"image\":{\"@id\":\"https:\\\/\\\/interactiveworldbook.com\\\/pl\\\/meet-us\\\/#primaryimage\"},\"thumbnailUrl\":\"https:\\\/\\\/interactiveworldbook.com\\\/wp-content\\\/uploads\\\/2024\\\/12\\\/dcee6a081ac4bbce6c1ee35bd3d60739.png\",\"datePublished\":\"2024-04-11T13:45:47+00:00\",\"dateModified\":\"2024-12-26T09:49:46+00:00\",\"breadcrumb\":{\"@id\":\"https:\\\/\\\/interactiveworldbook.com\\\/pl\\\/meet-us\\\/#breadcrumb\"},\"inLanguage\":\"pl-PL\",\"potentialAction\":[{\"@type\":\"ReadAction\",\"target\":[\"https:\\\/\\\/interactiveworldbook.com\\\/pl\\\/meet-us\\\/\"]}]},{\"@type\":\"ImageObject\",\"inLanguage\":\"pl-PL\",\"@id\":\"https:\\\/\\\/interactiveworldbook.com\\\/pl\\\/meet-us\\\/#primaryimage\",\"url\":\"https:\\\/\\\/interactiveworldbook.com\\\/wp-content\\\/uploads\\\/2024\\\/12\\\/dcee6a081ac4bbce6c1ee35bd3d60739.png\",\"contentUrl\":\"https:\\\/\\\/interactiveworldbook.com\\\/wp-content\\\/uploads\\\/2024\\\/12\\\/dcee6a081ac4bbce6c1ee35bd3d60739.png\"},{\"@type\":\"BreadcrumbList\",\"@id\":\"https:\\\/\\\/interactiveworldbook.com\\\/pl\\\/meet-us\\\/#breadcrumb\",\"itemListElement\":[{\"@type\":\"ListItem\",\"position\":1,\"name\":\"Dom\u016f\",\"item\":\"https:\\\/\\\/interactiveworldbook.com\\\/pl\\\/\"},{\"@type\":\"ListItem\",\"position\":2,\"name\":\"Wydarzenia i plany\"}]},{\"@type\":\"WebSite\",\"@id\":\"https:\\\/\\\/interactiveworldbook.com\\\/pl\\\/#website\",\"url\":\"https:\\\/\\\/interactiveworldbook.com\\\/pl\\\/\",\"name\":\"Interactive World Book\",\"description\":\"Interactive World Book, kniha, m\u011bsta, zem\u011b, sv\u011btad\u00edly, informace\",\"publisher\":{\"@id\":\"https:\\\/\\\/interactiveworldbook.com\\\/pl\\\/#organization\"},\"potentialAction\":[{\"@type\":\"SearchAction\",\"target\":{\"@type\":\"EntryPoint\",\"urlTemplate\":\"https:\\\/\\\/interactiveworldbook.com\\\/pl\\\/?s={search_term_string}\"},\"query-input\":{\"@type\":\"PropertyValueSpecification\",\"valueRequired\":true,\"valueName\":\"search_term_string\"}}],\"inLanguage\":\"pl-PL\"},{\"@type\":\"Organization\",\"@id\":\"https:\\\/\\\/interactiveworldbook.com\\\/pl\\\/#organization\",\"name\":\"Interactive World Book\",\"url\":\"https:\\\/\\\/interactiveworldbook.com\\\/pl\\\/\",\"logo\":{\"@type\":\"ImageObject\",\"inLanguage\":\"pl-PL\",\"@id\":\"https:\\\/\\\/interactiveworldbook.com\\\/pl\\\/#\\\/schema\\\/logo\\\/image\\\/\",\"url\":\"https:\\\/\\\/interactiveworldbook.com\\\/wp-content\\\/uploads\\\/2024\\\/11\\\/IW_barevna-1.png\",\"contentUrl\":\"https:\\\/\\\/interactiveworldbook.com\\\/wp-content\\\/uploads\\\/2024\\\/11\\\/IW_barevna-1.png\",\"width\":1690,\"height\":583,\"caption\":\"Interactive World Book\"},\"image\":{\"@id\":\"https:\\\/\\\/interactiveworldbook.com\\\/pl\\\/#\\\/schema\\\/logo\\\/image\\\/\"},\"sameAs\":[\"https:\\\/\\\/www.facebook.com\\\/interactiveworldbook\\\/\",\"https:\\\/\\\/www.instagram.com\\\/interactive_world_book\\\/\",\"https:\\\/\\\/www.tiktok.com\\\/@iw_book\"]}]}<\/script>\n<!-- \/ Yoast SEO plugin. -->","yoast_head_json":{"title":"Wydarzenia i plany | Interactive World Book","robots":{"index":"index","follow":"follow","max-snippet":"max-snippet:-1","max-image-preview":"max-image-preview:large","max-video-preview":"max-video-preview:-1"},"canonical":"https:\/\/interactiveworldbook.com\/pl\/meet-us\/","og_locale":"pl_PL","og_type":"article","og_title":"Wydarzenia i plany | Interactive World Book","og_description":"Buch Wien 2024 Z przyjemno\u015bci\u0105 wzi\u0119li\u015bmy udzia\u0142 w Buch Wien 2024, targach ksi\u0105\u017cki odbywaj\u0105cych si\u0119 w dniach 6\u201310 listopada w Wiedniu. To presti\u017cowe wydarzenie literackie przyci\u0105ga pe\u0142nych pasji czytelnik\u00f3w, autor\u00f3w i specjalist\u00f3w z bran\u017cy wydawniczej z ca\u0142ej Europy i spoza niej. Mieli\u015bmy okazj\u0119 zapozna\u0107 si\u0119 z inspiruj\u0105cymi eksponatami, nawi\u0105za\u0107 kontakt z ekspertami bran\u017cowymi i podzieli\u0107 [&hellip;]","og_url":"https:\/\/interactiveworldbook.com\/pl\/meet-us\/","og_site_name":"Interactive World Book","article_publisher":"https:\/\/www.facebook.com\/interactiveworldbook\/","article_modified_time":"2024-12-26T09:49:46+00:00","og_image":[{"url":"https:\/\/interactiveworldbook.com\/wp-content\/uploads\/2024\/12\/dcee6a081ac4bbce6c1ee35bd3d60739.png","type":"","width":"","height":""}],"twitter_card":"summary_large_image","twitter_misc":{"Szacowany czas czytania":"2 minuty"},"schema":{"@context":"https:\/\/schema.org","@graph":[{"@type":"WebPage","@id":"https:\/\/interactiveworldbook.com\/pl\/meet-us\/","url":"https:\/\/interactiveworldbook.com\/pl\/meet-us\/","name":"Wydarzenia i plany | Interactive World Book","isPartOf":{"@id":"https:\/\/interactiveworldbook.com\/pl\/#website"},"primaryImageOfPage":{"@id":"https:\/\/interactiveworldbook.com\/pl\/meet-us\/#primaryimage"},"image":{"@id":"https:\/\/interactiveworldbook.com\/pl\/meet-us\/#primaryimage"},"thumbnailUrl":"https:\/\/interactiveworldbook.com\/wp-content\/uploads\/2024\/12\/dcee6a081ac4bbce6c1ee35bd3d60739.png","datePublished":"2024-04-11T13:45:47+00:00","dateModified":"2024-12-26T09:49:46+00:00","breadcrumb":{"@id":"https:\/\/interactiveworldbook.com\/pl\/meet-us\/#breadcrumb"},"inLanguage":"pl-PL","potentialAction":[{"@type":"ReadAction","target":["https:\/\/interactiveworldbook.com\/pl\/meet-us\/"]}]},{"@type":"ImageObject","inLanguage":"pl-PL","@id":"https:\/\/interactiveworldbook.com\/pl\/meet-us\/#primaryimage","url":"https:\/\/interactiveworldbook.com\/wp-content\/uploads\/2024\/12\/dcee6a081ac4bbce6c1ee35bd3d60739.png","contentUrl":"https:\/\/interactiveworldbook.com\/wp-content\/uploads\/2024\/12\/dcee6a081ac4bbce6c1ee35bd3d60739.png"},{"@type":"BreadcrumbList","@id":"https:\/\/interactiveworldbook.com\/pl\/meet-us\/#breadcrumb","itemListElement":[{"@type":"ListItem","position":1,"name":"Dom\u016f","item":"https:\/\/interactiveworldbook.com\/pl\/"},{"@type":"ListItem","position":2,"name":"Wydarzenia i plany"}]},{"@type":"WebSite","@id":"https:\/\/interactiveworldbook.com\/pl\/#website","url":"https:\/\/interactiveworldbook.com\/pl\/","name":"Interactive World Book","description":"Interactive World Book, kniha, m\u011bsta, zem\u011b, sv\u011btad\u00edly, informace","publisher":{"@id":"https:\/\/interactiveworldbook.com\/pl\/#organization"},"potentialAction":[{"@type":"SearchAction","target":{"@type":"EntryPoint","urlTemplate":"https:\/\/interactiveworldbook.com\/pl\/?s={search_term_string}"},"query-input":{"@type":"PropertyValueSpecification","valueRequired":true,"valueName":"search_term_string"}}],"inLanguage":"pl-PL"},{"@type":"Organization","@id":"https:\/\/interactiveworldbook.com\/pl\/#organization","name":"Interactive World Book","url":"https:\/\/interactiveworldbook.com\/pl\/","logo":{"@type":"ImageObject","inLanguage":"pl-PL","@id":"https:\/\/interactiveworldbook.com\/pl\/#\/schema\/logo\/image\/","url":"https:\/\/interactiveworldbook.com\/wp-content\/uploads\/2024\/11\/IW_barevna-1.png","contentUrl":"https:\/\/interactiveworldbook.com\/wp-content\/uploads\/2024\/11\/IW_barevna-1.png","width":1690,"height":583,"caption":"Interactive World Book"},"image":{"@id":"https:\/\/interactiveworldbook.com\/pl\/#\/schema\/logo\/image\/"},"sameAs":["https:\/\/www.facebook.com\/interactiveworldbook\/","https:\/\/www.instagram.com\/interactive_world_book\/","https:\/\/www.tiktok.com\/@iw_book"]}]}},"_links":{"self":[{"href":"https:\/\/interactiveworldbook.com\/pl\/wp-json\/wp\/v2\/pages\/12674","targetHints":{"allow":["GET"]}}],"collection":[{"href":"https:\/\/interactiveworldbook.com\/pl\/wp-json\/wp\/v2\/pages"}],"about":[{"href":"https:\/\/interactiveworldbook.com\/pl\/wp-json\/wp\/v2\/types\/page"}],"author":[{"embeddable":true,"href":"https:\/\/interactiveworldbook.com\/pl\/wp-json\/wp\/v2\/users\/1"}],"replies":[{"embeddable":true,"href":"https:\/\/interactiveworldbook.com\/pl\/wp-json\/wp\/v2\/comments?post=12674"}],"version-history":[{"count":8,"href":"https:\/\/interactiveworldbook.com\/pl\/wp-json\/wp\/v2\/pages\/12674\/revisions"}],"predecessor-version":[{"id":26375,"href":"https:\/\/interactiveworldbook.com\/pl\/wp-json\/wp\/v2\/pages\/12674\/revisions\/26375"}],"wp:attachment":[{"href":"https:\/\/interactiveworldbook.com\/pl\/wp-json\/wp\/v2\/media?parent=12674"}],"curies":[{"name":"wp","href":"https:\/\/api.w.org\/{rel}","templated":true}]}}