{"id":12882,"date":"2023-03-07T11:08:49","date_gmt":"2023-03-07T10:08:49","guid":{"rendered":"https:\/\/interactiveworldbook.com\/shipping-and-payment\/"},"modified":"2026-01-21T11:05:05","modified_gmt":"2026-01-21T10:05:05","slug":"shipping-and-payment","status":"publish","type":"page","link":"https:\/\/interactiveworldbook.com\/pl\/shipping-and-payment\/","title":{"rendered":"Wysy\u0142ka i p\u0142atno\u015b\u0107"},"content":{"rendered":"<p><b>W jaki spos\u00f3b dostarczane s\u0105 zam\u00f3wienia?<\/b><\/p>\n<ul>\n<li><span style=\"font-weight: 400;\">zawsze staramy si\u0119 zrobi\u0107 wszystko co w naszej mocy, aby zrealizowa\u0107 Twoje zam\u00f3wienie jak najszybciej<\/span><\/li>\n<li><span style=\"font-weight: 400;\">dostaw\u0119 zam\u00f3wie\u0144 zapewnia nam przewo\u017anik\u00a0<\/span><b>Packeta<\/b><\/li>\n<li><strong><span style=\"font-weight: 400;\">koszt wysy\u0142ki Z\u00e1silkovnej na ca\u0142y \u015bwiat wynos <\/span>20 EUR<\/strong><\/li>\n<\/ul>\n<p><b>Zasady p\u0142atno\u015bci<\/b><\/p>\n<ul>\n<li><span style=\"font-weight: 400;\">p\u0142atno\u015b\u0107 z g\u00f3ry przelewem tradycyjnym na nasze konto IBAN: CZ9455000000002946788002 SWIFT: RZBCCZPP \u2013 Raiffeisen Bank a.s. \u2013 u\u017cyj numeru zam\u00f3wienia jako symbolu zmiennego<\/span><\/li>\n<li><strong><span style=\"font-weight: 400;\">p\u0142atno\u015b\u0107 kart\u0105 za po\u015brednictwem bramki p\u0142atniczej GoPay<\/span><img loading=\"lazy\" decoding=\"async\" class=\"alignnone size-full wp-image-3491\" src=\"https:\/\/interactiveworldbook.com\/wp-content\/uploads\/2023\/03\/gopay_bannery-barevne.png\" alt=\"\" width=\"100\" height=\"35\" \/><\/strong><\/li>\n<li><span style=\"font-weight: 400;\">p\u0142atno\u015b\u0107 przelewem bankowym online<\/span><\/li>\n<li><span style=\"font-weight: 400;\">p\u0142atno\u015b\u0107 przy odbiorze<\/span><\/li>\n<\/ul>\n<p><b>Opcje p\u0142atno\u015bci za po\u015brednictwem bramki GoPay<\/b><\/p>\n<p><span style=\"font-weight: 400;\">P\u0142atno\u015bci online s\u0105 dla nas obs\u0142ugiwane przez bramk\u0119 p\u0142atno\u015bci GoPay. Dostawca us\u0142ug, GOPAY sro, jest licencjonowan\u0105 instytucj\u0105 p\u0142atnicz\u0105 dzia\u0142aj\u0105c\u0105 pod nadzorem Czeskiego Banku Narodowego. P\u0142atno\u015bci dokonywane za po\u015brednictwem bramki p\u0142atno\u015bci s\u0105 w pe\u0142ni zabezpieczone, a wszystkie informacje s\u0105 szyfrowane.<\/span><\/p>\n<p><b>P\u0142atno\u015b\u0107 kart\u0105<\/b><\/p>\n<p style=\"text-align: left;\"><span style=\"font-weight: 400;\">Najszybszy spos\u00f3b p\u0142acenia online. W interfejsie bramki p\u0142atniczej GoPay wprowadzasz numer swojej karty, dat\u0119 wa\u017cno\u015bci i kod CVC (trzy cyfry, kt\u00f3re znajdziesz na pasku podpisu z ty\u0142u karty). Wszystko jest zabezpieczone standardem 3D Secure, wi\u0119c prawdopodobnie zostaniesz poproszony o podanie kodu numerycznego, kt\u00f3ry otrzymasz SMS-em od swojego banku.<\/span><\/p>\n<p><img loading=\"lazy\" decoding=\"async\" class=\"alignnone size-full wp-image-3490\" src=\"https:\/\/interactiveworldbook.com\/wp-content\/uploads\/2023\/03\/comgate-karetni-loga.png\" alt=\"\" width=\"728\" height=\"90\" srcset=\"https:\/\/interactiveworldbook.com\/wp-content\/uploads\/2023\/03\/comgate-karetni-loga.png 728w, https:\/\/interactiveworldbook.com\/wp-content\/uploads\/2023\/03\/comgate-karetni-loga-300x37.png 300w, https:\/\/interactiveworldbook.com\/wp-content\/uploads\/2023\/03\/comgate-karetni-loga-600x74.png 600w\" sizes=\"auto, (max-width: 728px) 100vw, 728px\" \/><\/p>\n<p><b>P\u0142atno\u015b\u0107 przelewem bankowym online<\/b><\/p>\n<p><span style=\"font-weight: 400;\">Natychmiastowa p\u0142atno\u015b\u0107 za po\u015brednictwem bankowo\u015bci internetowej. Bramka p\u0142atno\u015bci GoPay przekierowuje Ci\u0119 do Twojego dostawcy bankowo\u015bci internetowej, gdzie logujesz si\u0119 za pomoc\u0105 swoich danych logowania i potwierdzasz wcze\u015bniej przygotowane zlecenie p\u0142atno\u015bci.<\/span><\/p>\n<p><img loading=\"lazy\" decoding=\"async\" class=\"alignnone size-full wp-image-3489\" src=\"https:\/\/interactiveworldbook.com\/wp-content\/uploads\/2023\/03\/platebni-brana-comgate-banky.png\" alt=\"\" width=\"728\" height=\"311\" srcset=\"https:\/\/interactiveworldbook.com\/wp-content\/uploads\/2023\/03\/platebni-brana-comgate-banky.png 728w, https:\/\/interactiveworldbook.com\/wp-content\/uploads\/2023\/03\/platebni-brana-comgate-banky-300x128.png 300w, https:\/\/interactiveworldbook.com\/wp-content\/uploads\/2023\/03\/platebni-brana-comgate-banky-600x256.png 600w\" sizes=\"auto, (max-width: 728px) 100vw, 728px\" \/><\/p>\n<p><span style=\"font-weight: 400;\">Po dokonaniu p\u0142atno\u015bci zostaniesz przekierowany z powrotem do sklepu. P\u0142atno\u015b\u0107 zostanie potwierdzona natychmiast i bezzw\u0142ocznie przyst\u0105pimy do realizacji zam\u00f3wienia.<\/span><\/p>\n","protected":false},"excerpt":{"rendered":"<p>W jaki spos\u00f3b dostarczane s\u0105 zam\u00f3wienia? zawsze staramy si\u0119 zrobi\u0107 wszystko co w naszej mocy, aby zrealizowa\u0107 Twoje zam\u00f3wienie jak najszybciej dostaw\u0119 zam\u00f3wie\u0144 zapewnia nam przewo\u017anik\u00a0Packeta koszt wysy\u0142ki Z\u00e1silkovnej na ca\u0142y \u015bwiat wynos 20 EUR Zasady p\u0142atno\u015bci p\u0142atno\u015b\u0107 z g\u00f3ry przelewem tradycyjnym na nasze konto IBAN: CZ9455000000002946788002 SWIFT: RZBCCZPP \u2013 Raiffeisen Bank a.s. \u2013 u\u017cyj [&hellip;]<\/p>\n","protected":false},"author":1,"featured_media":0,"parent":0,"menu_order":0,"comment_status":"closed","ping_status":"closed","template":"","meta":{"_acf_changed":false,"inline_featured_image":false,"footnotes":""},"class_list":["post-12882","page","type-page","status-publish","hentry"],"acf":[],"yoast_head":"<!-- This site is optimized with the Yoast SEO plugin v27.4 - https:\/\/yoast.com\/product\/yoast-seo-wordpress\/ -->\n<title>Wysy\u0142ka i p\u0142atno\u015b\u0107 | Interactive World Book<\/title>\n<meta name=\"robots\" content=\"index, follow, max-snippet:-1, max-image-preview:large, max-video-preview:-1\" \/>\n<link rel=\"canonical\" href=\"https:\/\/interactiveworldbook.com\/pl\/shipping-and-payment\/\" \/>\n<meta property=\"og:locale\" content=\"pl_PL\" \/>\n<meta property=\"og:type\" content=\"article\" \/>\n<meta property=\"og:title\" content=\"Wysy\u0142ka i p\u0142atno\u015b\u0107 | Interactive World Book\" \/>\n<meta property=\"og:description\" content=\"W jaki spos\u00f3b dostarczane s\u0105 zam\u00f3wienia? zawsze staramy si\u0119 zrobi\u0107 wszystko co w naszej mocy, aby zrealizowa\u0107 Twoje zam\u00f3wienie jak najszybciej dostaw\u0119 zam\u00f3wie\u0144 zapewnia nam przewo\u017anik\u00a0Packeta koszt wysy\u0142ki Z\u00e1silkovnej na ca\u0142y \u015bwiat wynos 20 EUR Zasady p\u0142atno\u015bci p\u0142atno\u015b\u0107 z g\u00f3ry przelewem tradycyjnym na nasze konto IBAN: CZ9455000000002946788002 SWIFT: RZBCCZPP \u2013 Raiffeisen Bank a.s. \u2013 u\u017cyj [&hellip;]\" \/>\n<meta property=\"og:url\" content=\"https:\/\/interactiveworldbook.com\/pl\/shipping-and-payment\/\" \/>\n<meta property=\"og:site_name\" content=\"Interactive World Book\" \/>\n<meta property=\"article:publisher\" content=\"https:\/\/www.facebook.com\/interactiveworldbook\/\" \/>\n<meta property=\"article:modified_time\" content=\"2026-01-21T10:05:05+00:00\" \/>\n<meta property=\"og:image\" content=\"https:\/\/interactiveworldbook.com\/wp-content\/uploads\/2023\/03\/gopay_bannery-barevne.png\" \/>\n<meta name=\"twitter:card\" content=\"summary_large_image\" \/>\n<meta name=\"twitter:label1\" content=\"Szacowany czas czytania\" \/>\n\t<meta name=\"twitter:data1\" content=\"1 minuta\" \/>\n<script type=\"application\/ld+json\" class=\"yoast-schema-graph\">{\"@context\":\"https:\\\/\\\/schema.org\",\"@graph\":[{\"@type\":\"WebPage\",\"@id\":\"https:\\\/\\\/interactiveworldbook.com\\\/pl\\\/shipping-and-payment\\\/\",\"url\":\"https:\\\/\\\/interactiveworldbook.com\\\/pl\\\/shipping-and-payment\\\/\",\"name\":\"Wysy\u0142ka i p\u0142atno\u015b\u0107 | Interactive World Book\",\"isPartOf\":{\"@id\":\"https:\\\/\\\/interactiveworldbook.com\\\/pl\\\/#website\"},\"primaryImageOfPage\":{\"@id\":\"https:\\\/\\\/interactiveworldbook.com\\\/pl\\\/shipping-and-payment\\\/#primaryimage\"},\"image\":{\"@id\":\"https:\\\/\\\/interactiveworldbook.com\\\/pl\\\/shipping-and-payment\\\/#primaryimage\"},\"thumbnailUrl\":\"https:\\\/\\\/interactiveworldbook.com\\\/wp-content\\\/uploads\\\/2023\\\/03\\\/gopay_bannery-barevne.png\",\"datePublished\":\"2023-03-07T10:08:49+00:00\",\"dateModified\":\"2026-01-21T10:05:05+00:00\",\"breadcrumb\":{\"@id\":\"https:\\\/\\\/interactiveworldbook.com\\\/pl\\\/shipping-and-payment\\\/#breadcrumb\"},\"inLanguage\":\"pl-PL\",\"potentialAction\":[{\"@type\":\"ReadAction\",\"target\":[\"https:\\\/\\\/interactiveworldbook.com\\\/pl\\\/shipping-and-payment\\\/\"]}]},{\"@type\":\"ImageObject\",\"inLanguage\":\"pl-PL\",\"@id\":\"https:\\\/\\\/interactiveworldbook.com\\\/pl\\\/shipping-and-payment\\\/#primaryimage\",\"url\":\"https:\\\/\\\/interactiveworldbook.com\\\/wp-content\\\/uploads\\\/2023\\\/03\\\/gopay_bannery-barevne.png\",\"contentUrl\":\"https:\\\/\\\/interactiveworldbook.com\\\/wp-content\\\/uploads\\\/2023\\\/03\\\/gopay_bannery-barevne.png\"},{\"@type\":\"BreadcrumbList\",\"@id\":\"https:\\\/\\\/interactiveworldbook.com\\\/pl\\\/shipping-and-payment\\\/#breadcrumb\",\"itemListElement\":[{\"@type\":\"ListItem\",\"position\":1,\"name\":\"Dom\u016f\",\"item\":\"https:\\\/\\\/interactiveworldbook.com\\\/pl\\\/\"},{\"@type\":\"ListItem\",\"position\":2,\"name\":\"Wysy\u0142ka i p\u0142atno\u015b\u0107\"}]},{\"@type\":\"WebSite\",\"@id\":\"https:\\\/\\\/interactiveworldbook.com\\\/pl\\\/#website\",\"url\":\"https:\\\/\\\/interactiveworldbook.com\\\/pl\\\/\",\"name\":\"Interactive World Book\",\"description\":\"Interactive World Book, kniha, m\u011bsta, zem\u011b, sv\u011btad\u00edly, informace\",\"publisher\":{\"@id\":\"https:\\\/\\\/interactiveworldbook.com\\\/pl\\\/#organization\"},\"potentialAction\":[{\"@type\":\"SearchAction\",\"target\":{\"@type\":\"EntryPoint\",\"urlTemplate\":\"https:\\\/\\\/interactiveworldbook.com\\\/pl\\\/?s={search_term_string}\"},\"query-input\":{\"@type\":\"PropertyValueSpecification\",\"valueRequired\":true,\"valueName\":\"search_term_string\"}}],\"inLanguage\":\"pl-PL\"},{\"@type\":\"Organization\",\"@id\":\"https:\\\/\\\/interactiveworldbook.com\\\/pl\\\/#organization\",\"name\":\"Interactive World Book\",\"url\":\"https:\\\/\\\/interactiveworldbook.com\\\/pl\\\/\",\"logo\":{\"@type\":\"ImageObject\",\"inLanguage\":\"pl-PL\",\"@id\":\"https:\\\/\\\/interactiveworldbook.com\\\/pl\\\/#\\\/schema\\\/logo\\\/image\\\/\",\"url\":\"https:\\\/\\\/interactiveworldbook.com\\\/wp-content\\\/uploads\\\/2024\\\/11\\\/IW_barevna-1.png\",\"contentUrl\":\"https:\\\/\\\/interactiveworldbook.com\\\/wp-content\\\/uploads\\\/2024\\\/11\\\/IW_barevna-1.png\",\"width\":1690,\"height\":583,\"caption\":\"Interactive World Book\"},\"image\":{\"@id\":\"https:\\\/\\\/interactiveworldbook.com\\\/pl\\\/#\\\/schema\\\/logo\\\/image\\\/\"},\"sameAs\":[\"https:\\\/\\\/www.facebook.com\\\/interactiveworldbook\\\/\",\"https:\\\/\\\/www.instagram.com\\\/interactive_world_book\\\/\",\"https:\\\/\\\/www.tiktok.com\\\/@iw_book\"]}]}<\/script>\n<!-- \/ Yoast SEO plugin. -->","yoast_head_json":{"title":"Wysy\u0142ka i p\u0142atno\u015b\u0107 | Interactive World Book","robots":{"index":"index","follow":"follow","max-snippet":"max-snippet:-1","max-image-preview":"max-image-preview:large","max-video-preview":"max-video-preview:-1"},"canonical":"https:\/\/interactiveworldbook.com\/pl\/shipping-and-payment\/","og_locale":"pl_PL","og_type":"article","og_title":"Wysy\u0142ka i p\u0142atno\u015b\u0107 | Interactive World Book","og_description":"W jaki spos\u00f3b dostarczane s\u0105 zam\u00f3wienia? zawsze staramy si\u0119 zrobi\u0107 wszystko co w naszej mocy, aby zrealizowa\u0107 Twoje zam\u00f3wienie jak najszybciej dostaw\u0119 zam\u00f3wie\u0144 zapewnia nam przewo\u017anik\u00a0Packeta koszt wysy\u0142ki Z\u00e1silkovnej na ca\u0142y \u015bwiat wynos 20 EUR Zasady p\u0142atno\u015bci p\u0142atno\u015b\u0107 z g\u00f3ry przelewem tradycyjnym na nasze konto IBAN: CZ9455000000002946788002 SWIFT: RZBCCZPP \u2013 Raiffeisen Bank a.s. \u2013 u\u017cyj [&hellip;]","og_url":"https:\/\/interactiveworldbook.com\/pl\/shipping-and-payment\/","og_site_name":"Interactive World Book","article_publisher":"https:\/\/www.facebook.com\/interactiveworldbook\/","article_modified_time":"2026-01-21T10:05:05+00:00","og_image":[{"url":"https:\/\/interactiveworldbook.com\/wp-content\/uploads\/2023\/03\/gopay_bannery-barevne.png","type":"","width":"","height":""}],"twitter_card":"summary_large_image","twitter_misc":{"Szacowany czas czytania":"1 minuta"},"schema":{"@context":"https:\/\/schema.org","@graph":[{"@type":"WebPage","@id":"https:\/\/interactiveworldbook.com\/pl\/shipping-and-payment\/","url":"https:\/\/interactiveworldbook.com\/pl\/shipping-and-payment\/","name":"Wysy\u0142ka i p\u0142atno\u015b\u0107 | Interactive World Book","isPartOf":{"@id":"https:\/\/interactiveworldbook.com\/pl\/#website"},"primaryImageOfPage":{"@id":"https:\/\/interactiveworldbook.com\/pl\/shipping-and-payment\/#primaryimage"},"image":{"@id":"https:\/\/interactiveworldbook.com\/pl\/shipping-and-payment\/#primaryimage"},"thumbnailUrl":"https:\/\/interactiveworldbook.com\/wp-content\/uploads\/2023\/03\/gopay_bannery-barevne.png","datePublished":"2023-03-07T10:08:49+00:00","dateModified":"2026-01-21T10:05:05+00:00","breadcrumb":{"@id":"https:\/\/interactiveworldbook.com\/pl\/shipping-and-payment\/#breadcrumb"},"inLanguage":"pl-PL","potentialAction":[{"@type":"ReadAction","target":["https:\/\/interactiveworldbook.com\/pl\/shipping-and-payment\/"]}]},{"@type":"ImageObject","inLanguage":"pl-PL","@id":"https:\/\/interactiveworldbook.com\/pl\/shipping-and-payment\/#primaryimage","url":"https:\/\/interactiveworldbook.com\/wp-content\/uploads\/2023\/03\/gopay_bannery-barevne.png","contentUrl":"https:\/\/interactiveworldbook.com\/wp-content\/uploads\/2023\/03\/gopay_bannery-barevne.png"},{"@type":"BreadcrumbList","@id":"https:\/\/interactiveworldbook.com\/pl\/shipping-and-payment\/#breadcrumb","itemListElement":[{"@type":"ListItem","position":1,"name":"Dom\u016f","item":"https:\/\/interactiveworldbook.com\/pl\/"},{"@type":"ListItem","position":2,"name":"Wysy\u0142ka i p\u0142atno\u015b\u0107"}]},{"@type":"WebSite","@id":"https:\/\/interactiveworldbook.com\/pl\/#website","url":"https:\/\/interactiveworldbook.com\/pl\/","name":"Interactive World Book","description":"Interactive World Book, kniha, m\u011bsta, zem\u011b, sv\u011btad\u00edly, informace","publisher":{"@id":"https:\/\/interactiveworldbook.com\/pl\/#organization"},"potentialAction":[{"@type":"SearchAction","target":{"@type":"EntryPoint","urlTemplate":"https:\/\/interactiveworldbook.com\/pl\/?s={search_term_string}"},"query-input":{"@type":"PropertyValueSpecification","valueRequired":true,"valueName":"search_term_string"}}],"inLanguage":"pl-PL"},{"@type":"Organization","@id":"https:\/\/interactiveworldbook.com\/pl\/#organization","name":"Interactive World Book","url":"https:\/\/interactiveworldbook.com\/pl\/","logo":{"@type":"ImageObject","inLanguage":"pl-PL","@id":"https:\/\/interactiveworldbook.com\/pl\/#\/schema\/logo\/image\/","url":"https:\/\/interactiveworldbook.com\/wp-content\/uploads\/2024\/11\/IW_barevna-1.png","contentUrl":"https:\/\/interactiveworldbook.com\/wp-content\/uploads\/2024\/11\/IW_barevna-1.png","width":1690,"height":583,"caption":"Interactive World Book"},"image":{"@id":"https:\/\/interactiveworldbook.com\/pl\/#\/schema\/logo\/image\/"},"sameAs":["https:\/\/www.facebook.com\/interactiveworldbook\/","https:\/\/www.instagram.com\/interactive_world_book\/","https:\/\/www.tiktok.com\/@iw_book"]}]}},"_links":{"self":[{"href":"https:\/\/interactiveworldbook.com\/pl\/wp-json\/wp\/v2\/pages\/12882","targetHints":{"allow":["GET"]}}],"collection":[{"href":"https:\/\/interactiveworldbook.com\/pl\/wp-json\/wp\/v2\/pages"}],"about":[{"href":"https:\/\/interactiveworldbook.com\/pl\/wp-json\/wp\/v2\/types\/page"}],"author":[{"embeddable":true,"href":"https:\/\/interactiveworldbook.com\/pl\/wp-json\/wp\/v2\/users\/1"}],"replies":[{"embeddable":true,"href":"https:\/\/interactiveworldbook.com\/pl\/wp-json\/wp\/v2\/comments?post=12882"}],"version-history":[{"count":2,"href":"https:\/\/interactiveworldbook.com\/pl\/wp-json\/wp\/v2\/pages\/12882\/revisions"}],"predecessor-version":[{"id":28088,"href":"https:\/\/interactiveworldbook.com\/pl\/wp-json\/wp\/v2\/pages\/12882\/revisions\/28088"}],"wp:attachment":[{"href":"https:\/\/interactiveworldbook.com\/pl\/wp-json\/wp\/v2\/media?parent=12882"}],"curies":[{"name":"wp","href":"https:\/\/api.w.org\/{rel}","templated":true}]}}