{"id":12890,"date":"2023-03-02T18:00:12","date_gmt":"2023-03-02T17:00:12","guid":{"rendered":"https:\/\/interactiveworldbook.com\/premium-section\/"},"modified":"2024-12-30T14:46:07","modified_gmt":"2024-12-30T13:46:07","slug":"premium-section","status":"publish","type":"page","link":"https:\/\/interactiveworldbook.com\/pl\/premium-section\/","title":{"rendered":"Sekcja Premium"},"content":{"rendered":"<p><a href=\"https:\/\/interactiveworldbook.com\/pl\/produkt\/interaktywny-swiat\/\"><img loading=\"lazy\" decoding=\"async\" class=\"aligncenter wp-image-20992 size-full\" src=\"https:\/\/interactiveworldbook.com\/wp-content\/uploads\/2024\/08\/pl-bttn-brown.png\" alt=\"\" width=\"210\" height=\"55\" \/><\/a><\/p>\n<h2 style=\"text-align: center;\">Aby wy\u015bwietli\u0107 zawarto\u015b\u0107 premium<br \/>\nmusisz kupi\u0107 ksi\u0105\u017ck\u0119.<\/h2>\n<p style=\"text-align: center;\">W ksi\u0105\u017cce znajduj\u0105 si\u0119 3 kody QR dla ka\u017cdego kraju.<\/p>\n<p style=\"text-align: center;\">Odpowiednie kody QR poka\u017c\u0105 szczeg\u00f3\u0142owy opis \/ hymn \/ flag\u0119 i god\u0142o kraju.<\/p>\n<p style=\"text-align: center;\">Po zeskanowaniu kodu QR otworzy si\u0119 strona z zawarto\u015bci\u0105 premium.<\/p>\n<p><a href=\"?add-to-cart=5683\"><br \/>\n<\/a><a href=\"https:\/\/interactiveworldbook.com\/pl\/produkt\/interaktywny-swiat\/\"><img loading=\"lazy\" decoding=\"async\" class=\"aligncenter wp-image-21001 size-full\" src=\"https:\/\/interactiveworldbook.com\/wp-content\/uploads\/2024\/08\/pl-bttn.png\" alt=\"\" width=\"210\" height=\"57\" \/><\/a><\/p>\n","protected":false},"excerpt":{"rendered":"<p>Aby wy\u015bwietli\u0107 zawarto\u015b\u0107 premium musisz kupi\u0107 ksi\u0105\u017ck\u0119. W ksi\u0105\u017cce znajduj\u0105 si\u0119 3 kody QR dla ka\u017cdego kraju. Odpowiednie kody QR poka\u017c\u0105 szczeg\u00f3\u0142owy opis \/ hymn \/ flag\u0119 i god\u0142o kraju. Po zeskanowaniu kodu QR otworzy si\u0119 strona z zawarto\u015bci\u0105 premium.<\/p>\n","protected":false},"author":1,"featured_media":0,"parent":0,"menu_order":0,"comment_status":"closed","ping_status":"closed","template":"","meta":{"_acf_changed":false,"inline_featured_image":false,"footnotes":""},"class_list":["post-12890","page","type-page","status-publish","hentry"],"acf":[],"yoast_head":"<!-- This site is optimized with the Yoast SEO plugin v27.4 - https:\/\/yoast.com\/product\/yoast-seo-wordpress\/ -->\n<title>Sekcja Premium | Interactive World Book<\/title>\n<meta name=\"robots\" content=\"index, follow, max-snippet:-1, max-image-preview:large, max-video-preview:-1\" \/>\n<link rel=\"canonical\" href=\"https:\/\/interactiveworldbook.com\/pl\/premium-section\/\" \/>\n<meta property=\"og:locale\" content=\"pl_PL\" \/>\n<meta property=\"og:type\" content=\"article\" \/>\n<meta property=\"og:title\" content=\"Sekcja Premium | Interactive World Book\" \/>\n<meta property=\"og:description\" content=\"Aby wy\u015bwietli\u0107 zawarto\u015b\u0107 premium musisz kupi\u0107 ksi\u0105\u017ck\u0119. W ksi\u0105\u017cce znajduj\u0105 si\u0119 3 kody QR dla ka\u017cdego kraju. Odpowiednie kody QR poka\u017c\u0105 szczeg\u00f3\u0142owy opis \/ hymn \/ flag\u0119 i god\u0142o kraju. Po zeskanowaniu kodu QR otworzy si\u0119 strona z zawarto\u015bci\u0105 premium.\" \/>\n<meta property=\"og:url\" content=\"https:\/\/interactiveworldbook.com\/pl\/premium-section\/\" \/>\n<meta property=\"og:site_name\" content=\"Interactive World Book\" \/>\n<meta property=\"article:publisher\" content=\"https:\/\/www.facebook.com\/interactiveworldbook\/\" \/>\n<meta property=\"article:modified_time\" content=\"2024-12-30T13:46:07+00:00\" \/>\n<meta property=\"og:image\" content=\"https:\/\/interactiveworldbook.com\/wp-content\/uploads\/2024\/08\/pl-bttn-brown.png\" \/>\n\t<meta property=\"og:image:width\" content=\"210\" \/>\n\t<meta property=\"og:image:height\" content=\"55\" \/>\n\t<meta property=\"og:image:type\" content=\"image\/png\" \/>\n<meta name=\"twitter:card\" content=\"summary_large_image\" \/>\n<script type=\"application\/ld+json\" class=\"yoast-schema-graph\">{\"@context\":\"https:\\\/\\\/schema.org\",\"@graph\":[{\"@type\":\"WebPage\",\"@id\":\"https:\\\/\\\/interactiveworldbook.com\\\/pl\\\/premium-section\\\/\",\"url\":\"https:\\\/\\\/interactiveworldbook.com\\\/pl\\\/premium-section\\\/\",\"name\":\"Sekcja Premium | Interactive World Book\",\"isPartOf\":{\"@id\":\"https:\\\/\\\/interactiveworldbook.com\\\/pl\\\/#website\"},\"primaryImageOfPage\":{\"@id\":\"https:\\\/\\\/interactiveworldbook.com\\\/pl\\\/premium-section\\\/#primaryimage\"},\"image\":{\"@id\":\"https:\\\/\\\/interactiveworldbook.com\\\/pl\\\/premium-section\\\/#primaryimage\"},\"thumbnailUrl\":\"https:\\\/\\\/interactiveworldbook.com\\\/wp-content\\\/uploads\\\/2024\\\/08\\\/pl-bttn-brown.png\",\"datePublished\":\"2023-03-02T17:00:12+00:00\",\"dateModified\":\"2024-12-30T13:46:07+00:00\",\"breadcrumb\":{\"@id\":\"https:\\\/\\\/interactiveworldbook.com\\\/pl\\\/premium-section\\\/#breadcrumb\"},\"inLanguage\":\"pl-PL\",\"potentialAction\":[{\"@type\":\"ReadAction\",\"target\":[\"https:\\\/\\\/interactiveworldbook.com\\\/pl\\\/premium-section\\\/\"]}]},{\"@type\":\"ImageObject\",\"inLanguage\":\"pl-PL\",\"@id\":\"https:\\\/\\\/interactiveworldbook.com\\\/pl\\\/premium-section\\\/#primaryimage\",\"url\":\"https:\\\/\\\/interactiveworldbook.com\\\/wp-content\\\/uploads\\\/2024\\\/08\\\/pl-bttn-brown.png\",\"contentUrl\":\"https:\\\/\\\/interactiveworldbook.com\\\/wp-content\\\/uploads\\\/2024\\\/08\\\/pl-bttn-brown.png\"},{\"@type\":\"BreadcrumbList\",\"@id\":\"https:\\\/\\\/interactiveworldbook.com\\\/pl\\\/premium-section\\\/#breadcrumb\",\"itemListElement\":[{\"@type\":\"ListItem\",\"position\":1,\"name\":\"Dom\u016f\",\"item\":\"https:\\\/\\\/interactiveworldbook.com\\\/pl\\\/\"},{\"@type\":\"ListItem\",\"position\":2,\"name\":\"Sekcja Premium\"}]},{\"@type\":\"WebSite\",\"@id\":\"https:\\\/\\\/interactiveworldbook.com\\\/pl\\\/#website\",\"url\":\"https:\\\/\\\/interactiveworldbook.com\\\/pl\\\/\",\"name\":\"Interactive World Book\",\"description\":\"Interactive World Book, kniha, m\u011bsta, zem\u011b, sv\u011btad\u00edly, informace\",\"publisher\":{\"@id\":\"https:\\\/\\\/interactiveworldbook.com\\\/pl\\\/#organization\"},\"potentialAction\":[{\"@type\":\"SearchAction\",\"target\":{\"@type\":\"EntryPoint\",\"urlTemplate\":\"https:\\\/\\\/interactiveworldbook.com\\\/pl\\\/?s={search_term_string}\"},\"query-input\":{\"@type\":\"PropertyValueSpecification\",\"valueRequired\":true,\"valueName\":\"search_term_string\"}}],\"inLanguage\":\"pl-PL\"},{\"@type\":\"Organization\",\"@id\":\"https:\\\/\\\/interactiveworldbook.com\\\/pl\\\/#organization\",\"name\":\"Interactive World Book\",\"url\":\"https:\\\/\\\/interactiveworldbook.com\\\/pl\\\/\",\"logo\":{\"@type\":\"ImageObject\",\"inLanguage\":\"pl-PL\",\"@id\":\"https:\\\/\\\/interactiveworldbook.com\\\/pl\\\/#\\\/schema\\\/logo\\\/image\\\/\",\"url\":\"https:\\\/\\\/interactiveworldbook.com\\\/wp-content\\\/uploads\\\/2024\\\/11\\\/IW_barevna-1.png\",\"contentUrl\":\"https:\\\/\\\/interactiveworldbook.com\\\/wp-content\\\/uploads\\\/2024\\\/11\\\/IW_barevna-1.png\",\"width\":1690,\"height\":583,\"caption\":\"Interactive World Book\"},\"image\":{\"@id\":\"https:\\\/\\\/interactiveworldbook.com\\\/pl\\\/#\\\/schema\\\/logo\\\/image\\\/\"},\"sameAs\":[\"https:\\\/\\\/www.facebook.com\\\/interactiveworldbook\\\/\",\"https:\\\/\\\/www.instagram.com\\\/interactive_world_book\\\/\",\"https:\\\/\\\/www.tiktok.com\\\/@iw_book\"]}]}<\/script>\n<!-- \/ Yoast SEO plugin. -->","yoast_head_json":{"title":"Sekcja Premium | Interactive World Book","robots":{"index":"index","follow":"follow","max-snippet":"max-snippet:-1","max-image-preview":"max-image-preview:large","max-video-preview":"max-video-preview:-1"},"canonical":"https:\/\/interactiveworldbook.com\/pl\/premium-section\/","og_locale":"pl_PL","og_type":"article","og_title":"Sekcja Premium | Interactive World Book","og_description":"Aby wy\u015bwietli\u0107 zawarto\u015b\u0107 premium musisz kupi\u0107 ksi\u0105\u017ck\u0119. W ksi\u0105\u017cce znajduj\u0105 si\u0119 3 kody QR dla ka\u017cdego kraju. Odpowiednie kody QR poka\u017c\u0105 szczeg\u00f3\u0142owy opis \/ hymn \/ flag\u0119 i god\u0142o kraju. Po zeskanowaniu kodu QR otworzy si\u0119 strona z zawarto\u015bci\u0105 premium.","og_url":"https:\/\/interactiveworldbook.com\/pl\/premium-section\/","og_site_name":"Interactive World Book","article_publisher":"https:\/\/www.facebook.com\/interactiveworldbook\/","article_modified_time":"2024-12-30T13:46:07+00:00","og_image":[{"width":210,"height":55,"url":"https:\/\/interactiveworldbook.com\/wp-content\/uploads\/2024\/08\/pl-bttn-brown.png","type":"image\/png"}],"twitter_card":"summary_large_image","schema":{"@context":"https:\/\/schema.org","@graph":[{"@type":"WebPage","@id":"https:\/\/interactiveworldbook.com\/pl\/premium-section\/","url":"https:\/\/interactiveworldbook.com\/pl\/premium-section\/","name":"Sekcja Premium | Interactive World Book","isPartOf":{"@id":"https:\/\/interactiveworldbook.com\/pl\/#website"},"primaryImageOfPage":{"@id":"https:\/\/interactiveworldbook.com\/pl\/premium-section\/#primaryimage"},"image":{"@id":"https:\/\/interactiveworldbook.com\/pl\/premium-section\/#primaryimage"},"thumbnailUrl":"https:\/\/interactiveworldbook.com\/wp-content\/uploads\/2024\/08\/pl-bttn-brown.png","datePublished":"2023-03-02T17:00:12+00:00","dateModified":"2024-12-30T13:46:07+00:00","breadcrumb":{"@id":"https:\/\/interactiveworldbook.com\/pl\/premium-section\/#breadcrumb"},"inLanguage":"pl-PL","potentialAction":[{"@type":"ReadAction","target":["https:\/\/interactiveworldbook.com\/pl\/premium-section\/"]}]},{"@type":"ImageObject","inLanguage":"pl-PL","@id":"https:\/\/interactiveworldbook.com\/pl\/premium-section\/#primaryimage","url":"https:\/\/interactiveworldbook.com\/wp-content\/uploads\/2024\/08\/pl-bttn-brown.png","contentUrl":"https:\/\/interactiveworldbook.com\/wp-content\/uploads\/2024\/08\/pl-bttn-brown.png"},{"@type":"BreadcrumbList","@id":"https:\/\/interactiveworldbook.com\/pl\/premium-section\/#breadcrumb","itemListElement":[{"@type":"ListItem","position":1,"name":"Dom\u016f","item":"https:\/\/interactiveworldbook.com\/pl\/"},{"@type":"ListItem","position":2,"name":"Sekcja Premium"}]},{"@type":"WebSite","@id":"https:\/\/interactiveworldbook.com\/pl\/#website","url":"https:\/\/interactiveworldbook.com\/pl\/","name":"Interactive World Book","description":"Interactive World Book, kniha, m\u011bsta, zem\u011b, sv\u011btad\u00edly, informace","publisher":{"@id":"https:\/\/interactiveworldbook.com\/pl\/#organization"},"potentialAction":[{"@type":"SearchAction","target":{"@type":"EntryPoint","urlTemplate":"https:\/\/interactiveworldbook.com\/pl\/?s={search_term_string}"},"query-input":{"@type":"PropertyValueSpecification","valueRequired":true,"valueName":"search_term_string"}}],"inLanguage":"pl-PL"},{"@type":"Organization","@id":"https:\/\/interactiveworldbook.com\/pl\/#organization","name":"Interactive World Book","url":"https:\/\/interactiveworldbook.com\/pl\/","logo":{"@type":"ImageObject","inLanguage":"pl-PL","@id":"https:\/\/interactiveworldbook.com\/pl\/#\/schema\/logo\/image\/","url":"https:\/\/interactiveworldbook.com\/wp-content\/uploads\/2024\/11\/IW_barevna-1.png","contentUrl":"https:\/\/interactiveworldbook.com\/wp-content\/uploads\/2024\/11\/IW_barevna-1.png","width":1690,"height":583,"caption":"Interactive World Book"},"image":{"@id":"https:\/\/interactiveworldbook.com\/pl\/#\/schema\/logo\/image\/"},"sameAs":["https:\/\/www.facebook.com\/interactiveworldbook\/","https:\/\/www.instagram.com\/interactive_world_book\/","https:\/\/www.tiktok.com\/@iw_book"]}]}},"_links":{"self":[{"href":"https:\/\/interactiveworldbook.com\/pl\/wp-json\/wp\/v2\/pages\/12890","targetHints":{"allow":["GET"]}}],"collection":[{"href":"https:\/\/interactiveworldbook.com\/pl\/wp-json\/wp\/v2\/pages"}],"about":[{"href":"https:\/\/interactiveworldbook.com\/pl\/wp-json\/wp\/v2\/types\/page"}],"author":[{"embeddable":true,"href":"https:\/\/interactiveworldbook.com\/pl\/wp-json\/wp\/v2\/users\/1"}],"replies":[{"embeddable":true,"href":"https:\/\/interactiveworldbook.com\/pl\/wp-json\/wp\/v2\/comments?post=12890"}],"version-history":[{"count":4,"href":"https:\/\/interactiveworldbook.com\/pl\/wp-json\/wp\/v2\/pages\/12890\/revisions"}],"predecessor-version":[{"id":26722,"href":"https:\/\/interactiveworldbook.com\/pl\/wp-json\/wp\/v2\/pages\/12890\/revisions\/26722"}],"wp:attachment":[{"href":"https:\/\/interactiveworldbook.com\/pl\/wp-json\/wp\/v2\/media?parent=12890"}],"curies":[{"name":"wp","href":"https:\/\/api.w.org\/{rel}","templated":true}]}}