{"id":14599,"date":"2023-02-06T13:15:09","date_gmt":"2023-02-06T12:15:09","guid":{"rendered":"https:\/\/interactiveworldbook.com\/privacy-policy\/"},"modified":"2024-10-31T17:38:03","modified_gmt":"2024-10-31T16:38:03","slug":"privacy-policy","status":"publish","type":"page","link":"https:\/\/interactiveworldbook.com\/pl\/privacy-policy\/","title":{"rendered":"Polityka prywatno\u015bci"},"content":{"rendered":"<p><b>I. Postanowienia podstawowe<\/b><\/p>\n<ol>\n<li><span style=\"font-weight: 400;\">IWB s.r.o jest administratorem danych osobowych zgodnie z artyku\u0142em 4 punkt 7 Rozporz\u0105dzenia Parlamentu Europejskiego i Rady (UE) 2016\/679 w sprawie ochrony os\u00f3b fizycznych w zwi\u0105zku z przetwarzaniem danych osobowych i w sprawie swobodnego przep\u0142ywu takich danych (dalej: \u201eRODO\u201d). Numer identyfikacyjny 09640584 z siedzib\u0105 w P\u0159\u00edkop 843\/4 Brno (dalej: \u201eadministrator\u201d).<\/span><\/li>\n<li><span style=\"font-weight: 400;\">Dane kontaktowe administratora:<\/span><\/li>\n<\/ol>\n<p style=\"padding-left: 40px;\">Addres: Hudcova 532\/78b, Brno<\/p>\n<p style=\"padding-left: 40px;\"><span style=\"font-weight: 400;\">E-mail<\/span>: <a href=\"mailto:info@interactiveworldbook.com\">info@interactiveworldbook.com<\/a><\/p>\n<ol start=\"3\">\n<li><span style=\"font-weight: 400;\">Dane osobowe oznaczaj\u0105 wszelkie informacje o zidentyfikowanej lub mo\u017cliwej do zidentyfikowania osobie fizycznej; mo\u017cliwa do zidentyfikowania osoba fizyczna to osoba, kt\u00f3r\u0105 mo\u017cna bezpo\u015brednio lub po\u015brednio zidentyfikowa\u0107, w szczeg\u00f3lno\u015bci na podstawie identyfikatora, na przyk\u0142ad imienia, numeru identyfikacyjnego, danych o lokalizacji, identyfikatora sieciowego lub jednego b\u0105d\u017a kilku szczeg\u00f3lnych czynnik\u00f3w okre\u015blaj\u0105cych fizyczn\u0105, fizjologiczn\u0105, genetyczn\u0105, psychiczn\u0105, ekonomiczn\u0105, kulturow\u0105 lub spo\u0142eczn\u0105 to\u017csamo\u015b\u0107 tej osoby fizycznej.<\/span><\/li>\n<li><span style=\"font-weight: 400;\">Administrator nie wyznaczy\u0142 inspektora ochrony danych osobowych.<\/span><\/li>\n<\/ol>\n<p><strong>II. <b>\u0179r\u00f3d\u0142a i kategorie przetwarzanych danych osobowych<\/b><\/strong><\/p>\n<ol>\n<li><span style=\"font-weight: 400;\">Administrator przetwarza dane osobowe, kt\u00f3re mu przekaza\u0142e\u015b\/a\u015b, lub dane osobowe, kt\u00f3re administrator pozyska\u0142 w zwi\u0105zku z realizacj\u0105 Twojego zam\u00f3wienia.<\/span><\/li>\n<li><span style=\"font-weight: 400;\">Administrator przetwarza Twoje dane identyfikacyjne i kontaktowe oraz dane niezb\u0119dne do realizacji umowy.<\/span><\/li>\n<\/ol>\n<p><strong>III. <b>Podstawa prawna i cel przetwarzania danych osobowych<\/b><\/strong><\/p>\n<ol>\n<li><span style=\"font-weight: 400;\">Podstaw\u0105 prawn\u0105 przetwarzania danych osobowych jest:<\/span><\/li>\n<\/ol>\n<ul>\n<li style=\"list-style-type: none;\">\n<ul>\n<li><span style=\"font-weight: 400;\">wykonanie umowy zawartej mi\u0119dzy Tob\u0105 a administratorem zgodnie z art. 6 ust. 1 lit. b RODO<\/span><\/li>\n<li><span style=\"font-weight: 400;\">uzasadniony interes administratora polegaj\u0105cy na \u015bwiadczeniu us\u0142ug marketingu bezpo\u015bredniego (w szczeg\u00f3lno\u015bci wysy\u0142aniu informacji handlowych i newsletter\u00f3w) zgodnie z art. 6 ust. 1 lit. f) RODO,<\/span><\/li>\n<li><span style=\"font-weight: 400;\">Twoja zgoda na przetwarzanie w celach \u015bwiadczenia us\u0142ug marketingu bezpo\u015bredniego (w szczeg\u00f3lno\u015bci wysy\u0142ania komunikat\u00f3w handlowych i newsletter\u00f3w) zgodnie z art. 6 ust. 1 lit. a) RODO w zwi\u0105zku z \u00a7 7 ust. 2 ustawy nr 480\/2004 Dz.U. o niekt\u00f3rych us\u0142ugach spo\u0142ecze\u0144stwa informacyjnego w przypadku, gdy nie zam\u00f3wiono \u017cadnych towar\u00f3w lub us\u0142ug.<\/span><\/li>\n<\/ul>\n<\/li>\n<\/ul>\n<ol start=\"2\">\n<li><span style=\"font-weight: 400;\">Celem przetwarzania danych osobowych jest:<\/span><\/li>\n<\/ol>\n<ul>\n<li style=\"list-style-type: none;\">\n<ul>\n<li><span style=\"font-weight: 400;\">realizacji z\u0142o\u017conego zam\u00f3wienia oraz realizacji praw i obowi\u0105zk\u00f3w wynikaj\u0105cych ze stosunku umownego; przy sk\u0142adaniu zam\u00f3wienia wymagane jest podanie danych osobowych niezb\u0119dnych do skutecznego wykonania zam\u00f3wienia (imi\u0119 i nazwisko, adres, dane kontaktowe), podanie danych osobowych jest warunkiem koniecznym do zawarcia i wykonania umowy, bez podania danych osobowych nie jest mo\u017cliwe zawarcie umowy ani jej wykonanie ze strony administratora,<\/span><\/li>\n<li><span style=\"font-weight: 400;\">wysy\u0142anie wiadomo\u015bci biznesowych i prowadzenie innych dzia\u0142a\u0144 marketingowych.<\/span><\/li>\n<\/ul>\n<\/li>\n<\/ul>\n<ol start=\"3\">\n<li><span style=\"font-weight: 400;\">Administrator nie podejmuje zautomatyzowanych decyzji indywidualnych w rozumieniu art. 22 RODO.<\/span><\/li>\n<\/ol>\n<p><strong>IV. <b>Okres przechowywania danych<\/b><\/strong><\/p>\n<ol>\n<li><span style=\"font-weight: 400;\">Administrator przechowuje dane osobowe<\/span><\/li>\n<\/ol>\n<ul>\n<li style=\"list-style-type: none;\">\n<ul>\n<li><span style=\"font-weight: 400;\">przez okres niezb\u0119dny do wykonywania praw i obowi\u0105zk\u00f3w wynikaj\u0105cych ze stosunku umownego \u0142\u0105cz\u0105cego Ci\u0119 z administratorem oraz dochodzenia roszcze\u0144 z tych stosunk\u00f3w umownych (przez okres 5 lat od zako\u0144czenia stosunku umownego).<\/span><\/li>\n<li><span style=\"font-weight: 400;\">przez okres do momentu odwo\u0142ania zgody na przetwarzanie danych osobowych w celach marketingowych, nie d\u0142u\u017cej jednak ni\u017c przez rok, je\u017celi dane osobowe przetwarzane s\u0105 na podstawie zgody.<\/span><\/li>\n<\/ul>\n<\/li>\n<\/ul>\n<ol start=\"2\">\n<li><span style=\"font-weight: 400;\">Po up\u0142ywie okresu przechowywania danych osobowych administrator usuwa dane osobowe.<\/span><\/li>\n<\/ol>\n<p><strong>V. <b>Odbiorcy Danych Osobowych (podwykonawcy administratora)<\/b><\/strong><\/p>\n<ol>\n<li><span style=\"font-weight: 400;\">Odbiorcami danych osobowych s\u0105 osoby:<\/span><\/li>\n<\/ol>\n<ul>\n<li style=\"list-style-type: none;\">\n<ul>\n<li><span style=\"font-weight: 400;\">uczestniczenie w dostawie towar\u00f3w \/ us\u0142ug \/ realizacji p\u0142atno\u015bci na podstawie umowy,<\/span><\/li>\n<li><span style=\"font-weight: 400;\">\u015bwiadczenie us\u0142ug zwi\u0105zanych z prowadzeniem sklepu internetowego (IDEATECH, sro) oraz innych us\u0142ug zwi\u0105zanych z prowadzeniem sklepu internetowego,<\/span><\/li>\n<li><span style=\"font-weight: 400;\">\u015bwiadczenie us\u0142ug marketingowych.<\/span><\/li>\n<\/ul>\n<\/li>\n<\/ul>\n<ol start=\"2\">\n<li><span style=\"font-weight: 400;\">Administrator nie zamierza przekazywa\u0107 danych osobowych do pa\u0144stwa trzeciego (kraju spoza UE) lub organizacji mi\u0119dzynarodowej.<\/span><\/li>\n<\/ol>\n<p><b>VI. Twoje prawa<\/b><\/p>\n<ol>\n<li><span style=\"font-weight: 400;\">Na warunkach okre\u015blonych w RODO masz:<\/span><\/li>\n<\/ol>\n<ul>\n<li style=\"list-style-type: none;\">\n<ul>\n<li><span style=\"font-weight: 400;\">prawo dost\u0119pu do Twoich danych osobowych zgodnie z art. 15 RODO,<\/span><\/li>\n<li><span style=\"font-weight: 400;\">prawo do sprostowania danych osobowych zgodnie z art. 16 RODO lub ograniczenia przetwarzania zgodnie z art. 18 RODO.<\/span><\/li>\n<li><span style=\"font-weight: 400;\">prawo do usuni\u0119cia danych osobowych zgodnie z art. 17 RODO.<\/span><\/li>\n<li><span style=\"font-weight: 400;\">prawo do sprzeciwu wobec przetwarzania zgodnie z art. 21 RODO i<\/span><\/li>\n<li><span style=\"font-weight: 400;\">prawo do przenoszenia danych zgodnie z art. 20 RODO.<\/span><\/li>\n<li><span style=\"font-weight: 400;\">prawo do cofni\u0119cia zgody na przetwarzanie w formie pisemnej lub elektronicznej na adres lub adres e-mail administratora podany w punkcie III niniejszego regulaminu.<\/span><\/li>\n<\/ul>\n<\/li>\n<\/ul>\n<ol start=\"2\">\n<li><span style=\"font-weight: 400;\">Masz r\u00f3wnie\u017c prawo wnie\u015b\u0107 skarg\u0119 do Urz\u0119du Ochrony Danych Osobowych, je\u015bli uwa\u017casz, \u017ce Twoje prawo do ochrony danych osobowych zosta\u0142o naruszone.<\/span><\/li>\n<\/ol>\n<p><b>VII. Warunki bezpiecze\u0144stwa danych osobowych<\/b><\/p>\n<ol>\n<li><span style=\"font-weight: 400;\">Administrator o\u015bwiadcza, \u017ce <\/span><span style=\"font-weight: 400;\">\u200b\u200b<\/span><span style=\"font-weight: 400;\">podj\u0105\u0142 wszelkie odpowiednie \u015brodki techniczne i organizacyjne w celu zabezpieczenia danych osobowych.<\/span><\/li>\n<li><span style=\"font-weight: 400;\">Administrator podj\u0105\u0142 \u015brodki techniczne maj\u0105ce na celu zabezpieczenie przechowywania danych i danych osobowych.<\/span><\/li>\n<li><span style=\"font-weight: 400;\">Administrator o\u015bwiadcza, \u017ce <\/span><span style=\"font-weight: 400;\">\u200b\u200b<\/span><span style=\"font-weight: 400;\">dost\u0119p do danych osobowych maj\u0105 wy\u0142\u0105cznie osoby upowa\u017cnione.<\/span><\/li>\n<\/ol>\n<p><b>VIII. Postanowienia ko\u0144cowe<\/b><\/p>\n<ol>\n<li><span style=\"font-weight: 400;\">Sk\u0142adaj\u0105c zam\u00f3wienie za po\u015brednictwem formularza zam\u00f3wienia online, potwierdzasz, \u017ce zapozna\u0142e\u015b si\u0119 z postanowieniami ustawy o ochronie danych osobowych i akceptujesz je w ca\u0142o\u015bci.<\/span><\/li>\n<li><span style=\"font-weight: 400;\">Wyra\u017casz zgod\u0119 na te warunki poprzez wpisanie adresu e-mail w stopce strony internetowej w celu zapisania si\u0119 do newslettera i tym samym potwierdzasz, \u017ce zapozna\u0142e\u015b si\u0119 z warunkami ochrony danych osobowych i akceptujesz je w ca\u0142o\u015bci.<\/span><\/li>\n<li><span style=\"font-weight: 400;\">Wyra\u017casz zgod\u0119 na te warunki poprzez wpisanie adresu e-mail w stopce strony internetowej w celu zapisania si\u0119 do newslettera i tym samym potwierdzasz, \u017ce zapozna\u0142e\u015b si\u0119 z warunkami ochrony danych osobowych i akceptujesz je w ca\u0142o\u015bci.<\/span><\/li>\n<\/ol>\n<p><span style=\"font-weight: 400;\">Niniejsze warunki wchodz\u0105 w \u017cycie z dniem 7 marca 2023 r.<\/span><\/p>\n<p>&nbsp;<\/p>\n<p>&nbsp;<\/p>\n<p>&nbsp;<\/p>\n","protected":false},"excerpt":{"rendered":"<p>I. Postanowienia podstawowe IWB s.r.o jest administratorem danych osobowych zgodnie z artyku\u0142em 4 punkt 7 Rozporz\u0105dzenia Parlamentu Europejskiego i Rady (UE) 2016\/679 w sprawie ochrony os\u00f3b fizycznych w zwi\u0105zku z przetwarzaniem danych osobowych i w sprawie swobodnego przep\u0142ywu takich danych (dalej: \u201eRODO\u201d). Numer identyfikacyjny 09640584 z siedzib\u0105 w P\u0159\u00edkop 843\/4 Brno (dalej: \u201eadministrator\u201d). Dane kontaktowe [&hellip;]<\/p>\n","protected":false},"author":1,"featured_media":0,"parent":0,"menu_order":0,"comment_status":"closed","ping_status":"open","template":"","meta":{"_acf_changed":false,"inline_featured_image":false,"footnotes":""},"class_list":["post-14599","page","type-page","status-publish","hentry"],"acf":[],"yoast_head":"<!-- This site is optimized with the Yoast SEO plugin v27.4 - https:\/\/yoast.com\/product\/yoast-seo-wordpress\/ -->\n<title>Polityka prywatno\u015bci | Interactive World Book<\/title>\n<meta name=\"robots\" content=\"index, follow, max-snippet:-1, max-image-preview:large, max-video-preview:-1\" \/>\n<link rel=\"canonical\" href=\"https:\/\/interactiveworldbook.com\/pl\/privacy-policy\/\" \/>\n<meta property=\"og:locale\" content=\"pl_PL\" \/>\n<meta property=\"og:type\" content=\"article\" \/>\n<meta property=\"og:title\" content=\"Polityka prywatno\u015bci | Interactive World Book\" \/>\n<meta property=\"og:description\" content=\"I. Postanowienia podstawowe IWB s.r.o jest administratorem danych osobowych zgodnie z artyku\u0142em 4 punkt 7 Rozporz\u0105dzenia Parlamentu Europejskiego i Rady (UE) 2016\/679 w sprawie ochrony os\u00f3b fizycznych w zwi\u0105zku z przetwarzaniem danych osobowych i w sprawie swobodnego przep\u0142ywu takich danych (dalej: \u201eRODO\u201d). Numer identyfikacyjny 09640584 z siedzib\u0105 w P\u0159\u00edkop 843\/4 Brno (dalej: \u201eadministrator\u201d). Dane kontaktowe [&hellip;]\" \/>\n<meta property=\"og:url\" content=\"https:\/\/interactiveworldbook.com\/pl\/privacy-policy\/\" \/>\n<meta property=\"og:site_name\" content=\"Interactive World Book\" \/>\n<meta property=\"article:publisher\" content=\"https:\/\/www.facebook.com\/interactiveworldbook\/\" \/>\n<meta property=\"article:modified_time\" content=\"2024-10-31T16:38:03+00:00\" \/>\n<meta property=\"og:image\" content=\"https:\/\/interactiveworldbook.com\/wp-content\/uploads\/2024\/08\/CZ_mockup_resize-2.png\" \/>\n\t<meta property=\"og:image:width\" content=\"569\" \/>\n\t<meta property=\"og:image:height\" content=\"694\" \/>\n\t<meta property=\"og:image:type\" content=\"image\/png\" \/>\n<meta name=\"twitter:card\" content=\"summary_large_image\" \/>\n<meta name=\"twitter:label1\" content=\"Szacowany czas czytania\" \/>\n\t<meta name=\"twitter:data1\" content=\"4 minuty\" \/>\n<script type=\"application\/ld+json\" class=\"yoast-schema-graph\">{\"@context\":\"https:\\\/\\\/schema.org\",\"@graph\":[{\"@type\":\"WebPage\",\"@id\":\"https:\\\/\\\/interactiveworldbook.com\\\/pl\\\/privacy-policy\\\/\",\"url\":\"https:\\\/\\\/interactiveworldbook.com\\\/pl\\\/privacy-policy\\\/\",\"name\":\"Polityka prywatno\u015bci | Interactive World Book\",\"isPartOf\":{\"@id\":\"https:\\\/\\\/interactiveworldbook.com\\\/pl\\\/#website\"},\"datePublished\":\"2023-02-06T12:15:09+00:00\",\"dateModified\":\"2024-10-31T16:38:03+00:00\",\"breadcrumb\":{\"@id\":\"https:\\\/\\\/interactiveworldbook.com\\\/pl\\\/privacy-policy\\\/#breadcrumb\"},\"inLanguage\":\"pl-PL\",\"potentialAction\":[{\"@type\":\"ReadAction\",\"target\":[\"https:\\\/\\\/interactiveworldbook.com\\\/pl\\\/privacy-policy\\\/\"]}]},{\"@type\":\"BreadcrumbList\",\"@id\":\"https:\\\/\\\/interactiveworldbook.com\\\/pl\\\/privacy-policy\\\/#breadcrumb\",\"itemListElement\":[{\"@type\":\"ListItem\",\"position\":1,\"name\":\"Dom\u016f\",\"item\":\"https:\\\/\\\/interactiveworldbook.com\\\/pl\\\/\"},{\"@type\":\"ListItem\",\"position\":2,\"name\":\"Polityka prywatno\u015bci\"}]},{\"@type\":\"WebSite\",\"@id\":\"https:\\\/\\\/interactiveworldbook.com\\\/pl\\\/#website\",\"url\":\"https:\\\/\\\/interactiveworldbook.com\\\/pl\\\/\",\"name\":\"Interactive World Book\",\"description\":\"Interactive World Book, kniha, m\u011bsta, zem\u011b, sv\u011btad\u00edly, informace\",\"publisher\":{\"@id\":\"https:\\\/\\\/interactiveworldbook.com\\\/pl\\\/#organization\"},\"potentialAction\":[{\"@type\":\"SearchAction\",\"target\":{\"@type\":\"EntryPoint\",\"urlTemplate\":\"https:\\\/\\\/interactiveworldbook.com\\\/pl\\\/?s={search_term_string}\"},\"query-input\":{\"@type\":\"PropertyValueSpecification\",\"valueRequired\":true,\"valueName\":\"search_term_string\"}}],\"inLanguage\":\"pl-PL\"},{\"@type\":\"Organization\",\"@id\":\"https:\\\/\\\/interactiveworldbook.com\\\/pl\\\/#organization\",\"name\":\"Interactive World Book\",\"url\":\"https:\\\/\\\/interactiveworldbook.com\\\/pl\\\/\",\"logo\":{\"@type\":\"ImageObject\",\"inLanguage\":\"pl-PL\",\"@id\":\"https:\\\/\\\/interactiveworldbook.com\\\/pl\\\/#\\\/schema\\\/logo\\\/image\\\/\",\"url\":\"https:\\\/\\\/interactiveworldbook.com\\\/wp-content\\\/uploads\\\/2024\\\/11\\\/IW_barevna-1.png\",\"contentUrl\":\"https:\\\/\\\/interactiveworldbook.com\\\/wp-content\\\/uploads\\\/2024\\\/11\\\/IW_barevna-1.png\",\"width\":1690,\"height\":583,\"caption\":\"Interactive World Book\"},\"image\":{\"@id\":\"https:\\\/\\\/interactiveworldbook.com\\\/pl\\\/#\\\/schema\\\/logo\\\/image\\\/\"},\"sameAs\":[\"https:\\\/\\\/www.facebook.com\\\/interactiveworldbook\\\/\",\"https:\\\/\\\/www.instagram.com\\\/interactive_world_book\\\/\",\"https:\\\/\\\/www.tiktok.com\\\/@iw_book\"]}]}<\/script>\n<!-- \/ Yoast SEO plugin. -->","yoast_head_json":{"title":"Polityka prywatno\u015bci | Interactive World Book","robots":{"index":"index","follow":"follow","max-snippet":"max-snippet:-1","max-image-preview":"max-image-preview:large","max-video-preview":"max-video-preview:-1"},"canonical":"https:\/\/interactiveworldbook.com\/pl\/privacy-policy\/","og_locale":"pl_PL","og_type":"article","og_title":"Polityka prywatno\u015bci | Interactive World Book","og_description":"I. Postanowienia podstawowe IWB s.r.o jest administratorem danych osobowych zgodnie z artyku\u0142em 4 punkt 7 Rozporz\u0105dzenia Parlamentu Europejskiego i Rady (UE) 2016\/679 w sprawie ochrony os\u00f3b fizycznych w zwi\u0105zku z przetwarzaniem danych osobowych i w sprawie swobodnego przep\u0142ywu takich danych (dalej: \u201eRODO\u201d). Numer identyfikacyjny 09640584 z siedzib\u0105 w P\u0159\u00edkop 843\/4 Brno (dalej: \u201eadministrator\u201d). Dane kontaktowe [&hellip;]","og_url":"https:\/\/interactiveworldbook.com\/pl\/privacy-policy\/","og_site_name":"Interactive World Book","article_publisher":"https:\/\/www.facebook.com\/interactiveworldbook\/","article_modified_time":"2024-10-31T16:38:03+00:00","og_image":[{"width":569,"height":694,"url":"https:\/\/interactiveworldbook.com\/wp-content\/uploads\/2024\/08\/CZ_mockup_resize-2.png","type":"image\/png"}],"twitter_card":"summary_large_image","twitter_misc":{"Szacowany czas czytania":"4 minuty"},"schema":{"@context":"https:\/\/schema.org","@graph":[{"@type":"WebPage","@id":"https:\/\/interactiveworldbook.com\/pl\/privacy-policy\/","url":"https:\/\/interactiveworldbook.com\/pl\/privacy-policy\/","name":"Polityka prywatno\u015bci | Interactive World Book","isPartOf":{"@id":"https:\/\/interactiveworldbook.com\/pl\/#website"},"datePublished":"2023-02-06T12:15:09+00:00","dateModified":"2024-10-31T16:38:03+00:00","breadcrumb":{"@id":"https:\/\/interactiveworldbook.com\/pl\/privacy-policy\/#breadcrumb"},"inLanguage":"pl-PL","potentialAction":[{"@type":"ReadAction","target":["https:\/\/interactiveworldbook.com\/pl\/privacy-policy\/"]}]},{"@type":"BreadcrumbList","@id":"https:\/\/interactiveworldbook.com\/pl\/privacy-policy\/#breadcrumb","itemListElement":[{"@type":"ListItem","position":1,"name":"Dom\u016f","item":"https:\/\/interactiveworldbook.com\/pl\/"},{"@type":"ListItem","position":2,"name":"Polityka prywatno\u015bci"}]},{"@type":"WebSite","@id":"https:\/\/interactiveworldbook.com\/pl\/#website","url":"https:\/\/interactiveworldbook.com\/pl\/","name":"Interactive World Book","description":"Interactive World Book, kniha, m\u011bsta, zem\u011b, sv\u011btad\u00edly, informace","publisher":{"@id":"https:\/\/interactiveworldbook.com\/pl\/#organization"},"potentialAction":[{"@type":"SearchAction","target":{"@type":"EntryPoint","urlTemplate":"https:\/\/interactiveworldbook.com\/pl\/?s={search_term_string}"},"query-input":{"@type":"PropertyValueSpecification","valueRequired":true,"valueName":"search_term_string"}}],"inLanguage":"pl-PL"},{"@type":"Organization","@id":"https:\/\/interactiveworldbook.com\/pl\/#organization","name":"Interactive World Book","url":"https:\/\/interactiveworldbook.com\/pl\/","logo":{"@type":"ImageObject","inLanguage":"pl-PL","@id":"https:\/\/interactiveworldbook.com\/pl\/#\/schema\/logo\/image\/","url":"https:\/\/interactiveworldbook.com\/wp-content\/uploads\/2024\/11\/IW_barevna-1.png","contentUrl":"https:\/\/interactiveworldbook.com\/wp-content\/uploads\/2024\/11\/IW_barevna-1.png","width":1690,"height":583,"caption":"Interactive World Book"},"image":{"@id":"https:\/\/interactiveworldbook.com\/pl\/#\/schema\/logo\/image\/"},"sameAs":["https:\/\/www.facebook.com\/interactiveworldbook\/","https:\/\/www.instagram.com\/interactive_world_book\/","https:\/\/www.tiktok.com\/@iw_book"]}]}},"_links":{"self":[{"href":"https:\/\/interactiveworldbook.com\/pl\/wp-json\/wp\/v2\/pages\/14599","targetHints":{"allow":["GET"]}}],"collection":[{"href":"https:\/\/interactiveworldbook.com\/pl\/wp-json\/wp\/v2\/pages"}],"about":[{"href":"https:\/\/interactiveworldbook.com\/pl\/wp-json\/wp\/v2\/types\/page"}],"author":[{"embeddable":true,"href":"https:\/\/interactiveworldbook.com\/pl\/wp-json\/wp\/v2\/users\/1"}],"replies":[{"embeddable":true,"href":"https:\/\/interactiveworldbook.com\/pl\/wp-json\/wp\/v2\/comments?post=14599"}],"version-history":[{"count":3,"href":"https:\/\/interactiveworldbook.com\/pl\/wp-json\/wp\/v2\/pages\/14599\/revisions"}],"predecessor-version":[{"id":23948,"href":"https:\/\/interactiveworldbook.com\/pl\/wp-json\/wp\/v2\/pages\/14599\/revisions\/23948"}],"wp:attachment":[{"href":"https:\/\/interactiveworldbook.com\/pl\/wp-json\/wp\/v2\/media?parent=14599"}],"curies":[{"name":"wp","href":"https:\/\/api.w.org\/{rel}","templated":true}]}}