{"id":25519,"date":"2024-12-19T15:05:36","date_gmt":"2024-12-19T14:05:36","guid":{"rendered":"https:\/\/interactiveworldbook.com\/o-autorze\/"},"modified":"2025-05-13T17:15:31","modified_gmt":"2025-05-13T15:15:31","slug":"o-autorze","status":"publish","type":"page","link":"https:\/\/interactiveworldbook.com\/pl\/o-autorze\/","title":{"rendered":"O autorze"},"content":{"rendered":"<p><img decoding=\"async\" class=\"author-image alignright\" src=\"https:\/\/interactiveworldbook.com\/wp-content\/uploads\/2024\/12\/3-1.jpeg\" alt=\"autor z ksi\u0105\u017ck\u0105 w r\u0119kach\" style=\"float:right;\" \/><\/p>\n<p>Drodzy czytelnicy,<\/p>\n<p>pozw\u00f3l, \u017ce si\u0119 przedstawi\u0119. Nazywam si\u0119 David Karakevas i jestem autorem ksi\u0105\u017cki <strong>Interaktywny \u015aWIAT<\/strong>. Chcia\u0142bym podzieli\u0107 si\u0119 z Wami histori\u0105 jego powstania. Pochodz\u0119 z Grecji, ale mieszkam w Czechach. Od najm\u0142odszych lat fascynuje mnie \u015bwiat, jego r\u00f3\u017cnorodno\u015b\u0107 i kultury. Moje zainteresowanie geografi\u0105, histori\u0105 i edukacj\u0105 sk\u0142oni\u0142o mnie do pomys\u0142u po\u0142\u0105czenia tych dziedzin w wyj\u0105tkow\u0105 ksi\u0105\u017ck\u0119, kt\u00f3ra pozwoli\u0142aby dzieciom i doros\u0142ym na ca\u0142ym \u015bwiecie poznawa\u0107 nasz\u0105 planet\u0119 w zupe\u0142nie nowy spos\u00f3b.<\/p>\n<p>Podczas moich podr\u00f3\u017cy, odwiedzania r\u00f3\u017cnych kraj\u00f3w i poznawania ich kultur, zda\u0142em sobie spraw\u0119, jak wa\u017cna jest edukacja &#8211; i szuka\u0142em sposob\u00f3w, aby uczyni\u0107 j\u0105 jednocze\u015bnie zabaw\u0105 i atrakcyjn\u0105. Maj\u0105c t\u0119 \u200b\u200bwiedz\u0119, zacz\u0119\u0142am my\u015ble\u0107 o ksi\u0105\u017cce, kt\u00f3ra nie tylko b\u0119dzie edukowa\u0107, ale tak\u017ce inspirowa\u0107 m\u0142odych czytelnik\u00f3w do poznawania \u015bwiata oraz pobudza\u0107 ich ciekawo\u015b\u0107 i g\u0142\u00f3d wiedzy. Efektem tego pomys\u0142u jest <strong>Interaktywny \u015aWIAT<\/strong> &#8211; ksi\u0105\u017cka, kt\u00f3ra jest nie tylko narz\u0119dziem do nauki, ale tak\u017ce przygod\u0105.<\/p>\n<p>Ksi\u0105\u017cka jest wyj\u0105tkowa, poniewa\u017c \u0142\u0105czy tekst drukowany i tre\u015bci cyfrowe, dzi\u0119ki czemu czytelnicy staj\u0105 si\u0119 aktywnymi uczestnikami procesu uczenia si\u0119. Ka\u017cda strona ksi\u0105\u017cki przeplatana jest interaktywnymi elementami, kt\u00f3re pozwalaj\u0105 czytelnikom poznawa\u0107 r\u00f3\u017cne kraje i kultury za pomoc\u0105 kod\u00f3w QR. Umo\u017cliwia wys\u0142uchanie hymn\u00f3w narodowych, obejrzenie flag i emblemat\u00f3w narodowych z ca\u0142ego \u015bwiata oraz poznanie fascynuj\u0105cych fakt\u00f3w na temat geografii, historii i tradycji poszczeg\u00f3lnych kraj\u00f3w.<\/p>\n<p>W dzisiejszym \u015bwiecie, gdy mamy do dyspozycji wiele r\u00f3\u017cnych narz\u0119dzi i metod, niezwykle wa\u017cne jest znalezienie r\u00f3wnowagi pomi\u0119dzy efektywn\u0105 nauk\u0105 a zabaw\u0105, kt\u00f3ra pobudza kreatywno\u015b\u0107 i wyobra\u017ani\u0119 \u2013 elementy kluczowe dla kszta\u0142towania osobowo\u015bci i rozwijania my\u015blenia. Mam jednak tak\u017ce \u015bwiadomo\u015b\u0107, jak wa\u017cne jest nie tylko dla rodzic\u00f3w, ale tak\u017ce nauczycieli, aby znale\u017a\u0107 wysokiej jako\u015bci narz\u0119dzia edukacyjne, kt\u00f3re b\u0119d\u0105 anga\u017cowa\u0142y tak\u017ce dzieci. <strong>Interaktywny \u015aWIAT<\/strong> sta\u0142 si\u0119 nieocenionym narz\u0119dziem dla rodzic\u00f3w i pedagog\u00f3w, kt\u00f3rzy szukaj\u0105 ciekawych sposob\u00f3w na wzbogacenie swoich dzieci, uczni\u00f3w i student\u00f3w o now\u0105 wiedz\u0119. Chcia\u0142bym, aby ksi\u0105\u017cka sta\u0142a si\u0119 cz\u0119\u015bci\u0105 procesu edukacyjnego i pomog\u0142a dzieciom lepiej zrozumie\u0107 otaczaj\u0105cy je \u015bwiat. Wierz\u0119, \u017ce edukacja powinna by\u0107 przyjemna, inspiruj\u0105ca i \u0142atwo dost\u0119pna.<\/p>\n<p>Moim celem jest, aby <strong>Interaktywny \u015aWIAT<\/strong> dotar\u0142 do czytelnik\u00f3w na poziomie mi\u0119dzynarodowym. Ksi\u0105\u017cka zosta\u0142a ju\u017c przet\u0142umaczona na kilka j\u0119zyk\u00f3w, a og\u00f3lny plan obejmuje a\u017c 20 wersji j\u0119zykowych. Wsp\u00f3\u0142pracuj\u0119 z wieloma szko\u0142ami i plac\u00f3wkami o\u015bwiatowymi, gdzie odwiedzam dzieci i przedstawiam im t\u0119 ksi\u0105\u017ck\u0119. Niezwykle inspiruj\u0105ce jest obserwowanie ich entuzjazmu i rado\u015bci w odkrywaniu nowych informacji o \u015bwiecie oraz ich pragnienia wiedzy \u2013 co mnie spe\u0142nia i motywuje do dalszego dzia\u0142ania.<\/p>\n<p>Moj\u0105 wizj\u0105 jest zainspirowanie czytelnik\u00f3w do odkrycia \u015bwiata pe\u0142nego fascynuj\u0105cych historii, kt\u00f3re tylko czekaj\u0105 na odkrycie. Jestem przekonany, \u017ce <strong>Interaktywny \u015aWIAT<\/strong> mo\u017ce spe\u0142ni\u0107 r\u00f3wnie\u017c wa\u017cn\u0105 rol\u0119 pomocy dydaktycznej i sta\u0107 si\u0119 cennym towarzyszem nie tylko dla dzieci, ale tak\u017ce dla rodzic\u00f3w i wychowawc\u00f3w. Nie mog\u0119 si\u0119 doczeka\u0107 mo\u017cliwo\u015bci przy\u0142\u0105czenia si\u0119 do Ciebie w podr\u00f3\u017cy odkrywczej i edukacyjnej, kt\u00f3ra po\u0142\u0105czy nas wszystkich.<\/p>\n<p>Dzi\u0119kuj\u0119 za po\u015bwi\u0119cenie czasu na przeczytanie mojej historii. Wierz\u0119, \u017ce <strong>Interaktywny \u015aWIAT<\/strong> przyniesie rado\u015b\u0107 i inspiracj\u0119 nie tylko Tobie, ale tak\u017ce wielu innym czytelnikom na ca\u0142ym \u015bwiecie.<\/p>\n<p>Z szacunkiem i wdzi\u0119czno\u015bci\u0105,<\/p>\n<p>Dawid Karakewas<br \/>\nAutor ksi\u0105\u017cki <strong>Interaktywny \u015aWIAT<\/strong><\/p>\n","protected":false},"excerpt":{"rendered":"<p>Drodzy czytelnicy, pozw\u00f3l, \u017ce si\u0119 przedstawi\u0119. Nazywam si\u0119 David Karakevas i jestem autorem ksi\u0105\u017cki Interaktywny \u015aWIAT. Chcia\u0142bym podzieli\u0107 si\u0119 z Wami histori\u0105 jego powstania. Pochodz\u0119 z Grecji, ale mieszkam w Czechach. Od najm\u0142odszych lat fascynuje mnie \u015bwiat, jego r\u00f3\u017cnorodno\u015b\u0107 i kultury. Moje zainteresowanie geografi\u0105, histori\u0105 i edukacj\u0105 sk\u0142oni\u0142o mnie do pomys\u0142u po\u0142\u0105czenia tych dziedzin w [&hellip;]<\/p>\n","protected":false},"author":4,"featured_media":0,"parent":0,"menu_order":0,"comment_status":"closed","ping_status":"closed","template":"","meta":{"_acf_changed":false,"inline_featured_image":false,"footnotes":""},"class_list":["post-25519","page","type-page","status-publish","hentry"],"acf":[],"yoast_head":"<!-- This site is optimized with the Yoast SEO plugin v27.4 - https:\/\/yoast.com\/product\/yoast-seo-wordpress\/ -->\n<title>O autorze | Interactive World Book<\/title>\n<meta name=\"robots\" content=\"index, follow, max-snippet:-1, max-image-preview:large, max-video-preview:-1\" \/>\n<link rel=\"canonical\" href=\"https:\/\/interactiveworldbook.com\/pl\/o-autorze\/\" \/>\n<meta property=\"og:locale\" content=\"pl_PL\" \/>\n<meta property=\"og:type\" content=\"article\" \/>\n<meta property=\"og:title\" content=\"O autorze | Interactive World Book\" \/>\n<meta property=\"og:description\" content=\"Drodzy czytelnicy, pozw\u00f3l, \u017ce si\u0119 przedstawi\u0119. Nazywam si\u0119 David Karakevas i jestem autorem ksi\u0105\u017cki Interaktywny \u015aWIAT. Chcia\u0142bym podzieli\u0107 si\u0119 z Wami histori\u0105 jego powstania. Pochodz\u0119 z Grecji, ale mieszkam w Czechach. Od najm\u0142odszych lat fascynuje mnie \u015bwiat, jego r\u00f3\u017cnorodno\u015b\u0107 i kultury. Moje zainteresowanie geografi\u0105, histori\u0105 i edukacj\u0105 sk\u0142oni\u0142o mnie do pomys\u0142u po\u0142\u0105czenia tych dziedzin w [&hellip;]\" \/>\n<meta property=\"og:url\" content=\"https:\/\/interactiveworldbook.com\/pl\/o-autorze\/\" \/>\n<meta property=\"og:site_name\" content=\"Interactive World Book\" \/>\n<meta property=\"article:publisher\" content=\"https:\/\/www.facebook.com\/interactiveworldbook\/\" \/>\n<meta property=\"article:modified_time\" content=\"2025-05-13T15:15:31+00:00\" \/>\n<meta property=\"og:image\" content=\"https:\/\/interactiveworldbook.com\/wp-content\/uploads\/2024\/12\/3-1.jpeg\" \/>\n<meta name=\"twitter:card\" content=\"summary_large_image\" \/>\n<meta name=\"twitter:label1\" content=\"Szacowany czas czytania\" \/>\n\t<meta name=\"twitter:data1\" content=\"3 minuty\" \/>\n<script type=\"application\/ld+json\" class=\"yoast-schema-graph\">{\"@context\":\"https:\\\/\\\/schema.org\",\"@graph\":[{\"@type\":\"WebPage\",\"@id\":\"https:\\\/\\\/interactiveworldbook.com\\\/pl\\\/o-autorze\\\/\",\"url\":\"https:\\\/\\\/interactiveworldbook.com\\\/pl\\\/o-autorze\\\/\",\"name\":\"O autorze | Interactive World Book\",\"isPartOf\":{\"@id\":\"https:\\\/\\\/interactiveworldbook.com\\\/pl\\\/#website\"},\"primaryImageOfPage\":{\"@id\":\"https:\\\/\\\/interactiveworldbook.com\\\/pl\\\/o-autorze\\\/#primaryimage\"},\"image\":{\"@id\":\"https:\\\/\\\/interactiveworldbook.com\\\/pl\\\/o-autorze\\\/#primaryimage\"},\"thumbnailUrl\":\"https:\\\/\\\/interactiveworldbook.com\\\/wp-content\\\/uploads\\\/2024\\\/12\\\/3-1.jpeg\",\"datePublished\":\"2024-12-19T14:05:36+00:00\",\"dateModified\":\"2025-05-13T15:15:31+00:00\",\"breadcrumb\":{\"@id\":\"https:\\\/\\\/interactiveworldbook.com\\\/pl\\\/o-autorze\\\/#breadcrumb\"},\"inLanguage\":\"pl-PL\",\"potentialAction\":[{\"@type\":\"ReadAction\",\"target\":[\"https:\\\/\\\/interactiveworldbook.com\\\/pl\\\/o-autorze\\\/\"]}]},{\"@type\":\"ImageObject\",\"inLanguage\":\"pl-PL\",\"@id\":\"https:\\\/\\\/interactiveworldbook.com\\\/pl\\\/o-autorze\\\/#primaryimage\",\"url\":\"https:\\\/\\\/interactiveworldbook.com\\\/wp-content\\\/uploads\\\/2024\\\/12\\\/3-1.jpeg\",\"contentUrl\":\"https:\\\/\\\/interactiveworldbook.com\\\/wp-content\\\/uploads\\\/2024\\\/12\\\/3-1.jpeg\"},{\"@type\":\"BreadcrumbList\",\"@id\":\"https:\\\/\\\/interactiveworldbook.com\\\/pl\\\/o-autorze\\\/#breadcrumb\",\"itemListElement\":[{\"@type\":\"ListItem\",\"position\":1,\"name\":\"Dom\u016f\",\"item\":\"https:\\\/\\\/interactiveworldbook.com\\\/pl\\\/\"},{\"@type\":\"ListItem\",\"position\":2,\"name\":\"O autorze\"}]},{\"@type\":\"WebSite\",\"@id\":\"https:\\\/\\\/interactiveworldbook.com\\\/pl\\\/#website\",\"url\":\"https:\\\/\\\/interactiveworldbook.com\\\/pl\\\/\",\"name\":\"Interactive World Book\",\"description\":\"Interactive World Book, kniha, m\u011bsta, zem\u011b, sv\u011btad\u00edly, informace\",\"publisher\":{\"@id\":\"https:\\\/\\\/interactiveworldbook.com\\\/pl\\\/#organization\"},\"potentialAction\":[{\"@type\":\"SearchAction\",\"target\":{\"@type\":\"EntryPoint\",\"urlTemplate\":\"https:\\\/\\\/interactiveworldbook.com\\\/pl\\\/?s={search_term_string}\"},\"query-input\":{\"@type\":\"PropertyValueSpecification\",\"valueRequired\":true,\"valueName\":\"search_term_string\"}}],\"inLanguage\":\"pl-PL\"},{\"@type\":\"Organization\",\"@id\":\"https:\\\/\\\/interactiveworldbook.com\\\/pl\\\/#organization\",\"name\":\"Interactive World Book\",\"url\":\"https:\\\/\\\/interactiveworldbook.com\\\/pl\\\/\",\"logo\":{\"@type\":\"ImageObject\",\"inLanguage\":\"pl-PL\",\"@id\":\"https:\\\/\\\/interactiveworldbook.com\\\/pl\\\/#\\\/schema\\\/logo\\\/image\\\/\",\"url\":\"https:\\\/\\\/interactiveworldbook.com\\\/wp-content\\\/uploads\\\/2024\\\/11\\\/IW_barevna-1.png\",\"contentUrl\":\"https:\\\/\\\/interactiveworldbook.com\\\/wp-content\\\/uploads\\\/2024\\\/11\\\/IW_barevna-1.png\",\"width\":1690,\"height\":583,\"caption\":\"Interactive World Book\"},\"image\":{\"@id\":\"https:\\\/\\\/interactiveworldbook.com\\\/pl\\\/#\\\/schema\\\/logo\\\/image\\\/\"},\"sameAs\":[\"https:\\\/\\\/www.facebook.com\\\/interactiveworldbook\\\/\",\"https:\\\/\\\/www.instagram.com\\\/interactive_world_book\\\/\",\"https:\\\/\\\/www.tiktok.com\\\/@iw_book\"]}]}<\/script>\n<!-- \/ Yoast SEO plugin. -->","yoast_head_json":{"title":"O autorze | Interactive World Book","robots":{"index":"index","follow":"follow","max-snippet":"max-snippet:-1","max-image-preview":"max-image-preview:large","max-video-preview":"max-video-preview:-1"},"canonical":"https:\/\/interactiveworldbook.com\/pl\/o-autorze\/","og_locale":"pl_PL","og_type":"article","og_title":"O autorze | Interactive World Book","og_description":"Drodzy czytelnicy, pozw\u00f3l, \u017ce si\u0119 przedstawi\u0119. Nazywam si\u0119 David Karakevas i jestem autorem ksi\u0105\u017cki Interaktywny \u015aWIAT. Chcia\u0142bym podzieli\u0107 si\u0119 z Wami histori\u0105 jego powstania. Pochodz\u0119 z Grecji, ale mieszkam w Czechach. Od najm\u0142odszych lat fascynuje mnie \u015bwiat, jego r\u00f3\u017cnorodno\u015b\u0107 i kultury. Moje zainteresowanie geografi\u0105, histori\u0105 i edukacj\u0105 sk\u0142oni\u0142o mnie do pomys\u0142u po\u0142\u0105czenia tych dziedzin w [&hellip;]","og_url":"https:\/\/interactiveworldbook.com\/pl\/o-autorze\/","og_site_name":"Interactive World Book","article_publisher":"https:\/\/www.facebook.com\/interactiveworldbook\/","article_modified_time":"2025-05-13T15:15:31+00:00","og_image":[{"url":"https:\/\/interactiveworldbook.com\/wp-content\/uploads\/2024\/12\/3-1.jpeg","type":"","width":"","height":""}],"twitter_card":"summary_large_image","twitter_misc":{"Szacowany czas czytania":"3 minuty"},"schema":{"@context":"https:\/\/schema.org","@graph":[{"@type":"WebPage","@id":"https:\/\/interactiveworldbook.com\/pl\/o-autorze\/","url":"https:\/\/interactiveworldbook.com\/pl\/o-autorze\/","name":"O autorze | Interactive World Book","isPartOf":{"@id":"https:\/\/interactiveworldbook.com\/pl\/#website"},"primaryImageOfPage":{"@id":"https:\/\/interactiveworldbook.com\/pl\/o-autorze\/#primaryimage"},"image":{"@id":"https:\/\/interactiveworldbook.com\/pl\/o-autorze\/#primaryimage"},"thumbnailUrl":"https:\/\/interactiveworldbook.com\/wp-content\/uploads\/2024\/12\/3-1.jpeg","datePublished":"2024-12-19T14:05:36+00:00","dateModified":"2025-05-13T15:15:31+00:00","breadcrumb":{"@id":"https:\/\/interactiveworldbook.com\/pl\/o-autorze\/#breadcrumb"},"inLanguage":"pl-PL","potentialAction":[{"@type":"ReadAction","target":["https:\/\/interactiveworldbook.com\/pl\/o-autorze\/"]}]},{"@type":"ImageObject","inLanguage":"pl-PL","@id":"https:\/\/interactiveworldbook.com\/pl\/o-autorze\/#primaryimage","url":"https:\/\/interactiveworldbook.com\/wp-content\/uploads\/2024\/12\/3-1.jpeg","contentUrl":"https:\/\/interactiveworldbook.com\/wp-content\/uploads\/2024\/12\/3-1.jpeg"},{"@type":"BreadcrumbList","@id":"https:\/\/interactiveworldbook.com\/pl\/o-autorze\/#breadcrumb","itemListElement":[{"@type":"ListItem","position":1,"name":"Dom\u016f","item":"https:\/\/interactiveworldbook.com\/pl\/"},{"@type":"ListItem","position":2,"name":"O autorze"}]},{"@type":"WebSite","@id":"https:\/\/interactiveworldbook.com\/pl\/#website","url":"https:\/\/interactiveworldbook.com\/pl\/","name":"Interactive World Book","description":"Interactive World Book, kniha, m\u011bsta, zem\u011b, sv\u011btad\u00edly, informace","publisher":{"@id":"https:\/\/interactiveworldbook.com\/pl\/#organization"},"potentialAction":[{"@type":"SearchAction","target":{"@type":"EntryPoint","urlTemplate":"https:\/\/interactiveworldbook.com\/pl\/?s={search_term_string}"},"query-input":{"@type":"PropertyValueSpecification","valueRequired":true,"valueName":"search_term_string"}}],"inLanguage":"pl-PL"},{"@type":"Organization","@id":"https:\/\/interactiveworldbook.com\/pl\/#organization","name":"Interactive World Book","url":"https:\/\/interactiveworldbook.com\/pl\/","logo":{"@type":"ImageObject","inLanguage":"pl-PL","@id":"https:\/\/interactiveworldbook.com\/pl\/#\/schema\/logo\/image\/","url":"https:\/\/interactiveworldbook.com\/wp-content\/uploads\/2024\/11\/IW_barevna-1.png","contentUrl":"https:\/\/interactiveworldbook.com\/wp-content\/uploads\/2024\/11\/IW_barevna-1.png","width":1690,"height":583,"caption":"Interactive World Book"},"image":{"@id":"https:\/\/interactiveworldbook.com\/pl\/#\/schema\/logo\/image\/"},"sameAs":["https:\/\/www.facebook.com\/interactiveworldbook\/","https:\/\/www.instagram.com\/interactive_world_book\/","https:\/\/www.tiktok.com\/@iw_book"]}]}},"_links":{"self":[{"href":"https:\/\/interactiveworldbook.com\/pl\/wp-json\/wp\/v2\/pages\/25519","targetHints":{"allow":["GET"]}}],"collection":[{"href":"https:\/\/interactiveworldbook.com\/pl\/wp-json\/wp\/v2\/pages"}],"about":[{"href":"https:\/\/interactiveworldbook.com\/pl\/wp-json\/wp\/v2\/types\/page"}],"author":[{"embeddable":true,"href":"https:\/\/interactiveworldbook.com\/pl\/wp-json\/wp\/v2\/users\/4"}],"replies":[{"embeddable":true,"href":"https:\/\/interactiveworldbook.com\/pl\/wp-json\/wp\/v2\/comments?post=25519"}],"version-history":[{"count":2,"href":"https:\/\/interactiveworldbook.com\/pl\/wp-json\/wp\/v2\/pages\/25519\/revisions"}],"predecessor-version":[{"id":27987,"href":"https:\/\/interactiveworldbook.com\/pl\/wp-json\/wp\/v2\/pages\/25519\/revisions\/27987"}],"wp:attachment":[{"href":"https:\/\/interactiveworldbook.com\/pl\/wp-json\/wp\/v2\/media?parent=25519"}],"curies":[{"name":"wp","href":"https:\/\/api.w.org\/{rel}","templated":true}]}}