{"id":11161,"date":"2024-04-11T15:45:47","date_gmt":"2024-04-11T13:45:47","guid":{"rendered":"https:\/\/interactiveworldbook.com\/our-partners\/"},"modified":"2024-12-26T10:57:08","modified_gmt":"2024-12-26T09:57:08","slug":"meet-us","status":"publish","type":"page","link":"https:\/\/interactiveworldbook.com\/sk\/meet-us\/","title":{"rendered":"Akcie a pl\u00e1ny"},"content":{"rendered":"<div class=\"columns\">\n<div class=\"left-column\">\n<h2>Buch Wien 2024<\/h2>\n<p>(kni\u017en\u00fd ve\u013etrh vo Viedni)<\/p>\n<p>S nad\u0161en\u00edm sme sa z\u00fa\u010dastnili kni\u017en\u00e9ho ve\u013etrhu <strong>Buch Wien 2024<\/strong>, ktor\u00fd sa konal v d\u0148och <strong>6.\u201310. novembra<\/strong> vo Viedni. Tento v\u00fdznamn\u00fd liter\u00e1rny ve\u013etrh ka\u017edoro\u010dne pri\u0165ahuje nad\u0161en\u00fdch \u010ditate\u013eov, autorov i odborn\u00edkov z kni\u017en\u00e9ho priemyslu z celej Eur\u00f3py i \u010fal\u0161\u00edch k\u00fatov sveta.<\/p>\n<p>Mali sme pr\u00edle\u017eitos\u0165 objavova\u0165 in\u0161pirat\u00edvne st\u00e1nky, stretn\u00fa\u0165 sa s odborn\u00edkmi z kni\u017en\u00e9ho sveta a predstavi\u0165 na\u0161u knihu vybran\u00fdm \u00fa\u010dastn\u00edkom. <strong>Interakt\u00edvny SVET<\/strong> tu zaznamenal ve\u013ek\u00fd \u00faspech. Stret\u00e1vali sme sa s \u00fa\u017easn\u00fdmi reakciami \u2013 od slov chv\u00e1ly za origin\u00e1lny koncept a\u017e po nad\u0161enie z jej designu a obsahu. Oslovil svoj\u00edm obsahom, spracovan\u00edm aj my\u0161lienkou, ktor\u00fa prin\u00e1\u0161a.<\/p>\n<p>\u010eakujeme za v\u0161etky kr\u00e1sne ohlasy a za mo\u017enos\u0165 by\u0165 s\u00fa\u010das\u0165ou tohto v\u00fdnimo\u010dn\u00e9ho liter\u00e1rneho stretnutia. Te\u0161\u00edme sa na \u010fal\u0161iu pr\u00edle\u017eitos\u0165 zdie\u013ea\u0165 s Vami n\u00e1\u0161 <strong>Interakt\u00edvny SVET<\/strong> a in\u0161pirova\u0165 tak mal\u00fdch aj ve\u013ek\u00fdch \u010ditate\u013eov z cel\u00e9ho sveta, na jeho objavovanie!<\/p>\n<\/div>\n<div class=\"right-column\">\n<div class=\"video-frame\"><img decoding=\"async\" src=\"https:\/\/interactiveworldbook.com\/wp-content\/uploads\/2024\/12\/dcee6a081ac4bbce6c1ee35bd3d60739.png\" alt=\"Mobiln\u00ed r\u00e1me\u010dek\" \/><br \/>\n<video src=\"https:\/\/interactiveworldbook.com\/wp-content\/uploads\/2024\/12\/video-viden-2024.mp4\" autoplay=\"autoplay\" loop=\"loop\" muted=\"\" width=\"300\" height=\"150\"><\/video><\/div>\n<\/div>\n<\/div>\n<h2>The London Book Fair 2024<\/h2>\n<p>(Lond\u00fdnsk\u00fd kni\u017en\u00ed veletrh 2024)<\/p>\n<p>V apr\u00edli 2024 sme sa s hrdos\u0165ou z\u00fa\u010dastnili <strong>Lond\u00fdnskeho kni\u017en\u00e9ho ve\u013etrhu (London Book Fair, LBF)<\/strong>, jednej z najprest\u00ed\u017enej\u0161\u00edch akci\u00ed kni\u017en\u00e9ho priemyslu na svete. Tento ka\u017edoro\u010dne organizovan\u00fd ve\u013etrh v srdci Lond\u00fdna sp\u00e1ja popredn\u00fdch autorov, vydavate\u013eov, liter\u00e1rnych agentov a odborn\u00edkov z cel\u00e9ho sveta. Je to \u017eiv\u00e1 platforma, kde sa stret\u00e1vaj\u00fa knihy, n\u00e1pady a pr\u00edle\u017eitosti, \u010do z neho rob\u00ed nepostr\u00e1date\u013en\u00fa udalos\u0165 pre liter\u00e1rny svet.<\/p>\n<p>Tento rok sme mali t\u00fa \u010des\u0165 predstavi\u0165 <strong>Interakt\u00edvny SVET<\/strong> na na\u0161om vlastnom st\u00e1nku. Reakcie na knihu boli skuto\u010dne v\u00fdnimo\u010dn\u00e9. N\u00e1v\u0161tevn\u00edci boli o\u010daren\u00ed jej jedine\u010dn\u00fdm konceptom, inovat\u00edvnym dizajnom a p\u00fatav\u00fdm obsahom. Viedli sme obohacuj\u00face diskusie s liter\u00e1rnymi odborn\u00edkmi, vydavate\u013emi a \u010ditatelia z r\u00f4znych k\u00fatov sveta, z\u00edskali cenn\u00e9 postrehy a nadviazali spojenia, ktor\u00e9 n\u00e1s bud\u00fa in\u0161pirova\u0165 v na\u0161ej \u010fal\u0161ej pr\u00e1ci.<\/p>\n<p>S rados\u0165ou oznamujeme, \u017ee sa na <strong>Lond\u00fdnsky kni\u017en\u00fd ve\u013etrh vr\u00e1time aj v roku 2025. Ak sa s nami chcete spoji\u0165 a prediskutova\u0165 na\u0161e najnov\u0161ie projekty, nev\u00e1hajte n\u00e1s kontaktova\u0165. Te\u0161\u00edme sa na \u010fal\u0161\u00ed vzru\u0161uj\u00faci rok na tejto mimoriadnej udalosti!<\/strong><\/p>\n<p>\u010eakujeme v\u0161etk\u00fdm, ktor\u00ed nav\u0161t\u00edvili n\u00e1\u0161 st\u00e1nok, podelili sa o svoje n\u00e1zory na <strong>Interakt\u00edvny SVET<\/strong> a podporili na\u0161u pr\u00e1cu. Sme nesmierne v\u010fa\u010dn\u00ed za ka\u017ed\u00e9ho \u010ditate\u013ea, ktor\u00e9ho na\u0161a kniha in\u0161pirovala, a te\u0161\u00edme sa na stretnutie s vami na Lond\u00fdnskom kni\u017enom ve\u013etrhu 2025!<\/p>\n","protected":false},"excerpt":{"rendered":"<p>Buch Wien 2024 (kni\u017en\u00fd ve\u013etrh vo Viedni) S nad\u0161en\u00edm sme sa z\u00fa\u010dastnili kni\u017en\u00e9ho ve\u013etrhu Buch Wien 2024, ktor\u00fd sa konal v d\u0148och 6.\u201310. novembra vo Viedni. Tento v\u00fdznamn\u00fd liter\u00e1rny ve\u013etrh ka\u017edoro\u010dne pri\u0165ahuje nad\u0161en\u00fdch \u010ditate\u013eov, autorov i odborn\u00edkov z kni\u017en\u00e9ho priemyslu z celej Eur\u00f3py i \u010fal\u0161\u00edch k\u00fatov sveta. Mali sme pr\u00edle\u017eitos\u0165 objavova\u0165 in\u0161pirat\u00edvne st\u00e1nky, stretn\u00fa\u0165 sa [&hellip;]<\/p>\n","protected":false},"author":1,"featured_media":0,"parent":0,"menu_order":0,"comment_status":"closed","ping_status":"closed","template":"","meta":{"_acf_changed":false,"inline_featured_image":false,"footnotes":""},"class_list":["post-11161","page","type-page","status-publish","hentry"],"acf":[],"yoast_head":"<!-- This site is optimized with the Yoast SEO plugin v27.4 - https:\/\/yoast.com\/product\/yoast-seo-wordpress\/ -->\n<title>Akcie a pl\u00e1ny | Interactive World Book<\/title>\n<meta name=\"robots\" content=\"index, follow, max-snippet:-1, max-image-preview:large, max-video-preview:-1\" \/>\n<link rel=\"canonical\" href=\"https:\/\/interactiveworldbook.com\/sk\/meet-us\/\" \/>\n<meta property=\"og:locale\" content=\"sk_SK\" \/>\n<meta property=\"og:type\" content=\"article\" \/>\n<meta property=\"og:title\" content=\"Akcie a pl\u00e1ny | Interactive World Book\" \/>\n<meta property=\"og:description\" content=\"Buch Wien 2024 (kni\u017en\u00fd ve\u013etrh vo Viedni) S nad\u0161en\u00edm sme sa z\u00fa\u010dastnili kni\u017en\u00e9ho ve\u013etrhu Buch Wien 2024, ktor\u00fd sa konal v d\u0148och 6.\u201310. novembra vo Viedni. Tento v\u00fdznamn\u00fd liter\u00e1rny ve\u013etrh ka\u017edoro\u010dne pri\u0165ahuje nad\u0161en\u00fdch \u010ditate\u013eov, autorov i odborn\u00edkov z kni\u017en\u00e9ho priemyslu z celej Eur\u00f3py i \u010fal\u0161\u00edch k\u00fatov sveta. Mali sme pr\u00edle\u017eitos\u0165 objavova\u0165 in\u0161pirat\u00edvne st\u00e1nky, stretn\u00fa\u0165 sa [&hellip;]\" \/>\n<meta property=\"og:url\" content=\"https:\/\/interactiveworldbook.com\/sk\/meet-us\/\" \/>\n<meta property=\"og:site_name\" content=\"Interactive World Book\" \/>\n<meta property=\"article:publisher\" content=\"https:\/\/www.facebook.com\/interactiveworldbook\/\" \/>\n<meta property=\"article:modified_time\" content=\"2024-12-26T09:57:08+00:00\" \/>\n<meta property=\"og:image\" content=\"https:\/\/interactiveworldbook.com\/wp-content\/uploads\/2024\/12\/dcee6a081ac4bbce6c1ee35bd3d60739.png\" \/>\n<meta name=\"twitter:card\" content=\"summary_large_image\" \/>\n<meta name=\"twitter:label1\" content=\"Predpokladan\u00fd \u010das \u010d\u00edtania\" \/>\n\t<meta name=\"twitter:data1\" content=\"2 min\u00faty\" \/>\n<script type=\"application\/ld+json\" class=\"yoast-schema-graph\">{\"@context\":\"https:\\\/\\\/schema.org\",\"@graph\":[{\"@type\":\"WebPage\",\"@id\":\"https:\\\/\\\/interactiveworldbook.com\\\/sk\\\/meet-us\\\/\",\"url\":\"https:\\\/\\\/interactiveworldbook.com\\\/sk\\\/meet-us\\\/\",\"name\":\"Akcie a pl\u00e1ny | Interactive World Book\",\"isPartOf\":{\"@id\":\"https:\\\/\\\/interactiveworldbook.com\\\/sk\\\/#website\"},\"primaryImageOfPage\":{\"@id\":\"https:\\\/\\\/interactiveworldbook.com\\\/sk\\\/meet-us\\\/#primaryimage\"},\"image\":{\"@id\":\"https:\\\/\\\/interactiveworldbook.com\\\/sk\\\/meet-us\\\/#primaryimage\"},\"thumbnailUrl\":\"https:\\\/\\\/interactiveworldbook.com\\\/wp-content\\\/uploads\\\/2024\\\/12\\\/dcee6a081ac4bbce6c1ee35bd3d60739.png\",\"datePublished\":\"2024-04-11T13:45:47+00:00\",\"dateModified\":\"2024-12-26T09:57:08+00:00\",\"breadcrumb\":{\"@id\":\"https:\\\/\\\/interactiveworldbook.com\\\/sk\\\/meet-us\\\/#breadcrumb\"},\"inLanguage\":\"sk-SK\",\"potentialAction\":[{\"@type\":\"ReadAction\",\"target\":[\"https:\\\/\\\/interactiveworldbook.com\\\/sk\\\/meet-us\\\/\"]}]},{\"@type\":\"ImageObject\",\"inLanguage\":\"sk-SK\",\"@id\":\"https:\\\/\\\/interactiveworldbook.com\\\/sk\\\/meet-us\\\/#primaryimage\",\"url\":\"https:\\\/\\\/interactiveworldbook.com\\\/wp-content\\\/uploads\\\/2024\\\/12\\\/dcee6a081ac4bbce6c1ee35bd3d60739.png\",\"contentUrl\":\"https:\\\/\\\/interactiveworldbook.com\\\/wp-content\\\/uploads\\\/2024\\\/12\\\/dcee6a081ac4bbce6c1ee35bd3d60739.png\"},{\"@type\":\"BreadcrumbList\",\"@id\":\"https:\\\/\\\/interactiveworldbook.com\\\/sk\\\/meet-us\\\/#breadcrumb\",\"itemListElement\":[{\"@type\":\"ListItem\",\"position\":1,\"name\":\"Dom\u016f\",\"item\":\"https:\\\/\\\/interactiveworldbook.com\\\/sk\\\/\"},{\"@type\":\"ListItem\",\"position\":2,\"name\":\"Akcie a pl\u00e1ny\"}]},{\"@type\":\"WebSite\",\"@id\":\"https:\\\/\\\/interactiveworldbook.com\\\/sk\\\/#website\",\"url\":\"https:\\\/\\\/interactiveworldbook.com\\\/sk\\\/\",\"name\":\"Interactive World Book\",\"description\":\"Interactive World Book, kniha, m\u011bsta, zem\u011b, sv\u011btad\u00edly, informace\",\"publisher\":{\"@id\":\"https:\\\/\\\/interactiveworldbook.com\\\/sk\\\/#organization\"},\"potentialAction\":[{\"@type\":\"SearchAction\",\"target\":{\"@type\":\"EntryPoint\",\"urlTemplate\":\"https:\\\/\\\/interactiveworldbook.com\\\/sk\\\/?s={search_term_string}\"},\"query-input\":{\"@type\":\"PropertyValueSpecification\",\"valueRequired\":true,\"valueName\":\"search_term_string\"}}],\"inLanguage\":\"sk-SK\"},{\"@type\":\"Organization\",\"@id\":\"https:\\\/\\\/interactiveworldbook.com\\\/sk\\\/#organization\",\"name\":\"Interactive World Book\",\"url\":\"https:\\\/\\\/interactiveworldbook.com\\\/sk\\\/\",\"logo\":{\"@type\":\"ImageObject\",\"inLanguage\":\"sk-SK\",\"@id\":\"https:\\\/\\\/interactiveworldbook.com\\\/sk\\\/#\\\/schema\\\/logo\\\/image\\\/\",\"url\":\"https:\\\/\\\/interactiveworldbook.com\\\/wp-content\\\/uploads\\\/2024\\\/11\\\/IW_barevna-1.png\",\"contentUrl\":\"https:\\\/\\\/interactiveworldbook.com\\\/wp-content\\\/uploads\\\/2024\\\/11\\\/IW_barevna-1.png\",\"width\":1690,\"height\":583,\"caption\":\"Interactive World Book\"},\"image\":{\"@id\":\"https:\\\/\\\/interactiveworldbook.com\\\/sk\\\/#\\\/schema\\\/logo\\\/image\\\/\"},\"sameAs\":[\"https:\\\/\\\/www.facebook.com\\\/interactiveworldbook\\\/\",\"https:\\\/\\\/www.instagram.com\\\/interactive_world_book\\\/\",\"https:\\\/\\\/www.tiktok.com\\\/@iw_book\"]}]}<\/script>\n<!-- \/ Yoast SEO plugin. -->","yoast_head_json":{"title":"Akcie a pl\u00e1ny | Interactive World Book","robots":{"index":"index","follow":"follow","max-snippet":"max-snippet:-1","max-image-preview":"max-image-preview:large","max-video-preview":"max-video-preview:-1"},"canonical":"https:\/\/interactiveworldbook.com\/sk\/meet-us\/","og_locale":"sk_SK","og_type":"article","og_title":"Akcie a pl\u00e1ny | Interactive World Book","og_description":"Buch Wien 2024 (kni\u017en\u00fd ve\u013etrh vo Viedni) S nad\u0161en\u00edm sme sa z\u00fa\u010dastnili kni\u017en\u00e9ho ve\u013etrhu Buch Wien 2024, ktor\u00fd sa konal v d\u0148och 6.\u201310. novembra vo Viedni. Tento v\u00fdznamn\u00fd liter\u00e1rny ve\u013etrh ka\u017edoro\u010dne pri\u0165ahuje nad\u0161en\u00fdch \u010ditate\u013eov, autorov i odborn\u00edkov z kni\u017en\u00e9ho priemyslu z celej Eur\u00f3py i \u010fal\u0161\u00edch k\u00fatov sveta. Mali sme pr\u00edle\u017eitos\u0165 objavova\u0165 in\u0161pirat\u00edvne st\u00e1nky, stretn\u00fa\u0165 sa [&hellip;]","og_url":"https:\/\/interactiveworldbook.com\/sk\/meet-us\/","og_site_name":"Interactive World Book","article_publisher":"https:\/\/www.facebook.com\/interactiveworldbook\/","article_modified_time":"2024-12-26T09:57:08+00:00","og_image":[{"url":"https:\/\/interactiveworldbook.com\/wp-content\/uploads\/2024\/12\/dcee6a081ac4bbce6c1ee35bd3d60739.png","type":"","width":"","height":""}],"twitter_card":"summary_large_image","twitter_misc":{"Predpokladan\u00fd \u010das \u010d\u00edtania":"2 min\u00faty"},"schema":{"@context":"https:\/\/schema.org","@graph":[{"@type":"WebPage","@id":"https:\/\/interactiveworldbook.com\/sk\/meet-us\/","url":"https:\/\/interactiveworldbook.com\/sk\/meet-us\/","name":"Akcie a pl\u00e1ny | Interactive World Book","isPartOf":{"@id":"https:\/\/interactiveworldbook.com\/sk\/#website"},"primaryImageOfPage":{"@id":"https:\/\/interactiveworldbook.com\/sk\/meet-us\/#primaryimage"},"image":{"@id":"https:\/\/interactiveworldbook.com\/sk\/meet-us\/#primaryimage"},"thumbnailUrl":"https:\/\/interactiveworldbook.com\/wp-content\/uploads\/2024\/12\/dcee6a081ac4bbce6c1ee35bd3d60739.png","datePublished":"2024-04-11T13:45:47+00:00","dateModified":"2024-12-26T09:57:08+00:00","breadcrumb":{"@id":"https:\/\/interactiveworldbook.com\/sk\/meet-us\/#breadcrumb"},"inLanguage":"sk-SK","potentialAction":[{"@type":"ReadAction","target":["https:\/\/interactiveworldbook.com\/sk\/meet-us\/"]}]},{"@type":"ImageObject","inLanguage":"sk-SK","@id":"https:\/\/interactiveworldbook.com\/sk\/meet-us\/#primaryimage","url":"https:\/\/interactiveworldbook.com\/wp-content\/uploads\/2024\/12\/dcee6a081ac4bbce6c1ee35bd3d60739.png","contentUrl":"https:\/\/interactiveworldbook.com\/wp-content\/uploads\/2024\/12\/dcee6a081ac4bbce6c1ee35bd3d60739.png"},{"@type":"BreadcrumbList","@id":"https:\/\/interactiveworldbook.com\/sk\/meet-us\/#breadcrumb","itemListElement":[{"@type":"ListItem","position":1,"name":"Dom\u016f","item":"https:\/\/interactiveworldbook.com\/sk\/"},{"@type":"ListItem","position":2,"name":"Akcie a pl\u00e1ny"}]},{"@type":"WebSite","@id":"https:\/\/interactiveworldbook.com\/sk\/#website","url":"https:\/\/interactiveworldbook.com\/sk\/","name":"Interactive World Book","description":"Interactive World Book, kniha, m\u011bsta, zem\u011b, sv\u011btad\u00edly, informace","publisher":{"@id":"https:\/\/interactiveworldbook.com\/sk\/#organization"},"potentialAction":[{"@type":"SearchAction","target":{"@type":"EntryPoint","urlTemplate":"https:\/\/interactiveworldbook.com\/sk\/?s={search_term_string}"},"query-input":{"@type":"PropertyValueSpecification","valueRequired":true,"valueName":"search_term_string"}}],"inLanguage":"sk-SK"},{"@type":"Organization","@id":"https:\/\/interactiveworldbook.com\/sk\/#organization","name":"Interactive World Book","url":"https:\/\/interactiveworldbook.com\/sk\/","logo":{"@type":"ImageObject","inLanguage":"sk-SK","@id":"https:\/\/interactiveworldbook.com\/sk\/#\/schema\/logo\/image\/","url":"https:\/\/interactiveworldbook.com\/wp-content\/uploads\/2024\/11\/IW_barevna-1.png","contentUrl":"https:\/\/interactiveworldbook.com\/wp-content\/uploads\/2024\/11\/IW_barevna-1.png","width":1690,"height":583,"caption":"Interactive World Book"},"image":{"@id":"https:\/\/interactiveworldbook.com\/sk\/#\/schema\/logo\/image\/"},"sameAs":["https:\/\/www.facebook.com\/interactiveworldbook\/","https:\/\/www.instagram.com\/interactive_world_book\/","https:\/\/www.tiktok.com\/@iw_book"]}]}},"_links":{"self":[{"href":"https:\/\/interactiveworldbook.com\/sk\/wp-json\/wp\/v2\/pages\/11161","targetHints":{"allow":["GET"]}}],"collection":[{"href":"https:\/\/interactiveworldbook.com\/sk\/wp-json\/wp\/v2\/pages"}],"about":[{"href":"https:\/\/interactiveworldbook.com\/sk\/wp-json\/wp\/v2\/types\/page"}],"author":[{"embeddable":true,"href":"https:\/\/interactiveworldbook.com\/sk\/wp-json\/wp\/v2\/users\/1"}],"replies":[{"embeddable":true,"href":"https:\/\/interactiveworldbook.com\/sk\/wp-json\/wp\/v2\/comments?post=11161"}],"version-history":[{"count":11,"href":"https:\/\/interactiveworldbook.com\/sk\/wp-json\/wp\/v2\/pages\/11161\/revisions"}],"predecessor-version":[{"id":26379,"href":"https:\/\/interactiveworldbook.com\/sk\/wp-json\/wp\/v2\/pages\/11161\/revisions\/26379"}],"wp:attachment":[{"href":"https:\/\/interactiveworldbook.com\/sk\/wp-json\/wp\/v2\/media?parent=11161"}],"curies":[{"name":"wp","href":"https:\/\/api.w.org\/{rel}","templated":true}]}}