{"id":25520,"date":"2024-12-19T15:05:36","date_gmt":"2024-12-19T14:05:36","guid":{"rendered":"https:\/\/interactiveworldbook.com\/o-autorovi\/"},"modified":"2025-05-13T17:12:29","modified_gmt":"2025-05-13T15:12:29","slug":"o-autorovi","status":"publish","type":"page","link":"https:\/\/interactiveworldbook.com\/sk\/o-autorovi\/","title":{"rendered":"O autorovi"},"content":{"rendered":"<p><img decoding=\"async\" class=\"author-image alignright\" src=\"https:\/\/interactiveworldbook.com\/wp-content\/uploads\/2024\/12\/3-1.jpeg\" alt=\"autor s knihou v ruk\u00e1ch\" style=\"float:right;\" \/><\/p>\n<p>Mil\u00ed \u010ditatelia,<\/p>\n<p>dovo\u013ete mi predstavi\u0165 sa. Vol\u00e1m sa David Karakevas a som autorom knihy <strong>Interakt\u00edvny SVET<\/strong> . R\u00e1d by som sa s vami podelil o pr\u00edbeh, ktor\u00fd stoj\u00ed za jej vznikom. Poch\u00e1dzam z Gr\u00e9cka, ale \u017eijem v \u010ceskej republike. Od mali\u010dka ma fascinuje svet, jeho rozmanitos\u0165 a jeho kult\u00fary. M\u00f4j z\u00e1ujem o geografiu, hist\u00f3riu a vzdel\u00e1vanie ma priviedol k my\u0161lienke spoji\u0165 tieto oblasti do jedine\u010dnej knihy, ktor\u00e1 umo\u017en\u00ed de\u0165om a dospel\u00fdm na celom svete objavova\u0165 na\u0161u plan\u00e9tu \u00faplne nov\u00fdm sp\u00f4sobom.<\/p>\n<p>Po\u010das svojich ciest, nav\u0161tevovania r\u00f4znych kraj\u00edn a spozn\u00e1vania ich kult\u00far som si uvedomil d\u00f4le\u017eitos\u0165 vzdelania \u2013 a h\u013eadal sp\u00f4soby, ako ho urobi\u0165 z\u00e1bavn\u00fdm a atrakt\u00edvnym z\u00e1rove\u0148. S t\u00fdmto poznan\u00edm som za\u010dal uva\u017eova\u0165 o knihe, ktor\u00e1 by nielen vzdel\u00e1vala, ale aj in\u0161pirovala mal\u00fdch \u010ditate\u013eov k objavovaniu sveta a podnecovala ich zvedavos\u0165 a sm\u00e4d po poznan\u00ed. V\u00fdsledkom tejto my\u0161lienky je <strong>Interakt\u00edvny SVET<\/strong> &#8211; kniha, ktor\u00e1 je nielen u\u010debnou pom\u00f4ckou, ale aj dobrodru\u017estvom.<\/p>\n<p>Kniha je jedine\u010dn\u00e1 v tom, \u017ee kombinuje tla\u010den\u00fd text a digit\u00e1lny obsah, v\u010faka \u010domu s\u00fa \u010ditatelia akt\u00edvnymi \u00fa\u010dastn\u00edkmi ich vzdel\u00e1vacieho procesu. Ka\u017ed\u00e1 jedna strana knihy je pretkan\u00e1 interakt\u00edvnymi prvkami, ktor\u00e9 umo\u017e\u0148uj\u00fa \u010ditate\u013eom spozn\u00e1va\u0165 r\u00f4zne krajiny a kult\u00fary prostredn\u00edctvom QR k\u00f3dov. Umo\u017e\u0148uje im po\u010d\u00fava\u0165 \u0161t\u00e1tne hymny, prezera\u0165 si n\u00e1rodn\u00e9 vlajky a embl\u00e9my z cel\u00e9ho sveta a dozvedie\u0165 sa fascinuj\u00face fakty o geografii, hist\u00f3rii a trad\u00edci\u00e1ch jednotliv\u00fdch kraj\u00edn.<\/p>\n<p>V dne\u0161nom svete s mno\u017estvom r\u00f4znych n\u00e1strojov a met\u00f3d, ktor\u00e9 m\u00e1me k dispoz\u00edcii, je k\u013e\u00fa\u010dov\u00e9 n\u00e1js\u0165 rovnov\u00e1hu medzi efekt\u00edvnym u\u010den\u00edm a z\u00e1bavou, ktor\u00e1 podporuje kreativitu a predstavivos\u0165 \u2013 k\u013e\u00fa\u010dov\u00e9 prvky pre formovanie osobnosti a rozvoj myslenia. Uvedomujem si v\u0161ak aj to, ak\u00e9 d\u00f4le\u017eit\u00e9 je nielen pre rodi\u010dov, ale aj pre u\u010dite\u013eov, n\u00e1js\u0165 kvalitn\u00e9 vzdel\u00e1vacie n\u00e1stroje, ktor\u00e9 s\u00fa pre deti z\u00e1rove\u0148 p\u00fatav\u00e9. <strong>Interakt\u00edvny SVET<\/strong> sa stal neocenite\u013enou pom\u00f4ckou pre rodi\u010dov a pedag\u00f3gov, ktor\u00ed h\u013eadaj\u00fa zauj\u00edmav\u00e9 sp\u00f4soby, ako obohati\u0165 svoje deti, \u017eiakov a \u0161tudentov o nov\u00e9 poznatky. Chcela by som, aby sa kniha stala s\u00fa\u010das\u0165ou vzdel\u00e1vacieho procesu a pomohla de\u0165om lep\u0161ie pochopi\u0165 svet okolo seba. Ver\u00edm, \u017ee vzdel\u00e1vanie by malo by\u0165 z\u00e1bavn\u00e9, in\u0161piruj\u00face a \u013eahko dostupn\u00e9.<\/p>\n<p>Moj\u00edm cie\u013eom je, aby <strong>Interakt\u00edvny SVET<\/strong> oslovil \u010ditate\u013eov na medzin\u00e1rodnej \u00farovni. Kniha u\u017e bola prelo\u017een\u00e1 do nieko\u013ek\u00fdch jazykov a celkov\u00fd pl\u00e1n zah\u0155\u0148a a\u017e 20 jazykov\u00fdch verzi\u00ed. Spolupracujem s mnoh\u00fdmi \u0161kolami a vzdel\u00e1vac\u00edmi in\u0161tit\u00faciami, kde nav\u0161tevujem deti a predstavujem im t\u00fato knihu. Je nesmierne in\u0161piruj\u00face vidie\u0165 ich nad\u0161enie a rados\u0165 z objavovania nov\u00fdch inform\u00e1ci\u00ed o svete a ich sm\u00e4d po poznan\u00ed \u2013 \u010do ma nap\u013a\u0148a a motivuje pokra\u010dova\u0165.<\/p>\n<p>Mojou v\u00edziou je in\u0161pirova\u0165 \u010ditate\u013eov, aby objavili svet pln\u00fd fascinuj\u00facich pr\u00edbehov, ktor\u00e9 \u010dakaj\u00fa na objavenie. Som presved\u010den\u00fd, \u017ee <strong>Interakt\u00edvny SVET<\/strong> m\u00f4\u017ee zohra\u0165 d\u00f4le\u017eit\u00fa \u00falohu aj ako u\u010debn\u00e1 pom\u00f4cka a sta\u0165 sa cenn\u00fdm spolo\u010dn\u00edkom nielen pre deti, ale aj pre rodi\u010dov a pedag\u00f3gov. Te\u0161\u00edm sa na pr\u00edle\u017eitos\u0165 prida\u0165 sa k v\u00e1m na cestu objavovania a vzdel\u00e1vania, ktor\u00e1 n\u00e1s v\u0161etk\u00fdch spoj\u00ed.<\/p>\n<p>\u010eakujem, \u017ee ste si na\u0161li \u010das na pre\u010d\u00edtanie m\u00f4jho pr\u00edbehu. Ver\u00edm, \u017ee <strong>Interakt\u00edvny SVET<\/strong> prinesie rados\u0165 a in\u0161pir\u00e1ciu nielen v\u00e1m, ale aj mnoh\u00fdm \u010fal\u0161\u00edm \u010ditate\u013eom po celom svete.<\/p>\n<p>S \u00factou a v\u010fakou,<\/p>\n<p>David Karakevas<br \/>\nAutor knihy <strong>Interakt\u00edvny SVET<\/strong><\/p>\n","protected":false},"excerpt":{"rendered":"<p>Mil\u00ed \u010ditatelia, dovo\u013ete mi predstavi\u0165 sa. Vol\u00e1m sa David Karakevas a som autorom knihy Interakt\u00edvny SVET . R\u00e1d by som sa s vami podelil o pr\u00edbeh, ktor\u00fd stoj\u00ed za jej vznikom. Poch\u00e1dzam z Gr\u00e9cka, ale \u017eijem v \u010ceskej republike. Od mali\u010dka ma fascinuje svet, jeho rozmanitos\u0165 a jeho kult\u00fary. M\u00f4j z\u00e1ujem o geografiu, hist\u00f3riu a [&hellip;]<\/p>\n","protected":false},"author":4,"featured_media":0,"parent":0,"menu_order":0,"comment_status":"closed","ping_status":"closed","template":"","meta":{"_acf_changed":false,"inline_featured_image":false,"footnotes":""},"class_list":["post-25520","page","type-page","status-publish","hentry"],"acf":[],"yoast_head":"<!-- This site is optimized with the Yoast SEO plugin v27.4 - https:\/\/yoast.com\/product\/yoast-seo-wordpress\/ -->\n<title>O autorovi | Interactive World Book<\/title>\n<meta name=\"robots\" content=\"index, follow, max-snippet:-1, max-image-preview:large, max-video-preview:-1\" \/>\n<link rel=\"canonical\" href=\"https:\/\/interactiveworldbook.com\/sk\/o-autorovi\/\" \/>\n<meta property=\"og:locale\" content=\"sk_SK\" \/>\n<meta property=\"og:type\" content=\"article\" \/>\n<meta property=\"og:title\" content=\"O autorovi | Interactive World Book\" \/>\n<meta property=\"og:description\" content=\"Mil\u00ed \u010ditatelia, dovo\u013ete mi predstavi\u0165 sa. Vol\u00e1m sa David Karakevas a som autorom knihy Interakt\u00edvny SVET . R\u00e1d by som sa s vami podelil o pr\u00edbeh, ktor\u00fd stoj\u00ed za jej vznikom. Poch\u00e1dzam z Gr\u00e9cka, ale \u017eijem v \u010ceskej republike. Od mali\u010dka ma fascinuje svet, jeho rozmanitos\u0165 a jeho kult\u00fary. M\u00f4j z\u00e1ujem o geografiu, hist\u00f3riu a [&hellip;]\" \/>\n<meta property=\"og:url\" content=\"https:\/\/interactiveworldbook.com\/sk\/o-autorovi\/\" \/>\n<meta property=\"og:site_name\" content=\"Interactive World Book\" \/>\n<meta property=\"article:publisher\" content=\"https:\/\/www.facebook.com\/interactiveworldbook\/\" \/>\n<meta property=\"article:modified_time\" content=\"2025-05-13T15:12:29+00:00\" \/>\n<meta property=\"og:image\" content=\"https:\/\/interactiveworldbook.com\/wp-content\/uploads\/2024\/12\/3-1.jpeg\" \/>\n<meta name=\"twitter:card\" content=\"summary_large_image\" \/>\n<meta name=\"twitter:label1\" content=\"Predpokladan\u00fd \u010das \u010d\u00edtania\" \/>\n\t<meta name=\"twitter:data1\" content=\"3 min\u00faty\" \/>\n<script type=\"application\/ld+json\" class=\"yoast-schema-graph\">{\"@context\":\"https:\\\/\\\/schema.org\",\"@graph\":[{\"@type\":\"WebPage\",\"@id\":\"https:\\\/\\\/interactiveworldbook.com\\\/sk\\\/o-autorovi\\\/\",\"url\":\"https:\\\/\\\/interactiveworldbook.com\\\/sk\\\/o-autorovi\\\/\",\"name\":\"O autorovi | Interactive World Book\",\"isPartOf\":{\"@id\":\"https:\\\/\\\/interactiveworldbook.com\\\/sk\\\/#website\"},\"primaryImageOfPage\":{\"@id\":\"https:\\\/\\\/interactiveworldbook.com\\\/sk\\\/o-autorovi\\\/#primaryimage\"},\"image\":{\"@id\":\"https:\\\/\\\/interactiveworldbook.com\\\/sk\\\/o-autorovi\\\/#primaryimage\"},\"thumbnailUrl\":\"https:\\\/\\\/interactiveworldbook.com\\\/wp-content\\\/uploads\\\/2024\\\/12\\\/3-1.jpeg\",\"datePublished\":\"2024-12-19T14:05:36+00:00\",\"dateModified\":\"2025-05-13T15:12:29+00:00\",\"breadcrumb\":{\"@id\":\"https:\\\/\\\/interactiveworldbook.com\\\/sk\\\/o-autorovi\\\/#breadcrumb\"},\"inLanguage\":\"sk-SK\",\"potentialAction\":[{\"@type\":\"ReadAction\",\"target\":[\"https:\\\/\\\/interactiveworldbook.com\\\/sk\\\/o-autorovi\\\/\"]}]},{\"@type\":\"ImageObject\",\"inLanguage\":\"sk-SK\",\"@id\":\"https:\\\/\\\/interactiveworldbook.com\\\/sk\\\/o-autorovi\\\/#primaryimage\",\"url\":\"https:\\\/\\\/interactiveworldbook.com\\\/wp-content\\\/uploads\\\/2024\\\/12\\\/3-1.jpeg\",\"contentUrl\":\"https:\\\/\\\/interactiveworldbook.com\\\/wp-content\\\/uploads\\\/2024\\\/12\\\/3-1.jpeg\"},{\"@type\":\"BreadcrumbList\",\"@id\":\"https:\\\/\\\/interactiveworldbook.com\\\/sk\\\/o-autorovi\\\/#breadcrumb\",\"itemListElement\":[{\"@type\":\"ListItem\",\"position\":1,\"name\":\"Dom\u016f\",\"item\":\"https:\\\/\\\/interactiveworldbook.com\\\/sk\\\/\"},{\"@type\":\"ListItem\",\"position\":2,\"name\":\"O autorovi\"}]},{\"@type\":\"WebSite\",\"@id\":\"https:\\\/\\\/interactiveworldbook.com\\\/sk\\\/#website\",\"url\":\"https:\\\/\\\/interactiveworldbook.com\\\/sk\\\/\",\"name\":\"Interactive World Book\",\"description\":\"Interactive World Book, kniha, m\u011bsta, zem\u011b, sv\u011btad\u00edly, informace\",\"publisher\":{\"@id\":\"https:\\\/\\\/interactiveworldbook.com\\\/sk\\\/#organization\"},\"potentialAction\":[{\"@type\":\"SearchAction\",\"target\":{\"@type\":\"EntryPoint\",\"urlTemplate\":\"https:\\\/\\\/interactiveworldbook.com\\\/sk\\\/?s={search_term_string}\"},\"query-input\":{\"@type\":\"PropertyValueSpecification\",\"valueRequired\":true,\"valueName\":\"search_term_string\"}}],\"inLanguage\":\"sk-SK\"},{\"@type\":\"Organization\",\"@id\":\"https:\\\/\\\/interactiveworldbook.com\\\/sk\\\/#organization\",\"name\":\"Interactive World Book\",\"url\":\"https:\\\/\\\/interactiveworldbook.com\\\/sk\\\/\",\"logo\":{\"@type\":\"ImageObject\",\"inLanguage\":\"sk-SK\",\"@id\":\"https:\\\/\\\/interactiveworldbook.com\\\/sk\\\/#\\\/schema\\\/logo\\\/image\\\/\",\"url\":\"https:\\\/\\\/interactiveworldbook.com\\\/wp-content\\\/uploads\\\/2024\\\/11\\\/IW_barevna-1.png\",\"contentUrl\":\"https:\\\/\\\/interactiveworldbook.com\\\/wp-content\\\/uploads\\\/2024\\\/11\\\/IW_barevna-1.png\",\"width\":1690,\"height\":583,\"caption\":\"Interactive World Book\"},\"image\":{\"@id\":\"https:\\\/\\\/interactiveworldbook.com\\\/sk\\\/#\\\/schema\\\/logo\\\/image\\\/\"},\"sameAs\":[\"https:\\\/\\\/www.facebook.com\\\/interactiveworldbook\\\/\",\"https:\\\/\\\/www.instagram.com\\\/interactive_world_book\\\/\",\"https:\\\/\\\/www.tiktok.com\\\/@iw_book\"]}]}<\/script>\n<!-- \/ Yoast SEO plugin. -->","yoast_head_json":{"title":"O autorovi | Interactive World Book","robots":{"index":"index","follow":"follow","max-snippet":"max-snippet:-1","max-image-preview":"max-image-preview:large","max-video-preview":"max-video-preview:-1"},"canonical":"https:\/\/interactiveworldbook.com\/sk\/o-autorovi\/","og_locale":"sk_SK","og_type":"article","og_title":"O autorovi | Interactive World Book","og_description":"Mil\u00ed \u010ditatelia, dovo\u013ete mi predstavi\u0165 sa. Vol\u00e1m sa David Karakevas a som autorom knihy Interakt\u00edvny SVET . R\u00e1d by som sa s vami podelil o pr\u00edbeh, ktor\u00fd stoj\u00ed za jej vznikom. Poch\u00e1dzam z Gr\u00e9cka, ale \u017eijem v \u010ceskej republike. Od mali\u010dka ma fascinuje svet, jeho rozmanitos\u0165 a jeho kult\u00fary. M\u00f4j z\u00e1ujem o geografiu, hist\u00f3riu a [&hellip;]","og_url":"https:\/\/interactiveworldbook.com\/sk\/o-autorovi\/","og_site_name":"Interactive World Book","article_publisher":"https:\/\/www.facebook.com\/interactiveworldbook\/","article_modified_time":"2025-05-13T15:12:29+00:00","og_image":[{"url":"https:\/\/interactiveworldbook.com\/wp-content\/uploads\/2024\/12\/3-1.jpeg","type":"","width":"","height":""}],"twitter_card":"summary_large_image","twitter_misc":{"Predpokladan\u00fd \u010das \u010d\u00edtania":"3 min\u00faty"},"schema":{"@context":"https:\/\/schema.org","@graph":[{"@type":"WebPage","@id":"https:\/\/interactiveworldbook.com\/sk\/o-autorovi\/","url":"https:\/\/interactiveworldbook.com\/sk\/o-autorovi\/","name":"O autorovi | Interactive World Book","isPartOf":{"@id":"https:\/\/interactiveworldbook.com\/sk\/#website"},"primaryImageOfPage":{"@id":"https:\/\/interactiveworldbook.com\/sk\/o-autorovi\/#primaryimage"},"image":{"@id":"https:\/\/interactiveworldbook.com\/sk\/o-autorovi\/#primaryimage"},"thumbnailUrl":"https:\/\/interactiveworldbook.com\/wp-content\/uploads\/2024\/12\/3-1.jpeg","datePublished":"2024-12-19T14:05:36+00:00","dateModified":"2025-05-13T15:12:29+00:00","breadcrumb":{"@id":"https:\/\/interactiveworldbook.com\/sk\/o-autorovi\/#breadcrumb"},"inLanguage":"sk-SK","potentialAction":[{"@type":"ReadAction","target":["https:\/\/interactiveworldbook.com\/sk\/o-autorovi\/"]}]},{"@type":"ImageObject","inLanguage":"sk-SK","@id":"https:\/\/interactiveworldbook.com\/sk\/o-autorovi\/#primaryimage","url":"https:\/\/interactiveworldbook.com\/wp-content\/uploads\/2024\/12\/3-1.jpeg","contentUrl":"https:\/\/interactiveworldbook.com\/wp-content\/uploads\/2024\/12\/3-1.jpeg"},{"@type":"BreadcrumbList","@id":"https:\/\/interactiveworldbook.com\/sk\/o-autorovi\/#breadcrumb","itemListElement":[{"@type":"ListItem","position":1,"name":"Dom\u016f","item":"https:\/\/interactiveworldbook.com\/sk\/"},{"@type":"ListItem","position":2,"name":"O autorovi"}]},{"@type":"WebSite","@id":"https:\/\/interactiveworldbook.com\/sk\/#website","url":"https:\/\/interactiveworldbook.com\/sk\/","name":"Interactive World Book","description":"Interactive World Book, kniha, m\u011bsta, zem\u011b, sv\u011btad\u00edly, informace","publisher":{"@id":"https:\/\/interactiveworldbook.com\/sk\/#organization"},"potentialAction":[{"@type":"SearchAction","target":{"@type":"EntryPoint","urlTemplate":"https:\/\/interactiveworldbook.com\/sk\/?s={search_term_string}"},"query-input":{"@type":"PropertyValueSpecification","valueRequired":true,"valueName":"search_term_string"}}],"inLanguage":"sk-SK"},{"@type":"Organization","@id":"https:\/\/interactiveworldbook.com\/sk\/#organization","name":"Interactive World Book","url":"https:\/\/interactiveworldbook.com\/sk\/","logo":{"@type":"ImageObject","inLanguage":"sk-SK","@id":"https:\/\/interactiveworldbook.com\/sk\/#\/schema\/logo\/image\/","url":"https:\/\/interactiveworldbook.com\/wp-content\/uploads\/2024\/11\/IW_barevna-1.png","contentUrl":"https:\/\/interactiveworldbook.com\/wp-content\/uploads\/2024\/11\/IW_barevna-1.png","width":1690,"height":583,"caption":"Interactive World Book"},"image":{"@id":"https:\/\/interactiveworldbook.com\/sk\/#\/schema\/logo\/image\/"},"sameAs":["https:\/\/www.facebook.com\/interactiveworldbook\/","https:\/\/www.instagram.com\/interactive_world_book\/","https:\/\/www.tiktok.com\/@iw_book"]}]}},"_links":{"self":[{"href":"https:\/\/interactiveworldbook.com\/sk\/wp-json\/wp\/v2\/pages\/25520","targetHints":{"allow":["GET"]}}],"collection":[{"href":"https:\/\/interactiveworldbook.com\/sk\/wp-json\/wp\/v2\/pages"}],"about":[{"href":"https:\/\/interactiveworldbook.com\/sk\/wp-json\/wp\/v2\/types\/page"}],"author":[{"embeddable":true,"href":"https:\/\/interactiveworldbook.com\/sk\/wp-json\/wp\/v2\/users\/4"}],"replies":[{"embeddable":true,"href":"https:\/\/interactiveworldbook.com\/sk\/wp-json\/wp\/v2\/comments?post=25520"}],"version-history":[{"count":2,"href":"https:\/\/interactiveworldbook.com\/sk\/wp-json\/wp\/v2\/pages\/25520\/revisions"}],"predecessor-version":[{"id":27982,"href":"https:\/\/interactiveworldbook.com\/sk\/wp-json\/wp\/v2\/pages\/25520\/revisions\/27982"}],"wp:attachment":[{"href":"https:\/\/interactiveworldbook.com\/sk\/wp-json\/wp\/v2\/media?parent=25520"}],"curies":[{"name":"wp","href":"https:\/\/api.w.org\/{rel}","templated":true}]}}