{"id":5769,"date":"2023-10-06T14:45:56","date_gmt":"2023-10-06T12:45:56","guid":{"rendered":"https:\/\/interactiveworldbook.com\/home\/"},"modified":"2024-12-23T13:06:17","modified_gmt":"2024-12-23T12:06:17","slug":"home","status":"publish","type":"page","link":"https:\/\/interactiveworldbook.com\/sk\/","title":{"rendered":"Domov"},"content":{"rendered":"","protected":false},"excerpt":{"rendered":"","protected":false},"author":1,"featured_media":0,"parent":0,"menu_order":0,"comment_status":"closed","ping_status":"closed","template":"","meta":{"_acf_changed":false,"inline_featured_image":false,"footnotes":""},"class_list":["post-5769","page","type-page","status-publish","hentry"],"acf":[],"yoast_head":"<!-- This site is optimized with the Yoast SEO plugin v27.5 - https:\/\/yoast.com\/product\/yoast-seo-wordpress\/ -->\n<title>Interakt\u00edvny SVET<\/title>\n<meta name=\"description\" content=\"Vzdel\u00e1vacia kniha pln\u00e1 obr\u00e1zkov, ktor\u00e1 v\u00e1s prevedie v\u0161etk\u00fdmi \u0161t\u00e1tmi. S QR k\u00f3dmi pre \u010fal\u0161\u00ed pr\u00e9miov\u00fd obsah. Ide\u00e1lna na objavovanie sveta!\" \/>\n<meta name=\"robots\" content=\"index, follow, max-snippet:-1, max-image-preview:large, max-video-preview:-1\" \/>\n<link rel=\"canonical\" href=\"https:\/\/interactiveworldbook.com\/sk\/\" \/>\n<meta property=\"og:locale\" content=\"sk_SK\" \/>\n<meta property=\"og:type\" content=\"article\" \/>\n<meta property=\"og:title\" content=\"Interakt\u00edvny SVET\" \/>\n<meta property=\"og:description\" content=\"Vzdel\u00e1vacia kniha pln\u00e1 obr\u00e1zkov, ktor\u00e1 v\u00e1s prevedie v\u0161etk\u00fdmi \u0161t\u00e1tmi. S QR k\u00f3dmi pre \u010fal\u0161\u00ed pr\u00e9miov\u00fd obsah. Ide\u00e1lna na objavovanie sveta!\" \/>\n<meta property=\"og:url\" content=\"https:\/\/interactiveworldbook.com\/sk\/\" \/>\n<meta property=\"og:site_name\" content=\"Interactive World Book\" \/>\n<meta property=\"article:publisher\" content=\"https:\/\/www.facebook.com\/interactiveworldbook\/\" \/>\n<meta property=\"article:modified_time\" content=\"2024-12-23T12:06:17+00:00\" \/>\n<meta property=\"og:image\" content=\"https:\/\/interactiveworldbook.com\/wp-content\/uploads\/2024\/07\/og-sk-1-1.jpg\" \/>\n\t<meta property=\"og:image:width\" content=\"1200\" \/>\n\t<meta property=\"og:image:height\" content=\"630\" \/>\n\t<meta property=\"og:image:type\" content=\"image\/jpeg\" \/>\n<meta name=\"twitter:card\" content=\"summary_large_image\" \/>\n<script type=\"application\/ld+json\" class=\"yoast-schema-graph\">{\"@context\":\"https:\\\/\\\/schema.org\",\"@graph\":[{\"@type\":\"WebPage\",\"@id\":\"https:\\\/\\\/interactiveworldbook.com\\\/sk\\\/\",\"url\":\"https:\\\/\\\/interactiveworldbook.com\\\/sk\\\/\",\"name\":\"Interakt\u00edvny SVET\",\"isPartOf\":{\"@id\":\"https:\\\/\\\/interactiveworldbook.com\\\/sk\\\/#website\"},\"datePublished\":\"2023-10-06T12:45:56+00:00\",\"dateModified\":\"2024-12-23T12:06:17+00:00\",\"description\":\"Vzdel\u00e1vacia kniha pln\u00e1 obr\u00e1zkov, ktor\u00e1 v\u00e1s prevedie v\u0161etk\u00fdmi \u0161t\u00e1tmi. S QR k\u00f3dmi pre \u010fal\u0161\u00ed pr\u00e9miov\u00fd obsah. Ide\u00e1lna na objavovanie sveta!\",\"breadcrumb\":{\"@id\":\"https:\\\/\\\/interactiveworldbook.com\\\/sk\\\/#breadcrumb\"},\"inLanguage\":\"sk-SK\",\"potentialAction\":[{\"@type\":\"ReadAction\",\"target\":[\"https:\\\/\\\/interactiveworldbook.com\\\/sk\\\/\"]}]},{\"@type\":\"BreadcrumbList\",\"@id\":\"https:\\\/\\\/interactiveworldbook.com\\\/sk\\\/#breadcrumb\",\"itemListElement\":[{\"@type\":\"ListItem\",\"position\":1,\"name\":\"Dom\u016f\",\"item\":\"https:\\\/\\\/interactiveworldbook.com\\\/sk\\\/\"},{\"@type\":\"ListItem\",\"position\":2,\"name\":\"Domov\"}]},{\"@type\":\"WebSite\",\"@id\":\"https:\\\/\\\/interactiveworldbook.com\\\/sk\\\/#website\",\"url\":\"https:\\\/\\\/interactiveworldbook.com\\\/sk\\\/\",\"name\":\"Interactive World Book\",\"description\":\"Interactive World Book, kniha, m\u011bsta, zem\u011b, sv\u011btad\u00edly, informace\",\"publisher\":{\"@id\":\"https:\\\/\\\/interactiveworldbook.com\\\/sk\\\/#organization\"},\"potentialAction\":[{\"@type\":\"SearchAction\",\"target\":{\"@type\":\"EntryPoint\",\"urlTemplate\":\"https:\\\/\\\/interactiveworldbook.com\\\/sk\\\/?s={search_term_string}\"},\"query-input\":{\"@type\":\"PropertyValueSpecification\",\"valueRequired\":true,\"valueName\":\"search_term_string\"}}],\"inLanguage\":\"sk-SK\"},{\"@type\":\"Organization\",\"@id\":\"https:\\\/\\\/interactiveworldbook.com\\\/sk\\\/#organization\",\"name\":\"Interactive World Book\",\"url\":\"https:\\\/\\\/interactiveworldbook.com\\\/sk\\\/\",\"logo\":{\"@type\":\"ImageObject\",\"inLanguage\":\"sk-SK\",\"@id\":\"https:\\\/\\\/interactiveworldbook.com\\\/sk\\\/#\\\/schema\\\/logo\\\/image\\\/\",\"url\":\"https:\\\/\\\/interactiveworldbook.com\\\/wp-content\\\/uploads\\\/2024\\\/11\\\/IW_barevna-1.png\",\"contentUrl\":\"https:\\\/\\\/interactiveworldbook.com\\\/wp-content\\\/uploads\\\/2024\\\/11\\\/IW_barevna-1.png\",\"width\":1690,\"height\":583,\"caption\":\"Interactive World Book\"},\"image\":{\"@id\":\"https:\\\/\\\/interactiveworldbook.com\\\/sk\\\/#\\\/schema\\\/logo\\\/image\\\/\"},\"sameAs\":[\"https:\\\/\\\/www.facebook.com\\\/interactiveworldbook\\\/\",\"https:\\\/\\\/www.instagram.com\\\/interactive_world_book\\\/\",\"https:\\\/\\\/www.tiktok.com\\\/@iw_book\"]}]}<\/script>\n<!-- \/ Yoast SEO plugin. -->","yoast_head_json":{"title":"Interakt\u00edvny SVET","description":"Vzdel\u00e1vacia kniha pln\u00e1 obr\u00e1zkov, ktor\u00e1 v\u00e1s prevedie v\u0161etk\u00fdmi \u0161t\u00e1tmi. S QR k\u00f3dmi pre \u010fal\u0161\u00ed pr\u00e9miov\u00fd obsah. Ide\u00e1lna na objavovanie sveta!","robots":{"index":"index","follow":"follow","max-snippet":"max-snippet:-1","max-image-preview":"max-image-preview:large","max-video-preview":"max-video-preview:-1"},"canonical":"https:\/\/interactiveworldbook.com\/sk\/","og_locale":"sk_SK","og_type":"article","og_title":"Interakt\u00edvny SVET","og_description":"Vzdel\u00e1vacia kniha pln\u00e1 obr\u00e1zkov, ktor\u00e1 v\u00e1s prevedie v\u0161etk\u00fdmi \u0161t\u00e1tmi. S QR k\u00f3dmi pre \u010fal\u0161\u00ed pr\u00e9miov\u00fd obsah. Ide\u00e1lna na objavovanie sveta!","og_url":"https:\/\/interactiveworldbook.com\/sk\/","og_site_name":"Interactive World Book","article_publisher":"https:\/\/www.facebook.com\/interactiveworldbook\/","article_modified_time":"2024-12-23T12:06:17+00:00","og_image":[{"width":1200,"height":630,"url":"https:\/\/interactiveworldbook.com\/wp-content\/uploads\/2024\/07\/og-sk-1-1.jpg","type":"image\/jpeg"}],"twitter_card":"summary_large_image","schema":{"@context":"https:\/\/schema.org","@graph":[{"@type":"WebPage","@id":"https:\/\/interactiveworldbook.com\/sk\/","url":"https:\/\/interactiveworldbook.com\/sk\/","name":"Interakt\u00edvny SVET","isPartOf":{"@id":"https:\/\/interactiveworldbook.com\/sk\/#website"},"datePublished":"2023-10-06T12:45:56+00:00","dateModified":"2024-12-23T12:06:17+00:00","description":"Vzdel\u00e1vacia kniha pln\u00e1 obr\u00e1zkov, ktor\u00e1 v\u00e1s prevedie v\u0161etk\u00fdmi \u0161t\u00e1tmi. S QR k\u00f3dmi pre \u010fal\u0161\u00ed pr\u00e9miov\u00fd obsah. Ide\u00e1lna na objavovanie sveta!","breadcrumb":{"@id":"https:\/\/interactiveworldbook.com\/sk\/#breadcrumb"},"inLanguage":"sk-SK","potentialAction":[{"@type":"ReadAction","target":["https:\/\/interactiveworldbook.com\/sk\/"]}]},{"@type":"BreadcrumbList","@id":"https:\/\/interactiveworldbook.com\/sk\/#breadcrumb","itemListElement":[{"@type":"ListItem","position":1,"name":"Dom\u016f","item":"https:\/\/interactiveworldbook.com\/sk\/"},{"@type":"ListItem","position":2,"name":"Domov"}]},{"@type":"WebSite","@id":"https:\/\/interactiveworldbook.com\/sk\/#website","url":"https:\/\/interactiveworldbook.com\/sk\/","name":"Interactive World Book","description":"Interactive World Book, kniha, m\u011bsta, zem\u011b, sv\u011btad\u00edly, informace","publisher":{"@id":"https:\/\/interactiveworldbook.com\/sk\/#organization"},"potentialAction":[{"@type":"SearchAction","target":{"@type":"EntryPoint","urlTemplate":"https:\/\/interactiveworldbook.com\/sk\/?s={search_term_string}"},"query-input":{"@type":"PropertyValueSpecification","valueRequired":true,"valueName":"search_term_string"}}],"inLanguage":"sk-SK"},{"@type":"Organization","@id":"https:\/\/interactiveworldbook.com\/sk\/#organization","name":"Interactive World Book","url":"https:\/\/interactiveworldbook.com\/sk\/","logo":{"@type":"ImageObject","inLanguage":"sk-SK","@id":"https:\/\/interactiveworldbook.com\/sk\/#\/schema\/logo\/image\/","url":"https:\/\/interactiveworldbook.com\/wp-content\/uploads\/2024\/11\/IW_barevna-1.png","contentUrl":"https:\/\/interactiveworldbook.com\/wp-content\/uploads\/2024\/11\/IW_barevna-1.png","width":1690,"height":583,"caption":"Interactive World Book"},"image":{"@id":"https:\/\/interactiveworldbook.com\/sk\/#\/schema\/logo\/image\/"},"sameAs":["https:\/\/www.facebook.com\/interactiveworldbook\/","https:\/\/www.instagram.com\/interactive_world_book\/","https:\/\/www.tiktok.com\/@iw_book"]}]}},"_links":{"self":[{"href":"https:\/\/interactiveworldbook.com\/sk\/wp-json\/wp\/v2\/pages\/5769","targetHints":{"allow":["GET"]}}],"collection":[{"href":"https:\/\/interactiveworldbook.com\/sk\/wp-json\/wp\/v2\/pages"}],"about":[{"href":"https:\/\/interactiveworldbook.com\/sk\/wp-json\/wp\/v2\/types\/page"}],"author":[{"embeddable":true,"href":"https:\/\/interactiveworldbook.com\/sk\/wp-json\/wp\/v2\/users\/1"}],"replies":[{"embeddable":true,"href":"https:\/\/interactiveworldbook.com\/sk\/wp-json\/wp\/v2\/comments?post=5769"}],"version-history":[{"count":37,"href":"https:\/\/interactiveworldbook.com\/sk\/wp-json\/wp\/v2\/pages\/5769\/revisions"}],"predecessor-version":[{"id":26246,"href":"https:\/\/interactiveworldbook.com\/sk\/wp-json\/wp\/v2\/pages\/5769\/revisions\/26246"}],"wp:attachment":[{"href":"https:\/\/interactiveworldbook.com\/sk\/wp-json\/wp\/v2\/media?parent=5769"}],"curies":[{"name":"wp","href":"https:\/\/api.w.org\/{rel}","templated":true}]}}