{"id":5802,"date":"2023-02-06T13:15:09","date_gmt":"2023-02-06T12:15:09","guid":{"rendered":"https:\/\/interactiveworldbook.com\/ochrana-osobnich-udaju\/"},"modified":"2024-10-31T17:38:27","modified_gmt":"2024-10-31T16:38:27","slug":"zasady-ochrany-osobnych-udajov","status":"publish","type":"page","link":"https:\/\/interactiveworldbook.com\/sk\/zasady-ochrany-osobnych-udajov\/","title":{"rendered":"Z\u00e1sady ochrany osobn\u00fdch \u00fadajov"},"content":{"rendered":"\r\n<p><strong>I. Z\u00e1kladn\u00e9 ustanovenia<\/strong><\/p>\r\n<ol>\r\n<li>Spr\u00e1vcom osobn\u00fdch \u00fadajov pod\u013ea \u010dl. 4 bod 7 nariadenia Eur\u00f3pskeho parlamentu a Rady (E\u00da) 2016\/679 o ochrane fyzick\u00fdch os\u00f4b v s\u00favislosti so spracovan\u00edm osobn\u00fdch \u00fadajov a o vo\u013enom pohybe t\u00fdchto \u00fadajov (\u010falej len: \u201e<strong>GDPR<\/strong>\u201d) je\u00a0<strong>IWB s.r.o. <\/strong>I\u010c 09640584 so s\u00eddlom Hudcova 532\/78b, Brno (\u010falej len: \u201e<strong>spr\u00e1vca<\/strong>\u201c).<\/li>\r\n<li>Kontaktn\u00e9 \u00fadaje spr\u00e1vcu s\u00fa<\/li>\r\n<\/ol>\r\n<p style=\"padding-left: 40px;\">Adresa: Hudcova 532\/78b, Brno<\/p>\r\n<p style=\"padding-left: 40px;\">Email: <a href=\"mailto:info@interactiveworldbook.com\">info@interactiveworldbook.com<\/a><\/p>\r\n<ol start=\"3\">\r\n<li>Osobn\u00fdmi \u00fadajmi sa rozumej\u00fa v\u0161etky inform\u00e1cie o identifikovanej alebo identifikovate\u013enej fyzickej osobe; identifikovate\u013enou fyzickou osobou je fyzick\u00e1 osoba, ktor\u00fa je mo\u017en\u00e9 priamo \u010di nepriamo identifikova\u0165, predov\u0161etk\u00fdm odkazom na ur\u010dit\u00fd identifik\u00e1tor, napr\u00edklad meno, identifika\u010dn\u00e9 \u010d\u00edslo, loka\u010dn\u00e9 \u00fadaje, sie\u0165ov\u00fd identifik\u00e1tor alebo na jeden \u010di viacero osobitn\u00fdch prvkov fyzickej, fyziologickej, genetickej, psychickej, ekonomickej, kult\u00farnej alebo spolo\u010denskej identity tejto fyzickej osoby.<\/li>\r\n<li>Spr\u00e1vca nemenoval poverenca pre ochranu osobn\u00fdch \u00fadajov.<\/li>\r\n<\/ol>\r\n<p><strong>II. Zdroje a kateg\u00f3rie spracov\u00e1van\u00fdch osobn\u00fdch \u00fadajov<\/strong><\/p>\r\n<ol>\r\n<li>Spr\u00e1vca spracov\u00e1va osobn\u00e9 \u00fadaje, ktor\u00e9 ste mu poskytli, alebo osobn\u00e9 \u00fadaje, ktor\u00e9 spr\u00e1vca z\u00edskal na z\u00e1klade plnenia Va\u0161ej objedn\u00e1vky.<\/li>\r\n<li>Spr\u00e1vca spracov\u00e1va Va\u0161e identifika\u010dn\u00e9 a kontaktn\u00e9 \u00fadaje a \u00fadaje nevyhnutn\u00e9 pre plnenie zmluvy.<\/li>\r\n<\/ol>\r\n<p><strong>III.\u00a0Z\u00e1konn\u00fd d\u00f4vod a \u00fa\u010del spracovania osobn\u00fdch \u00fadajov<\/strong><\/p>\r\n<ol>\r\n<li>Z\u00e1konn\u00fdm d\u00f4vodom spracovania osobn\u00fdch \u00fadajov je<\/li>\r\n<\/ol>\r\n<ul>\r\n<li style=\"list-style-type: none;\">\r\n<ul>\r\n<li>plnenie zmluvy medzi Vami a spr\u00e1vcom pod\u013ea \u010dl. 6 ods. 1 p\u00edsm. b) GDPR,<\/li>\r\n<li>opr\u00e1vnen\u00fd z\u00e1ujem spr\u00e1vcu na poskytovan\u00ed priameho marketingu (predov\u0161etk\u00fdm na zasielanie obchodn\u00fdch ozn\u00e1men\u00ed a newsletterov) pod\u013ea \u010dl. 6 ods. 1 p\u00edsm. f) GDPR,<\/li>\r\n<li>V\u00e1\u0161 s\u00fahlas so spracovan\u00edm pre \u00fa\u010dely poskytovania priameho marketingu (predov\u0161etk\u00fdm na zasielanie obchodn\u00fdch ozn\u00e1men\u00ed a newsletterov) pod\u013ea \u010dl. 6 ods. 1 p\u00edsm. a) GDPR v spojen\u00ed s \u00a7 7 ods. 2 z\u00e1kona \u010d. 480\/2004 Zb., o niektor\u00fdch slu\u017eb\u00e1ch informa\u010dnej spolo\u010dnosti v pr\u00edpade, \u017ee nedo\u0161lo k objedn\u00e1vke tovaru alebo slu\u017eby.<\/li>\r\n<\/ul>\r\n<\/li>\r\n<\/ul>\r\n<ol start=\"2\">\r\n<li>\u00da\u010delom spracovania osobn\u00fdch \u00fadajov je<\/li>\r\n<\/ol>\r\n<ul>\r\n<li style=\"list-style-type: none;\">\r\n<ul>\r\n<li>vybavenie Va\u0161ej objedn\u00e1vky a v\u00fdkon pr\u00e1v a povinnost\u00ed vypl\u00fdvaj\u00facich zo zmluvn\u00e9ho vz\u0165ahu; pri objedn\u00e1vke sa vy\u017eaduj\u00fa osobn\u00e9 \u00fadaje, ktor\u00e9 s\u00fa nutn\u00e9 pre \u00faspe\u0161n\u00e9 vybavenie objedn\u00e1vky (meno a adresa, kontakt), poskytnutie osobn\u00fdch \u00fadajov je nutnou po\u017eiadavkou pre uzavretie a plnenie zmluvy; bez poskytnutia osobn\u00fdch \u00fadajov nie je mo\u017en\u00e9 zmluvu uzavrie\u0165 \u010di ju zo strany spr\u00e1vcu plni\u0165,<\/li>\r\n<li>zasielanie obchodn\u00fdch ozn\u00e1men\u00ed a\u00a0uskuto\u010d\u0148ovanie \u010fal\u0161\u00edch marketingov\u00fdch aktiv\u00edt.<\/li>\r\n<\/ul>\r\n<\/li>\r\n<\/ul>\r\n<ol start=\"3\">\r\n<li>Zo strany spr\u00e1vcu nedoch\u00e1dza k automatick\u00e9mu individu\u00e1lnemu rozhodovaniu v zmysle \u010dl. 22 GDPR.<\/li>\r\n<\/ol>\r\n<p><strong>IV. Doba uchov\u00e1vania \u00fadajov<\/strong><\/p>\r\n<ol>\r\n<li>Spr\u00e1vca uchov\u00e1va osobn\u00e9 \u00fadaje<\/li>\r\n<\/ol>\r\n<ul>\r\n<li style=\"list-style-type: none;\">\r\n<ul>\r\n<li>po dobu nutn\u00fa na v\u00fdkon pr\u00e1v a povinnost\u00ed vypl\u00fdvaj\u00facich zo zmluvn\u00e9ho vz\u0165ahu medzi Vami a spr\u00e1vcom a uplat\u0148ovanie n\u00e1rokov z t\u00fdchto zmluvn\u00fdch vz\u0165ahov (po dobu 5 rokov od ukon\u010denia zmluvn\u00e9ho vz\u0165ahu),<\/li>\r\n<li>po dobu, ne\u017e je odvolan\u00fd s\u00fahlas so spracovan\u00edm osobn\u00fdch \u00fadajov pre \u00fa\u010dely marketingu, najdlh\u0161ie 1 rok, ak s\u00fa osobn\u00e9 \u00fadaje spracov\u00e1van\u00e9 na z\u00e1klade s\u00fahlasu.<\/li>\r\n<\/ul>\r\n<\/li>\r\n<\/ul>\r\n<ol start=\"2\">\r\n<li>Po uplynut\u00ed doby uchov\u00e1vania osobn\u00fdch \u00fadajov spr\u00e1vca osobn\u00e9 \u00fadaje vyma\u017ee.<\/li>\r\n<\/ol>\r\n<p><strong>V. Pr\u00edjemcovia osobn\u00fdch \u00fadajov (subdod\u00e1vatelia spr\u00e1vcu)<\/strong><\/p>\r\n<ol>\r\n<li>Pr\u00edjemcami osobn\u00fdch \u00fadajov s\u00fa osoby\u00a0<\/li>\r\n<\/ol>\r\n<ul>\r\n<li style=\"list-style-type: none;\">\r\n<ul>\r\n<li>podie\u013eaj\u00face sa na dodan\u00ed tovaru \/ slu\u017eieb \/ realiz\u00e1cii platieb na z\u00e1klade zmluvy,<\/li>\r\n<li>zais\u0165uj\u00face slu\u017eby prev\u00e1dzkovania e-shopu (IDEATECH, s.r.o.) a \u010fal\u0161ie slu\u017eby s\u00favisiace s prev\u00e1dzkovan\u00edm e-shopu,<\/li>\r\n<li>zais\u0165uj\u00face marketingov\u00e9 slu\u017eby.<\/li>\r\n<\/ul>\r\n<\/li>\r\n<\/ul>\r\n<ol start=\"2\">\r\n<li>Spr\u00e1vca nem\u00e1 v \u00famysle odovzda\u0165 osobn\u00e9 \u00fadaje do tretej krajiny (do krajiny mimo E\u00da) alebo medzin\u00e1rodnej organiz\u00e1cii.<\/li>\r\n<\/ol>\r\n<p><strong>VI. Va\u0161e pr\u00e1va<\/strong><\/p>\r\n<ol>\r\n<li>Za podmienok stanoven\u00fdch v GDPR m\u00e1te<\/li>\r\n<\/ol>\r\n<ul>\r\n<li style=\"list-style-type: none;\">\r\n<ul>\r\n<li>pr\u00e1vo na pr\u00edstup ku svojim osobn\u00fdm \u00fadajom pod\u013ea \u010dl. 15 GDPR,<\/li>\r\n<li>pr\u00e1vo na opravu osobn\u00fdch \u00fadajov pod\u013ea \u010dl. 16 GDPR, pr\u00edpadne obmedzenie spracovania pod\u013ea \u010dl. 18 GDPR,<\/li>\r\n<li>pr\u00e1vo na v\u00fdmaz osobn\u00fdch \u00fadajov pod\u013ea \u010dl. 17 GDPR,<\/li>\r\n<li>pr\u00e1vo vznies\u0165 n\u00e1mietku proti spracovaniu pod\u013ea \u010dl. 21 GDPR,<\/li>\r\n<li>pr\u00e1vo na prenosite\u013enos\u0165 \u00fadajov pod\u013ea \u010dl. 20 GDPR,<\/li>\r\n<li>pr\u00e1vo odvola\u0165 s\u00fahlas so spracovan\u00edm p\u00edsomne alebo elektronicky na adresu alebo e-mail spr\u00e1vcu uveden\u00fd v \u010dl. III t\u00fdchto podmienok.<\/li>\r\n<\/ul>\r\n<\/li>\r\n<\/ul>\r\n<ol start=\"2\">\r\n<li>\u010ealej m\u00e1te pr\u00e1vo poda\u0165 s\u0165a\u017enos\u0165 na \u00darade pre ochranu osobn\u00fdch \u00fadajov v pr\u00edpade, \u017ee sa domnievate, \u017ee bolo poru\u0161en\u00e9 Va\u0161e pr\u00e1vo na ochranu osobn\u00fdch \u00fadajov.<\/li>\r\n<\/ol>\r\n<p><strong>VII.\u00a0Podmienky zabezpe\u010denia osobn\u00fdch \u00fadajov<\/strong><\/p>\r\n<ol>\r\n<li>Spr\u00e1vca vyhlasuje, \u017ee prijal v\u0161etky vhodn\u00e9 technick\u00e9 a organiza\u010dn\u00e9 opatrenia na zabezpe\u010denie osobn\u00fdch \u00fadajov.<\/li>\r\n<li>Spr\u00e1vca prijal technick\u00e9 opatrenia na zabezpe\u010denie d\u00e1tov\u00fdch \u00falo\u017e\u00edsk a \u00falo\u017e\u00edsk osobn\u00fdch \u00fadajov.<\/li>\r\n<li>Spr\u00e1vca vyhlasuje, \u017ee k osobn\u00fdm \u00fadajom maj\u00fa pr\u00edstup len n\u00edm poveren\u00e9 osoby.<\/li>\r\n<\/ol>\r\n<p><strong>VIII.\u00a0Z\u00e1vere\u010dn\u00e9 ustanovenia<\/strong><\/p>\r\n<ol>\r\n<li>Odoslan\u00edm objedn\u00e1vky z internetov\u00e9ho objedn\u00e1vkov\u00e9ho formul\u00e1ra potvrdzujete, \u017ee ste obozn\u00e1men\u00ed s podmienkami ochrany osobn\u00fdch \u00fadajov a \u017ee ich v celom rozsahu prij\u00edmate.<\/li>\r\n<li>S t\u00fdmito podmienkami s\u00fahlas\u00edte vlo\u017een\u00edm e-mailu v p\u00e4ti\u010dke webu na \u00fa\u010dely odberu newsletteru a potvrdzujete tak, \u017ee ste obozn\u00e1men\u00ed s podmienkami ochrany osobn\u00fdch \u00fadajov a \u017ee ich v celom rozsahu prij\u00edmate.<\/li>\r\n<li>Spr\u00e1vca je opr\u00e1vnen\u00fd tieto podmienky zmeni\u0165. Nov\u00fa verziu podmienok ochrany osobn\u00fdch \u00fadajov zverejn\u00ed na svojich internetov\u00fdch str\u00e1nkach a z\u00e1rove\u0148 V\u00e1m za\u0161le nov\u00fa verziu t\u00fdchto podmienok na Va\u0161u e-mailov\u00fa adresu, ktorou ste spr\u00e1vcovi poskytli.<\/li>\r\n<\/ol>\r\n<p>Tieto podmienky nadob\u00fadaj\u00fa \u00fa\u010dinnos\u0165 d\u0148om 7. 3. 2023.<\/p>\r\n","protected":false},"excerpt":{"rendered":"<p>I. Z\u00e1kladn\u00e9 ustanovenia Spr\u00e1vcom osobn\u00fdch \u00fadajov pod\u013ea \u010dl. 4 bod 7 nariadenia Eur\u00f3pskeho parlamentu a Rady (E\u00da) 2016\/679 o ochrane fyzick\u00fdch os\u00f4b v s\u00favislosti so spracovan\u00edm osobn\u00fdch \u00fadajov a o vo\u013enom pohybe t\u00fdchto \u00fadajov (\u010falej len: \u201eGDPR\u201d) je\u00a0IWB s.r.o. I\u010c 09640584 so s\u00eddlom Hudcova 532\/78b, Brno (\u010falej len: \u201espr\u00e1vca\u201c). Kontaktn\u00e9 \u00fadaje spr\u00e1vcu s\u00fa Adresa: Hudcova [&hellip;]<\/p>\n","protected":false},"author":1,"featured_media":0,"parent":0,"menu_order":0,"comment_status":"closed","ping_status":"open","template":"","meta":{"_acf_changed":false,"inline_featured_image":false,"footnotes":""},"class_list":["post-5802","page","type-page","status-publish","hentry"],"acf":[],"yoast_head":"<!-- This site is optimized with the Yoast SEO plugin v27.4 - https:\/\/yoast.com\/product\/yoast-seo-wordpress\/ -->\n<title>Z\u00e1sady ochrany osobn\u00fdch \u00fadajov | Interactive World Book<\/title>\n<meta name=\"robots\" content=\"index, follow, max-snippet:-1, max-image-preview:large, max-video-preview:-1\" \/>\n<link rel=\"canonical\" href=\"https:\/\/interactiveworldbook.com\/sk\/zasady-ochrany-osobnych-udajov\/\" \/>\n<meta property=\"og:locale\" content=\"sk_SK\" \/>\n<meta property=\"og:type\" content=\"article\" \/>\n<meta property=\"og:title\" content=\"Z\u00e1sady ochrany osobn\u00fdch \u00fadajov | Interactive World Book\" \/>\n<meta property=\"og:description\" content=\"I. Z\u00e1kladn\u00e9 ustanovenia Spr\u00e1vcom osobn\u00fdch \u00fadajov pod\u013ea \u010dl. 4 bod 7 nariadenia Eur\u00f3pskeho parlamentu a Rady (E\u00da) 2016\/679 o ochrane fyzick\u00fdch os\u00f4b v s\u00favislosti so spracovan\u00edm osobn\u00fdch \u00fadajov a o vo\u013enom pohybe t\u00fdchto \u00fadajov (\u010falej len: \u201eGDPR\u201d) je\u00a0IWB s.r.o. I\u010c 09640584 so s\u00eddlom Hudcova 532\/78b, Brno (\u010falej len: \u201espr\u00e1vca\u201c). Kontaktn\u00e9 \u00fadaje spr\u00e1vcu s\u00fa Adresa: Hudcova [&hellip;]\" \/>\n<meta property=\"og:url\" content=\"https:\/\/interactiveworldbook.com\/sk\/zasady-ochrany-osobnych-udajov\/\" \/>\n<meta property=\"og:site_name\" content=\"Interactive World Book\" \/>\n<meta property=\"article:publisher\" content=\"https:\/\/www.facebook.com\/interactiveworldbook\/\" \/>\n<meta property=\"article:modified_time\" content=\"2024-10-31T16:38:27+00:00\" \/>\n<meta property=\"og:image\" content=\"https:\/\/interactiveworldbook.com\/wp-content\/uploads\/2024\/08\/CZ_mockup_resize-2.png\" \/>\n\t<meta property=\"og:image:width\" content=\"569\" \/>\n\t<meta property=\"og:image:height\" content=\"694\" \/>\n\t<meta property=\"og:image:type\" content=\"image\/png\" \/>\n<meta name=\"twitter:card\" content=\"summary_large_image\" \/>\n<meta name=\"twitter:label1\" content=\"Predpokladan\u00fd \u010das \u010d\u00edtania\" \/>\n\t<meta name=\"twitter:data1\" content=\"5 min\u00fat\" \/>\n<script type=\"application\/ld+json\" class=\"yoast-schema-graph\">{\"@context\":\"https:\\\/\\\/schema.org\",\"@graph\":[{\"@type\":\"WebPage\",\"@id\":\"https:\\\/\\\/interactiveworldbook.com\\\/sk\\\/zasady-ochrany-osobnych-udajov\\\/\",\"url\":\"https:\\\/\\\/interactiveworldbook.com\\\/sk\\\/zasady-ochrany-osobnych-udajov\\\/\",\"name\":\"Z\u00e1sady ochrany osobn\u00fdch \u00fadajov | Interactive World Book\",\"isPartOf\":{\"@id\":\"https:\\\/\\\/interactiveworldbook.com\\\/sk\\\/#website\"},\"datePublished\":\"2023-02-06T12:15:09+00:00\",\"dateModified\":\"2024-10-31T16:38:27+00:00\",\"breadcrumb\":{\"@id\":\"https:\\\/\\\/interactiveworldbook.com\\\/sk\\\/zasady-ochrany-osobnych-udajov\\\/#breadcrumb\"},\"inLanguage\":\"sk-SK\",\"potentialAction\":[{\"@type\":\"ReadAction\",\"target\":[\"https:\\\/\\\/interactiveworldbook.com\\\/sk\\\/zasady-ochrany-osobnych-udajov\\\/\"]}]},{\"@type\":\"BreadcrumbList\",\"@id\":\"https:\\\/\\\/interactiveworldbook.com\\\/sk\\\/zasady-ochrany-osobnych-udajov\\\/#breadcrumb\",\"itemListElement\":[{\"@type\":\"ListItem\",\"position\":1,\"name\":\"Dom\u016f\",\"item\":\"https:\\\/\\\/interactiveworldbook.com\\\/sk\\\/\"},{\"@type\":\"ListItem\",\"position\":2,\"name\":\"Z\u00e1sady ochrany osobn\u00fdch \u00fadajov\"}]},{\"@type\":\"WebSite\",\"@id\":\"https:\\\/\\\/interactiveworldbook.com\\\/sk\\\/#website\",\"url\":\"https:\\\/\\\/interactiveworldbook.com\\\/sk\\\/\",\"name\":\"Interactive World Book\",\"description\":\"Interactive World Book, kniha, m\u011bsta, zem\u011b, sv\u011btad\u00edly, informace\",\"publisher\":{\"@id\":\"https:\\\/\\\/interactiveworldbook.com\\\/sk\\\/#organization\"},\"potentialAction\":[{\"@type\":\"SearchAction\",\"target\":{\"@type\":\"EntryPoint\",\"urlTemplate\":\"https:\\\/\\\/interactiveworldbook.com\\\/sk\\\/?s={search_term_string}\"},\"query-input\":{\"@type\":\"PropertyValueSpecification\",\"valueRequired\":true,\"valueName\":\"search_term_string\"}}],\"inLanguage\":\"sk-SK\"},{\"@type\":\"Organization\",\"@id\":\"https:\\\/\\\/interactiveworldbook.com\\\/sk\\\/#organization\",\"name\":\"Interactive World Book\",\"url\":\"https:\\\/\\\/interactiveworldbook.com\\\/sk\\\/\",\"logo\":{\"@type\":\"ImageObject\",\"inLanguage\":\"sk-SK\",\"@id\":\"https:\\\/\\\/interactiveworldbook.com\\\/sk\\\/#\\\/schema\\\/logo\\\/image\\\/\",\"url\":\"https:\\\/\\\/interactiveworldbook.com\\\/wp-content\\\/uploads\\\/2024\\\/11\\\/IW_barevna-1.png\",\"contentUrl\":\"https:\\\/\\\/interactiveworldbook.com\\\/wp-content\\\/uploads\\\/2024\\\/11\\\/IW_barevna-1.png\",\"width\":1690,\"height\":583,\"caption\":\"Interactive World Book\"},\"image\":{\"@id\":\"https:\\\/\\\/interactiveworldbook.com\\\/sk\\\/#\\\/schema\\\/logo\\\/image\\\/\"},\"sameAs\":[\"https:\\\/\\\/www.facebook.com\\\/interactiveworldbook\\\/\",\"https:\\\/\\\/www.instagram.com\\\/interactive_world_book\\\/\",\"https:\\\/\\\/www.tiktok.com\\\/@iw_book\"]}]}<\/script>\n<!-- \/ Yoast SEO plugin. -->","yoast_head_json":{"title":"Z\u00e1sady ochrany osobn\u00fdch \u00fadajov | Interactive World Book","robots":{"index":"index","follow":"follow","max-snippet":"max-snippet:-1","max-image-preview":"max-image-preview:large","max-video-preview":"max-video-preview:-1"},"canonical":"https:\/\/interactiveworldbook.com\/sk\/zasady-ochrany-osobnych-udajov\/","og_locale":"sk_SK","og_type":"article","og_title":"Z\u00e1sady ochrany osobn\u00fdch \u00fadajov | Interactive World Book","og_description":"I. Z\u00e1kladn\u00e9 ustanovenia Spr\u00e1vcom osobn\u00fdch \u00fadajov pod\u013ea \u010dl. 4 bod 7 nariadenia Eur\u00f3pskeho parlamentu a Rady (E\u00da) 2016\/679 o ochrane fyzick\u00fdch os\u00f4b v s\u00favislosti so spracovan\u00edm osobn\u00fdch \u00fadajov a o vo\u013enom pohybe t\u00fdchto \u00fadajov (\u010falej len: \u201eGDPR\u201d) je\u00a0IWB s.r.o. I\u010c 09640584 so s\u00eddlom Hudcova 532\/78b, Brno (\u010falej len: \u201espr\u00e1vca\u201c). Kontaktn\u00e9 \u00fadaje spr\u00e1vcu s\u00fa Adresa: Hudcova [&hellip;]","og_url":"https:\/\/interactiveworldbook.com\/sk\/zasady-ochrany-osobnych-udajov\/","og_site_name":"Interactive World Book","article_publisher":"https:\/\/www.facebook.com\/interactiveworldbook\/","article_modified_time":"2024-10-31T16:38:27+00:00","og_image":[{"width":569,"height":694,"url":"https:\/\/interactiveworldbook.com\/wp-content\/uploads\/2024\/08\/CZ_mockup_resize-2.png","type":"image\/png"}],"twitter_card":"summary_large_image","twitter_misc":{"Predpokladan\u00fd \u010das \u010d\u00edtania":"5 min\u00fat"},"schema":{"@context":"https:\/\/schema.org","@graph":[{"@type":"WebPage","@id":"https:\/\/interactiveworldbook.com\/sk\/zasady-ochrany-osobnych-udajov\/","url":"https:\/\/interactiveworldbook.com\/sk\/zasady-ochrany-osobnych-udajov\/","name":"Z\u00e1sady ochrany osobn\u00fdch \u00fadajov | Interactive World Book","isPartOf":{"@id":"https:\/\/interactiveworldbook.com\/sk\/#website"},"datePublished":"2023-02-06T12:15:09+00:00","dateModified":"2024-10-31T16:38:27+00:00","breadcrumb":{"@id":"https:\/\/interactiveworldbook.com\/sk\/zasady-ochrany-osobnych-udajov\/#breadcrumb"},"inLanguage":"sk-SK","potentialAction":[{"@type":"ReadAction","target":["https:\/\/interactiveworldbook.com\/sk\/zasady-ochrany-osobnych-udajov\/"]}]},{"@type":"BreadcrumbList","@id":"https:\/\/interactiveworldbook.com\/sk\/zasady-ochrany-osobnych-udajov\/#breadcrumb","itemListElement":[{"@type":"ListItem","position":1,"name":"Dom\u016f","item":"https:\/\/interactiveworldbook.com\/sk\/"},{"@type":"ListItem","position":2,"name":"Z\u00e1sady ochrany osobn\u00fdch \u00fadajov"}]},{"@type":"WebSite","@id":"https:\/\/interactiveworldbook.com\/sk\/#website","url":"https:\/\/interactiveworldbook.com\/sk\/","name":"Interactive World Book","description":"Interactive World Book, kniha, m\u011bsta, zem\u011b, sv\u011btad\u00edly, informace","publisher":{"@id":"https:\/\/interactiveworldbook.com\/sk\/#organization"},"potentialAction":[{"@type":"SearchAction","target":{"@type":"EntryPoint","urlTemplate":"https:\/\/interactiveworldbook.com\/sk\/?s={search_term_string}"},"query-input":{"@type":"PropertyValueSpecification","valueRequired":true,"valueName":"search_term_string"}}],"inLanguage":"sk-SK"},{"@type":"Organization","@id":"https:\/\/interactiveworldbook.com\/sk\/#organization","name":"Interactive World Book","url":"https:\/\/interactiveworldbook.com\/sk\/","logo":{"@type":"ImageObject","inLanguage":"sk-SK","@id":"https:\/\/interactiveworldbook.com\/sk\/#\/schema\/logo\/image\/","url":"https:\/\/interactiveworldbook.com\/wp-content\/uploads\/2024\/11\/IW_barevna-1.png","contentUrl":"https:\/\/interactiveworldbook.com\/wp-content\/uploads\/2024\/11\/IW_barevna-1.png","width":1690,"height":583,"caption":"Interactive World Book"},"image":{"@id":"https:\/\/interactiveworldbook.com\/sk\/#\/schema\/logo\/image\/"},"sameAs":["https:\/\/www.facebook.com\/interactiveworldbook\/","https:\/\/www.instagram.com\/interactive_world_book\/","https:\/\/www.tiktok.com\/@iw_book"]}]}},"_links":{"self":[{"href":"https:\/\/interactiveworldbook.com\/sk\/wp-json\/wp\/v2\/pages\/5802","targetHints":{"allow":["GET"]}}],"collection":[{"href":"https:\/\/interactiveworldbook.com\/sk\/wp-json\/wp\/v2\/pages"}],"about":[{"href":"https:\/\/interactiveworldbook.com\/sk\/wp-json\/wp\/v2\/types\/page"}],"author":[{"embeddable":true,"href":"https:\/\/interactiveworldbook.com\/sk\/wp-json\/wp\/v2\/users\/1"}],"replies":[{"embeddable":true,"href":"https:\/\/interactiveworldbook.com\/sk\/wp-json\/wp\/v2\/comments?post=5802"}],"version-history":[{"count":6,"href":"https:\/\/interactiveworldbook.com\/sk\/wp-json\/wp\/v2\/pages\/5802\/revisions"}],"predecessor-version":[{"id":23949,"href":"https:\/\/interactiveworldbook.com\/sk\/wp-json\/wp\/v2\/pages\/5802\/revisions\/23949"}],"wp:attachment":[{"href":"https:\/\/interactiveworldbook.com\/sk\/wp-json\/wp\/v2\/media?parent=5802"}],"curies":[{"name":"wp","href":"https:\/\/api.w.org\/{rel}","templated":true}]}}