{"id":5815,"date":"2023-03-07T11:08:49","date_gmt":"2023-03-07T10:08:49","guid":{"rendered":"https:\/\/interactiveworldbook.com\/doprava-a-platba\/"},"modified":"2026-01-21T11:05:56","modified_gmt":"2026-01-21T10:05:56","slug":"doprava-a-platba","status":"publish","type":"page","link":"https:\/\/interactiveworldbook.com\/sk\/doprava-a-platba\/","title":{"rendered":"Doprava a platba"},"content":{"rendered":"<p><strong>Ako prebieha doru\u010denie objedn\u00e1vok?<\/strong><\/p>\n<ul>\n<li>v\u017edy sa sna\u017e\u00edme urobi\u0165 maximum, aby va\u0161e objedn\u00e1vky boli vybaven\u00e9 \u010do najsk\u00f4r<\/li>\n<li>rozvoz objedn\u00e1vok pre n\u00e1s zais\u0165uje prepravca <strong>Z\u00e1silkovna<\/strong><\/li>\n<li>cena dopravy Z\u00e1silkovnou je\u00a0<strong>66 K\u010d (pickup point)<\/strong>,\u00a0<strong>96 K\u010d (kuri\u00e9r domov)<\/strong><\/li>\n<\/ul>\n<p><strong>Platobn\u00e9 podmienky<\/strong><\/p>\n<ul>\n<li>platba vopred \u0161tandardn\u00fdm bankov\u00fdm prevodom na n\u00e1\u0161 \u00fa\u010det \u010d. 2946788002\/5500, IBAN: CZ9455000000002946788002 SWIFT: RZBCCZPP \u2013 Raiffeisen Bank a.s., ako VS pou\u017eite \u010d\u00edslo objedn\u00e1vky<\/li>\n<li>platba kartou cez platobn\u00fa br\u00e1nu GoPay<strong><img loading=\"lazy\" decoding=\"async\" class=\"alignnone size-full wp-image-3491\" src=\"https:\/\/interactiveworldbook.com\/wp-content\/uploads\/2023\/03\/gopay_bannery-barevne.png\" alt=\"\" width=\"100\" height=\"35\" \/><\/strong><\/li>\n<li>platba on-line bankov\u00fdm prevodom<\/li>\n<li>platba dobierkou<\/li>\n<\/ul>\n<p><strong>Mo\u017enosti platenia prostredn\u00edctvom platobnej br\u00e1ny GoPay<\/strong><\/p>\n<p>On-line platby pre n\u00e1s zais\u0165uje\u00a0<strong>Platobn\u00e1 br\u00e1na GoPay<\/strong>. Poskytovate\u013e slu\u017eby, spolo\u010dnos\u0165 GOPAY s.r.o., je licencovan\u00e1 platobn\u00e1 in\u0161tit\u00facia p\u00f4sobiaca pod doh\u013eadom \u010ceskej n\u00e1rodnej banky. Platby prebiehaj\u00face cez platobn\u00fa br\u00e1nu s\u00fa plne zabezpe\u010den\u00e9 a v\u0161etky inform\u00e1cie s\u00fa \u0161ifrovan\u00e9.<\/p>\n<p><strong>Platba kartou<\/strong><\/p>\n<p>Najr\u00fdchlej\u0161\u00ed sp\u00f4sob zaplatenia on-line. Do rozhrania Platobnej br\u00e1ny GoPay uvediete \u010d\u00edslo karty, d\u00e1tum platnosti a CVC k\u00f3d \u2013 tri \u010d\u00edsla, ktor\u00e9 n\u00e1jdete v podpisovom pr\u00fa\u017eku na zadnej strane karty. V\u0161etko je zabezpe\u010den\u00e9 \u0161tandardom 3D Secure, a tak budete najsk\u00f4r po\u017eiadan\u00ed o vlo\u017eenie \u010d\u00edseln\u00e9ho k\u00f3du, ktor\u00fd dostanete SMS-kou od svojej banky.<\/p>\n<p><img loading=\"lazy\" decoding=\"async\" class=\"alignnone size-full wp-image-3490\" src=\"https:\/\/interactiveworldbook.com\/wp-content\/uploads\/2023\/03\/comgate-karetni-loga.png\" alt=\"\" width=\"728\" height=\"90\" srcset=\"https:\/\/interactiveworldbook.com\/wp-content\/uploads\/2023\/03\/comgate-karetni-loga.png 728w, https:\/\/interactiveworldbook.com\/wp-content\/uploads\/2023\/03\/comgate-karetni-loga-300x37.png 300w, https:\/\/interactiveworldbook.com\/wp-content\/uploads\/2023\/03\/comgate-karetni-loga-600x74.png 600w\" sizes=\"auto, (max-width: 728px) 100vw, 728px\" \/><\/p>\n<p><strong>Platba on-line bankov\u00fdm prevodom<\/strong><\/p>\n<p>Okam\u017eit\u00e1 platba prostredn\u00edctvom internetov\u00e9ho bankovn\u00edctva. Platobn\u00e1 br\u00e1na GoPay v\u00e1s presmeruje do v\u00e1\u0161ho internetov\u00e9ho bankovn\u00edctva, kam sa prihl\u00e1site Va\u0161imi prihlasovac\u00edmi \u00fadajmi a tu potvrd\u00edte u\u017e pripraven\u00fd platobn\u00fd pr\u00edkaz.<\/p>\n<p><img loading=\"lazy\" decoding=\"async\" class=\"alignnone size-full wp-image-3489\" src=\"https:\/\/interactiveworldbook.com\/wp-content\/uploads\/2023\/03\/platebni-brana-comgate-banky.png\" alt=\"\" width=\"728\" height=\"311\" srcset=\"https:\/\/interactiveworldbook.com\/wp-content\/uploads\/2023\/03\/platebni-brana-comgate-banky.png 728w, https:\/\/interactiveworldbook.com\/wp-content\/uploads\/2023\/03\/platebni-brana-comgate-banky-300x128.png 300w, https:\/\/interactiveworldbook.com\/wp-content\/uploads\/2023\/03\/platebni-brana-comgate-banky-600x256.png 600w\" sizes=\"auto, (max-width: 728px) 100vw, 728px\" \/><\/p>\n<p>Po dokon\u010den\u00ed platby budete presmerovan\u00ed sp\u00e4\u0165 do obchodu. Platba je potvrden\u00e1 okam\u017eite, tak\u017ee budeme bez odkladu pokra\u010dova\u0165 v realiz\u00e1cii objedn\u00e1vky.<\/p>\n","protected":false},"excerpt":{"rendered":"<p>Ako prebieha doru\u010denie objedn\u00e1vok? v\u017edy sa sna\u017e\u00edme urobi\u0165 maximum, aby va\u0161e objedn\u00e1vky boli vybaven\u00e9 \u010do najsk\u00f4r rozvoz objedn\u00e1vok pre n\u00e1s zais\u0165uje prepravca Z\u00e1silkovna cena dopravy Z\u00e1silkovnou je\u00a066 K\u010d (pickup point),\u00a096 K\u010d (kuri\u00e9r domov) Platobn\u00e9 podmienky platba vopred \u0161tandardn\u00fdm bankov\u00fdm prevodom na n\u00e1\u0161 \u00fa\u010det \u010d. 2946788002\/5500, IBAN: CZ9455000000002946788002 SWIFT: RZBCCZPP \u2013 Raiffeisen Bank a.s., ako VS [&hellip;]<\/p>\n","protected":false},"author":1,"featured_media":0,"parent":0,"menu_order":0,"comment_status":"closed","ping_status":"closed","template":"","meta":{"_acf_changed":false,"inline_featured_image":false,"footnotes":""},"class_list":["post-5815","page","type-page","status-publish","hentry"],"acf":[],"yoast_head":"<!-- This site is optimized with the Yoast SEO plugin v27.4 - https:\/\/yoast.com\/product\/yoast-seo-wordpress\/ -->\n<title>Doprava a platba | Interactive World Book<\/title>\n<meta name=\"robots\" content=\"index, follow, max-snippet:-1, max-image-preview:large, max-video-preview:-1\" \/>\n<link rel=\"canonical\" href=\"https:\/\/interactiveworldbook.com\/sk\/doprava-a-platba\/\" \/>\n<meta property=\"og:locale\" content=\"sk_SK\" \/>\n<meta property=\"og:type\" content=\"article\" \/>\n<meta property=\"og:title\" content=\"Doprava a platba | Interactive World Book\" \/>\n<meta property=\"og:description\" content=\"Ako prebieha doru\u010denie objedn\u00e1vok? v\u017edy sa sna\u017e\u00edme urobi\u0165 maximum, aby va\u0161e objedn\u00e1vky boli vybaven\u00e9 \u010do najsk\u00f4r rozvoz objedn\u00e1vok pre n\u00e1s zais\u0165uje prepravca Z\u00e1silkovna cena dopravy Z\u00e1silkovnou je\u00a066 K\u010d (pickup point),\u00a096 K\u010d (kuri\u00e9r domov) Platobn\u00e9 podmienky platba vopred \u0161tandardn\u00fdm bankov\u00fdm prevodom na n\u00e1\u0161 \u00fa\u010det \u010d. 2946788002\/5500, IBAN: CZ9455000000002946788002 SWIFT: RZBCCZPP \u2013 Raiffeisen Bank a.s., ako VS [&hellip;]\" \/>\n<meta property=\"og:url\" content=\"https:\/\/interactiveworldbook.com\/sk\/doprava-a-platba\/\" \/>\n<meta property=\"og:site_name\" content=\"Interactive World Book\" \/>\n<meta property=\"article:publisher\" content=\"https:\/\/www.facebook.com\/interactiveworldbook\/\" \/>\n<meta property=\"article:modified_time\" content=\"2026-01-21T10:05:56+00:00\" \/>\n<meta property=\"og:image\" content=\"https:\/\/interactiveworldbook.com\/wp-content\/uploads\/2023\/03\/gopay_bannery-barevne.png\" \/>\n<meta name=\"twitter:card\" content=\"summary_large_image\" \/>\n<meta name=\"twitter:label1\" content=\"Predpokladan\u00fd \u010das \u010d\u00edtania\" \/>\n\t<meta name=\"twitter:data1\" content=\"1 min\u00fata\" \/>\n<script type=\"application\/ld+json\" class=\"yoast-schema-graph\">{\"@context\":\"https:\\\/\\\/schema.org\",\"@graph\":[{\"@type\":\"WebPage\",\"@id\":\"https:\\\/\\\/interactiveworldbook.com\\\/sk\\\/doprava-a-platba\\\/\",\"url\":\"https:\\\/\\\/interactiveworldbook.com\\\/sk\\\/doprava-a-platba\\\/\",\"name\":\"Doprava a platba | Interactive World Book\",\"isPartOf\":{\"@id\":\"https:\\\/\\\/interactiveworldbook.com\\\/sk\\\/#website\"},\"primaryImageOfPage\":{\"@id\":\"https:\\\/\\\/interactiveworldbook.com\\\/sk\\\/doprava-a-platba\\\/#primaryimage\"},\"image\":{\"@id\":\"https:\\\/\\\/interactiveworldbook.com\\\/sk\\\/doprava-a-platba\\\/#primaryimage\"},\"thumbnailUrl\":\"https:\\\/\\\/interactiveworldbook.com\\\/wp-content\\\/uploads\\\/2023\\\/03\\\/gopay_bannery-barevne.png\",\"datePublished\":\"2023-03-07T10:08:49+00:00\",\"dateModified\":\"2026-01-21T10:05:56+00:00\",\"breadcrumb\":{\"@id\":\"https:\\\/\\\/interactiveworldbook.com\\\/sk\\\/doprava-a-platba\\\/#breadcrumb\"},\"inLanguage\":\"sk-SK\",\"potentialAction\":[{\"@type\":\"ReadAction\",\"target\":[\"https:\\\/\\\/interactiveworldbook.com\\\/sk\\\/doprava-a-platba\\\/\"]}]},{\"@type\":\"ImageObject\",\"inLanguage\":\"sk-SK\",\"@id\":\"https:\\\/\\\/interactiveworldbook.com\\\/sk\\\/doprava-a-platba\\\/#primaryimage\",\"url\":\"https:\\\/\\\/interactiveworldbook.com\\\/wp-content\\\/uploads\\\/2023\\\/03\\\/gopay_bannery-barevne.png\",\"contentUrl\":\"https:\\\/\\\/interactiveworldbook.com\\\/wp-content\\\/uploads\\\/2023\\\/03\\\/gopay_bannery-barevne.png\"},{\"@type\":\"BreadcrumbList\",\"@id\":\"https:\\\/\\\/interactiveworldbook.com\\\/sk\\\/doprava-a-platba\\\/#breadcrumb\",\"itemListElement\":[{\"@type\":\"ListItem\",\"position\":1,\"name\":\"Dom\u016f\",\"item\":\"https:\\\/\\\/interactiveworldbook.com\\\/sk\\\/\"},{\"@type\":\"ListItem\",\"position\":2,\"name\":\"Doprava a platba\"}]},{\"@type\":\"WebSite\",\"@id\":\"https:\\\/\\\/interactiveworldbook.com\\\/sk\\\/#website\",\"url\":\"https:\\\/\\\/interactiveworldbook.com\\\/sk\\\/\",\"name\":\"Interactive World Book\",\"description\":\"Interactive World Book, kniha, m\u011bsta, zem\u011b, sv\u011btad\u00edly, informace\",\"publisher\":{\"@id\":\"https:\\\/\\\/interactiveworldbook.com\\\/sk\\\/#organization\"},\"potentialAction\":[{\"@type\":\"SearchAction\",\"target\":{\"@type\":\"EntryPoint\",\"urlTemplate\":\"https:\\\/\\\/interactiveworldbook.com\\\/sk\\\/?s={search_term_string}\"},\"query-input\":{\"@type\":\"PropertyValueSpecification\",\"valueRequired\":true,\"valueName\":\"search_term_string\"}}],\"inLanguage\":\"sk-SK\"},{\"@type\":\"Organization\",\"@id\":\"https:\\\/\\\/interactiveworldbook.com\\\/sk\\\/#organization\",\"name\":\"Interactive World Book\",\"url\":\"https:\\\/\\\/interactiveworldbook.com\\\/sk\\\/\",\"logo\":{\"@type\":\"ImageObject\",\"inLanguage\":\"sk-SK\",\"@id\":\"https:\\\/\\\/interactiveworldbook.com\\\/sk\\\/#\\\/schema\\\/logo\\\/image\\\/\",\"url\":\"https:\\\/\\\/interactiveworldbook.com\\\/wp-content\\\/uploads\\\/2024\\\/11\\\/IW_barevna-1.png\",\"contentUrl\":\"https:\\\/\\\/interactiveworldbook.com\\\/wp-content\\\/uploads\\\/2024\\\/11\\\/IW_barevna-1.png\",\"width\":1690,\"height\":583,\"caption\":\"Interactive World Book\"},\"image\":{\"@id\":\"https:\\\/\\\/interactiveworldbook.com\\\/sk\\\/#\\\/schema\\\/logo\\\/image\\\/\"},\"sameAs\":[\"https:\\\/\\\/www.facebook.com\\\/interactiveworldbook\\\/\",\"https:\\\/\\\/www.instagram.com\\\/interactive_world_book\\\/\",\"https:\\\/\\\/www.tiktok.com\\\/@iw_book\"]}]}<\/script>\n<!-- \/ Yoast SEO plugin. -->","yoast_head_json":{"title":"Doprava a platba | Interactive World Book","robots":{"index":"index","follow":"follow","max-snippet":"max-snippet:-1","max-image-preview":"max-image-preview:large","max-video-preview":"max-video-preview:-1"},"canonical":"https:\/\/interactiveworldbook.com\/sk\/doprava-a-platba\/","og_locale":"sk_SK","og_type":"article","og_title":"Doprava a platba | Interactive World Book","og_description":"Ako prebieha doru\u010denie objedn\u00e1vok? v\u017edy sa sna\u017e\u00edme urobi\u0165 maximum, aby va\u0161e objedn\u00e1vky boli vybaven\u00e9 \u010do najsk\u00f4r rozvoz objedn\u00e1vok pre n\u00e1s zais\u0165uje prepravca Z\u00e1silkovna cena dopravy Z\u00e1silkovnou je\u00a066 K\u010d (pickup point),\u00a096 K\u010d (kuri\u00e9r domov) Platobn\u00e9 podmienky platba vopred \u0161tandardn\u00fdm bankov\u00fdm prevodom na n\u00e1\u0161 \u00fa\u010det \u010d. 2946788002\/5500, IBAN: CZ9455000000002946788002 SWIFT: RZBCCZPP \u2013 Raiffeisen Bank a.s., ako VS [&hellip;]","og_url":"https:\/\/interactiveworldbook.com\/sk\/doprava-a-platba\/","og_site_name":"Interactive World Book","article_publisher":"https:\/\/www.facebook.com\/interactiveworldbook\/","article_modified_time":"2026-01-21T10:05:56+00:00","og_image":[{"url":"https:\/\/interactiveworldbook.com\/wp-content\/uploads\/2023\/03\/gopay_bannery-barevne.png","type":"","width":"","height":""}],"twitter_card":"summary_large_image","twitter_misc":{"Predpokladan\u00fd \u010das \u010d\u00edtania":"1 min\u00fata"},"schema":{"@context":"https:\/\/schema.org","@graph":[{"@type":"WebPage","@id":"https:\/\/interactiveworldbook.com\/sk\/doprava-a-platba\/","url":"https:\/\/interactiveworldbook.com\/sk\/doprava-a-platba\/","name":"Doprava a platba | Interactive World Book","isPartOf":{"@id":"https:\/\/interactiveworldbook.com\/sk\/#website"},"primaryImageOfPage":{"@id":"https:\/\/interactiveworldbook.com\/sk\/doprava-a-platba\/#primaryimage"},"image":{"@id":"https:\/\/interactiveworldbook.com\/sk\/doprava-a-platba\/#primaryimage"},"thumbnailUrl":"https:\/\/interactiveworldbook.com\/wp-content\/uploads\/2023\/03\/gopay_bannery-barevne.png","datePublished":"2023-03-07T10:08:49+00:00","dateModified":"2026-01-21T10:05:56+00:00","breadcrumb":{"@id":"https:\/\/interactiveworldbook.com\/sk\/doprava-a-platba\/#breadcrumb"},"inLanguage":"sk-SK","potentialAction":[{"@type":"ReadAction","target":["https:\/\/interactiveworldbook.com\/sk\/doprava-a-platba\/"]}]},{"@type":"ImageObject","inLanguage":"sk-SK","@id":"https:\/\/interactiveworldbook.com\/sk\/doprava-a-platba\/#primaryimage","url":"https:\/\/interactiveworldbook.com\/wp-content\/uploads\/2023\/03\/gopay_bannery-barevne.png","contentUrl":"https:\/\/interactiveworldbook.com\/wp-content\/uploads\/2023\/03\/gopay_bannery-barevne.png"},{"@type":"BreadcrumbList","@id":"https:\/\/interactiveworldbook.com\/sk\/doprava-a-platba\/#breadcrumb","itemListElement":[{"@type":"ListItem","position":1,"name":"Dom\u016f","item":"https:\/\/interactiveworldbook.com\/sk\/"},{"@type":"ListItem","position":2,"name":"Doprava a platba"}]},{"@type":"WebSite","@id":"https:\/\/interactiveworldbook.com\/sk\/#website","url":"https:\/\/interactiveworldbook.com\/sk\/","name":"Interactive World Book","description":"Interactive World Book, kniha, m\u011bsta, zem\u011b, sv\u011btad\u00edly, informace","publisher":{"@id":"https:\/\/interactiveworldbook.com\/sk\/#organization"},"potentialAction":[{"@type":"SearchAction","target":{"@type":"EntryPoint","urlTemplate":"https:\/\/interactiveworldbook.com\/sk\/?s={search_term_string}"},"query-input":{"@type":"PropertyValueSpecification","valueRequired":true,"valueName":"search_term_string"}}],"inLanguage":"sk-SK"},{"@type":"Organization","@id":"https:\/\/interactiveworldbook.com\/sk\/#organization","name":"Interactive World Book","url":"https:\/\/interactiveworldbook.com\/sk\/","logo":{"@type":"ImageObject","inLanguage":"sk-SK","@id":"https:\/\/interactiveworldbook.com\/sk\/#\/schema\/logo\/image\/","url":"https:\/\/interactiveworldbook.com\/wp-content\/uploads\/2024\/11\/IW_barevna-1.png","contentUrl":"https:\/\/interactiveworldbook.com\/wp-content\/uploads\/2024\/11\/IW_barevna-1.png","width":1690,"height":583,"caption":"Interactive World Book"},"image":{"@id":"https:\/\/interactiveworldbook.com\/sk\/#\/schema\/logo\/image\/"},"sameAs":["https:\/\/www.facebook.com\/interactiveworldbook\/","https:\/\/www.instagram.com\/interactive_world_book\/","https:\/\/www.tiktok.com\/@iw_book"]}]}},"_links":{"self":[{"href":"https:\/\/interactiveworldbook.com\/sk\/wp-json\/wp\/v2\/pages\/5815","targetHints":{"allow":["GET"]}}],"collection":[{"href":"https:\/\/interactiveworldbook.com\/sk\/wp-json\/wp\/v2\/pages"}],"about":[{"href":"https:\/\/interactiveworldbook.com\/sk\/wp-json\/wp\/v2\/types\/page"}],"author":[{"embeddable":true,"href":"https:\/\/interactiveworldbook.com\/sk\/wp-json\/wp\/v2\/users\/1"}],"replies":[{"embeddable":true,"href":"https:\/\/interactiveworldbook.com\/sk\/wp-json\/wp\/v2\/comments?post=5815"}],"version-history":[{"count":4,"href":"https:\/\/interactiveworldbook.com\/sk\/wp-json\/wp\/v2\/pages\/5815\/revisions"}],"predecessor-version":[{"id":28089,"href":"https:\/\/interactiveworldbook.com\/sk\/wp-json\/wp\/v2\/pages\/5815\/revisions\/28089"}],"wp:attachment":[{"href":"https:\/\/interactiveworldbook.com\/sk\/wp-json\/wp\/v2\/media?parent=5815"}],"curies":[{"name":"wp","href":"https:\/\/api.w.org\/{rel}","templated":true}]}}