{"id":5846,"date":"2023-03-02T18:00:12","date_gmt":"2023-03-02T17:00:12","guid":{"rendered":"https:\/\/interactiveworldbook.com\/premium-sekce\/"},"modified":"2024-12-30T14:26:27","modified_gmt":"2024-12-30T13:26:27","slug":"premiova-sekcia","status":"publish","type":"page","link":"https:\/\/interactiveworldbook.com\/sk\/premiova-sekcia\/","title":{"rendered":"Pr\u00e9miov\u00e1 sekcia"},"content":{"rendered":"<p><a href=\"\/sk\/\/produkt\/kniha-interaktivny-svet\/\"><img loading=\"lazy\" decoding=\"async\" class=\"wp-image-3444 size-full aligncenter\" src=\"https:\/\/interactiveworldbook.com\/wp-content\/uploads\/2023\/03\/zobrazit-sk.png\" alt=\"tla\u010didlo pre zobrazenie detailu produktu\" width=\"202\" height=\"55\" \/><\/a><\/p>\n<h2 style=\"text-align: center;\">Pre zobrazenie pr\u00e9miov\u00e9ho obsahu<br \/>\nje potrebn\u00e9 zak\u00fapi\u0165 knihu.<\/h2>\n<p style=\"text-align: center;\">\n<p style=\"text-align: center;\">V knihe n\u00e1jdete pre ka\u017ed\u00fa krajinu 3 QR k\u00f3dy.<\/p>\n<p style=\"text-align: center;\">Pr\u00edslu\u0161n\u00e9 QR k\u00f3dy zobraz\u00ed podrobn\u00fd popis \/ hymnu \/ vlajku a znak danej krajiny.<\/p>\n<p style=\"text-align: center;\">Po na\u010d\u00edtan\u00ed QR k\u00f3du sa otvor\u00ed strana s pr\u00e9miov\u00fdm obsahom.<\/p>\n<p style=\"text-align: center;\">\n<p><a href=\"?add-to-cart=24186\"><img loading=\"lazy\" decoding=\"async\" class=\"wp-image-3445 size-full aligncenter\" src=\"https:\/\/interactiveworldbook.com\/wp-content\/uploads\/2023\/03\/pridat-kosik-sk.png\" alt=\"tla\u010didlo pre pridanie knihy do ko\u0161\u00edka\" width=\"202\" height=\"55\" \/><\/a><\/p>\n","protected":false},"excerpt":{"rendered":"<p>Pre zobrazenie pr\u00e9miov\u00e9ho obsahu je potrebn\u00e9 zak\u00fapi\u0165 knihu. V knihe n\u00e1jdete pre ka\u017ed\u00fa krajinu 3 QR k\u00f3dy. Pr\u00edslu\u0161n\u00e9 QR k\u00f3dy zobraz\u00ed podrobn\u00fd popis \/ hymnu \/ vlajku a znak danej krajiny. Po na\u010d\u00edtan\u00ed QR k\u00f3du sa otvor\u00ed strana s pr\u00e9miov\u00fdm obsahom.<\/p>\n","protected":false},"author":1,"featured_media":0,"parent":0,"menu_order":0,"comment_status":"closed","ping_status":"closed","template":"","meta":{"_acf_changed":false,"inline_featured_image":false,"footnotes":""},"class_list":["post-5846","page","type-page","status-publish","hentry"],"acf":[],"yoast_head":"<!-- This site is optimized with the Yoast SEO plugin v27.4 - https:\/\/yoast.com\/product\/yoast-seo-wordpress\/ -->\n<title>Pr\u00e9miov\u00e1 sekcia | Interactive World Book<\/title>\n<meta name=\"robots\" content=\"index, follow, max-snippet:-1, max-image-preview:large, max-video-preview:-1\" \/>\n<link rel=\"canonical\" href=\"https:\/\/interactiveworldbook.com\/sk\/premiova-sekcia\/\" \/>\n<meta property=\"og:locale\" content=\"sk_SK\" \/>\n<meta property=\"og:type\" content=\"article\" \/>\n<meta property=\"og:title\" content=\"Pr\u00e9miov\u00e1 sekcia | Interactive World Book\" \/>\n<meta property=\"og:description\" content=\"Pre zobrazenie pr\u00e9miov\u00e9ho obsahu je potrebn\u00e9 zak\u00fapi\u0165 knihu. V knihe n\u00e1jdete pre ka\u017ed\u00fa krajinu 3 QR k\u00f3dy. Pr\u00edslu\u0161n\u00e9 QR k\u00f3dy zobraz\u00ed podrobn\u00fd popis \/ hymnu \/ vlajku a znak danej krajiny. Po na\u010d\u00edtan\u00ed QR k\u00f3du sa otvor\u00ed strana s pr\u00e9miov\u00fdm obsahom.\" \/>\n<meta property=\"og:url\" content=\"https:\/\/interactiveworldbook.com\/sk\/premiova-sekcia\/\" \/>\n<meta property=\"og:site_name\" content=\"Interactive World Book\" \/>\n<meta property=\"article:publisher\" content=\"https:\/\/www.facebook.com\/interactiveworldbook\/\" \/>\n<meta property=\"article:modified_time\" content=\"2024-12-30T13:26:27+00:00\" \/>\n<meta property=\"og:image\" content=\"https:\/\/interactiveworldbook.com\/wp-content\/uploads\/2023\/03\/zobrazit.png\" \/>\n\t<meta property=\"og:image:width\" content=\"202\" \/>\n\t<meta property=\"og:image:height\" content=\"55\" \/>\n\t<meta property=\"og:image:type\" content=\"image\/png\" \/>\n<meta name=\"twitter:card\" content=\"summary_large_image\" \/>\n<script type=\"application\/ld+json\" class=\"yoast-schema-graph\">{\"@context\":\"https:\\\/\\\/schema.org\",\"@graph\":[{\"@type\":\"WebPage\",\"@id\":\"https:\\\/\\\/interactiveworldbook.com\\\/sk\\\/premiova-sekcia\\\/\",\"url\":\"https:\\\/\\\/interactiveworldbook.com\\\/sk\\\/premiova-sekcia\\\/\",\"name\":\"Pr\u00e9miov\u00e1 sekcia | Interactive World Book\",\"isPartOf\":{\"@id\":\"https:\\\/\\\/interactiveworldbook.com\\\/sk\\\/#website\"},\"primaryImageOfPage\":{\"@id\":\"https:\\\/\\\/interactiveworldbook.com\\\/sk\\\/premiova-sekcia\\\/#primaryimage\"},\"image\":{\"@id\":\"https:\\\/\\\/interactiveworldbook.com\\\/sk\\\/premiova-sekcia\\\/#primaryimage\"},\"thumbnailUrl\":\"https:\\\/\\\/interactiveworldbook.com\\\/wp-content\\\/uploads\\\/2023\\\/03\\\/zobrazit-sk.png\",\"datePublished\":\"2023-03-02T17:00:12+00:00\",\"dateModified\":\"2024-12-30T13:26:27+00:00\",\"breadcrumb\":{\"@id\":\"https:\\\/\\\/interactiveworldbook.com\\\/sk\\\/premiova-sekcia\\\/#breadcrumb\"},\"inLanguage\":\"sk-SK\",\"potentialAction\":[{\"@type\":\"ReadAction\",\"target\":[\"https:\\\/\\\/interactiveworldbook.com\\\/sk\\\/premiova-sekcia\\\/\"]}]},{\"@type\":\"ImageObject\",\"inLanguage\":\"sk-SK\",\"@id\":\"https:\\\/\\\/interactiveworldbook.com\\\/sk\\\/premiova-sekcia\\\/#primaryimage\",\"url\":\"https:\\\/\\\/interactiveworldbook.com\\\/wp-content\\\/uploads\\\/2023\\\/03\\\/zobrazit-sk.png\",\"contentUrl\":\"https:\\\/\\\/interactiveworldbook.com\\\/wp-content\\\/uploads\\\/2023\\\/03\\\/zobrazit-sk.png\"},{\"@type\":\"BreadcrumbList\",\"@id\":\"https:\\\/\\\/interactiveworldbook.com\\\/sk\\\/premiova-sekcia\\\/#breadcrumb\",\"itemListElement\":[{\"@type\":\"ListItem\",\"position\":1,\"name\":\"Dom\u016f\",\"item\":\"https:\\\/\\\/interactiveworldbook.com\\\/sk\\\/\"},{\"@type\":\"ListItem\",\"position\":2,\"name\":\"Pr\u00e9miov\u00e1 sekcia\"}]},{\"@type\":\"WebSite\",\"@id\":\"https:\\\/\\\/interactiveworldbook.com\\\/sk\\\/#website\",\"url\":\"https:\\\/\\\/interactiveworldbook.com\\\/sk\\\/\",\"name\":\"Interactive World Book\",\"description\":\"Interactive World Book, kniha, m\u011bsta, zem\u011b, sv\u011btad\u00edly, informace\",\"publisher\":{\"@id\":\"https:\\\/\\\/interactiveworldbook.com\\\/sk\\\/#organization\"},\"potentialAction\":[{\"@type\":\"SearchAction\",\"target\":{\"@type\":\"EntryPoint\",\"urlTemplate\":\"https:\\\/\\\/interactiveworldbook.com\\\/sk\\\/?s={search_term_string}\"},\"query-input\":{\"@type\":\"PropertyValueSpecification\",\"valueRequired\":true,\"valueName\":\"search_term_string\"}}],\"inLanguage\":\"sk-SK\"},{\"@type\":\"Organization\",\"@id\":\"https:\\\/\\\/interactiveworldbook.com\\\/sk\\\/#organization\",\"name\":\"Interactive World Book\",\"url\":\"https:\\\/\\\/interactiveworldbook.com\\\/sk\\\/\",\"logo\":{\"@type\":\"ImageObject\",\"inLanguage\":\"sk-SK\",\"@id\":\"https:\\\/\\\/interactiveworldbook.com\\\/sk\\\/#\\\/schema\\\/logo\\\/image\\\/\",\"url\":\"https:\\\/\\\/interactiveworldbook.com\\\/wp-content\\\/uploads\\\/2024\\\/11\\\/IW_barevna-1.png\",\"contentUrl\":\"https:\\\/\\\/interactiveworldbook.com\\\/wp-content\\\/uploads\\\/2024\\\/11\\\/IW_barevna-1.png\",\"width\":1690,\"height\":583,\"caption\":\"Interactive World Book\"},\"image\":{\"@id\":\"https:\\\/\\\/interactiveworldbook.com\\\/sk\\\/#\\\/schema\\\/logo\\\/image\\\/\"},\"sameAs\":[\"https:\\\/\\\/www.facebook.com\\\/interactiveworldbook\\\/\",\"https:\\\/\\\/www.instagram.com\\\/interactive_world_book\\\/\",\"https:\\\/\\\/www.tiktok.com\\\/@iw_book\"]}]}<\/script>\n<!-- \/ Yoast SEO plugin. -->","yoast_head_json":{"title":"Pr\u00e9miov\u00e1 sekcia | Interactive World Book","robots":{"index":"index","follow":"follow","max-snippet":"max-snippet:-1","max-image-preview":"max-image-preview:large","max-video-preview":"max-video-preview:-1"},"canonical":"https:\/\/interactiveworldbook.com\/sk\/premiova-sekcia\/","og_locale":"sk_SK","og_type":"article","og_title":"Pr\u00e9miov\u00e1 sekcia | Interactive World Book","og_description":"Pre zobrazenie pr\u00e9miov\u00e9ho obsahu je potrebn\u00e9 zak\u00fapi\u0165 knihu. V knihe n\u00e1jdete pre ka\u017ed\u00fa krajinu 3 QR k\u00f3dy. Pr\u00edslu\u0161n\u00e9 QR k\u00f3dy zobraz\u00ed podrobn\u00fd popis \/ hymnu \/ vlajku a znak danej krajiny. Po na\u010d\u00edtan\u00ed QR k\u00f3du sa otvor\u00ed strana s pr\u00e9miov\u00fdm obsahom.","og_url":"https:\/\/interactiveworldbook.com\/sk\/premiova-sekcia\/","og_site_name":"Interactive World Book","article_publisher":"https:\/\/www.facebook.com\/interactiveworldbook\/","article_modified_time":"2024-12-30T13:26:27+00:00","og_image":[{"width":202,"height":55,"url":"https:\/\/interactiveworldbook.com\/wp-content\/uploads\/2023\/03\/zobrazit.png","type":"image\/png"}],"twitter_card":"summary_large_image","schema":{"@context":"https:\/\/schema.org","@graph":[{"@type":"WebPage","@id":"https:\/\/interactiveworldbook.com\/sk\/premiova-sekcia\/","url":"https:\/\/interactiveworldbook.com\/sk\/premiova-sekcia\/","name":"Pr\u00e9miov\u00e1 sekcia | Interactive World Book","isPartOf":{"@id":"https:\/\/interactiveworldbook.com\/sk\/#website"},"primaryImageOfPage":{"@id":"https:\/\/interactiveworldbook.com\/sk\/premiova-sekcia\/#primaryimage"},"image":{"@id":"https:\/\/interactiveworldbook.com\/sk\/premiova-sekcia\/#primaryimage"},"thumbnailUrl":"https:\/\/interactiveworldbook.com\/wp-content\/uploads\/2023\/03\/zobrazit-sk.png","datePublished":"2023-03-02T17:00:12+00:00","dateModified":"2024-12-30T13:26:27+00:00","breadcrumb":{"@id":"https:\/\/interactiveworldbook.com\/sk\/premiova-sekcia\/#breadcrumb"},"inLanguage":"sk-SK","potentialAction":[{"@type":"ReadAction","target":["https:\/\/interactiveworldbook.com\/sk\/premiova-sekcia\/"]}]},{"@type":"ImageObject","inLanguage":"sk-SK","@id":"https:\/\/interactiveworldbook.com\/sk\/premiova-sekcia\/#primaryimage","url":"https:\/\/interactiveworldbook.com\/wp-content\/uploads\/2023\/03\/zobrazit-sk.png","contentUrl":"https:\/\/interactiveworldbook.com\/wp-content\/uploads\/2023\/03\/zobrazit-sk.png"},{"@type":"BreadcrumbList","@id":"https:\/\/interactiveworldbook.com\/sk\/premiova-sekcia\/#breadcrumb","itemListElement":[{"@type":"ListItem","position":1,"name":"Dom\u016f","item":"https:\/\/interactiveworldbook.com\/sk\/"},{"@type":"ListItem","position":2,"name":"Pr\u00e9miov\u00e1 sekcia"}]},{"@type":"WebSite","@id":"https:\/\/interactiveworldbook.com\/sk\/#website","url":"https:\/\/interactiveworldbook.com\/sk\/","name":"Interactive World Book","description":"Interactive World Book, kniha, m\u011bsta, zem\u011b, sv\u011btad\u00edly, informace","publisher":{"@id":"https:\/\/interactiveworldbook.com\/sk\/#organization"},"potentialAction":[{"@type":"SearchAction","target":{"@type":"EntryPoint","urlTemplate":"https:\/\/interactiveworldbook.com\/sk\/?s={search_term_string}"},"query-input":{"@type":"PropertyValueSpecification","valueRequired":true,"valueName":"search_term_string"}}],"inLanguage":"sk-SK"},{"@type":"Organization","@id":"https:\/\/interactiveworldbook.com\/sk\/#organization","name":"Interactive World Book","url":"https:\/\/interactiveworldbook.com\/sk\/","logo":{"@type":"ImageObject","inLanguage":"sk-SK","@id":"https:\/\/interactiveworldbook.com\/sk\/#\/schema\/logo\/image\/","url":"https:\/\/interactiveworldbook.com\/wp-content\/uploads\/2024\/11\/IW_barevna-1.png","contentUrl":"https:\/\/interactiveworldbook.com\/wp-content\/uploads\/2024\/11\/IW_barevna-1.png","width":1690,"height":583,"caption":"Interactive World Book"},"image":{"@id":"https:\/\/interactiveworldbook.com\/sk\/#\/schema\/logo\/image\/"},"sameAs":["https:\/\/www.facebook.com\/interactiveworldbook\/","https:\/\/www.instagram.com\/interactive_world_book\/","https:\/\/www.tiktok.com\/@iw_book"]}]}},"_links":{"self":[{"href":"https:\/\/interactiveworldbook.com\/sk\/wp-json\/wp\/v2\/pages\/5846","targetHints":{"allow":["GET"]}}],"collection":[{"href":"https:\/\/interactiveworldbook.com\/sk\/wp-json\/wp\/v2\/pages"}],"about":[{"href":"https:\/\/interactiveworldbook.com\/sk\/wp-json\/wp\/v2\/types\/page"}],"author":[{"embeddable":true,"href":"https:\/\/interactiveworldbook.com\/sk\/wp-json\/wp\/v2\/users\/1"}],"replies":[{"embeddable":true,"href":"https:\/\/interactiveworldbook.com\/sk\/wp-json\/wp\/v2\/comments?post=5846"}],"version-history":[{"count":8,"href":"https:\/\/interactiveworldbook.com\/sk\/wp-json\/wp\/v2\/pages\/5846\/revisions"}],"predecessor-version":[{"id":26714,"href":"https:\/\/interactiveworldbook.com\/sk\/wp-json\/wp\/v2\/pages\/5846\/revisions\/26714"}],"wp:attachment":[{"href":"https:\/\/interactiveworldbook.com\/sk\/wp-json\/wp\/v2\/media?parent=5846"}],"curies":[{"name":"wp","href":"https:\/\/api.w.org\/{rel}","templated":true}]}}