{"id":24186,"date":"2024-11-14T14:19:53","date_gmt":"2024-11-14T13:19:53","guid":{"rendered":"https:\/\/interactiveworldbook.com\/?post_type=product&#038;p=24186"},"modified":"2026-01-21T11:22:56","modified_gmt":"2026-01-21T10:22:56","slug":"kniha-interaktivny-svet","status":"publish","type":"product","link":"https:\/\/interactiveworldbook.com\/sk\/produkt\/kniha-interaktivny-svet\/","title":{"rendered":"Kniha Interakt\u00edvny SVET"},"content":{"rendered":"<p>Exkluz\u00edvna obr\u00e1zkov\u00e1 kniha \u201eInterakt\u00edvny SVET\u201c v\u00e1s obozn\u00e1mi so v\u0161etk\u00fdmi \u0161t\u00e1tmi sveta jedine\u010dn\u00fdm sp\u00f4sobom. Z\u00e1bavnou formou v\u00e1s prevedie v\u0161etk\u00fdmi svetadielmi a v\u010faka pr\u00e9miov\u00e9mu obsahu v\u00e1s nenech\u00e1 ani na chv\u00ed\u013eu prepadn\u00fa\u0165 nude.<\/p>\n","protected":false},"excerpt":{"rendered":"<p>Exkluz\u00edvna obr\u00e1zkov\u00e1 kniha \u201eInterakt\u00edvny SVET\u201c v\u00e1s obozn\u00e1mi so v\u0161etk\u00fdmi \u0161t\u00e1tmi sveta jedine\u010dn\u00fdm sp\u00f4sobom. Z\u00e1bavnou formou v\u00e1s prevedie v\u0161etk\u00fdmi svetadielmi a v\u010faka pr\u00e9miov\u00e9mu obsahu v\u00e1s nenech\u00e1 ani na chv\u00ed\u013eu prepadn\u00fa\u0165 nude.<\/p>\n","protected":false},"featured_media":20460,"comment_status":"open","ping_status":"closed","template":"","meta":{"_acf_changed":false,"inline_featured_image":false},"product_brand":[],"product_cat":[32],"product_tag":[],"class_list":{"0":"post-24186","1":"product","2":"type-product","3":"status-publish","4":"has-post-thumbnail","6":"product_cat-nezarazene-sk","8":"first","9":"instock","10":"sale","11":"taxable","12":"shipping-taxable","13":"purchasable","14":"product-type-variable"},"acf":[],"yoast_head":"<!-- This site is optimized with the Yoast SEO plugin v27.4 - https:\/\/yoast.com\/product\/yoast-seo-wordpress\/ -->\n<title>Kniha Interakt\u00edvny SVET | Interactive World Book<\/title>\n<meta name=\"robots\" content=\"index, follow, max-snippet:-1, max-image-preview:large, max-video-preview:-1\" \/>\n<link rel=\"canonical\" href=\"https:\/\/interactiveworldbook.com\/sk\/produkt\/kniha-interaktivny-svet\/\" \/>\n<meta property=\"og:locale\" content=\"sk_SK\" \/>\n<meta property=\"og:type\" content=\"article\" \/>\n<meta property=\"og:title\" content=\"Kniha Interakt\u00edvny SVET | Interactive World Book\" \/>\n<meta property=\"og:description\" content=\"Exkluz\u00edvna obr\u00e1zkov\u00e1 kniha \u201eInterakt\u00edvny SVET\u201c v\u00e1s obozn\u00e1mi so v\u0161etk\u00fdmi \u0161t\u00e1tmi sveta jedine\u010dn\u00fdm sp\u00f4sobom. Z\u00e1bavnou formou v\u00e1s prevedie v\u0161etk\u00fdmi svetadielmi a v\u010faka pr\u00e9miov\u00e9mu obsahu v\u00e1s nenech\u00e1 ani na chv\u00ed\u013eu prepadn\u00fa\u0165 nude.\" \/>\n<meta property=\"og:url\" content=\"https:\/\/interactiveworldbook.com\/sk\/produkt\/kniha-interaktivny-svet\/\" \/>\n<meta property=\"og:site_name\" content=\"Interactive World Book\" \/>\n<meta property=\"article:publisher\" content=\"https:\/\/www.facebook.com\/interactiveworldbook\/\" \/>\n<meta property=\"article:modified_time\" content=\"2026-01-21T10:22:56+00:00\" \/>\n<meta property=\"og:image\" content=\"https:\/\/interactiveworldbook.com\/wp-content\/uploads\/2024\/08\/sk_mockup_resize-1.png\" \/>\n\t<meta property=\"og:image:width\" content=\"569\" \/>\n\t<meta property=\"og:image:height\" content=\"694\" \/>\n\t<meta property=\"og:image:type\" content=\"image\/png\" \/>\n<meta name=\"twitter:card\" content=\"summary_large_image\" \/>\n<script type=\"application\/ld+json\" class=\"yoast-schema-graph\">{\"@context\":\"https:\\\/\\\/schema.org\",\"@graph\":[{\"@type\":\"WebPage\",\"@id\":\"https:\\\/\\\/interactiveworldbook.com\\\/sk\\\/produkt\\\/kniha-interaktivny-svet\\\/\",\"url\":\"https:\\\/\\\/interactiveworldbook.com\\\/sk\\\/produkt\\\/kniha-interaktivny-svet\\\/\",\"name\":\"Kniha Interakt\u00edvny SVET | Interactive World Book\",\"isPartOf\":{\"@id\":\"https:\\\/\\\/interactiveworldbook.com\\\/sk\\\/#website\"},\"primaryImageOfPage\":{\"@id\":\"https:\\\/\\\/interactiveworldbook.com\\\/sk\\\/produkt\\\/kniha-interaktivny-svet\\\/#primaryimage\"},\"image\":{\"@id\":\"https:\\\/\\\/interactiveworldbook.com\\\/sk\\\/produkt\\\/kniha-interaktivny-svet\\\/#primaryimage\"},\"thumbnailUrl\":\"https:\\\/\\\/interactiveworldbook.com\\\/wp-content\\\/uploads\\\/2024\\\/08\\\/sk_mockup_resize-1.png\",\"datePublished\":\"2024-11-14T13:19:53+00:00\",\"dateModified\":\"2026-01-21T10:22:56+00:00\",\"breadcrumb\":{\"@id\":\"https:\\\/\\\/interactiveworldbook.com\\\/sk\\\/produkt\\\/kniha-interaktivny-svet\\\/#breadcrumb\"},\"inLanguage\":\"sk-SK\",\"potentialAction\":[{\"@type\":\"ReadAction\",\"target\":[\"https:\\\/\\\/interactiveworldbook.com\\\/sk\\\/produkt\\\/kniha-interaktivny-svet\\\/\"]}]},{\"@type\":\"ImageObject\",\"inLanguage\":\"sk-SK\",\"@id\":\"https:\\\/\\\/interactiveworldbook.com\\\/sk\\\/produkt\\\/kniha-interaktivny-svet\\\/#primaryimage\",\"url\":\"https:\\\/\\\/interactiveworldbook.com\\\/wp-content\\\/uploads\\\/2024\\\/08\\\/sk_mockup_resize-1.png\",\"contentUrl\":\"https:\\\/\\\/interactiveworldbook.com\\\/wp-content\\\/uploads\\\/2024\\\/08\\\/sk_mockup_resize-1.png\",\"width\":569,\"height\":694},{\"@type\":\"BreadcrumbList\",\"@id\":\"https:\\\/\\\/interactiveworldbook.com\\\/sk\\\/produkt\\\/kniha-interaktivny-svet\\\/#breadcrumb\",\"itemListElement\":[{\"@type\":\"ListItem\",\"position\":1,\"name\":\"Dom\u016f\",\"item\":\"https:\\\/\\\/interactiveworldbook.com\\\/sk\\\/\"},{\"@type\":\"ListItem\",\"position\":2,\"name\":\"Shop\",\"item\":\"https:\\\/\\\/interactiveworldbook.com\\\/shop\\\/\"},{\"@type\":\"ListItem\",\"position\":3,\"name\":\"Kniha Interakt\u00edvny SVET\"}]},{\"@type\":\"WebSite\",\"@id\":\"https:\\\/\\\/interactiveworldbook.com\\\/sk\\\/#website\",\"url\":\"https:\\\/\\\/interactiveworldbook.com\\\/sk\\\/\",\"name\":\"Interactive World Book\",\"description\":\"Interactive World Book, kniha, m\u011bsta, zem\u011b, sv\u011btad\u00edly, informace\",\"publisher\":{\"@id\":\"https:\\\/\\\/interactiveworldbook.com\\\/sk\\\/#organization\"},\"potentialAction\":[{\"@type\":\"SearchAction\",\"target\":{\"@type\":\"EntryPoint\",\"urlTemplate\":\"https:\\\/\\\/interactiveworldbook.com\\\/sk\\\/?s={search_term_string}\"},\"query-input\":{\"@type\":\"PropertyValueSpecification\",\"valueRequired\":true,\"valueName\":\"search_term_string\"}}],\"inLanguage\":\"sk-SK\"},{\"@type\":\"Organization\",\"@id\":\"https:\\\/\\\/interactiveworldbook.com\\\/sk\\\/#organization\",\"name\":\"Interactive World Book\",\"url\":\"https:\\\/\\\/interactiveworldbook.com\\\/sk\\\/\",\"logo\":{\"@type\":\"ImageObject\",\"inLanguage\":\"sk-SK\",\"@id\":\"https:\\\/\\\/interactiveworldbook.com\\\/sk\\\/#\\\/schema\\\/logo\\\/image\\\/\",\"url\":\"https:\\\/\\\/interactiveworldbook.com\\\/wp-content\\\/uploads\\\/2024\\\/11\\\/IW_barevna-1.png\",\"contentUrl\":\"https:\\\/\\\/interactiveworldbook.com\\\/wp-content\\\/uploads\\\/2024\\\/11\\\/IW_barevna-1.png\",\"width\":1690,\"height\":583,\"caption\":\"Interactive World Book\"},\"image\":{\"@id\":\"https:\\\/\\\/interactiveworldbook.com\\\/sk\\\/#\\\/schema\\\/logo\\\/image\\\/\"},\"sameAs\":[\"https:\\\/\\\/www.facebook.com\\\/interactiveworldbook\\\/\",\"https:\\\/\\\/www.instagram.com\\\/interactive_world_book\\\/\",\"https:\\\/\\\/www.tiktok.com\\\/@iw_book\"]}]}<\/script>\n<!-- \/ Yoast SEO plugin. -->","yoast_head_json":{"title":"Kniha Interakt\u00edvny SVET | Interactive World Book","robots":{"index":"index","follow":"follow","max-snippet":"max-snippet:-1","max-image-preview":"max-image-preview:large","max-video-preview":"max-video-preview:-1"},"canonical":"https:\/\/interactiveworldbook.com\/sk\/produkt\/kniha-interaktivny-svet\/","og_locale":"sk_SK","og_type":"article","og_title":"Kniha Interakt\u00edvny SVET | Interactive World Book","og_description":"Exkluz\u00edvna obr\u00e1zkov\u00e1 kniha \u201eInterakt\u00edvny SVET\u201c v\u00e1s obozn\u00e1mi so v\u0161etk\u00fdmi \u0161t\u00e1tmi sveta jedine\u010dn\u00fdm sp\u00f4sobom. Z\u00e1bavnou formou v\u00e1s prevedie v\u0161etk\u00fdmi svetadielmi a v\u010faka pr\u00e9miov\u00e9mu obsahu v\u00e1s nenech\u00e1 ani na chv\u00ed\u013eu prepadn\u00fa\u0165 nude.","og_url":"https:\/\/interactiveworldbook.com\/sk\/produkt\/kniha-interaktivny-svet\/","og_site_name":"Interactive World Book","article_publisher":"https:\/\/www.facebook.com\/interactiveworldbook\/","article_modified_time":"2026-01-21T10:22:56+00:00","og_image":[{"width":569,"height":694,"url":"https:\/\/interactiveworldbook.com\/wp-content\/uploads\/2024\/08\/sk_mockup_resize-1.png","type":"image\/png"}],"twitter_card":"summary_large_image","schema":{"@context":"https:\/\/schema.org","@graph":[{"@type":"WebPage","@id":"https:\/\/interactiveworldbook.com\/sk\/produkt\/kniha-interaktivny-svet\/","url":"https:\/\/interactiveworldbook.com\/sk\/produkt\/kniha-interaktivny-svet\/","name":"Kniha Interakt\u00edvny SVET | Interactive World Book","isPartOf":{"@id":"https:\/\/interactiveworldbook.com\/sk\/#website"},"primaryImageOfPage":{"@id":"https:\/\/interactiveworldbook.com\/sk\/produkt\/kniha-interaktivny-svet\/#primaryimage"},"image":{"@id":"https:\/\/interactiveworldbook.com\/sk\/produkt\/kniha-interaktivny-svet\/#primaryimage"},"thumbnailUrl":"https:\/\/interactiveworldbook.com\/wp-content\/uploads\/2024\/08\/sk_mockup_resize-1.png","datePublished":"2024-11-14T13:19:53+00:00","dateModified":"2026-01-21T10:22:56+00:00","breadcrumb":{"@id":"https:\/\/interactiveworldbook.com\/sk\/produkt\/kniha-interaktivny-svet\/#breadcrumb"},"inLanguage":"sk-SK","potentialAction":[{"@type":"ReadAction","target":["https:\/\/interactiveworldbook.com\/sk\/produkt\/kniha-interaktivny-svet\/"]}]},{"@type":"ImageObject","inLanguage":"sk-SK","@id":"https:\/\/interactiveworldbook.com\/sk\/produkt\/kniha-interaktivny-svet\/#primaryimage","url":"https:\/\/interactiveworldbook.com\/wp-content\/uploads\/2024\/08\/sk_mockup_resize-1.png","contentUrl":"https:\/\/interactiveworldbook.com\/wp-content\/uploads\/2024\/08\/sk_mockup_resize-1.png","width":569,"height":694},{"@type":"BreadcrumbList","@id":"https:\/\/interactiveworldbook.com\/sk\/produkt\/kniha-interaktivny-svet\/#breadcrumb","itemListElement":[{"@type":"ListItem","position":1,"name":"Dom\u016f","item":"https:\/\/interactiveworldbook.com\/sk\/"},{"@type":"ListItem","position":2,"name":"Shop","item":"https:\/\/interactiveworldbook.com\/shop\/"},{"@type":"ListItem","position":3,"name":"Kniha Interakt\u00edvny SVET"}]},{"@type":"WebSite","@id":"https:\/\/interactiveworldbook.com\/sk\/#website","url":"https:\/\/interactiveworldbook.com\/sk\/","name":"Interactive World Book","description":"Interactive World Book, kniha, m\u011bsta, zem\u011b, sv\u011btad\u00edly, informace","publisher":{"@id":"https:\/\/interactiveworldbook.com\/sk\/#organization"},"potentialAction":[{"@type":"SearchAction","target":{"@type":"EntryPoint","urlTemplate":"https:\/\/interactiveworldbook.com\/sk\/?s={search_term_string}"},"query-input":{"@type":"PropertyValueSpecification","valueRequired":true,"valueName":"search_term_string"}}],"inLanguage":"sk-SK"},{"@type":"Organization","@id":"https:\/\/interactiveworldbook.com\/sk\/#organization","name":"Interactive World Book","url":"https:\/\/interactiveworldbook.com\/sk\/","logo":{"@type":"ImageObject","inLanguage":"sk-SK","@id":"https:\/\/interactiveworldbook.com\/sk\/#\/schema\/logo\/image\/","url":"https:\/\/interactiveworldbook.com\/wp-content\/uploads\/2024\/11\/IW_barevna-1.png","contentUrl":"https:\/\/interactiveworldbook.com\/wp-content\/uploads\/2024\/11\/IW_barevna-1.png","width":1690,"height":583,"caption":"Interactive World Book"},"image":{"@id":"https:\/\/interactiveworldbook.com\/sk\/#\/schema\/logo\/image\/"},"sameAs":["https:\/\/www.facebook.com\/interactiveworldbook\/","https:\/\/www.instagram.com\/interactive_world_book\/","https:\/\/www.tiktok.com\/@iw_book"]}]}},"_links":{"self":[{"href":"https:\/\/interactiveworldbook.com\/sk\/wp-json\/wp\/v2\/product\/24186","targetHints":{"allow":["GET"]}}],"collection":[{"href":"https:\/\/interactiveworldbook.com\/sk\/wp-json\/wp\/v2\/product"}],"about":[{"href":"https:\/\/interactiveworldbook.com\/sk\/wp-json\/wp\/v2\/types\/product"}],"replies":[{"embeddable":true,"href":"https:\/\/interactiveworldbook.com\/sk\/wp-json\/wp\/v2\/comments?post=24186"}],"wp:featuredmedia":[{"embeddable":true,"href":"https:\/\/interactiveworldbook.com\/sk\/wp-json\/wp\/v2\/media\/20460"}],"wp:attachment":[{"href":"https:\/\/interactiveworldbook.com\/sk\/wp-json\/wp\/v2\/media?parent=24186"}],"wp:term":[{"taxonomy":"product_brand","embeddable":true,"href":"https:\/\/interactiveworldbook.com\/sk\/wp-json\/wp\/v2\/product_brand?post=24186"},{"taxonomy":"product_cat","embeddable":true,"href":"https:\/\/interactiveworldbook.com\/sk\/wp-json\/wp\/v2\/product_cat?post=24186"},{"taxonomy":"product_tag","embeddable":true,"href":"https:\/\/interactiveworldbook.com\/sk\/wp-json\/wp\/v2\/product_tag?post=24186"}],"curies":[{"name":"wp","href":"https:\/\/api.w.org\/{rel}","templated":true}]}}