{"id":17811,"date":"2023-03-07T11:08:49","date_gmt":"2023-03-07T10:08:49","guid":{"rendered":"https:\/\/interactiveworldbook.com\/shipping-and-payment\/"},"modified":"2026-01-21T10:55:31","modified_gmt":"2026-01-21T09:55:31","slug":"shipping-and-payment","status":"publish","type":"page","link":"https:\/\/interactiveworldbook.com\/us\/shipping-and-payment\/","title":{"rendered":"Shipping and payment"},"content":{"rendered":"<p><strong>How are orders delivered?<\/strong><\/p>\n<ul>\n<li>we always try to do our best to process your orders as soon as possible<\/li>\n<li>the delivery of orders is provided for us by the carrier <strong>Z\u00e1silkovna<\/strong><\/li>\n<li>the worldwide shipping cost of Z\u00e1silkovna is <strong>500 CZK<\/strong><\/li>\n<\/ul>\n<p><strong>Payment terms<\/strong><\/p>\n<ul>\n<li>payment in advance by standard bank transfer to our account IBAN: CZ9455000000002946788002 SWIFT: RZBCCZPP &#8211; Raiffeisen Bank a.s. &#8211; use order number as variable symbol<\/li>\n<li>payment by card via the GoPay payment gateway<strong><img loading=\"lazy\" decoding=\"async\" class=\"alignnone size-full wp-image-3491\" src=\"https:\/\/interactiveworldbook.com\/wp-content\/uploads\/2023\/03\/gopay_bannery-barevne.png\" alt=\"\" width=\"100\" height=\"35\" \/><\/strong><\/li>\n<li>payment by online bank transfer<\/li>\n<li>payment on delivery<\/li>\n<\/ul>\n<p><strong>Payment options through the GoPay gateway<\/strong><\/p>\n<p>Online payments are provided for us by the GoPay Payment Gateway. The service provider, GOPAY s.r.o., is a licensed payment institution operating under the supervision of the Czech National Bank. Payments made through the payment gateway are fully secured and all information is encrypted.<\/p>\n<p><strong>Payment by card<\/strong><\/p>\n<p>The fastest way to pay online. In the GoPay payment gateway interface, you enter your card number, validity date and CVC code (three numbers that you can find in the signature strip on the back of the card). Everything is secured by the 3D Secure standard, so you will probably be asked to enter a numerical code that you will receive via an SMS from your bank.<\/p>\n<p><img loading=\"lazy\" decoding=\"async\" class=\"alignnone size-full wp-image-3490\" src=\"https:\/\/interactiveworldbook.com\/wp-content\/uploads\/2023\/03\/comgate-karetni-loga.png\" alt=\"\" width=\"728\" height=\"90\" srcset=\"https:\/\/interactiveworldbook.com\/wp-content\/uploads\/2023\/03\/comgate-karetni-loga.png 728w, https:\/\/interactiveworldbook.com\/wp-content\/uploads\/2023\/03\/comgate-karetni-loga-300x37.png 300w, https:\/\/interactiveworldbook.com\/wp-content\/uploads\/2023\/03\/comgate-karetni-loga-600x74.png 600w\" sizes=\"auto, (max-width: 728px) 100vw, 728px\" \/><\/p>\n<p><strong>Payment by online bank transfer<\/strong><\/p>\n<p>Instant payment via internet banking. The GoPay payment gateway redirects you to your internet banking provider, where you log in with your login details and confirm the pre-prepared payment order.<\/p>\n<p><img loading=\"lazy\" decoding=\"async\" class=\"alignnone size-full wp-image-3489\" src=\"https:\/\/interactiveworldbook.com\/wp-content\/uploads\/2023\/03\/platebni-brana-comgate-banky.png\" alt=\"\" width=\"728\" height=\"311\" srcset=\"https:\/\/interactiveworldbook.com\/wp-content\/uploads\/2023\/03\/platebni-brana-comgate-banky.png 728w, https:\/\/interactiveworldbook.com\/wp-content\/uploads\/2023\/03\/platebni-brana-comgate-banky-300x128.png 300w, https:\/\/interactiveworldbook.com\/wp-content\/uploads\/2023\/03\/platebni-brana-comgate-banky-600x256.png 600w\" sizes=\"auto, (max-width: 728px) 100vw, 728px\" \/><\/p>\n<p>After completing the payment, you will be redirected back to the store. The payment is confirmed immediately and we will proceed with the execution of the order without delay.<\/p>\n","protected":false},"excerpt":{"rendered":"<p>How are orders delivered? we always try to do our best to process your orders as soon as possible the delivery of orders is provided for us by the carrier Z\u00e1silkovna the worldwide shipping cost of Z\u00e1silkovna is 500 CZK Payment terms payment in advance by standard bank transfer to our account IBAN: CZ9455000000002946788002 SWIFT: [&hellip;]<\/p>\n","protected":false},"author":1,"featured_media":0,"parent":0,"menu_order":0,"comment_status":"closed","ping_status":"closed","template":"","meta":{"_acf_changed":false,"inline_featured_image":false,"footnotes":""},"class_list":["post-17811","page","type-page","status-publish","hentry"],"acf":[],"yoast_head":"<!-- This site is optimized with the Yoast SEO plugin v27.4 - https:\/\/yoast.com\/product\/yoast-seo-wordpress\/ -->\n<title>Shipping and payment | Interactive World Book<\/title>\n<meta name=\"robots\" content=\"index, follow, max-snippet:-1, max-image-preview:large, max-video-preview:-1\" \/>\n<link rel=\"canonical\" href=\"https:\/\/interactiveworldbook.com\/us\/shipping-and-payment\/\" \/>\n<meta property=\"og:locale\" content=\"en_US\" \/>\n<meta property=\"og:type\" content=\"article\" \/>\n<meta property=\"og:title\" content=\"Shipping and payment | Interactive World Book\" \/>\n<meta property=\"og:description\" content=\"How are orders delivered? we always try to do our best to process your orders as soon as possible the delivery of orders is provided for us by the carrier Z\u00e1silkovna the worldwide shipping cost of Z\u00e1silkovna is 500 CZK Payment terms payment in advance by standard bank transfer to our account IBAN: CZ9455000000002946788002 SWIFT: [&hellip;]\" \/>\n<meta property=\"og:url\" content=\"https:\/\/interactiveworldbook.com\/us\/shipping-and-payment\/\" \/>\n<meta property=\"og:site_name\" content=\"Interactive World Book\" \/>\n<meta property=\"article:publisher\" content=\"https:\/\/www.facebook.com\/interactiveworldbook\/\" \/>\n<meta property=\"article:modified_time\" content=\"2026-01-21T09:55:31+00:00\" \/>\n<meta property=\"og:image\" content=\"https:\/\/interactiveworldbook.com\/wp-content\/uploads\/2023\/03\/gopay_bannery-barevne.png\" \/>\n\t<meta property=\"og:image:width\" content=\"100\" \/>\n\t<meta property=\"og:image:height\" content=\"35\" \/>\n\t<meta property=\"og:image:type\" content=\"image\/png\" \/>\n<meta name=\"twitter:card\" content=\"summary_large_image\" \/>\n<meta name=\"twitter:label1\" content=\"Est. reading time\" \/>\n\t<meta name=\"twitter:data1\" content=\"1 minute\" \/>\n<script type=\"application\/ld+json\" class=\"yoast-schema-graph\">{\"@context\":\"https:\\\/\\\/schema.org\",\"@graph\":[{\"@type\":\"WebPage\",\"@id\":\"https:\\\/\\\/interactiveworldbook.com\\\/us\\\/shipping-and-payment\\\/\",\"url\":\"https:\\\/\\\/interactiveworldbook.com\\\/us\\\/shipping-and-payment\\\/\",\"name\":\"Shipping and payment | Interactive World Book\",\"isPartOf\":{\"@id\":\"https:\\\/\\\/interactiveworldbook.com\\\/us\\\/#website\"},\"primaryImageOfPage\":{\"@id\":\"https:\\\/\\\/interactiveworldbook.com\\\/us\\\/shipping-and-payment\\\/#primaryimage\"},\"image\":{\"@id\":\"https:\\\/\\\/interactiveworldbook.com\\\/us\\\/shipping-and-payment\\\/#primaryimage\"},\"thumbnailUrl\":\"https:\\\/\\\/interactiveworldbook.com\\\/wp-content\\\/uploads\\\/2023\\\/03\\\/gopay_bannery-barevne.png\",\"datePublished\":\"2023-03-07T10:08:49+00:00\",\"dateModified\":\"2026-01-21T09:55:31+00:00\",\"breadcrumb\":{\"@id\":\"https:\\\/\\\/interactiveworldbook.com\\\/us\\\/shipping-and-payment\\\/#breadcrumb\"},\"inLanguage\":\"en-US\",\"potentialAction\":[{\"@type\":\"ReadAction\",\"target\":[\"https:\\\/\\\/interactiveworldbook.com\\\/us\\\/shipping-and-payment\\\/\"]}]},{\"@type\":\"ImageObject\",\"inLanguage\":\"en-US\",\"@id\":\"https:\\\/\\\/interactiveworldbook.com\\\/us\\\/shipping-and-payment\\\/#primaryimage\",\"url\":\"https:\\\/\\\/interactiveworldbook.com\\\/wp-content\\\/uploads\\\/2023\\\/03\\\/gopay_bannery-barevne.png\",\"contentUrl\":\"https:\\\/\\\/interactiveworldbook.com\\\/wp-content\\\/uploads\\\/2023\\\/03\\\/gopay_bannery-barevne.png\"},{\"@type\":\"BreadcrumbList\",\"@id\":\"https:\\\/\\\/interactiveworldbook.com\\\/us\\\/shipping-and-payment\\\/#breadcrumb\",\"itemListElement\":[{\"@type\":\"ListItem\",\"position\":1,\"name\":\"Dom\u016f\",\"item\":\"https:\\\/\\\/interactiveworldbook.com\\\/us\\\/\"},{\"@type\":\"ListItem\",\"position\":2,\"name\":\"Shipping and payment\"}]},{\"@type\":\"WebSite\",\"@id\":\"https:\\\/\\\/interactiveworldbook.com\\\/us\\\/#website\",\"url\":\"https:\\\/\\\/interactiveworldbook.com\\\/us\\\/\",\"name\":\"Interactive World Book\",\"description\":\"Interactive World Book, kniha, m\u011bsta, zem\u011b, sv\u011btad\u00edly, informace\",\"publisher\":{\"@id\":\"https:\\\/\\\/interactiveworldbook.com\\\/us\\\/#organization\"},\"potentialAction\":[{\"@type\":\"SearchAction\",\"target\":{\"@type\":\"EntryPoint\",\"urlTemplate\":\"https:\\\/\\\/interactiveworldbook.com\\\/us\\\/?s={search_term_string}\"},\"query-input\":{\"@type\":\"PropertyValueSpecification\",\"valueRequired\":true,\"valueName\":\"search_term_string\"}}],\"inLanguage\":\"en-US\"},{\"@type\":\"Organization\",\"@id\":\"https:\\\/\\\/interactiveworldbook.com\\\/us\\\/#organization\",\"name\":\"Interactive World Book\",\"url\":\"https:\\\/\\\/interactiveworldbook.com\\\/us\\\/\",\"logo\":{\"@type\":\"ImageObject\",\"inLanguage\":\"en-US\",\"@id\":\"https:\\\/\\\/interactiveworldbook.com\\\/us\\\/#\\\/schema\\\/logo\\\/image\\\/\",\"url\":\"https:\\\/\\\/interactiveworldbook.com\\\/wp-content\\\/uploads\\\/2024\\\/11\\\/IW_barevna-1.png\",\"contentUrl\":\"https:\\\/\\\/interactiveworldbook.com\\\/wp-content\\\/uploads\\\/2024\\\/11\\\/IW_barevna-1.png\",\"width\":1690,\"height\":583,\"caption\":\"Interactive World Book\"},\"image\":{\"@id\":\"https:\\\/\\\/interactiveworldbook.com\\\/us\\\/#\\\/schema\\\/logo\\\/image\\\/\"},\"sameAs\":[\"https:\\\/\\\/www.facebook.com\\\/interactiveworldbook\\\/\",\"https:\\\/\\\/www.instagram.com\\\/interactive_world_book\\\/\",\"https:\\\/\\\/www.tiktok.com\\\/@iw_book\"]}]}<\/script>\n<!-- \/ Yoast SEO plugin. -->","yoast_head_json":{"title":"Shipping and payment | Interactive World Book","robots":{"index":"index","follow":"follow","max-snippet":"max-snippet:-1","max-image-preview":"max-image-preview:large","max-video-preview":"max-video-preview:-1"},"canonical":"https:\/\/interactiveworldbook.com\/us\/shipping-and-payment\/","og_locale":"en_US","og_type":"article","og_title":"Shipping and payment | Interactive World Book","og_description":"How are orders delivered? we always try to do our best to process your orders as soon as possible the delivery of orders is provided for us by the carrier Z\u00e1silkovna the worldwide shipping cost of Z\u00e1silkovna is 500 CZK Payment terms payment in advance by standard bank transfer to our account IBAN: CZ9455000000002946788002 SWIFT: [&hellip;]","og_url":"https:\/\/interactiveworldbook.com\/us\/shipping-and-payment\/","og_site_name":"Interactive World Book","article_publisher":"https:\/\/www.facebook.com\/interactiveworldbook\/","article_modified_time":"2026-01-21T09:55:31+00:00","og_image":[{"width":100,"height":35,"url":"https:\/\/interactiveworldbook.com\/wp-content\/uploads\/2023\/03\/gopay_bannery-barevne.png","type":"image\/png"}],"twitter_card":"summary_large_image","twitter_misc":{"Est. reading time":"1 minute"},"schema":{"@context":"https:\/\/schema.org","@graph":[{"@type":"WebPage","@id":"https:\/\/interactiveworldbook.com\/us\/shipping-and-payment\/","url":"https:\/\/interactiveworldbook.com\/us\/shipping-and-payment\/","name":"Shipping and payment | Interactive World Book","isPartOf":{"@id":"https:\/\/interactiveworldbook.com\/us\/#website"},"primaryImageOfPage":{"@id":"https:\/\/interactiveworldbook.com\/us\/shipping-and-payment\/#primaryimage"},"image":{"@id":"https:\/\/interactiveworldbook.com\/us\/shipping-and-payment\/#primaryimage"},"thumbnailUrl":"https:\/\/interactiveworldbook.com\/wp-content\/uploads\/2023\/03\/gopay_bannery-barevne.png","datePublished":"2023-03-07T10:08:49+00:00","dateModified":"2026-01-21T09:55:31+00:00","breadcrumb":{"@id":"https:\/\/interactiveworldbook.com\/us\/shipping-and-payment\/#breadcrumb"},"inLanguage":"en-US","potentialAction":[{"@type":"ReadAction","target":["https:\/\/interactiveworldbook.com\/us\/shipping-and-payment\/"]}]},{"@type":"ImageObject","inLanguage":"en-US","@id":"https:\/\/interactiveworldbook.com\/us\/shipping-and-payment\/#primaryimage","url":"https:\/\/interactiveworldbook.com\/wp-content\/uploads\/2023\/03\/gopay_bannery-barevne.png","contentUrl":"https:\/\/interactiveworldbook.com\/wp-content\/uploads\/2023\/03\/gopay_bannery-barevne.png"},{"@type":"BreadcrumbList","@id":"https:\/\/interactiveworldbook.com\/us\/shipping-and-payment\/#breadcrumb","itemListElement":[{"@type":"ListItem","position":1,"name":"Dom\u016f","item":"https:\/\/interactiveworldbook.com\/us\/"},{"@type":"ListItem","position":2,"name":"Shipping and payment"}]},{"@type":"WebSite","@id":"https:\/\/interactiveworldbook.com\/us\/#website","url":"https:\/\/interactiveworldbook.com\/us\/","name":"Interactive World Book","description":"Interactive World Book, kniha, m\u011bsta, zem\u011b, sv\u011btad\u00edly, informace","publisher":{"@id":"https:\/\/interactiveworldbook.com\/us\/#organization"},"potentialAction":[{"@type":"SearchAction","target":{"@type":"EntryPoint","urlTemplate":"https:\/\/interactiveworldbook.com\/us\/?s={search_term_string}"},"query-input":{"@type":"PropertyValueSpecification","valueRequired":true,"valueName":"search_term_string"}}],"inLanguage":"en-US"},{"@type":"Organization","@id":"https:\/\/interactiveworldbook.com\/us\/#organization","name":"Interactive World Book","url":"https:\/\/interactiveworldbook.com\/us\/","logo":{"@type":"ImageObject","inLanguage":"en-US","@id":"https:\/\/interactiveworldbook.com\/us\/#\/schema\/logo\/image\/","url":"https:\/\/interactiveworldbook.com\/wp-content\/uploads\/2024\/11\/IW_barevna-1.png","contentUrl":"https:\/\/interactiveworldbook.com\/wp-content\/uploads\/2024\/11\/IW_barevna-1.png","width":1690,"height":583,"caption":"Interactive World Book"},"image":{"@id":"https:\/\/interactiveworldbook.com\/us\/#\/schema\/logo\/image\/"},"sameAs":["https:\/\/www.facebook.com\/interactiveworldbook\/","https:\/\/www.instagram.com\/interactive_world_book\/","https:\/\/www.tiktok.com\/@iw_book"]}]}},"_links":{"self":[{"href":"https:\/\/interactiveworldbook.com\/us\/wp-json\/wp\/v2\/pages\/17811","targetHints":{"allow":["GET"]}}],"collection":[{"href":"https:\/\/interactiveworldbook.com\/us\/wp-json\/wp\/v2\/pages"}],"about":[{"href":"https:\/\/interactiveworldbook.com\/us\/wp-json\/wp\/v2\/types\/page"}],"author":[{"embeddable":true,"href":"https:\/\/interactiveworldbook.com\/us\/wp-json\/wp\/v2\/users\/1"}],"replies":[{"embeddable":true,"href":"https:\/\/interactiveworldbook.com\/us\/wp-json\/wp\/v2\/comments?post=17811"}],"version-history":[{"count":2,"href":"https:\/\/interactiveworldbook.com\/us\/wp-json\/wp\/v2\/pages\/17811\/revisions"}],"predecessor-version":[{"id":28078,"href":"https:\/\/interactiveworldbook.com\/us\/wp-json\/wp\/v2\/pages\/17811\/revisions\/28078"}],"wp:attachment":[{"href":"https:\/\/interactiveworldbook.com\/us\/wp-json\/wp\/v2\/media?parent=17811"}],"curies":[{"name":"wp","href":"https:\/\/api.w.org\/{rel}","templated":true}]}}