{"id":18086,"date":"2023-02-16T19:38:33","date_gmt":"2023-02-16T18:38:33","guid":{"rendered":"https:\/\/interactiveworldbook.com\/flag-b7ph276z\/"},"modified":"2023-02-16T19:38:33","modified_gmt":"2023-02-16T18:38:33","slug":"flag-b7ph276z","status":"publish","type":"page","link":"https:\/\/interactiveworldbook.com\/us\/asia\/maldives\/flag-b7ph276z\/","title":{"rendered":"Maledivy &#8211; vlajka"},"content":{"rendered":"<h2 style=\"text-align: center;\"><\/h2>\n<p style=\"text-align: center;\"><a href=\"https:\/\/interactiveworldbook.com\/wp-content\/uploads\/2023\/02\/Maledivy.jpeg\" target=\"_blank\" rel=\"noopener\"><img loading=\"lazy\" decoding=\"async\" class=\"alignnone wp-image-2618 size-large\" src=\"https:\/\/interactiveworldbook.com\/wp-content\/uploads\/2023\/02\/Maledivy-1024x683.jpeg\" alt=\"\" width=\"1024\" height=\"683\" srcset=\"https:\/\/interactiveworldbook.com\/wp-content\/uploads\/2023\/02\/Maledivy-1024x683.jpeg 1024w, https:\/\/interactiveworldbook.com\/wp-content\/uploads\/2023\/02\/Maledivy-600x400.jpeg 600w, https:\/\/interactiveworldbook.com\/wp-content\/uploads\/2023\/02\/Maledivy-300x200.jpeg 300w, https:\/\/interactiveworldbook.com\/wp-content\/uploads\/2023\/02\/Maledivy-768x512.jpeg 768w, https:\/\/interactiveworldbook.com\/wp-content\/uploads\/2023\/02\/Maledivy-1536x1024.jpeg 1536w, https:\/\/interactiveworldbook.com\/wp-content\/uploads\/2023\/02\/Maledivy-2048x1366.jpeg 2048w\" sizes=\"auto, (max-width: 1024px) 100vw, 1024px\" \/><\/a><\/p>\n<h2 style=\"text-align: center;\"><a href=\"https:\/\/interactiveworldbook.com\/wp-content\/uploads\/2023\/02\/Maledivy.jpeg\" download=\"\"><img loading=\"lazy\" decoding=\"async\" class=\"aligncenter wp-image-1452 size-full\" src=\"https:\/\/interactiveworldbook.com\/wp-content\/uploads\/2023\/02\/stahnout-btn.png\" alt=\"\" width=\"223\" height=\"58\" \/><\/a><\/h2>\n<p>&nbsp;<\/p>\n<h2 style=\"text-align: center;\"><\/h2>\n<h2 style=\"text-align: center;\"><a href=\"https:\/\/interactiveworldbook.com\/wp-content\/uploads\/2023\/02\/Maledivy-znak.svg\" target=\"_blank\" rel=\"noopener\"><img loading=\"lazy\" decoding=\"async\" class=\"alignnone wp-image-2617 size-large\" src=\"https:\/\/interactiveworldbook.com\/wp-content\/uploads\/2023\/02\/Maledivy-znak.svg\" alt=\"\" width=\"906\" height=\"1024\" \/><\/a><\/h2>\n<h2 style=\"text-align: center;\"><a href=\"https:\/\/interactiveworldbook.com\/wp-content\/uploads\/2023\/02\/Maledivy-znak.svg\" download=\"\"><img loading=\"lazy\" decoding=\"async\" class=\"aligncenter wp-image-1452 size-full\" src=\"https:\/\/interactiveworldbook.com\/wp-content\/uploads\/2023\/02\/stahnout-btn.png\" alt=\"\" width=\"223\" height=\"58\" \/><\/a><\/h2>\n<p>&nbsp;<\/p>\n<div id=\"gtx-trans\" style=\"position: absolute; left: 518px; top: 973.275px;\">\n<div class=\"gtx-trans-icon\"><\/div>\n<\/div>\n","protected":false},"excerpt":{"rendered":"<p>&nbsp; &nbsp;<\/p>\n","protected":false},"author":1,"featured_media":0,"parent":18627,"menu_order":0,"comment_status":"closed","ping_status":"closed","template":"","meta":{"_acf_changed":false,"inline_featured_image":false,"footnotes":""},"class_list":["post-18086","page","type-page","status-publish","hentry"],"acf":[],"yoast_head":"<!-- This site is optimized with the Yoast SEO plugin v27.4 - https:\/\/yoast.com\/product\/yoast-seo-wordpress\/ -->\n<title>Maledivy - vlajka | Interactive World Book<\/title>\n<meta name=\"robots\" content=\"index, follow, max-snippet:-1, max-image-preview:large, max-video-preview:-1\" \/>\n<link rel=\"canonical\" href=\"https:\/\/interactiveworldbook.com\/us\/asia\/maldives\/flag-b7ph276z\/\" \/>\n<meta property=\"og:locale\" content=\"en_US\" \/>\n<meta property=\"og:type\" content=\"article\" \/>\n<meta property=\"og:title\" content=\"Maledivy - vlajka | Interactive World Book\" \/>\n<meta property=\"og:description\" content=\"&nbsp; &nbsp;\" \/>\n<meta property=\"og:url\" content=\"https:\/\/interactiveworldbook.com\/us\/asia\/maldives\/flag-b7ph276z\/\" \/>\n<meta property=\"og:site_name\" content=\"Interactive World Book\" \/>\n<meta property=\"article:publisher\" content=\"https:\/\/www.facebook.com\/interactiveworldbook\/\" \/>\n<meta property=\"og:image\" content=\"https:\/\/interactiveworldbook.com\/wp-content\/uploads\/2023\/02\/Maledivy-1024x683.jpeg\" \/>\n<meta name=\"twitter:card\" content=\"summary_large_image\" \/>\n<script type=\"application\/ld+json\" class=\"yoast-schema-graph\">{\"@context\":\"https:\\\/\\\/schema.org\",\"@graph\":[{\"@type\":\"WebPage\",\"@id\":\"https:\\\/\\\/interactiveworldbook.com\\\/us\\\/asia\\\/maldives\\\/flag-b7ph276z\\\/\",\"url\":\"https:\\\/\\\/interactiveworldbook.com\\\/us\\\/asia\\\/maldives\\\/flag-b7ph276z\\\/\",\"name\":\"Maledivy - vlajka | Interactive World Book\",\"isPartOf\":{\"@id\":\"https:\\\/\\\/interactiveworldbook.com\\\/us\\\/#website\"},\"primaryImageOfPage\":{\"@id\":\"https:\\\/\\\/interactiveworldbook.com\\\/us\\\/asia\\\/maldives\\\/flag-b7ph276z\\\/#primaryimage\"},\"image\":{\"@id\":\"https:\\\/\\\/interactiveworldbook.com\\\/us\\\/asia\\\/maldives\\\/flag-b7ph276z\\\/#primaryimage\"},\"thumbnailUrl\":\"https:\\\/\\\/interactiveworldbook.com\\\/wp-content\\\/uploads\\\/2023\\\/02\\\/Maledivy-1024x683.jpeg\",\"datePublished\":\"2023-02-16T18:38:33+00:00\",\"breadcrumb\":{\"@id\":\"https:\\\/\\\/interactiveworldbook.com\\\/us\\\/asia\\\/maldives\\\/flag-b7ph276z\\\/#breadcrumb\"},\"inLanguage\":\"en-US\",\"potentialAction\":[{\"@type\":\"ReadAction\",\"target\":[\"https:\\\/\\\/interactiveworldbook.com\\\/us\\\/asia\\\/maldives\\\/flag-b7ph276z\\\/\"]}]},{\"@type\":\"ImageObject\",\"inLanguage\":\"en-US\",\"@id\":\"https:\\\/\\\/interactiveworldbook.com\\\/us\\\/asia\\\/maldives\\\/flag-b7ph276z\\\/#primaryimage\",\"url\":\"https:\\\/\\\/interactiveworldbook.com\\\/wp-content\\\/uploads\\\/2023\\\/02\\\/Maledivy-1024x683.jpeg\",\"contentUrl\":\"https:\\\/\\\/interactiveworldbook.com\\\/wp-content\\\/uploads\\\/2023\\\/02\\\/Maledivy-1024x683.jpeg\"},{\"@type\":\"BreadcrumbList\",\"@id\":\"https:\\\/\\\/interactiveworldbook.com\\\/us\\\/asia\\\/maldives\\\/flag-b7ph276z\\\/#breadcrumb\",\"itemListElement\":[{\"@type\":\"ListItem\",\"position\":1,\"name\":\"Dom\u016f\",\"item\":\"https:\\\/\\\/interactiveworldbook.com\\\/us\\\/\"},{\"@type\":\"ListItem\",\"position\":2,\"name\":\"Maledivy &#8211; vlajka\"}]},{\"@type\":\"WebSite\",\"@id\":\"https:\\\/\\\/interactiveworldbook.com\\\/us\\\/#website\",\"url\":\"https:\\\/\\\/interactiveworldbook.com\\\/us\\\/\",\"name\":\"Interactive World Book\",\"description\":\"Interactive World Book, kniha, m\u011bsta, zem\u011b, sv\u011btad\u00edly, informace\",\"publisher\":{\"@id\":\"https:\\\/\\\/interactiveworldbook.com\\\/us\\\/#organization\"},\"potentialAction\":[{\"@type\":\"SearchAction\",\"target\":{\"@type\":\"EntryPoint\",\"urlTemplate\":\"https:\\\/\\\/interactiveworldbook.com\\\/us\\\/?s={search_term_string}\"},\"query-input\":{\"@type\":\"PropertyValueSpecification\",\"valueRequired\":true,\"valueName\":\"search_term_string\"}}],\"inLanguage\":\"en-US\"},{\"@type\":\"Organization\",\"@id\":\"https:\\\/\\\/interactiveworldbook.com\\\/us\\\/#organization\",\"name\":\"Interactive World Book\",\"url\":\"https:\\\/\\\/interactiveworldbook.com\\\/us\\\/\",\"logo\":{\"@type\":\"ImageObject\",\"inLanguage\":\"en-US\",\"@id\":\"https:\\\/\\\/interactiveworldbook.com\\\/us\\\/#\\\/schema\\\/logo\\\/image\\\/\",\"url\":\"https:\\\/\\\/interactiveworldbook.com\\\/wp-content\\\/uploads\\\/2024\\\/11\\\/IW_barevna-1.png\",\"contentUrl\":\"https:\\\/\\\/interactiveworldbook.com\\\/wp-content\\\/uploads\\\/2024\\\/11\\\/IW_barevna-1.png\",\"width\":1690,\"height\":583,\"caption\":\"Interactive World Book\"},\"image\":{\"@id\":\"https:\\\/\\\/interactiveworldbook.com\\\/us\\\/#\\\/schema\\\/logo\\\/image\\\/\"},\"sameAs\":[\"https:\\\/\\\/www.facebook.com\\\/interactiveworldbook\\\/\",\"https:\\\/\\\/www.instagram.com\\\/interactive_world_book\\\/\",\"https:\\\/\\\/www.tiktok.com\\\/@iw_book\"]}]}<\/script>\n<!-- \/ Yoast SEO plugin. -->","yoast_head_json":{"title":"Maledivy - vlajka | Interactive World Book","robots":{"index":"index","follow":"follow","max-snippet":"max-snippet:-1","max-image-preview":"max-image-preview:large","max-video-preview":"max-video-preview:-1"},"canonical":"https:\/\/interactiveworldbook.com\/us\/asia\/maldives\/flag-b7ph276z\/","og_locale":"en_US","og_type":"article","og_title":"Maledivy - vlajka | Interactive World Book","og_description":"&nbsp; &nbsp;","og_url":"https:\/\/interactiveworldbook.com\/us\/asia\/maldives\/flag-b7ph276z\/","og_site_name":"Interactive World Book","article_publisher":"https:\/\/www.facebook.com\/interactiveworldbook\/","og_image":[{"url":"https:\/\/interactiveworldbook.com\/wp-content\/uploads\/2023\/02\/Maledivy-1024x683.jpeg","type":"","width":"","height":""}],"twitter_card":"summary_large_image","schema":{"@context":"https:\/\/schema.org","@graph":[{"@type":"WebPage","@id":"https:\/\/interactiveworldbook.com\/us\/asia\/maldives\/flag-b7ph276z\/","url":"https:\/\/interactiveworldbook.com\/us\/asia\/maldives\/flag-b7ph276z\/","name":"Maledivy - vlajka | Interactive World Book","isPartOf":{"@id":"https:\/\/interactiveworldbook.com\/us\/#website"},"primaryImageOfPage":{"@id":"https:\/\/interactiveworldbook.com\/us\/asia\/maldives\/flag-b7ph276z\/#primaryimage"},"image":{"@id":"https:\/\/interactiveworldbook.com\/us\/asia\/maldives\/flag-b7ph276z\/#primaryimage"},"thumbnailUrl":"https:\/\/interactiveworldbook.com\/wp-content\/uploads\/2023\/02\/Maledivy-1024x683.jpeg","datePublished":"2023-02-16T18:38:33+00:00","breadcrumb":{"@id":"https:\/\/interactiveworldbook.com\/us\/asia\/maldives\/flag-b7ph276z\/#breadcrumb"},"inLanguage":"en-US","potentialAction":[{"@type":"ReadAction","target":["https:\/\/interactiveworldbook.com\/us\/asia\/maldives\/flag-b7ph276z\/"]}]},{"@type":"ImageObject","inLanguage":"en-US","@id":"https:\/\/interactiveworldbook.com\/us\/asia\/maldives\/flag-b7ph276z\/#primaryimage","url":"https:\/\/interactiveworldbook.com\/wp-content\/uploads\/2023\/02\/Maledivy-1024x683.jpeg","contentUrl":"https:\/\/interactiveworldbook.com\/wp-content\/uploads\/2023\/02\/Maledivy-1024x683.jpeg"},{"@type":"BreadcrumbList","@id":"https:\/\/interactiveworldbook.com\/us\/asia\/maldives\/flag-b7ph276z\/#breadcrumb","itemListElement":[{"@type":"ListItem","position":1,"name":"Dom\u016f","item":"https:\/\/interactiveworldbook.com\/us\/"},{"@type":"ListItem","position":2,"name":"Maledivy &#8211; vlajka"}]},{"@type":"WebSite","@id":"https:\/\/interactiveworldbook.com\/us\/#website","url":"https:\/\/interactiveworldbook.com\/us\/","name":"Interactive World Book","description":"Interactive World Book, kniha, m\u011bsta, zem\u011b, sv\u011btad\u00edly, informace","publisher":{"@id":"https:\/\/interactiveworldbook.com\/us\/#organization"},"potentialAction":[{"@type":"SearchAction","target":{"@type":"EntryPoint","urlTemplate":"https:\/\/interactiveworldbook.com\/us\/?s={search_term_string}"},"query-input":{"@type":"PropertyValueSpecification","valueRequired":true,"valueName":"search_term_string"}}],"inLanguage":"en-US"},{"@type":"Organization","@id":"https:\/\/interactiveworldbook.com\/us\/#organization","name":"Interactive World Book","url":"https:\/\/interactiveworldbook.com\/us\/","logo":{"@type":"ImageObject","inLanguage":"en-US","@id":"https:\/\/interactiveworldbook.com\/us\/#\/schema\/logo\/image\/","url":"https:\/\/interactiveworldbook.com\/wp-content\/uploads\/2024\/11\/IW_barevna-1.png","contentUrl":"https:\/\/interactiveworldbook.com\/wp-content\/uploads\/2024\/11\/IW_barevna-1.png","width":1690,"height":583,"caption":"Interactive World Book"},"image":{"@id":"https:\/\/interactiveworldbook.com\/us\/#\/schema\/logo\/image\/"},"sameAs":["https:\/\/www.facebook.com\/interactiveworldbook\/","https:\/\/www.instagram.com\/interactive_world_book\/","https:\/\/www.tiktok.com\/@iw_book"]}]}},"_links":{"self":[{"href":"https:\/\/interactiveworldbook.com\/us\/wp-json\/wp\/v2\/pages\/18086","targetHints":{"allow":["GET"]}}],"collection":[{"href":"https:\/\/interactiveworldbook.com\/us\/wp-json\/wp\/v2\/pages"}],"about":[{"href":"https:\/\/interactiveworldbook.com\/us\/wp-json\/wp\/v2\/types\/page"}],"author":[{"embeddable":true,"href":"https:\/\/interactiveworldbook.com\/us\/wp-json\/wp\/v2\/users\/1"}],"replies":[{"embeddable":true,"href":"https:\/\/interactiveworldbook.com\/us\/wp-json\/wp\/v2\/comments?post=18086"}],"version-history":[{"count":0,"href":"https:\/\/interactiveworldbook.com\/us\/wp-json\/wp\/v2\/pages\/18086\/revisions"}],"up":[{"embeddable":true,"href":"https:\/\/interactiveworldbook.com\/us\/wp-json\/wp\/v2\/pages\/18627"}],"wp:attachment":[{"href":"https:\/\/interactiveworldbook.com\/us\/wp-json\/wp\/v2\/media?parent=18086"}],"curies":[{"name":"wp","href":"https:\/\/api.w.org\/{rel}","templated":true}]}}