{"id":24187,"date":"2024-11-14T14:22:06","date_gmt":"2024-11-14T13:22:06","guid":{"rendered":"https:\/\/interactiveworldbook.com\/?post_type=product&#038;p=24187"},"modified":"2025-05-19T17:20:37","modified_gmt":"2025-05-19T15:20:37","slug":"interactive-world","status":"publish","type":"product","link":"https:\/\/interactiveworldbook.com\/us\/produkt\/interactive-world\/","title":{"rendered":"Interactive WORLD"},"content":{"rendered":"<p>The exclusive picture book \u201cInteractive WORLD\u201d will show you all the countries of the world in a unique way.\u00a0 It will guide you through all the continents in a fun way, and thanks to the premium content, you won&#8217;t be bored even for a moment.<\/p>\n","protected":false},"excerpt":{"rendered":"<p>The exclusive picture book \u201cInteractive WORLD\u201d will show you all the countries of the world in a unique way.\u00a0 It will guide you through all the continents in a fun way, and thanks to the premium content, you won&#8217;t be bored even for a moment.<\/p>\n","protected":false},"featured_media":17799,"comment_status":"open","ping_status":"closed","template":"","meta":{"_acf_changed":false,"inline_featured_image":false},"product_brand":[],"product_cat":[79],"product_tag":[80],"class_list":{"0":"post-24187","1":"product","2":"type-product","3":"status-publish","4":"has-post-thumbnail","6":"product_cat-pre-order","7":"product_tag-pre-order","9":"first","10":"onbackorder","11":"sale","12":"taxable","13":"shipping-taxable","14":"purchasable","15":"product-type-variable"},"acf":[],"yoast_head":"<!-- This site is optimized with the Yoast SEO plugin v27.4 - https:\/\/yoast.com\/product\/yoast-seo-wordpress\/ -->\n<title>Interactive WORLD | Interactive World Book<\/title>\n<meta name=\"robots\" content=\"index, follow, max-snippet:-1, max-image-preview:large, max-video-preview:-1\" \/>\n<link rel=\"canonical\" href=\"https:\/\/interactiveworldbook.com\/us\/produkt\/interactive-world\/\" \/>\n<meta property=\"og:locale\" content=\"en_US\" \/>\n<meta property=\"og:type\" content=\"article\" \/>\n<meta property=\"og:title\" content=\"Interactive WORLD | Interactive World Book\" \/>\n<meta property=\"og:description\" content=\"The exclusive picture book \u201cInteractive WORLD\u201d will show you all the countries of the world in a unique way.\u00a0 It will guide you through all the continents in a fun way, and thanks to the premium content, you won&#8217;t be bored even for a moment.\" \/>\n<meta property=\"og:url\" content=\"https:\/\/interactiveworldbook.com\/us\/produkt\/interactive-world\/\" \/>\n<meta property=\"og:site_name\" content=\"Interactive World Book\" \/>\n<meta property=\"article:publisher\" content=\"https:\/\/www.facebook.com\/interactiveworldbook\/\" \/>\n<meta property=\"article:modified_time\" content=\"2025-05-19T15:20:37+00:00\" \/>\n<meta property=\"og:image\" content=\"https:\/\/interactiveworldbook.com\/wp-content\/uploads\/2023\/10\/titulka_kniha_en_web.png\" \/>\n\t<meta property=\"og:image:width\" content=\"572\" \/>\n\t<meta property=\"og:image:height\" content=\"694\" \/>\n\t<meta property=\"og:image:type\" content=\"image\/png\" \/>\n<meta name=\"twitter:card\" content=\"summary_large_image\" \/>\n<script type=\"application\/ld+json\" class=\"yoast-schema-graph\">{\"@context\":\"https:\\\/\\\/schema.org\",\"@graph\":[{\"@type\":\"WebPage\",\"@id\":\"https:\\\/\\\/interactiveworldbook.com\\\/us\\\/produkt\\\/interactive-world\\\/\",\"url\":\"https:\\\/\\\/interactiveworldbook.com\\\/us\\\/produkt\\\/interactive-world\\\/\",\"name\":\"Interactive WORLD | Interactive World Book\",\"isPartOf\":{\"@id\":\"https:\\\/\\\/interactiveworldbook.com\\\/us\\\/#website\"},\"primaryImageOfPage\":{\"@id\":\"https:\\\/\\\/interactiveworldbook.com\\\/us\\\/produkt\\\/interactive-world\\\/#primaryimage\"},\"image\":{\"@id\":\"https:\\\/\\\/interactiveworldbook.com\\\/us\\\/produkt\\\/interactive-world\\\/#primaryimage\"},\"thumbnailUrl\":\"https:\\\/\\\/interactiveworldbook.com\\\/wp-content\\\/uploads\\\/2023\\\/10\\\/titulka_kniha_en_web.png\",\"datePublished\":\"2024-11-14T13:22:06+00:00\",\"dateModified\":\"2025-05-19T15:20:37+00:00\",\"breadcrumb\":{\"@id\":\"https:\\\/\\\/interactiveworldbook.com\\\/us\\\/produkt\\\/interactive-world\\\/#breadcrumb\"},\"inLanguage\":\"en-US\",\"potentialAction\":[{\"@type\":\"ReadAction\",\"target\":[\"https:\\\/\\\/interactiveworldbook.com\\\/us\\\/produkt\\\/interactive-world\\\/\"]}]},{\"@type\":\"ImageObject\",\"inLanguage\":\"en-US\",\"@id\":\"https:\\\/\\\/interactiveworldbook.com\\\/us\\\/produkt\\\/interactive-world\\\/#primaryimage\",\"url\":\"https:\\\/\\\/interactiveworldbook.com\\\/wp-content\\\/uploads\\\/2023\\\/10\\\/titulka_kniha_en_web.png\",\"contentUrl\":\"https:\\\/\\\/interactiveworldbook.com\\\/wp-content\\\/uploads\\\/2023\\\/10\\\/titulka_kniha_en_web.png\",\"width\":572,\"height\":694},{\"@type\":\"BreadcrumbList\",\"@id\":\"https:\\\/\\\/interactiveworldbook.com\\\/us\\\/produkt\\\/interactive-world\\\/#breadcrumb\",\"itemListElement\":[{\"@type\":\"ListItem\",\"position\":1,\"name\":\"Dom\u016f\",\"item\":\"https:\\\/\\\/interactiveworldbook.com\\\/us\\\/\"},{\"@type\":\"ListItem\",\"position\":2,\"name\":\"Shop\",\"item\":\"https:\\\/\\\/interactiveworldbook.com\\\/us\\\/shop\\\/\"},{\"@type\":\"ListItem\",\"position\":3,\"name\":\"Interactive WORLD\"}]},{\"@type\":\"WebSite\",\"@id\":\"https:\\\/\\\/interactiveworldbook.com\\\/us\\\/#website\",\"url\":\"https:\\\/\\\/interactiveworldbook.com\\\/us\\\/\",\"name\":\"Interactive World Book\",\"description\":\"Interactive World Book, kniha, m\u011bsta, zem\u011b, sv\u011btad\u00edly, informace\",\"publisher\":{\"@id\":\"https:\\\/\\\/interactiveworldbook.com\\\/us\\\/#organization\"},\"potentialAction\":[{\"@type\":\"SearchAction\",\"target\":{\"@type\":\"EntryPoint\",\"urlTemplate\":\"https:\\\/\\\/interactiveworldbook.com\\\/us\\\/?s={search_term_string}\"},\"query-input\":{\"@type\":\"PropertyValueSpecification\",\"valueRequired\":true,\"valueName\":\"search_term_string\"}}],\"inLanguage\":\"en-US\"},{\"@type\":\"Organization\",\"@id\":\"https:\\\/\\\/interactiveworldbook.com\\\/us\\\/#organization\",\"name\":\"Interactive World Book\",\"url\":\"https:\\\/\\\/interactiveworldbook.com\\\/us\\\/\",\"logo\":{\"@type\":\"ImageObject\",\"inLanguage\":\"en-US\",\"@id\":\"https:\\\/\\\/interactiveworldbook.com\\\/us\\\/#\\\/schema\\\/logo\\\/image\\\/\",\"url\":\"https:\\\/\\\/interactiveworldbook.com\\\/wp-content\\\/uploads\\\/2024\\\/11\\\/IW_barevna-1.png\",\"contentUrl\":\"https:\\\/\\\/interactiveworldbook.com\\\/wp-content\\\/uploads\\\/2024\\\/11\\\/IW_barevna-1.png\",\"width\":1690,\"height\":583,\"caption\":\"Interactive World Book\"},\"image\":{\"@id\":\"https:\\\/\\\/interactiveworldbook.com\\\/us\\\/#\\\/schema\\\/logo\\\/image\\\/\"},\"sameAs\":[\"https:\\\/\\\/www.facebook.com\\\/interactiveworldbook\\\/\",\"https:\\\/\\\/www.instagram.com\\\/interactive_world_book\\\/\",\"https:\\\/\\\/www.tiktok.com\\\/@iw_book\"]}]}<\/script>\n<!-- \/ Yoast SEO plugin. -->","yoast_head_json":{"title":"Interactive WORLD | Interactive World Book","robots":{"index":"index","follow":"follow","max-snippet":"max-snippet:-1","max-image-preview":"max-image-preview:large","max-video-preview":"max-video-preview:-1"},"canonical":"https:\/\/interactiveworldbook.com\/us\/produkt\/interactive-world\/","og_locale":"en_US","og_type":"article","og_title":"Interactive WORLD | Interactive World Book","og_description":"The exclusive picture book \u201cInteractive WORLD\u201d will show you all the countries of the world in a unique way.\u00a0 It will guide you through all the continents in a fun way, and thanks to the premium content, you won&#8217;t be bored even for a moment.","og_url":"https:\/\/interactiveworldbook.com\/us\/produkt\/interactive-world\/","og_site_name":"Interactive World Book","article_publisher":"https:\/\/www.facebook.com\/interactiveworldbook\/","article_modified_time":"2025-05-19T15:20:37+00:00","og_image":[{"width":572,"height":694,"url":"https:\/\/interactiveworldbook.com\/wp-content\/uploads\/2023\/10\/titulka_kniha_en_web.png","type":"image\/png"}],"twitter_card":"summary_large_image","schema":{"@context":"https:\/\/schema.org","@graph":[{"@type":"WebPage","@id":"https:\/\/interactiveworldbook.com\/us\/produkt\/interactive-world\/","url":"https:\/\/interactiveworldbook.com\/us\/produkt\/interactive-world\/","name":"Interactive WORLD | Interactive World Book","isPartOf":{"@id":"https:\/\/interactiveworldbook.com\/us\/#website"},"primaryImageOfPage":{"@id":"https:\/\/interactiveworldbook.com\/us\/produkt\/interactive-world\/#primaryimage"},"image":{"@id":"https:\/\/interactiveworldbook.com\/us\/produkt\/interactive-world\/#primaryimage"},"thumbnailUrl":"https:\/\/interactiveworldbook.com\/wp-content\/uploads\/2023\/10\/titulka_kniha_en_web.png","datePublished":"2024-11-14T13:22:06+00:00","dateModified":"2025-05-19T15:20:37+00:00","breadcrumb":{"@id":"https:\/\/interactiveworldbook.com\/us\/produkt\/interactive-world\/#breadcrumb"},"inLanguage":"en-US","potentialAction":[{"@type":"ReadAction","target":["https:\/\/interactiveworldbook.com\/us\/produkt\/interactive-world\/"]}]},{"@type":"ImageObject","inLanguage":"en-US","@id":"https:\/\/interactiveworldbook.com\/us\/produkt\/interactive-world\/#primaryimage","url":"https:\/\/interactiveworldbook.com\/wp-content\/uploads\/2023\/10\/titulka_kniha_en_web.png","contentUrl":"https:\/\/interactiveworldbook.com\/wp-content\/uploads\/2023\/10\/titulka_kniha_en_web.png","width":572,"height":694},{"@type":"BreadcrumbList","@id":"https:\/\/interactiveworldbook.com\/us\/produkt\/interactive-world\/#breadcrumb","itemListElement":[{"@type":"ListItem","position":1,"name":"Dom\u016f","item":"https:\/\/interactiveworldbook.com\/us\/"},{"@type":"ListItem","position":2,"name":"Shop","item":"https:\/\/interactiveworldbook.com\/us\/shop\/"},{"@type":"ListItem","position":3,"name":"Interactive WORLD"}]},{"@type":"WebSite","@id":"https:\/\/interactiveworldbook.com\/us\/#website","url":"https:\/\/interactiveworldbook.com\/us\/","name":"Interactive World Book","description":"Interactive World Book, kniha, m\u011bsta, zem\u011b, sv\u011btad\u00edly, informace","publisher":{"@id":"https:\/\/interactiveworldbook.com\/us\/#organization"},"potentialAction":[{"@type":"SearchAction","target":{"@type":"EntryPoint","urlTemplate":"https:\/\/interactiveworldbook.com\/us\/?s={search_term_string}"},"query-input":{"@type":"PropertyValueSpecification","valueRequired":true,"valueName":"search_term_string"}}],"inLanguage":"en-US"},{"@type":"Organization","@id":"https:\/\/interactiveworldbook.com\/us\/#organization","name":"Interactive World Book","url":"https:\/\/interactiveworldbook.com\/us\/","logo":{"@type":"ImageObject","inLanguage":"en-US","@id":"https:\/\/interactiveworldbook.com\/us\/#\/schema\/logo\/image\/","url":"https:\/\/interactiveworldbook.com\/wp-content\/uploads\/2024\/11\/IW_barevna-1.png","contentUrl":"https:\/\/interactiveworldbook.com\/wp-content\/uploads\/2024\/11\/IW_barevna-1.png","width":1690,"height":583,"caption":"Interactive World Book"},"image":{"@id":"https:\/\/interactiveworldbook.com\/us\/#\/schema\/logo\/image\/"},"sameAs":["https:\/\/www.facebook.com\/interactiveworldbook\/","https:\/\/www.instagram.com\/interactive_world_book\/","https:\/\/www.tiktok.com\/@iw_book"]}]}},"_links":{"self":[{"href":"https:\/\/interactiveworldbook.com\/us\/wp-json\/wp\/v2\/product\/24187","targetHints":{"allow":["GET"]}}],"collection":[{"href":"https:\/\/interactiveworldbook.com\/us\/wp-json\/wp\/v2\/product"}],"about":[{"href":"https:\/\/interactiveworldbook.com\/us\/wp-json\/wp\/v2\/types\/product"}],"replies":[{"embeddable":true,"href":"https:\/\/interactiveworldbook.com\/us\/wp-json\/wp\/v2\/comments?post=24187"}],"wp:featuredmedia":[{"embeddable":true,"href":"https:\/\/interactiveworldbook.com\/us\/wp-json\/wp\/v2\/media\/17799"}],"wp:attachment":[{"href":"https:\/\/interactiveworldbook.com\/us\/wp-json\/wp\/v2\/media?parent=24187"}],"wp:term":[{"taxonomy":"product_brand","embeddable":true,"href":"https:\/\/interactiveworldbook.com\/us\/wp-json\/wp\/v2\/product_brand?post=24187"},{"taxonomy":"product_cat","embeddable":true,"href":"https:\/\/interactiveworldbook.com\/us\/wp-json\/wp\/v2\/product_cat?post=24187"},{"taxonomy":"product_tag","embeddable":true,"href":"https:\/\/interactiveworldbook.com\/us\/wp-json\/wp\/v2\/product_tag?post=24187"}],"curies":[{"name":"wp","href":"https:\/\/api.w.org\/{rel}","templated":true}]}}